{"id":953,"date":"2016-04-13T16:14:49","date_gmt":"2016-04-13T14:14:49","guid":{"rendered":"https:\/\/www.italyfamilyhotels.it\/?page_id=953"},"modified":"2022-05-02T15:52:05","modified_gmt":"2022-05-02T13:52:05","slug":"alba-adriatica","status":"publish","type":"page","link":"https:\/\/www.italyfamilyhotels.it\/de\/destinationen\/abruzzo-meer\/alba-adriatica","title":{"rendered":"Alba Adratica"},"content":{"rendered":"\n<p><b>Alba <\/b>Adriatica, w\u00f6rtlich \u00fcbersetzt &quot;Adriatischer Sonnenaufgang&quot;, schm\u00fcckt sich auch mit dem Beinamen<i> Spiaggia d&#8217;Argento <\/i>\u2013 Silberstrand.  Von der Vergangenheit zeugt ein Wachturm aus dem 16. Jahrhundert, mit dem sich das K\u00f6nigreich Neapel vor Einf\u00e4llen der Sarazenen sch\u00fctzte. Heute ist Alba Adriatica einer der beliebtesten Urlaubsorte der Abruzzenk\u00fcste. Moderne <b>Beherbergungsbetriebe <\/b>werden unterschiedlichen Anspr\u00fcchen gerecht, insbesondere denen von Familien mit Kindern, auf die auch ein dichtes sommerliches Unterhaltungsprogramm zugeschnitten ist.<\/p>\n","protected":false},"excerpt":{"rendered":"<p>Alba Adriatica, w\u00f6rtlich \u00fcbersetzt &quot;Adriatischer Sonnenaufgang&quot;, schm\u00fcckt sich auch mit dem Beinamen Spiaggia d&#8217;Argento \u2013 Silberstrand. Von der Vergangenheit zeugt ein Wachturm aus dem 16. Jahrhundert, mit dem sich das K\u00f6nigreich Neapel vor Einf\u00e4llen der Sarazenen sch\u00fctzte. Heute ist Alba Adriatica einer der beliebtesten Urlaubsorte der Abruzzenk\u00fcste. Moderne Beherbergungsbetriebe werden unterschiedlichen Anspr\u00fcchen gerecht, insbesondere denen &hellip;<\/p>\n","protected":false},"author":2,"featured_media":0,"parent":1103,"menu_order":0,"comment_status":"closed","ping_status":"closed","template":"page-templates\/scheda_localita.php","meta":{"_acf_changed":false,"inline_featured_image":false,"footnotes":""},"class_list":["post-953","page","type-page","status-publish","hentry"],"acf":[],"yoast_head":"<!-- This site is optimized with the Yoast SEO plugin v27.1 - https:\/\/yoast.com\/product\/yoast-seo-wordpress\/ -->\n<title>Familienhotels in Alba Adriatica, Urlaub f\u00fcr Familien in Italien<\/title>\n<meta name=\"description\" content=\"Lust auf Familienurlaub? Wir haben die besten Hotel f\u00fcr Familien in Alba Adriatica, Italien\" \/>\n<meta name=\"robots\" content=\"index, follow, max-snippet:-1, max-image-preview:large, max-video-preview:-1\" \/>\n<link rel=\"canonical\" href=\"https:\/\/www.italyfamilyhotels.it\/de\/destinationen\/abruzzo-meer\/alba-adriatica\" \/>\n<meta property=\"og:locale\" content=\"de_DE\" \/>\n<meta property=\"og:type\" content=\"article\" \/>\n<meta property=\"og:title\" content=\"Familienhotels in Alba Adriatica, Urlaub f\u00fcr Familien in Italien\" \/>\n<meta property=\"og:description\" content=\"Lust auf Familienurlaub? Wir haben die besten Hotel f\u00fcr Familien in Alba Adriatica, Italien\" \/>\n<meta property=\"og:url\" content=\"https:\/\/www.italyfamilyhotels.it\/de\/destinationen\/abruzzo-meer\/alba-adriatica\" \/>\n<meta property=\"og:site_name\" content=\"Italy Family Hotels\" \/>\n<meta property=\"article:publisher\" content=\"https:\/\/www.facebook.com\/ItalyFamilyHotels\/\" \/>\n<meta property=\"article:modified_time\" content=\"2022-05-02T13:52:05+00:00\" \/>\n<meta name=\"twitter:card\" content=\"summary_large_image\" \/>\n<meta name=\"twitter:label1\" content=\"Gesch\u00e4tzte Lesezeit\" \/>\n\t<meta name=\"twitter:data1\" content=\"1\u00a0Minute\" \/>\n<script type=\"application\/ld+json\" class=\"yoast-schema-graph\">{\"@context\":\"https:\/\/schema.org\",\"@graph\":[{\"@type\":\"WebPage\",\"@id\":\"https:\/\/www.italyfamilyhotels.it\/de\/destinationen\/abruzzo-meer\/alba-adriatica\",\"url\":\"https:\/\/www.italyfamilyhotels.it\/de\/destinationen\/abruzzo-meer\/alba-adriatica\",\"name\":\"Familienhotels in Alba Adriatica, Urlaub f\u00fcr Familien in Italien\",\"isPartOf\":{\"@id\":\"https:\/\/www.italyfamilyhotels.it\/#website\"},\"datePublished\":\"2016-04-13T14:14:49+00:00\",\"dateModified\":\"2022-05-02T13:52:05+00:00\",\"description\":\"Lust auf Familienurlaub? Wir haben die besten Hotel f\u00fcr Familien in Alba Adriatica, Italien\",\"breadcrumb\":{\"@id\":\"https:\/\/www.italyfamilyhotels.it\/de\/destinationen\/abruzzo-meer\/alba-adriatica#breadcrumb\"},\"inLanguage\":\"de\",\"potentialAction\":[{\"@type\":\"ReadAction\",\"target\":[\"https:\/\/www.italyfamilyhotels.it\/de\/destinationen\/abruzzo-meer\/alba-adriatica\"]}]},{\"@type\":\"BreadcrumbList\",\"@id\":\"https:\/\/www.italyfamilyhotels.it\/de\/destinationen\/abruzzo-meer\/alba-adriatica#breadcrumb\",\"itemListElement\":[{\"@type\":\"ListItem\",\"position\":1,\"name\":\"Home\",\"item\":\"https:\/\/www.italyfamilyhotels.it\/de\"},{\"@type\":\"ListItem\",\"position\":2,\"name\":\"Destinationen\",\"item\":\"https:\/\/www.italyfamilyhotels.it\/de\/destinationen\"},{\"@type\":\"ListItem\",\"position\":3,\"name\":\"Abruzzen\",\"item\":\"https:\/\/www.italyfamilyhotels.it\/de\/destinationen\/abruzzo-meer\"},{\"@type\":\"ListItem\",\"position\":4,\"name\":\"Alba Adratica\"}]},{\"@type\":\"WebSite\",\"@id\":\"https:\/\/www.italyfamilyhotels.it\/#website\",\"url\":\"https:\/\/www.italyfamilyhotels.it\/\",\"name\":\"Italy Family Hotels\",\"description\":\"\",\"potentialAction\":[{\"@type\":\"SearchAction\",\"target\":{\"@type\":\"EntryPoint\",\"urlTemplate\":\"https:\/\/www.italyfamilyhotels.it\/?s={search_term_string}\"},\"query-input\":{\"@type\":\"PropertyValueSpecification\",\"valueRequired\":true,\"valueName\":\"search_term_string\"}}],\"inLanguage\":\"de\"}]}<\/script>\n<!-- \/ Yoast SEO plugin. -->","yoast_head_json":{"title":"Familienhotels in Alba Adriatica, Urlaub f\u00fcr Familien in Italien","description":"Lust auf Familienurlaub? Wir haben die besten Hotel f\u00fcr Familien in Alba Adriatica, Italien","robots":{"index":"index","follow":"follow","max-snippet":"max-snippet:-1","max-image-preview":"max-image-preview:large","max-video-preview":"max-video-preview:-1"},"canonical":"https:\/\/www.italyfamilyhotels.it\/de\/destinationen\/abruzzo-meer\/alba-adriatica","og_locale":"de_DE","og_type":"article","og_title":"Familienhotels in Alba Adriatica, Urlaub f\u00fcr Familien in Italien","og_description":"Lust auf Familienurlaub? Wir haben die besten Hotel f\u00fcr Familien in Alba Adriatica, Italien","og_url":"https:\/\/www.italyfamilyhotels.it\/de\/destinationen\/abruzzo-meer\/alba-adriatica","og_site_name":"Italy Family Hotels","article_publisher":"https:\/\/www.facebook.com\/ItalyFamilyHotels\/","article_modified_time":"2022-05-02T13:52:05+00:00","twitter_card":"summary_large_image","twitter_misc":{"Gesch\u00e4tzte Lesezeit":"1\u00a0Minute"},"schema":{"@context":"https:\/\/schema.org","@graph":[{"@type":"WebPage","@id":"https:\/\/www.italyfamilyhotels.it\/de\/destinationen\/abruzzo-meer\/alba-adriatica","url":"https:\/\/www.italyfamilyhotels.it\/de\/destinationen\/abruzzo-meer\/alba-adriatica","name":"Familienhotels in Alba Adriatica, Urlaub f\u00fcr Familien in Italien","isPartOf":{"@id":"https:\/\/www.italyfamilyhotels.it\/#website"},"datePublished":"2016-04-13T14:14:49+00:00","dateModified":"2022-05-02T13:52:05+00:00","description":"Lust auf Familienurlaub? Wir haben die besten Hotel f\u00fcr Familien in Alba Adriatica, Italien","breadcrumb":{"@id":"https:\/\/www.italyfamilyhotels.it\/de\/destinationen\/abruzzo-meer\/alba-adriatica#breadcrumb"},"inLanguage":"de","potentialAction":[{"@type":"ReadAction","target":["https:\/\/www.italyfamilyhotels.it\/de\/destinationen\/abruzzo-meer\/alba-adriatica"]}]},{"@type":"BreadcrumbList","@id":"https:\/\/www.italyfamilyhotels.it\/de\/destinationen\/abruzzo-meer\/alba-adriatica#breadcrumb","itemListElement":[{"@type":"ListItem","position":1,"name":"Home","item":"https:\/\/www.italyfamilyhotels.it\/de"},{"@type":"ListItem","position":2,"name":"Destinationen","item":"https:\/\/www.italyfamilyhotels.it\/de\/destinationen"},{"@type":"ListItem","position":3,"name":"Abruzzen","item":"https:\/\/www.italyfamilyhotels.it\/de\/destinationen\/abruzzo-meer"},{"@type":"ListItem","position":4,"name":"Alba Adratica"}]},{"@type":"WebSite","@id":"https:\/\/www.italyfamilyhotels.it\/#website","url":"https:\/\/www.italyfamilyhotels.it\/","name":"Italy Family Hotels","description":"","potentialAction":[{"@type":"SearchAction","target":{"@type":"EntryPoint","urlTemplate":"https:\/\/www.italyfamilyhotels.it\/?s={search_term_string}"},"query-input":{"@type":"PropertyValueSpecification","valueRequired":true,"valueName":"search_term_string"}}],"inLanguage":"de"}]}},"_links":{"self":[{"href":"https:\/\/www.italyfamilyhotels.it\/de\/wp-json\/wp\/v2\/pages\/953","targetHints":{"allow":["GET"]}}],"collection":[{"href":"https:\/\/www.italyfamilyhotels.it\/de\/wp-json\/wp\/v2\/pages"}],"about":[{"href":"https:\/\/www.italyfamilyhotels.it\/de\/wp-json\/wp\/v2\/types\/page"}],"author":[{"embeddable":true,"href":"https:\/\/www.italyfamilyhotels.it\/de\/wp-json\/wp\/v2\/users\/2"}],"replies":[{"embeddable":true,"href":"https:\/\/www.italyfamilyhotels.it\/de\/wp-json\/wp\/v2\/comments?post=953"}],"version-history":[{"count":4,"href":"https:\/\/www.italyfamilyhotels.it\/de\/wp-json\/wp\/v2\/pages\/953\/revisions"}],"predecessor-version":[{"id":26800,"href":"https:\/\/www.italyfamilyhotels.it\/de\/wp-json\/wp\/v2\/pages\/953\/revisions\/26800"}],"up":[{"embeddable":true,"href":"https:\/\/www.italyfamilyhotels.it\/de\/wp-json\/wp\/v2\/pages\/1103"}],"wp:attachment":[{"href":"https:\/\/www.italyfamilyhotels.it\/de\/wp-json\/wp\/v2\/media?parent=953"}],"curies":[{"name":"wp","href":"https:\/\/api.w.org\/{rel}","templated":true}]}}