{"id":909,"date":"2016-04-13T15:30:41","date_gmt":"2016-04-13T13:30:41","guid":{"rendered":"https:\/\/www.italyfamilyhotels.it\/de\/?page_id=909"},"modified":"2024-11-21T13:00:52","modified_gmt":"2024-11-21T12:00:52","slug":"partner","status":"publish","type":"page","link":"https:\/\/www.italyfamilyhotels.it\/de\/partner","title":{"rendered":"Partner"},"content":{"rendered":"\n<p>Das Konsortium Italy Family Hotels strebt seit jeher Spitzenniveau an, in puncto Serviceangebot und Gastlichkeit genauso wie bei der Betreuung unserer gro\u00dfen und kleinen G\u00e4ste.<br>Aus diesem Grund umgeben wir uns mit namhaften Firmen und aus diesem Grund sind die wichtigsten Hersteller von Kinderartikeln erfreut dar\u00fcber, Teil unserer Welt zu sein.<br>Qualit\u00e4t ist eine bewusste Entscheidung \u2013 und f\u00fcr uns eine unerl\u00e4ssliche Voraussetzung.<br>Dies sind die Firmen, die sich Tag f\u00fcr Tag f\u00fcr uns entscheiden.<\/p>\n","protected":false},"excerpt":{"rendered":"<p>Das Konsortium Italy Family Hotels strebt seit jeher Spitzenniveau an, in puncto Serviceangebot und Gastlichkeit genauso wie bei der Betreuung unserer gro\u00dfen und kleinen G\u00e4ste.Aus diesem Grund umgeben wir uns mit namhaften Firmen und aus diesem Grund sind die wichtigsten Hersteller von Kinderartikeln erfreut dar\u00fcber, Teil unserer Welt zu sein.Qualit\u00e4t ist eine bewusste Entscheidung \u2013 &hellip;<\/p>\n","protected":false},"author":2,"featured_media":0,"parent":0,"menu_order":0,"comment_status":"closed","ping_status":"closed","template":"page-templates\/partner.php","meta":{"_acf_changed":false,"inline_featured_image":false,"footnotes":""},"class_list":["post-909","page","type-page","status-publish","hentry"],"acf":[],"yoast_head":"<!-- This site is optimized with the Yoast SEO plugin v27.1 - https:\/\/yoast.com\/product\/yoast-seo-wordpress\/ -->\n<title>Die Partners von Italy Family Hotels - Familienhotels in Italien<\/title>\n<meta name=\"description\" content=\"Qualit\u00e4t ist eine bewusste Entscheidung \u2013 und f\u00fcr uns eine unerl\u00e4ssliche Voraussetzung. Hier sind die Partners von Italy Family Hotels\" \/>\n<meta name=\"robots\" content=\"index, follow, max-snippet:-1, max-image-preview:large, max-video-preview:-1\" \/>\n<link rel=\"canonical\" href=\"https:\/\/www.italyfamilyhotels.it\/de\/partner\" \/>\n<meta property=\"og:locale\" content=\"de_DE\" \/>\n<meta property=\"og:type\" content=\"article\" \/>\n<meta property=\"og:title\" content=\"Die Partners von Italy Family Hotels - Familienhotels in Italien\" \/>\n<meta property=\"og:description\" content=\"Qualit\u00e4t ist eine bewusste Entscheidung \u2013 und f\u00fcr uns eine unerl\u00e4ssliche Voraussetzung. Hier sind die Partners von Italy Family Hotels\" \/>\n<meta property=\"og:url\" content=\"https:\/\/www.italyfamilyhotels.it\/de\/partner\" \/>\n<meta property=\"og:site_name\" content=\"Italy Family Hotels\" \/>\n<meta property=\"article:publisher\" content=\"https:\/\/www.facebook.com\/ItalyFamilyHotels\/\" \/>\n<meta property=\"article:modified_time\" content=\"2024-11-21T12:00:52+00:00\" \/>\n<meta name=\"twitter:card\" content=\"summary_large_image\" \/>\n<meta name=\"twitter:label1\" content=\"Gesch\u00e4tzte Lesezeit\" \/>\n\t<meta name=\"twitter:data1\" content=\"1\u00a0Minute\" \/>\n<script type=\"application\/ld+json\" class=\"yoast-schema-graph\">{\"@context\":\"https:\/\/schema.org\",\"@graph\":[{\"@type\":\"WebPage\",\"@id\":\"https:\/\/www.italyfamilyhotels.it\/de\/partner\",\"url\":\"https:\/\/www.italyfamilyhotels.it\/de\/partner\",\"name\":\"Die Partners von Italy Family Hotels - Familienhotels in Italien\",\"isPartOf\":{\"@id\":\"https:\/\/www.italyfamilyhotels.it\/#website\"},\"datePublished\":\"2016-04-13T13:30:41+00:00\",\"dateModified\":\"2024-11-21T12:00:52+00:00\",\"description\":\"Qualit\u00e4t ist eine bewusste Entscheidung \u2013 und f\u00fcr uns eine unerl\u00e4ssliche Voraussetzung. Hier sind die Partners von Italy Family Hotels\",\"breadcrumb\":{\"@id\":\"https:\/\/www.italyfamilyhotels.it\/de\/partner#breadcrumb\"},\"inLanguage\":\"de\",\"potentialAction\":[{\"@type\":\"ReadAction\",\"target\":[\"https:\/\/www.italyfamilyhotels.it\/de\/partner\"]}]},{\"@type\":\"BreadcrumbList\",\"@id\":\"https:\/\/www.italyfamilyhotels.it\/de\/partner#breadcrumb\",\"itemListElement\":[{\"@type\":\"ListItem\",\"position\":1,\"name\":\"Home\",\"item\":\"https:\/\/www.italyfamilyhotels.it\/de\"},{\"@type\":\"ListItem\",\"position\":2,\"name\":\"Partner\"}]},{\"@type\":\"WebSite\",\"@id\":\"https:\/\/www.italyfamilyhotels.it\/#website\",\"url\":\"https:\/\/www.italyfamilyhotels.it\/\",\"name\":\"Italy Family Hotels\",\"description\":\"\",\"potentialAction\":[{\"@type\":\"SearchAction\",\"target\":{\"@type\":\"EntryPoint\",\"urlTemplate\":\"https:\/\/www.italyfamilyhotels.it\/?s={search_term_string}\"},\"query-input\":{\"@type\":\"PropertyValueSpecification\",\"valueRequired\":true,\"valueName\":\"search_term_string\"}}],\"inLanguage\":\"de\"}]}<\/script>\n<!-- \/ Yoast SEO plugin. -->","yoast_head_json":{"title":"Die Partners von Italy Family Hotels - Familienhotels in Italien","description":"Qualit\u00e4t ist eine bewusste Entscheidung \u2013 und f\u00fcr uns eine unerl\u00e4ssliche Voraussetzung. Hier sind die Partners von Italy Family Hotels","robots":{"index":"index","follow":"follow","max-snippet":"max-snippet:-1","max-image-preview":"max-image-preview:large","max-video-preview":"max-video-preview:-1"},"canonical":"https:\/\/www.italyfamilyhotels.it\/de\/partner","og_locale":"de_DE","og_type":"article","og_title":"Die Partners von Italy Family Hotels - Familienhotels in Italien","og_description":"Qualit\u00e4t ist eine bewusste Entscheidung \u2013 und f\u00fcr uns eine unerl\u00e4ssliche Voraussetzung. Hier sind die Partners von Italy Family Hotels","og_url":"https:\/\/www.italyfamilyhotels.it\/de\/partner","og_site_name":"Italy Family Hotels","article_publisher":"https:\/\/www.facebook.com\/ItalyFamilyHotels\/","article_modified_time":"2024-11-21T12:00:52+00:00","twitter_card":"summary_large_image","twitter_misc":{"Gesch\u00e4tzte Lesezeit":"1\u00a0Minute"},"schema":{"@context":"https:\/\/schema.org","@graph":[{"@type":"WebPage","@id":"https:\/\/www.italyfamilyhotels.it\/de\/partner","url":"https:\/\/www.italyfamilyhotels.it\/de\/partner","name":"Die Partners von Italy Family Hotels - Familienhotels in Italien","isPartOf":{"@id":"https:\/\/www.italyfamilyhotels.it\/#website"},"datePublished":"2016-04-13T13:30:41+00:00","dateModified":"2024-11-21T12:00:52+00:00","description":"Qualit\u00e4t ist eine bewusste Entscheidung \u2013 und f\u00fcr uns eine unerl\u00e4ssliche Voraussetzung. Hier sind die Partners von Italy Family Hotels","breadcrumb":{"@id":"https:\/\/www.italyfamilyhotels.it\/de\/partner#breadcrumb"},"inLanguage":"de","potentialAction":[{"@type":"ReadAction","target":["https:\/\/www.italyfamilyhotels.it\/de\/partner"]}]},{"@type":"BreadcrumbList","@id":"https:\/\/www.italyfamilyhotels.it\/de\/partner#breadcrumb","itemListElement":[{"@type":"ListItem","position":1,"name":"Home","item":"https:\/\/www.italyfamilyhotels.it\/de"},{"@type":"ListItem","position":2,"name":"Partner"}]},{"@type":"WebSite","@id":"https:\/\/www.italyfamilyhotels.it\/#website","url":"https:\/\/www.italyfamilyhotels.it\/","name":"Italy Family Hotels","description":"","potentialAction":[{"@type":"SearchAction","target":{"@type":"EntryPoint","urlTemplate":"https:\/\/www.italyfamilyhotels.it\/?s={search_term_string}"},"query-input":{"@type":"PropertyValueSpecification","valueRequired":true,"valueName":"search_term_string"}}],"inLanguage":"de"}]}},"_links":{"self":[{"href":"https:\/\/www.italyfamilyhotels.it\/de\/wp-json\/wp\/v2\/pages\/909","targetHints":{"allow":["GET"]}}],"collection":[{"href":"https:\/\/www.italyfamilyhotels.it\/de\/wp-json\/wp\/v2\/pages"}],"about":[{"href":"https:\/\/www.italyfamilyhotels.it\/de\/wp-json\/wp\/v2\/types\/page"}],"author":[{"embeddable":true,"href":"https:\/\/www.italyfamilyhotels.it\/de\/wp-json\/wp\/v2\/users\/2"}],"replies":[{"embeddable":true,"href":"https:\/\/www.italyfamilyhotels.it\/de\/wp-json\/wp\/v2\/comments?post=909"}],"version-history":[{"count":12,"href":"https:\/\/www.italyfamilyhotels.it\/de\/wp-json\/wp\/v2\/pages\/909\/revisions"}],"predecessor-version":[{"id":62396,"href":"https:\/\/www.italyfamilyhotels.it\/de\/wp-json\/wp\/v2\/pages\/909\/revisions\/62396"}],"wp:attachment":[{"href":"https:\/\/www.italyfamilyhotels.it\/de\/wp-json\/wp\/v2\/media?parent=909"}],"curies":[{"name":"wp","href":"https:\/\/api.w.org\/{rel}","templated":true}]}}