{"id":882,"date":"2016-04-11T18:13:29","date_gmt":"2016-04-11T16:13:29","guid":{"rendered":"https:\/\/www.italyfamilyhotels.it\/de\/?page_id=882"},"modified":"2025-07-14T15:05:59","modified_gmt":"2025-07-14T13:05:59","slug":"ueber-uns","status":"publish","type":"page","link":"https:\/\/www.italyfamilyhotels.it\/de\/ueber-uns","title":{"rendered":"Wer wir sind"},"content":{"rendered":"\n<p><strong>Italy Family Hotels ist das Portal f\u00fcr reisende Familien<\/strong>, wo Sie das perfekte Reiseziel einfach, schnell und sicher finden.<br>Seit 2001 w\u00e4hlt und vereint unser Konsortium die <strong>besten Familienhotels Italiens \u2013 Unterk\u00fcnfte, die f\u00fcr Gro\u00df und Klein eingerichtet sind<\/strong> und ma\u00dfgeschneiderte Services und Komfort bieten. Hier f\u00fchlen Sie sich wie zu Hause.<\/p>\n\n\n\n<p>\u00dcber 150 spezialisierte Hotels an Zielen vom Meer \u00fcber Berge, Seen bis zu H\u00fcgeln vereint durch eine Mission: Wir helfen jeder Familie, ihren sch\u00f6nsten Urlaub zu entdecken \u2013 stressfrei, mit Spa\u00df und Zeit f\u00fcr Qualit\u00e4t.<\/p>\n","protected":false},"excerpt":{"rendered":"<p>Italy Family Hotels ist das Portal f\u00fcr reisende Familien, wo Sie das perfekte Reiseziel einfach, schnell und sicher finden.Seit 2001 w\u00e4hlt und vereint unser Konsortium die besten Familienhotels Italiens \u2013 Unterk\u00fcnfte, die f\u00fcr Gro\u00df und Klein eingerichtet sind und ma\u00dfgeschneiderte Services und Komfort bieten. Hier f\u00fchlen Sie sich wie zu Hause. \u00dcber 150 spezialisierte Hotels &hellip;<\/p>\n","protected":false},"author":2,"featured_media":0,"parent":0,"menu_order":0,"comment_status":"closed","ping_status":"closed","template":"page-templates\/chisiamo.php","meta":{"_acf_changed":false,"inline_featured_image":false,"footnotes":""},"class_list":["post-882","page","type-page","status-publish","hentry"],"acf":[],"yoast_head":"<!-- This site is optimized with the Yoast SEO plugin v27.1 - https:\/\/yoast.com\/product\/yoast-seo-wordpress\/ -->\n<title>Italien Familienhotels : Fach\u00e4rzte f\u00fcr Urlaub mit Kindern Italien<\/title>\n<meta name=\"description\" content=\"Nur Familien wissen, was eine Familie braucht, um sich wohl zu f\u00fchlen: Italy Family Hotels vereint seit 2001 Beherbergungsbetriebe unter famili\u00e4rer Leitung\" \/>\n<meta name=\"robots\" content=\"index, follow, max-snippet:-1, max-image-preview:large, max-video-preview:-1\" \/>\n<link rel=\"canonical\" href=\"https:\/\/www.italyfamilyhotels.it\/de\/ueber-uns\" \/>\n<meta property=\"og:locale\" content=\"de_DE\" \/>\n<meta property=\"og:type\" content=\"article\" \/>\n<meta property=\"og:title\" content=\"Italien Familienhotels : Fach\u00e4rzte f\u00fcr Urlaub mit Kindern Italien\" \/>\n<meta property=\"og:description\" content=\"Nur Familien wissen, was eine Familie braucht, um sich wohl zu f\u00fchlen: Italy Family Hotels vereint seit 2001 Beherbergungsbetriebe unter famili\u00e4rer Leitung\" \/>\n<meta property=\"og:url\" content=\"https:\/\/www.italyfamilyhotels.it\/de\/ueber-uns\" \/>\n<meta property=\"og:site_name\" content=\"Italy Family Hotels\" \/>\n<meta property=\"article:publisher\" content=\"https:\/\/www.facebook.com\/ItalyFamilyHotels\/\" \/>\n<meta property=\"article:modified_time\" content=\"2025-07-14T13:05:59+00:00\" \/>\n<meta name=\"twitter:card\" content=\"summary_large_image\" \/>\n<script type=\"application\/ld+json\" class=\"yoast-schema-graph\">{\"@context\":\"https:\/\/schema.org\",\"@graph\":[{\"@type\":\"WebPage\",\"@id\":\"https:\/\/www.italyfamilyhotels.it\/de\/ueber-uns\",\"url\":\"https:\/\/www.italyfamilyhotels.it\/de\/ueber-uns\",\"name\":\"Italien Familienhotels : Fach\u00e4rzte f\u00fcr Urlaub mit Kindern Italien\",\"isPartOf\":{\"@id\":\"https:\/\/www.italyfamilyhotels.it\/#website\"},\"datePublished\":\"2016-04-11T16:13:29+00:00\",\"dateModified\":\"2025-07-14T13:05:59+00:00\",\"description\":\"Nur Familien wissen, was eine Familie braucht, um sich wohl zu f\u00fchlen: Italy Family Hotels vereint seit 2001 Beherbergungsbetriebe unter famili\u00e4rer Leitung\",\"breadcrumb\":{\"@id\":\"https:\/\/www.italyfamilyhotels.it\/de\/ueber-uns#breadcrumb\"},\"inLanguage\":\"de\",\"potentialAction\":[{\"@type\":\"ReadAction\",\"target\":[\"https:\/\/www.italyfamilyhotels.it\/de\/ueber-uns\"]}]},{\"@type\":\"BreadcrumbList\",\"@id\":\"https:\/\/www.italyfamilyhotels.it\/de\/ueber-uns#breadcrumb\",\"itemListElement\":[{\"@type\":\"ListItem\",\"position\":1,\"name\":\"Home\",\"item\":\"https:\/\/www.italyfamilyhotels.it\/de\"},{\"@type\":\"ListItem\",\"position\":2,\"name\":\"Wer wir sind\"}]},{\"@type\":\"WebSite\",\"@id\":\"https:\/\/www.italyfamilyhotels.it\/#website\",\"url\":\"https:\/\/www.italyfamilyhotels.it\/\",\"name\":\"Italy Family Hotels\",\"description\":\"\",\"potentialAction\":[{\"@type\":\"SearchAction\",\"target\":{\"@type\":\"EntryPoint\",\"urlTemplate\":\"https:\/\/www.italyfamilyhotels.it\/?s={search_term_string}\"},\"query-input\":{\"@type\":\"PropertyValueSpecification\",\"valueRequired\":true,\"valueName\":\"search_term_string\"}}],\"inLanguage\":\"de\"}]}<\/script>\n<!-- \/ Yoast SEO plugin. -->","yoast_head_json":{"title":"Italien Familienhotels : Fach\u00e4rzte f\u00fcr Urlaub mit Kindern Italien","description":"Nur Familien wissen, was eine Familie braucht, um sich wohl zu f\u00fchlen: Italy Family Hotels vereint seit 2001 Beherbergungsbetriebe unter famili\u00e4rer Leitung","robots":{"index":"index","follow":"follow","max-snippet":"max-snippet:-1","max-image-preview":"max-image-preview:large","max-video-preview":"max-video-preview:-1"},"canonical":"https:\/\/www.italyfamilyhotels.it\/de\/ueber-uns","og_locale":"de_DE","og_type":"article","og_title":"Italien Familienhotels : Fach\u00e4rzte f\u00fcr Urlaub mit Kindern Italien","og_description":"Nur Familien wissen, was eine Familie braucht, um sich wohl zu f\u00fchlen: Italy Family Hotels vereint seit 2001 Beherbergungsbetriebe unter famili\u00e4rer Leitung","og_url":"https:\/\/www.italyfamilyhotels.it\/de\/ueber-uns","og_site_name":"Italy Family Hotels","article_publisher":"https:\/\/www.facebook.com\/ItalyFamilyHotels\/","article_modified_time":"2025-07-14T13:05:59+00:00","twitter_card":"summary_large_image","schema":{"@context":"https:\/\/schema.org","@graph":[{"@type":"WebPage","@id":"https:\/\/www.italyfamilyhotels.it\/de\/ueber-uns","url":"https:\/\/www.italyfamilyhotels.it\/de\/ueber-uns","name":"Italien Familienhotels : Fach\u00e4rzte f\u00fcr Urlaub mit Kindern Italien","isPartOf":{"@id":"https:\/\/www.italyfamilyhotels.it\/#website"},"datePublished":"2016-04-11T16:13:29+00:00","dateModified":"2025-07-14T13:05:59+00:00","description":"Nur Familien wissen, was eine Familie braucht, um sich wohl zu f\u00fchlen: Italy Family Hotels vereint seit 2001 Beherbergungsbetriebe unter famili\u00e4rer Leitung","breadcrumb":{"@id":"https:\/\/www.italyfamilyhotels.it\/de\/ueber-uns#breadcrumb"},"inLanguage":"de","potentialAction":[{"@type":"ReadAction","target":["https:\/\/www.italyfamilyhotels.it\/de\/ueber-uns"]}]},{"@type":"BreadcrumbList","@id":"https:\/\/www.italyfamilyhotels.it\/de\/ueber-uns#breadcrumb","itemListElement":[{"@type":"ListItem","position":1,"name":"Home","item":"https:\/\/www.italyfamilyhotels.it\/de"},{"@type":"ListItem","position":2,"name":"Wer wir sind"}]},{"@type":"WebSite","@id":"https:\/\/www.italyfamilyhotels.it\/#website","url":"https:\/\/www.italyfamilyhotels.it\/","name":"Italy Family Hotels","description":"","potentialAction":[{"@type":"SearchAction","target":{"@type":"EntryPoint","urlTemplate":"https:\/\/www.italyfamilyhotels.it\/?s={search_term_string}"},"query-input":{"@type":"PropertyValueSpecification","valueRequired":true,"valueName":"search_term_string"}}],"inLanguage":"de"}]}},"_links":{"self":[{"href":"https:\/\/www.italyfamilyhotels.it\/de\/wp-json\/wp\/v2\/pages\/882","targetHints":{"allow":["GET"]}}],"collection":[{"href":"https:\/\/www.italyfamilyhotels.it\/de\/wp-json\/wp\/v2\/pages"}],"about":[{"href":"https:\/\/www.italyfamilyhotels.it\/de\/wp-json\/wp\/v2\/types\/page"}],"author":[{"embeddable":true,"href":"https:\/\/www.italyfamilyhotels.it\/de\/wp-json\/wp\/v2\/users\/2"}],"replies":[{"embeddable":true,"href":"https:\/\/www.italyfamilyhotels.it\/de\/wp-json\/wp\/v2\/comments?post=882"}],"version-history":[{"count":2,"href":"https:\/\/www.italyfamilyhotels.it\/de\/wp-json\/wp\/v2\/pages\/882\/revisions"}],"predecessor-version":[{"id":70617,"href":"https:\/\/www.italyfamilyhotels.it\/de\/wp-json\/wp\/v2\/pages\/882\/revisions\/70617"}],"wp:attachment":[{"href":"https:\/\/www.italyfamilyhotels.it\/de\/wp-json\/wp\/v2\/media?parent=882"}],"curies":[{"name":"wp","href":"https:\/\/api.w.org\/{rel}","templated":true}]}}