{"id":76655,"date":"2026-04-01T15:39:41","date_gmt":"2026-04-01T13:39:41","guid":{"rendered":"https:\/\/www.italyfamilyhotels.it\/angebote\/piemont\/family-hotel-in-valdilana-zegna"},"modified":"2026-04-01T15:39:43","modified_gmt":"2026-04-01T13:39:43","slug":"family-hotel-in-valdilana-zegna","status":"publish","type":"page","link":"https:\/\/www.italyfamilyhotels.it\/de\/angebote\/piemont\/family-hotel-in-valdilana-zegna","title":{"rendered":"Family Hotel in Valdilana \u2013 Zegna"},"content":{"rendered":"\n<p><b>Valdilana \u2013 Zegna<\/b> im <b>Piemont<\/b> ist ein ideales Reiseziel f\u00fcr <b>Familien<\/b>, die einen Urlaub in der Natur zwischen W\u00e4ldern, T\u00e4lern und <b>kinderfreundlichen Aktivit\u00e4ten<\/b> verbringen m\u00f6chten. Ein absolutes Highlight ist die <b>Oasi Zegn<\/b>a, ein \u00fcber <b>100 km\u00b2<\/b> gro\u00dfes Naturgebiet mit Wegen, Wiesen und Buchenw\u00e4ldern \u2013 perfekt f\u00fcr Spazierg\u00e4nge, leichte Wanderungen und Outdoor-Spiele zu jeder Jahreszeit.<\/p>\n\n\n\n<p>Zu den besonderen <b>Familienerlebnissen<\/b> z\u00e4hlen der <b>Bosco Animato<\/b>, in dem Holzskulpturen die Wege schm\u00fccken, sowie der <b>Bosco del Sorriso<\/b>, ein etwa 4,8 km langer Rundweg, der auch mit Kindern und gel\u00e4ndeg\u00e4ngigen Kinderwagen gut begehbar ist. F\u00fcr zus\u00e4tzlichen Spa\u00df sorgen der <b>Rolba Run<\/b>, eine Sommerrodelbahn auf Schienen am <b>Monte Marca<\/b>, sowie zahlreiche <b>leichte<\/b> oder <b>anspruchsvollere<\/b> <b>Wanderwegen<\/b>, die durch Wiesen und W\u00e4lder f\u00fchren.<\/p>\n\n\n\n<p>F\u00fcr kleine Abenteurer gibt es den <b>Parco Avventura Vegli<\/b>o, mit Kletterparcours zwischen den B\u00e4umen \u2013 geeignet f\u00fcr <b>Kinder ab 3 Jahren<\/b>.<\/p>\n\n\n\n<p>Im Winter bietet die Region neben <b>Skifahren<\/b> und <b>Schneeschuhwandern<\/b> im Gebiet <b>Bielmonte<\/b> auch Skischulen und familienfreundliche Pisten sowie Winterwanderungen durch verschneite W\u00e4lder.<\/p>\n\n\n\n<p>In der <b>Umgebung von Valdilana \u2013 Zegn<\/b>a lohnen sich ein Besuch der <b>Wallfahrtskirche von Oropa<\/b>, einer inmitten der Berge gelegenen religi\u00f6sen St\u00e4tte mit ihrem <b>von der UNESCO anerkannten \u201eSacro Monte\u201c<\/b>, sowie ein Tagesausflug zum wundersch\u00f6nen <b>Ortasee<\/b>.<\/p>\n","protected":false},"excerpt":{"rendered":"<p>Valdilana \u2013 Zegna im Piemont ist ein ideales Reiseziel f\u00fcr Familien, die einen Urlaub in der Natur zwischen W\u00e4ldern, T\u00e4lern und kinderfreundlichen Aktivit\u00e4ten verbringen m\u00f6chten. Ein absolutes Highlight ist die Oasi Zegna, ein \u00fcber 100 km\u00b2 gro\u00dfes Naturgebiet mit Wegen, Wiesen und Buchenw\u00e4ldern \u2013 perfekt f\u00fcr Spazierg\u00e4nge, leichte Wanderungen und Outdoor-Spiele zu jeder Jahreszeit. Zu &hellip;<\/p>\n","protected":false},"author":167,"featured_media":0,"parent":1875,"menu_order":0,"comment_status":"closed","ping_status":"closed","template":"page-templates\/scheda_localita.php","meta":{"_acf_changed":false,"inline_featured_image":false,"footnotes":""},"class_list":["post-76655","page","type-page","status-publish","hentry"],"acf":[],"yoast_head":"<!-- This site is optimized with the Yoast SEO plugin v27.1 - https:\/\/yoast.com\/product\/yoast-seo-wordpress\/ -->\n<title>Family Hotels in Valdilana - Zegna: die besten Family Hotels<\/title>\n<meta name=\"description\" content=\"Lust auf einen Urlaub mit Kindern in Piemont? Wir haben die besten Family Hotels in Valdilana \u2013 Zegna f\u00fcr Sie ausgew\u00e4hlt!\" \/>\n<meta name=\"robots\" content=\"index, follow, max-snippet:-1, max-image-preview:large, max-video-preview:-1\" \/>\n<link rel=\"canonical\" href=\"https:\/\/www.italyfamilyhotels.it\/de\/angebote\/piemont\/family-hotel-in-valdilana-zegna\" \/>\n<meta property=\"og:locale\" content=\"de_DE\" \/>\n<meta property=\"og:type\" content=\"article\" \/>\n<meta property=\"og:title\" content=\"Family Hotels in Valdilana - Zegna: die besten Family Hotels\" \/>\n<meta property=\"og:description\" content=\"Lust auf einen Urlaub mit Kindern in Piemont? Wir haben die besten Family Hotels in Valdilana \u2013 Zegna f\u00fcr Sie ausgew\u00e4hlt!\" \/>\n<meta property=\"og:url\" content=\"https:\/\/www.italyfamilyhotels.it\/de\/angebote\/piemont\/family-hotel-in-valdilana-zegna\" \/>\n<meta property=\"og:site_name\" content=\"Italy Family Hotels\" \/>\n<meta property=\"article:publisher\" content=\"https:\/\/www.facebook.com\/ItalyFamilyHotels\/\" \/>\n<meta property=\"article:modified_time\" content=\"2026-04-01T13:39:43+00:00\" \/>\n<meta name=\"twitter:card\" content=\"summary_large_image\" \/>\n<meta name=\"twitter:label1\" content=\"Gesch\u00e4tzte Lesezeit\" \/>\n\t<meta name=\"twitter:data1\" content=\"1\u00a0Minute\" \/>\n<script type=\"application\/ld+json\" class=\"yoast-schema-graph\">{\"@context\":\"https:\/\/schema.org\",\"@graph\":[{\"@type\":\"WebPage\",\"@id\":\"https:\/\/www.italyfamilyhotels.it\/de\/angebote\/piemont\/family-hotel-in-valdilana-zegna\",\"url\":\"https:\/\/www.italyfamilyhotels.it\/de\/angebote\/piemont\/family-hotel-in-valdilana-zegna\",\"name\":\"Family Hotels in Valdilana - Zegna: die besten Family Hotels\",\"isPartOf\":{\"@id\":\"https:\/\/www.italyfamilyhotels.it\/#website\"},\"datePublished\":\"2026-04-01T13:39:41+00:00\",\"dateModified\":\"2026-04-01T13:39:43+00:00\",\"description\":\"Lust auf einen Urlaub mit Kindern in Piemont? Wir haben die besten Family Hotels in Valdilana \u2013 Zegna f\u00fcr Sie ausgew\u00e4hlt!\",\"breadcrumb\":{\"@id\":\"https:\/\/www.italyfamilyhotels.it\/de\/angebote\/piemont\/family-hotel-in-valdilana-zegna#breadcrumb\"},\"inLanguage\":\"de\",\"potentialAction\":[{\"@type\":\"ReadAction\",\"target\":[\"https:\/\/www.italyfamilyhotels.it\/de\/angebote\/piemont\/family-hotel-in-valdilana-zegna\"]}]},{\"@type\":\"BreadcrumbList\",\"@id\":\"https:\/\/www.italyfamilyhotels.it\/de\/angebote\/piemont\/family-hotel-in-valdilana-zegna#breadcrumb\",\"itemListElement\":[{\"@type\":\"ListItem\",\"position\":1,\"name\":\"Home\",\"item\":\"https:\/\/www.italyfamilyhotels.it\/de\"},{\"@type\":\"ListItem\",\"position\":2,\"name\":\"Angebote\",\"item\":\"https:\/\/www.italyfamilyhotels.it\/de\/angebote\"},{\"@type\":\"ListItem\",\"position\":3,\"name\":\"Piemont\",\"item\":\"https:\/\/www.italyfamilyhotels.it\/de\/angebote\/piemont\"},{\"@type\":\"ListItem\",\"position\":4,\"name\":\"Family Hotel in Valdilana \u2013 Zegna\"}]},{\"@type\":\"WebSite\",\"@id\":\"https:\/\/www.italyfamilyhotels.it\/#website\",\"url\":\"https:\/\/www.italyfamilyhotels.it\/\",\"name\":\"Italy Family Hotels\",\"description\":\"\",\"potentialAction\":[{\"@type\":\"SearchAction\",\"target\":{\"@type\":\"EntryPoint\",\"urlTemplate\":\"https:\/\/www.italyfamilyhotels.it\/?s={search_term_string}\"},\"query-input\":{\"@type\":\"PropertyValueSpecification\",\"valueRequired\":true,\"valueName\":\"search_term_string\"}}],\"inLanguage\":\"de\"}]}<\/script>\n<!-- \/ Yoast SEO plugin. -->","yoast_head_json":{"title":"Family Hotels in Valdilana - Zegna: die besten Family Hotels","description":"Lust auf einen Urlaub mit Kindern in Piemont? Wir haben die besten Family Hotels in Valdilana \u2013 Zegna f\u00fcr Sie ausgew\u00e4hlt!","robots":{"index":"index","follow":"follow","max-snippet":"max-snippet:-1","max-image-preview":"max-image-preview:large","max-video-preview":"max-video-preview:-1"},"canonical":"https:\/\/www.italyfamilyhotels.it\/de\/angebote\/piemont\/family-hotel-in-valdilana-zegna","og_locale":"de_DE","og_type":"article","og_title":"Family Hotels in Valdilana - Zegna: die besten Family Hotels","og_description":"Lust auf einen Urlaub mit Kindern in Piemont? Wir haben die besten Family Hotels in Valdilana \u2013 Zegna f\u00fcr Sie ausgew\u00e4hlt!","og_url":"https:\/\/www.italyfamilyhotels.it\/de\/angebote\/piemont\/family-hotel-in-valdilana-zegna","og_site_name":"Italy Family Hotels","article_publisher":"https:\/\/www.facebook.com\/ItalyFamilyHotels\/","article_modified_time":"2026-04-01T13:39:43+00:00","twitter_card":"summary_large_image","twitter_misc":{"Gesch\u00e4tzte Lesezeit":"1\u00a0Minute"},"schema":{"@context":"https:\/\/schema.org","@graph":[{"@type":"WebPage","@id":"https:\/\/www.italyfamilyhotels.it\/de\/angebote\/piemont\/family-hotel-in-valdilana-zegna","url":"https:\/\/www.italyfamilyhotels.it\/de\/angebote\/piemont\/family-hotel-in-valdilana-zegna","name":"Family Hotels in Valdilana - Zegna: die besten Family Hotels","isPartOf":{"@id":"https:\/\/www.italyfamilyhotels.it\/#website"},"datePublished":"2026-04-01T13:39:41+00:00","dateModified":"2026-04-01T13:39:43+00:00","description":"Lust auf einen Urlaub mit Kindern in Piemont? Wir haben die besten Family Hotels in Valdilana \u2013 Zegna f\u00fcr Sie ausgew\u00e4hlt!","breadcrumb":{"@id":"https:\/\/www.italyfamilyhotels.it\/de\/angebote\/piemont\/family-hotel-in-valdilana-zegna#breadcrumb"},"inLanguage":"de","potentialAction":[{"@type":"ReadAction","target":["https:\/\/www.italyfamilyhotels.it\/de\/angebote\/piemont\/family-hotel-in-valdilana-zegna"]}]},{"@type":"BreadcrumbList","@id":"https:\/\/www.italyfamilyhotels.it\/de\/angebote\/piemont\/family-hotel-in-valdilana-zegna#breadcrumb","itemListElement":[{"@type":"ListItem","position":1,"name":"Home","item":"https:\/\/www.italyfamilyhotels.it\/de"},{"@type":"ListItem","position":2,"name":"Angebote","item":"https:\/\/www.italyfamilyhotels.it\/de\/angebote"},{"@type":"ListItem","position":3,"name":"Piemont","item":"https:\/\/www.italyfamilyhotels.it\/de\/angebote\/piemont"},{"@type":"ListItem","position":4,"name":"Family Hotel in Valdilana \u2013 Zegna"}]},{"@type":"WebSite","@id":"https:\/\/www.italyfamilyhotels.it\/#website","url":"https:\/\/www.italyfamilyhotels.it\/","name":"Italy Family Hotels","description":"","potentialAction":[{"@type":"SearchAction","target":{"@type":"EntryPoint","urlTemplate":"https:\/\/www.italyfamilyhotels.it\/?s={search_term_string}"},"query-input":{"@type":"PropertyValueSpecification","valueRequired":true,"valueName":"search_term_string"}}],"inLanguage":"de"}]}},"_links":{"self":[{"href":"https:\/\/www.italyfamilyhotels.it\/de\/wp-json\/wp\/v2\/pages\/76655","targetHints":{"allow":["GET"]}}],"collection":[{"href":"https:\/\/www.italyfamilyhotels.it\/de\/wp-json\/wp\/v2\/pages"}],"about":[{"href":"https:\/\/www.italyfamilyhotels.it\/de\/wp-json\/wp\/v2\/types\/page"}],"author":[{"embeddable":true,"href":"https:\/\/www.italyfamilyhotels.it\/de\/wp-json\/wp\/v2\/users\/167"}],"replies":[{"embeddable":true,"href":"https:\/\/www.italyfamilyhotels.it\/de\/wp-json\/wp\/v2\/comments?post=76655"}],"version-history":[{"count":1,"href":"https:\/\/www.italyfamilyhotels.it\/de\/wp-json\/wp\/v2\/pages\/76655\/revisions"}],"predecessor-version":[{"id":76656,"href":"https:\/\/www.italyfamilyhotels.it\/de\/wp-json\/wp\/v2\/pages\/76655\/revisions\/76656"}],"up":[{"embeddable":true,"href":"https:\/\/www.italyfamilyhotels.it\/de\/wp-json\/wp\/v2\/pages\/1875"}],"wp:attachment":[{"href":"https:\/\/www.italyfamilyhotels.it\/de\/wp-json\/wp\/v2\/media?parent=76655"}],"curies":[{"name":"wp","href":"https:\/\/api.w.org\/{rel}","templated":true}]}}