{"id":76652,"date":"2026-04-01T15:39:41","date_gmt":"2026-04-01T13:39:41","guid":{"rendered":"https:\/\/www.italyfamilyhotels.it\/angebote\/apulien\/family-hotel-in-minervino-di-lecce"},"modified":"2026-04-01T15:39:43","modified_gmt":"2026-04-01T13:39:43","slug":"family-hotel-in-minervino-di-lecce","status":"publish","type":"page","link":"https:\/\/www.italyfamilyhotels.it\/de\/angebote\/apulien\/family-hotel-in-minervino-di-lecce","title":{"rendered":"Family Hotel in Minervino di Lecce"},"content":{"rendered":"\n<p>Eingebettet zwischen den Olivenhainen des <b>Salento<\/b> ist <b>Minervino di Lecce<\/b> ein kleines, charakteristisches Dorf, in dem sich ein <b>Familienurlaub<\/b> aus Ruhe, Meer, Entdeckung und Natur zusammensetzt. Und das alles ganz in der N\u00e4he: Dank der Lage von Minervino sind keine langen Wege n\u00f6tig, um das Meer und einige der sch\u00f6nsten Orte des Salento zu erreichen! Das <b>Ortszentrum von Minervino<\/b> eignet sich perfekt f\u00fcr einen Spaziergang mit Kindern, w\u00e4hrend <b>Porto Badisco<\/b>, die <b>Str\u00e4nde von Otranto<\/b> oder die <b>familienfreundlichen Strandb\u00e4der<\/b> im <b>Alimini<\/b>-Naturschutzgebiet in wenigen Autominuten erreichbar sind.<\/p>\n\n\n\n<p>Ein <b>Urlaub mit Kindern in Minervino<\/b> di Lecce bedeutet jedoch nicht nur Meer. In weniger als 15 Minuten erreichen Sie <b>Otranto<\/b> \u2013 mit seiner sch\u00f6nen Fu\u00dfg\u00e4ngerzone, den farbenfrohen <b>Bauxit-Steinbr\u00fcchen<\/b> und dem <b>Leuchtturm von Punta Palasc\u00eca<\/b>. Ebenso schnell gelangen Sie nach <b>Giurdignano<\/b>, bekannt als <b>\u201emegalithischer Garten Italiens\u201c<\/b>, wo Sie gemeinsam mit Ihren Kindern <b>Dolmen und Menhire<\/b> entdecken k\u00f6nnen.<\/p>\n\n\n\n<p>Wenn Sie noch mehr erkunden m\u00f6chten, ist Minervino di Lecce der ideale Ausgangspunkt f\u00fcr Ausfl\u00fcge nach <b>Castro<\/b> mit der <b>Grotta Zinzulusa<\/b> sowie in die elegante Barockstadt <b>Lecce<\/b>!<\/p>\n","protected":false},"excerpt":{"rendered":"<p>Eingebettet zwischen den Olivenhainen des Salento ist Minervino di Lecce ein kleines, charakteristisches Dorf, in dem sich ein Familienurlaub aus Ruhe, Meer, Entdeckung und Natur zusammensetzt. Und das alles ganz in der N\u00e4he: Dank der Lage von Minervino sind keine langen Wege n\u00f6tig, um das Meer und einige der sch\u00f6nsten Orte des Salento zu erreichen! &hellip;<\/p>\n","protected":false},"author":167,"featured_media":0,"parent":1882,"menu_order":0,"comment_status":"closed","ping_status":"closed","template":"page-templates\/scheda_localita.php","meta":{"_acf_changed":false,"inline_featured_image":false,"footnotes":""},"class_list":["post-76652","page","type-page","status-publish","hentry"],"acf":[],"yoast_head":"<!-- This site is optimized with the Yoast SEO plugin v27.1 - https:\/\/yoast.com\/product\/yoast-seo-wordpress\/ -->\n<title>Family Hotels in Minervino di Lecce: die besten Family Hotels<\/title>\n<meta name=\"description\" content=\"Lust auf einen Urlaub mit Kindern in den Marken? Wir haben die besten Family Hotels in Minervino di Lecce ausgew\u00e4hlt\" \/>\n<meta name=\"robots\" content=\"index, follow, max-snippet:-1, max-image-preview:large, max-video-preview:-1\" \/>\n<link rel=\"canonical\" href=\"https:\/\/www.italyfamilyhotels.it\/de\/angebote\/apulien\/family-hotel-in-minervino-di-lecce\" \/>\n<meta property=\"og:locale\" content=\"de_DE\" \/>\n<meta property=\"og:type\" content=\"article\" \/>\n<meta property=\"og:title\" content=\"Family Hotels in Minervino di Lecce: die besten Family Hotels\" \/>\n<meta property=\"og:description\" content=\"Lust auf einen Urlaub mit Kindern in den Marken? Wir haben die besten Family Hotels in Minervino di Lecce ausgew\u00e4hlt\" \/>\n<meta property=\"og:url\" content=\"https:\/\/www.italyfamilyhotels.it\/de\/angebote\/apulien\/family-hotel-in-minervino-di-lecce\" \/>\n<meta property=\"og:site_name\" content=\"Italy Family Hotels\" \/>\n<meta property=\"article:publisher\" content=\"https:\/\/www.facebook.com\/ItalyFamilyHotels\/\" \/>\n<meta property=\"article:modified_time\" content=\"2026-04-01T13:39:43+00:00\" \/>\n<meta name=\"twitter:card\" content=\"summary_large_image\" \/>\n<meta name=\"twitter:label1\" content=\"Gesch\u00e4tzte Lesezeit\" \/>\n\t<meta name=\"twitter:data1\" content=\"1\u00a0Minute\" \/>\n<script type=\"application\/ld+json\" class=\"yoast-schema-graph\">{\"@context\":\"https:\/\/schema.org\",\"@graph\":[{\"@type\":\"WebPage\",\"@id\":\"https:\/\/www.italyfamilyhotels.it\/de\/angebote\/apulien\/family-hotel-in-minervino-di-lecce\",\"url\":\"https:\/\/www.italyfamilyhotels.it\/de\/angebote\/apulien\/family-hotel-in-minervino-di-lecce\",\"name\":\"Family Hotels in Minervino di Lecce: die besten Family Hotels\",\"isPartOf\":{\"@id\":\"https:\/\/www.italyfamilyhotels.it\/#website\"},\"datePublished\":\"2026-04-01T13:39:41+00:00\",\"dateModified\":\"2026-04-01T13:39:43+00:00\",\"description\":\"Lust auf einen Urlaub mit Kindern in den Marken? Wir haben die besten Family Hotels in Minervino di Lecce ausgew\u00e4hlt\",\"breadcrumb\":{\"@id\":\"https:\/\/www.italyfamilyhotels.it\/de\/angebote\/apulien\/family-hotel-in-minervino-di-lecce#breadcrumb\"},\"inLanguage\":\"de\",\"potentialAction\":[{\"@type\":\"ReadAction\",\"target\":[\"https:\/\/www.italyfamilyhotels.it\/de\/angebote\/apulien\/family-hotel-in-minervino-di-lecce\"]}]},{\"@type\":\"BreadcrumbList\",\"@id\":\"https:\/\/www.italyfamilyhotels.it\/de\/angebote\/apulien\/family-hotel-in-minervino-di-lecce#breadcrumb\",\"itemListElement\":[{\"@type\":\"ListItem\",\"position\":1,\"name\":\"Home\",\"item\":\"https:\/\/www.italyfamilyhotels.it\/de\"},{\"@type\":\"ListItem\",\"position\":2,\"name\":\"Angebote\",\"item\":\"https:\/\/www.italyfamilyhotels.it\/de\/angebote\"},{\"@type\":\"ListItem\",\"position\":3,\"name\":\"Apulien\",\"item\":\"https:\/\/www.italyfamilyhotels.it\/de\/angebote\/apulien\"},{\"@type\":\"ListItem\",\"position\":4,\"name\":\"Family Hotel in Minervino di Lecce\"}]},{\"@type\":\"WebSite\",\"@id\":\"https:\/\/www.italyfamilyhotels.it\/#website\",\"url\":\"https:\/\/www.italyfamilyhotels.it\/\",\"name\":\"Italy Family Hotels\",\"description\":\"\",\"potentialAction\":[{\"@type\":\"SearchAction\",\"target\":{\"@type\":\"EntryPoint\",\"urlTemplate\":\"https:\/\/www.italyfamilyhotels.it\/?s={search_term_string}\"},\"query-input\":{\"@type\":\"PropertyValueSpecification\",\"valueRequired\":true,\"valueName\":\"search_term_string\"}}],\"inLanguage\":\"de\"}]}<\/script>\n<!-- \/ Yoast SEO plugin. -->","yoast_head_json":{"title":"Family Hotels in Minervino di Lecce: die besten Family Hotels","description":"Lust auf einen Urlaub mit Kindern in den Marken? Wir haben die besten Family Hotels in Minervino di Lecce ausgew\u00e4hlt","robots":{"index":"index","follow":"follow","max-snippet":"max-snippet:-1","max-image-preview":"max-image-preview:large","max-video-preview":"max-video-preview:-1"},"canonical":"https:\/\/www.italyfamilyhotels.it\/de\/angebote\/apulien\/family-hotel-in-minervino-di-lecce","og_locale":"de_DE","og_type":"article","og_title":"Family Hotels in Minervino di Lecce: die besten Family Hotels","og_description":"Lust auf einen Urlaub mit Kindern in den Marken? Wir haben die besten Family Hotels in Minervino di Lecce ausgew\u00e4hlt","og_url":"https:\/\/www.italyfamilyhotels.it\/de\/angebote\/apulien\/family-hotel-in-minervino-di-lecce","og_site_name":"Italy Family Hotels","article_publisher":"https:\/\/www.facebook.com\/ItalyFamilyHotels\/","article_modified_time":"2026-04-01T13:39:43+00:00","twitter_card":"summary_large_image","twitter_misc":{"Gesch\u00e4tzte Lesezeit":"1\u00a0Minute"},"schema":{"@context":"https:\/\/schema.org","@graph":[{"@type":"WebPage","@id":"https:\/\/www.italyfamilyhotels.it\/de\/angebote\/apulien\/family-hotel-in-minervino-di-lecce","url":"https:\/\/www.italyfamilyhotels.it\/de\/angebote\/apulien\/family-hotel-in-minervino-di-lecce","name":"Family Hotels in Minervino di Lecce: die besten Family Hotels","isPartOf":{"@id":"https:\/\/www.italyfamilyhotels.it\/#website"},"datePublished":"2026-04-01T13:39:41+00:00","dateModified":"2026-04-01T13:39:43+00:00","description":"Lust auf einen Urlaub mit Kindern in den Marken? Wir haben die besten Family Hotels in Minervino di Lecce ausgew\u00e4hlt","breadcrumb":{"@id":"https:\/\/www.italyfamilyhotels.it\/de\/angebote\/apulien\/family-hotel-in-minervino-di-lecce#breadcrumb"},"inLanguage":"de","potentialAction":[{"@type":"ReadAction","target":["https:\/\/www.italyfamilyhotels.it\/de\/angebote\/apulien\/family-hotel-in-minervino-di-lecce"]}]},{"@type":"BreadcrumbList","@id":"https:\/\/www.italyfamilyhotels.it\/de\/angebote\/apulien\/family-hotel-in-minervino-di-lecce#breadcrumb","itemListElement":[{"@type":"ListItem","position":1,"name":"Home","item":"https:\/\/www.italyfamilyhotels.it\/de"},{"@type":"ListItem","position":2,"name":"Angebote","item":"https:\/\/www.italyfamilyhotels.it\/de\/angebote"},{"@type":"ListItem","position":3,"name":"Apulien","item":"https:\/\/www.italyfamilyhotels.it\/de\/angebote\/apulien"},{"@type":"ListItem","position":4,"name":"Family Hotel in Minervino di Lecce"}]},{"@type":"WebSite","@id":"https:\/\/www.italyfamilyhotels.it\/#website","url":"https:\/\/www.italyfamilyhotels.it\/","name":"Italy Family Hotels","description":"","potentialAction":[{"@type":"SearchAction","target":{"@type":"EntryPoint","urlTemplate":"https:\/\/www.italyfamilyhotels.it\/?s={search_term_string}"},"query-input":{"@type":"PropertyValueSpecification","valueRequired":true,"valueName":"search_term_string"}}],"inLanguage":"de"}]}},"_links":{"self":[{"href":"https:\/\/www.italyfamilyhotels.it\/de\/wp-json\/wp\/v2\/pages\/76652","targetHints":{"allow":["GET"]}}],"collection":[{"href":"https:\/\/www.italyfamilyhotels.it\/de\/wp-json\/wp\/v2\/pages"}],"about":[{"href":"https:\/\/www.italyfamilyhotels.it\/de\/wp-json\/wp\/v2\/types\/page"}],"author":[{"embeddable":true,"href":"https:\/\/www.italyfamilyhotels.it\/de\/wp-json\/wp\/v2\/users\/167"}],"replies":[{"embeddable":true,"href":"https:\/\/www.italyfamilyhotels.it\/de\/wp-json\/wp\/v2\/comments?post=76652"}],"version-history":[{"count":1,"href":"https:\/\/www.italyfamilyhotels.it\/de\/wp-json\/wp\/v2\/pages\/76652\/revisions"}],"predecessor-version":[{"id":76653,"href":"https:\/\/www.italyfamilyhotels.it\/de\/wp-json\/wp\/v2\/pages\/76652\/revisions\/76653"}],"up":[{"embeddable":true,"href":"https:\/\/www.italyfamilyhotels.it\/de\/wp-json\/wp\/v2\/pages\/1882"}],"wp:attachment":[{"href":"https:\/\/www.italyfamilyhotels.it\/de\/wp-json\/wp\/v2\/media?parent=76652"}],"curies":[{"name":"wp","href":"https:\/\/api.w.org\/{rel}","templated":true}]}}