{"id":76649,"date":"2026-04-01T15:39:40","date_gmt":"2026-04-01T13:39:40","guid":{"rendered":"https:\/\/www.italyfamilyhotels.it\/destinationen\/toskana\/family-hotel-in-cecina"},"modified":"2026-04-01T15:39:42","modified_gmt":"2026-04-01T13:39:42","slug":"family-hotel-in-cecina","status":"publish","type":"page","link":"https:\/\/www.italyfamilyhotels.it\/de\/destinationen\/toskana\/family-hotel-in-cecina","title":{"rendered":"Family Hotel in Cecina"},"content":{"rendered":"\n<p><b>Cecina<\/b> an der <b>Etruskerk\u00fcste<\/b> ist ein besonders beliebtes Reiseziel f\u00fcr Familien, die einen <b>Strandurlaub in der Toskan<\/b>a verbringen m\u00f6chten. Die Sandstr\u00e4nde sind ideal f\u00fcr Kinder, da sie <b>sanft ins Meer abfalle<\/b>n und <b>gut ausgestattete Strandbereiche<\/b> bieten, die bequem zu Fu\u00df oder mit dem Fahrrad erreichbar sind.<\/p>\n\n\n\n<p>Ein besonderes Highlight ist der <b>Pinienwald an der K\u00fcste<\/b> mit seinen <b>flachen Wegen<\/b> \u2013 perfekt f\u00fcr <b>Spazierg\u00e4nge mit dem Kinderwagen<\/b> oder <b>Fahrradtouren mit der ganzen Familie<\/b>. Die <b>Rad- und Fu\u00dfwege, die Cecina mit Cecina Mare verbinde<\/b>n, erm\u00f6glichen es, sich sicher zwischen Strand, Pinienwald und Ortszentrum zu bewegen \u2013 ein echter Vorteil auch f\u00fcr Familien mit kleinen Kindern!<\/p>\n\n\n\n<p>In <b>Cecina und Umgebung<\/b> befinden sich einige der <b>beliebtesten Freizeitparks der Toskana<\/b>: der Wasserpark <b>Acqua Village<\/b> mit Rutschen und Pools f\u00fcr Kinder jeden Alters sowie der Tierpark <b>Parco Gallorose<\/b>, der Kindern die Tierwelt und Natur auf spannende und lehrreiche Weise n\u00e4herbringt.<\/p>\n\n\n\n<p>Auch in der Umgebung lohnen sich Ausfl\u00fcge: zum <b>Cavallino Matto<\/b>, dem gr\u00f6\u00dften Freizeitpark der Toskana, oder in historische Orte wie <b>Bolgheri<\/b> mit seiner ber\u00fchmten Zypressenallee und <b>Populonia<\/b> mit dem <b>Arch\u00e4ologischen Park von Baratti und Populonia<\/b>, einer eindrucksvollen etruskischen Akropolis direkt am Meer.<\/p>\n\n\n\n<p><b>Nur etwa eine halbe Stunde von Cecina entfernt<\/b> liegt der <b>Arch\u00e4ologischen Bergbaupark San Silvestro<\/b> mit zahlreichen Aktivit\u00e4ten f\u00fcr Kinder und Jugendliche: der <b>Bike Skill Park<\/b>, eine <b>Zugfahrt durch die Mine in der Galleria Lanzi<\/b> sowie Besuche im Museum der Bergbaumaschinen, im Bergbaumuseum und im Temperino-Museum.<\/p>\n","protected":false},"excerpt":{"rendered":"<p>Cecina an der Etruskerk\u00fcste ist ein besonders beliebtes Reiseziel f\u00fcr Familien, die einen Strandurlaub in der Toskana verbringen m\u00f6chten. Die Sandstr\u00e4nde sind ideal f\u00fcr Kinder, da sie sanft ins Meer abfallen und gut ausgestattete Strandbereiche bieten, die bequem zu Fu\u00df oder mit dem Fahrrad erreichbar sind. Ein besonderes Highlight ist der Pinienwald an der K\u00fcste &hellip;<\/p>\n","protected":false},"author":167,"featured_media":0,"parent":1539,"menu_order":0,"comment_status":"closed","ping_status":"closed","template":"page-templates\/scheda_localita.php","meta":{"_acf_changed":false,"inline_featured_image":false,"footnotes":""},"class_list":["post-76649","page","type-page","status-publish","hentry"],"acf":[],"yoast_head":"<!-- This site is optimized with the Yoast SEO plugin v27.1 - https:\/\/yoast.com\/product\/yoast-seo-wordpress\/ -->\n<title>Family Hotels in Cecina: die besten Family Hotels in Cecina<\/title>\n<meta name=\"description\" content=\"Lust auf einen Urlaub mit Kindern in der Toskana? Wir haben die besten Family Hotels in Cecina ausgew\u00e4hlt!\" \/>\n<meta name=\"robots\" content=\"index, follow, max-snippet:-1, max-image-preview:large, max-video-preview:-1\" \/>\n<link rel=\"canonical\" href=\"https:\/\/www.italyfamilyhotels.it\/de\/destinationen\/toskana\/family-hotel-in-cecina\" \/>\n<meta property=\"og:locale\" content=\"de_DE\" \/>\n<meta property=\"og:type\" content=\"article\" \/>\n<meta property=\"og:title\" content=\"Family Hotels in Cecina: die besten Family Hotels in Cecina\" \/>\n<meta property=\"og:description\" content=\"Lust auf einen Urlaub mit Kindern in der Toskana? Wir haben die besten Family Hotels in Cecina ausgew\u00e4hlt!\" \/>\n<meta property=\"og:url\" content=\"https:\/\/www.italyfamilyhotels.it\/de\/destinationen\/toskana\/family-hotel-in-cecina\" \/>\n<meta property=\"og:site_name\" content=\"Italy Family Hotels\" \/>\n<meta property=\"article:publisher\" content=\"https:\/\/www.facebook.com\/ItalyFamilyHotels\/\" \/>\n<meta property=\"article:modified_time\" content=\"2026-04-01T13:39:42+00:00\" \/>\n<meta name=\"twitter:card\" content=\"summary_large_image\" \/>\n<meta name=\"twitter:label1\" content=\"Gesch\u00e4tzte Lesezeit\" \/>\n\t<meta name=\"twitter:data1\" content=\"1\u00a0Minute\" \/>\n<script type=\"application\/ld+json\" class=\"yoast-schema-graph\">{\"@context\":\"https:\/\/schema.org\",\"@graph\":[{\"@type\":\"WebPage\",\"@id\":\"https:\/\/www.italyfamilyhotels.it\/de\/destinationen\/toskana\/family-hotel-in-cecina\",\"url\":\"https:\/\/www.italyfamilyhotels.it\/de\/destinationen\/toskana\/family-hotel-in-cecina\",\"name\":\"Family Hotels in Cecina: die besten Family Hotels in Cecina\",\"isPartOf\":{\"@id\":\"https:\/\/www.italyfamilyhotels.it\/#website\"},\"datePublished\":\"2026-04-01T13:39:40+00:00\",\"dateModified\":\"2026-04-01T13:39:42+00:00\",\"description\":\"Lust auf einen Urlaub mit Kindern in der Toskana? Wir haben die besten Family Hotels in Cecina ausgew\u00e4hlt!\",\"breadcrumb\":{\"@id\":\"https:\/\/www.italyfamilyhotels.it\/de\/destinationen\/toskana\/family-hotel-in-cecina#breadcrumb\"},\"inLanguage\":\"de\",\"potentialAction\":[{\"@type\":\"ReadAction\",\"target\":[\"https:\/\/www.italyfamilyhotels.it\/de\/destinationen\/toskana\/family-hotel-in-cecina\"]}]},{\"@type\":\"BreadcrumbList\",\"@id\":\"https:\/\/www.italyfamilyhotels.it\/de\/destinationen\/toskana\/family-hotel-in-cecina#breadcrumb\",\"itemListElement\":[{\"@type\":\"ListItem\",\"position\":1,\"name\":\"Home\",\"item\":\"https:\/\/www.italyfamilyhotels.it\/de\"},{\"@type\":\"ListItem\",\"position\":2,\"name\":\"Destinationen\",\"item\":\"https:\/\/www.italyfamilyhotels.it\/de\/destinationen\"},{\"@type\":\"ListItem\",\"position\":3,\"name\":\"Toskana\",\"item\":\"https:\/\/www.italyfamilyhotels.it\/de\/destinationen\/toskana\"},{\"@type\":\"ListItem\",\"position\":4,\"name\":\"Family Hotel in Cecina\"}]},{\"@type\":\"WebSite\",\"@id\":\"https:\/\/www.italyfamilyhotels.it\/#website\",\"url\":\"https:\/\/www.italyfamilyhotels.it\/\",\"name\":\"Italy Family Hotels\",\"description\":\"\",\"potentialAction\":[{\"@type\":\"SearchAction\",\"target\":{\"@type\":\"EntryPoint\",\"urlTemplate\":\"https:\/\/www.italyfamilyhotels.it\/?s={search_term_string}\"},\"query-input\":{\"@type\":\"PropertyValueSpecification\",\"valueRequired\":true,\"valueName\":\"search_term_string\"}}],\"inLanguage\":\"de\"}]}<\/script>\n<!-- \/ Yoast SEO plugin. -->","yoast_head_json":{"title":"Family Hotels in Cecina: die besten Family Hotels in Cecina","description":"Lust auf einen Urlaub mit Kindern in der Toskana? Wir haben die besten Family Hotels in Cecina ausgew\u00e4hlt!","robots":{"index":"index","follow":"follow","max-snippet":"max-snippet:-1","max-image-preview":"max-image-preview:large","max-video-preview":"max-video-preview:-1"},"canonical":"https:\/\/www.italyfamilyhotels.it\/de\/destinationen\/toskana\/family-hotel-in-cecina","og_locale":"de_DE","og_type":"article","og_title":"Family Hotels in Cecina: die besten Family Hotels in Cecina","og_description":"Lust auf einen Urlaub mit Kindern in der Toskana? Wir haben die besten Family Hotels in Cecina ausgew\u00e4hlt!","og_url":"https:\/\/www.italyfamilyhotels.it\/de\/destinationen\/toskana\/family-hotel-in-cecina","og_site_name":"Italy Family Hotels","article_publisher":"https:\/\/www.facebook.com\/ItalyFamilyHotels\/","article_modified_time":"2026-04-01T13:39:42+00:00","twitter_card":"summary_large_image","twitter_misc":{"Gesch\u00e4tzte Lesezeit":"1\u00a0Minute"},"schema":{"@context":"https:\/\/schema.org","@graph":[{"@type":"WebPage","@id":"https:\/\/www.italyfamilyhotels.it\/de\/destinationen\/toskana\/family-hotel-in-cecina","url":"https:\/\/www.italyfamilyhotels.it\/de\/destinationen\/toskana\/family-hotel-in-cecina","name":"Family Hotels in Cecina: die besten Family Hotels in Cecina","isPartOf":{"@id":"https:\/\/www.italyfamilyhotels.it\/#website"},"datePublished":"2026-04-01T13:39:40+00:00","dateModified":"2026-04-01T13:39:42+00:00","description":"Lust auf einen Urlaub mit Kindern in der Toskana? Wir haben die besten Family Hotels in Cecina ausgew\u00e4hlt!","breadcrumb":{"@id":"https:\/\/www.italyfamilyhotels.it\/de\/destinationen\/toskana\/family-hotel-in-cecina#breadcrumb"},"inLanguage":"de","potentialAction":[{"@type":"ReadAction","target":["https:\/\/www.italyfamilyhotels.it\/de\/destinationen\/toskana\/family-hotel-in-cecina"]}]},{"@type":"BreadcrumbList","@id":"https:\/\/www.italyfamilyhotels.it\/de\/destinationen\/toskana\/family-hotel-in-cecina#breadcrumb","itemListElement":[{"@type":"ListItem","position":1,"name":"Home","item":"https:\/\/www.italyfamilyhotels.it\/de"},{"@type":"ListItem","position":2,"name":"Destinationen","item":"https:\/\/www.italyfamilyhotels.it\/de\/destinationen"},{"@type":"ListItem","position":3,"name":"Toskana","item":"https:\/\/www.italyfamilyhotels.it\/de\/destinationen\/toskana"},{"@type":"ListItem","position":4,"name":"Family Hotel in Cecina"}]},{"@type":"WebSite","@id":"https:\/\/www.italyfamilyhotels.it\/#website","url":"https:\/\/www.italyfamilyhotels.it\/","name":"Italy Family Hotels","description":"","potentialAction":[{"@type":"SearchAction","target":{"@type":"EntryPoint","urlTemplate":"https:\/\/www.italyfamilyhotels.it\/?s={search_term_string}"},"query-input":{"@type":"PropertyValueSpecification","valueRequired":true,"valueName":"search_term_string"}}],"inLanguage":"de"}]}},"_links":{"self":[{"href":"https:\/\/www.italyfamilyhotels.it\/de\/wp-json\/wp\/v2\/pages\/76649","targetHints":{"allow":["GET"]}}],"collection":[{"href":"https:\/\/www.italyfamilyhotels.it\/de\/wp-json\/wp\/v2\/pages"}],"about":[{"href":"https:\/\/www.italyfamilyhotels.it\/de\/wp-json\/wp\/v2\/types\/page"}],"author":[{"embeddable":true,"href":"https:\/\/www.italyfamilyhotels.it\/de\/wp-json\/wp\/v2\/users\/167"}],"replies":[{"embeddable":true,"href":"https:\/\/www.italyfamilyhotels.it\/de\/wp-json\/wp\/v2\/comments?post=76649"}],"version-history":[{"count":1,"href":"https:\/\/www.italyfamilyhotels.it\/de\/wp-json\/wp\/v2\/pages\/76649\/revisions"}],"predecessor-version":[{"id":76650,"href":"https:\/\/www.italyfamilyhotels.it\/de\/wp-json\/wp\/v2\/pages\/76649\/revisions\/76650"}],"up":[{"embeddable":true,"href":"https:\/\/www.italyfamilyhotels.it\/de\/wp-json\/wp\/v2\/pages\/1539"}],"wp:attachment":[{"href":"https:\/\/www.italyfamilyhotels.it\/de\/wp-json\/wp\/v2\/media?parent=76649"}],"curies":[{"name":"wp","href":"https:\/\/api.w.org\/{rel}","templated":true}]}}