{"id":76646,"date":"2026-04-01T15:39:39","date_gmt":"2026-04-01T13:39:39","guid":{"rendered":"https:\/\/www.italyfamilyhotels.it\/destinationen\/venetien\/family-hotel-in-caorle"},"modified":"2026-04-01T15:39:42","modified_gmt":"2026-04-01T13:39:42","slug":"family-hotel-in-caorle","status":"publish","type":"page","link":"https:\/\/www.italyfamilyhotels.it\/de\/destinationen\/venetien\/family-hotel-in-caorle","title":{"rendered":"Family Hotel in Caorle"},"content":{"rendered":"\n<p><b>Caorle<\/b> steht f\u00fcr Meer und Spa\u00df \u2013 perfekt f\u00fcr Ihren <b>Familienurlaub<\/b>! Die Str\u00e4nde, wie die Spiaggia di Levante und die Spiaggia di Ponente, sind ideal f\u00fcr Kinder dank <b>flach abfallender Ufer<\/b>, <b>ruhigem Wasser<\/b> und <b>Spielbereichen<\/b> in den Strandb\u00e4dern.<\/p>\n\n\n\n<p>Wenn Ihre Familie gerne Fahrrad f\u00e4hrt, bietet <b>Caorle<\/b> ein Netz an <b>kinderfreundlichen Radwegen<\/b> durch malerische Landschaften \u2013 zum Beispiel bis zur <b>Lagune von Caorle<\/b>, wo Sie die lokale Tierwelt und die traditionellen Fischerh\u00fctten (Casoni) entdecken k\u00f6nnen.<\/p>\n\n\n\n<p>F\u00fcr einen erlebnisreichen Tag ist der <b>Wasserpark Aquafolli<\/b>e ein absolutes Highlight. Mit Rutschen, Pools und speziellen Bereichen f\u00fcr Kinder garantiert er Spa\u00df f\u00fcr die ganze Familie. Auch die <b>Altstadt von Caorle<\/b> begeistert Gro\u00df und Klein mit ihren <b>bunten Gassen<\/b> und dem charakteristischen zylindrischen Glockenturm.<\/p>\n\n\n\n<p>In der <b>Umgebung von Caorle<\/b> liegt au\u00dferdem <b>Eraclea Mare<\/b>, bekannt f\u00fcr seine \u00fcppige <b>Pinienlandschaft<\/b> und die wundersch\u00f6ne <b>Laguna del Mort<\/b>. Ein idyllischer Ort f\u00fcr <b>Naturerlebnisse<\/b>, <b>Familienausfl\u00fcge<\/b> und entspannte Momente im Gr\u00fcnen.<\/p>\n","protected":false},"excerpt":{"rendered":"<p>Caorle steht f\u00fcr Meer und Spa\u00df \u2013 perfekt f\u00fcr Ihren Familienurlaub! Die Str\u00e4nde, wie die Spiaggia di Levante und die Spiaggia di Ponente, sind ideal f\u00fcr Kinder dank flach abfallender Ufer, ruhigem Wasser und Spielbereichen in den Strandb\u00e4dern. Wenn Ihre Familie gerne Fahrrad f\u00e4hrt, bietet Caorle ein Netz an kinderfreundlichen Radwegen durch malerische Landschaften \u2013 &hellip;<\/p>\n","protected":false},"author":167,"featured_media":0,"parent":1443,"menu_order":0,"comment_status":"closed","ping_status":"closed","template":"page-templates\/scheda_localita.php","meta":{"_acf_changed":false,"inline_featured_image":false,"footnotes":""},"class_list":["post-76646","page","type-page","status-publish","hentry"],"acf":[],"yoast_head":"<!-- This site is optimized with the Yoast SEO plugin v27.1 - https:\/\/yoast.com\/product\/yoast-seo-wordpress\/ -->\n<title>Family Hotels in Caorle: die besten Family Hotels in Caorle<\/title>\n<meta name=\"description\" content=\"Lust auf einen Urlaub mit Kindern in Venetien? Wir haben die besten Family Hotels in Caorle f\u00fcr Sie ausgew\u00e4hlt!\" \/>\n<meta name=\"robots\" content=\"index, follow, max-snippet:-1, max-image-preview:large, max-video-preview:-1\" \/>\n<link rel=\"canonical\" href=\"https:\/\/www.italyfamilyhotels.it\/de\/destinationen\/venetien\/family-hotel-in-caorle\" \/>\n<meta property=\"og:locale\" content=\"de_DE\" \/>\n<meta property=\"og:type\" content=\"article\" \/>\n<meta property=\"og:title\" content=\"Family Hotels in Caorle: die besten Family Hotels in Caorle\" \/>\n<meta property=\"og:description\" content=\"Lust auf einen Urlaub mit Kindern in Venetien? Wir haben die besten Family Hotels in Caorle f\u00fcr Sie ausgew\u00e4hlt!\" \/>\n<meta property=\"og:url\" content=\"https:\/\/www.italyfamilyhotels.it\/de\/destinationen\/venetien\/family-hotel-in-caorle\" \/>\n<meta property=\"og:site_name\" content=\"Italy Family Hotels\" \/>\n<meta property=\"article:publisher\" content=\"https:\/\/www.facebook.com\/ItalyFamilyHotels\/\" \/>\n<meta property=\"article:modified_time\" content=\"2026-04-01T13:39:42+00:00\" \/>\n<meta name=\"twitter:card\" content=\"summary_large_image\" \/>\n<meta name=\"twitter:label1\" content=\"Gesch\u00e4tzte Lesezeit\" \/>\n\t<meta name=\"twitter:data1\" content=\"1\u00a0Minute\" \/>\n<script type=\"application\/ld+json\" class=\"yoast-schema-graph\">{\"@context\":\"https:\/\/schema.org\",\"@graph\":[{\"@type\":\"WebPage\",\"@id\":\"https:\/\/www.italyfamilyhotels.it\/de\/destinationen\/venetien\/family-hotel-in-caorle\",\"url\":\"https:\/\/www.italyfamilyhotels.it\/de\/destinationen\/venetien\/family-hotel-in-caorle\",\"name\":\"Family Hotels in Caorle: die besten Family Hotels in Caorle\",\"isPartOf\":{\"@id\":\"https:\/\/www.italyfamilyhotels.it\/#website\"},\"datePublished\":\"2026-04-01T13:39:39+00:00\",\"dateModified\":\"2026-04-01T13:39:42+00:00\",\"description\":\"Lust auf einen Urlaub mit Kindern in Venetien? Wir haben die besten Family Hotels in Caorle f\u00fcr Sie ausgew\u00e4hlt!\",\"breadcrumb\":{\"@id\":\"https:\/\/www.italyfamilyhotels.it\/de\/destinationen\/venetien\/family-hotel-in-caorle#breadcrumb\"},\"inLanguage\":\"de\",\"potentialAction\":[{\"@type\":\"ReadAction\",\"target\":[\"https:\/\/www.italyfamilyhotels.it\/de\/destinationen\/venetien\/family-hotel-in-caorle\"]}]},{\"@type\":\"BreadcrumbList\",\"@id\":\"https:\/\/www.italyfamilyhotels.it\/de\/destinationen\/venetien\/family-hotel-in-caorle#breadcrumb\",\"itemListElement\":[{\"@type\":\"ListItem\",\"position\":1,\"name\":\"Home\",\"item\":\"https:\/\/www.italyfamilyhotels.it\/de\"},{\"@type\":\"ListItem\",\"position\":2,\"name\":\"Destinationen\",\"item\":\"https:\/\/www.italyfamilyhotels.it\/de\/destinationen\"},{\"@type\":\"ListItem\",\"position\":3,\"name\":\"Venetien\",\"item\":\"https:\/\/www.italyfamilyhotels.it\/de\/destinationen\/venetien\"},{\"@type\":\"ListItem\",\"position\":4,\"name\":\"Family Hotel in Caorle\"}]},{\"@type\":\"WebSite\",\"@id\":\"https:\/\/www.italyfamilyhotels.it\/#website\",\"url\":\"https:\/\/www.italyfamilyhotels.it\/\",\"name\":\"Italy Family Hotels\",\"description\":\"\",\"potentialAction\":[{\"@type\":\"SearchAction\",\"target\":{\"@type\":\"EntryPoint\",\"urlTemplate\":\"https:\/\/www.italyfamilyhotels.it\/?s={search_term_string}\"},\"query-input\":{\"@type\":\"PropertyValueSpecification\",\"valueRequired\":true,\"valueName\":\"search_term_string\"}}],\"inLanguage\":\"de\"}]}<\/script>\n<!-- \/ Yoast SEO plugin. -->","yoast_head_json":{"title":"Family Hotels in Caorle: die besten Family Hotels in Caorle","description":"Lust auf einen Urlaub mit Kindern in Venetien? Wir haben die besten Family Hotels in Caorle f\u00fcr Sie ausgew\u00e4hlt!","robots":{"index":"index","follow":"follow","max-snippet":"max-snippet:-1","max-image-preview":"max-image-preview:large","max-video-preview":"max-video-preview:-1"},"canonical":"https:\/\/www.italyfamilyhotels.it\/de\/destinationen\/venetien\/family-hotel-in-caorle","og_locale":"de_DE","og_type":"article","og_title":"Family Hotels in Caorle: die besten Family Hotels in Caorle","og_description":"Lust auf einen Urlaub mit Kindern in Venetien? Wir haben die besten Family Hotels in Caorle f\u00fcr Sie ausgew\u00e4hlt!","og_url":"https:\/\/www.italyfamilyhotels.it\/de\/destinationen\/venetien\/family-hotel-in-caorle","og_site_name":"Italy Family Hotels","article_publisher":"https:\/\/www.facebook.com\/ItalyFamilyHotels\/","article_modified_time":"2026-04-01T13:39:42+00:00","twitter_card":"summary_large_image","twitter_misc":{"Gesch\u00e4tzte Lesezeit":"1\u00a0Minute"},"schema":{"@context":"https:\/\/schema.org","@graph":[{"@type":"WebPage","@id":"https:\/\/www.italyfamilyhotels.it\/de\/destinationen\/venetien\/family-hotel-in-caorle","url":"https:\/\/www.italyfamilyhotels.it\/de\/destinationen\/venetien\/family-hotel-in-caorle","name":"Family Hotels in Caorle: die besten Family Hotels in Caorle","isPartOf":{"@id":"https:\/\/www.italyfamilyhotels.it\/#website"},"datePublished":"2026-04-01T13:39:39+00:00","dateModified":"2026-04-01T13:39:42+00:00","description":"Lust auf einen Urlaub mit Kindern in Venetien? Wir haben die besten Family Hotels in Caorle f\u00fcr Sie ausgew\u00e4hlt!","breadcrumb":{"@id":"https:\/\/www.italyfamilyhotels.it\/de\/destinationen\/venetien\/family-hotel-in-caorle#breadcrumb"},"inLanguage":"de","potentialAction":[{"@type":"ReadAction","target":["https:\/\/www.italyfamilyhotels.it\/de\/destinationen\/venetien\/family-hotel-in-caorle"]}]},{"@type":"BreadcrumbList","@id":"https:\/\/www.italyfamilyhotels.it\/de\/destinationen\/venetien\/family-hotel-in-caorle#breadcrumb","itemListElement":[{"@type":"ListItem","position":1,"name":"Home","item":"https:\/\/www.italyfamilyhotels.it\/de"},{"@type":"ListItem","position":2,"name":"Destinationen","item":"https:\/\/www.italyfamilyhotels.it\/de\/destinationen"},{"@type":"ListItem","position":3,"name":"Venetien","item":"https:\/\/www.italyfamilyhotels.it\/de\/destinationen\/venetien"},{"@type":"ListItem","position":4,"name":"Family Hotel in Caorle"}]},{"@type":"WebSite","@id":"https:\/\/www.italyfamilyhotels.it\/#website","url":"https:\/\/www.italyfamilyhotels.it\/","name":"Italy Family Hotels","description":"","potentialAction":[{"@type":"SearchAction","target":{"@type":"EntryPoint","urlTemplate":"https:\/\/www.italyfamilyhotels.it\/?s={search_term_string}"},"query-input":{"@type":"PropertyValueSpecification","valueRequired":true,"valueName":"search_term_string"}}],"inLanguage":"de"}]}},"_links":{"self":[{"href":"https:\/\/www.italyfamilyhotels.it\/de\/wp-json\/wp\/v2\/pages\/76646","targetHints":{"allow":["GET"]}}],"collection":[{"href":"https:\/\/www.italyfamilyhotels.it\/de\/wp-json\/wp\/v2\/pages"}],"about":[{"href":"https:\/\/www.italyfamilyhotels.it\/de\/wp-json\/wp\/v2\/types\/page"}],"author":[{"embeddable":true,"href":"https:\/\/www.italyfamilyhotels.it\/de\/wp-json\/wp\/v2\/users\/167"}],"replies":[{"embeddable":true,"href":"https:\/\/www.italyfamilyhotels.it\/de\/wp-json\/wp\/v2\/comments?post=76646"}],"version-history":[{"count":1,"href":"https:\/\/www.italyfamilyhotels.it\/de\/wp-json\/wp\/v2\/pages\/76646\/revisions"}],"predecessor-version":[{"id":76647,"href":"https:\/\/www.italyfamilyhotels.it\/de\/wp-json\/wp\/v2\/pages\/76646\/revisions\/76647"}],"up":[{"embeddable":true,"href":"https:\/\/www.italyfamilyhotels.it\/de\/wp-json\/wp\/v2\/pages\/1443"}],"wp:attachment":[{"href":"https:\/\/www.italyfamilyhotels.it\/de\/wp-json\/wp\/v2\/media?parent=76646"}],"curies":[{"name":"wp","href":"https:\/\/api.w.org\/{rel}","templated":true}]}}