{"id":74909,"date":"2026-02-18T13:25:53","date_gmt":"2026-02-18T12:25:53","guid":{"rendered":"https:\/\/www.italyfamilyhotels.it\/family-hotels\/cavallino-bianco-caorle-venezia"},"modified":"2026-04-01T15:37:58","modified_gmt":"2026-04-01T13:37:58","slug":"cavallino-bianco-caorle-venezia","status":"publish","type":"page","link":"https:\/\/www.italyfamilyhotels.it\/de\/family-hotels\/cavallino-bianco-caorle-venezia","title":{"rendered":"Cavallino Bianco Caorle \u2013 Venezia"},"content":{"rendered":"\n<p>\u201eEin m\u00e4rchenhaftes Schloss am Meer\u201c, in dem jedes Detail Luxus und Staunen vereint: Willkommen im <b>Cavallino Bianco Caorle \u2013 Venezia<\/b>, wo der <b>Urlaub mit Kinder<\/b>n zu einem gemeinsamen, emotionalen Erlebnis wird.<\/p>\n\n\n\n<p>Die exklusive <b>All-in-Cavallino-Bianco-Formel<\/b>, die auf die <b>echten Bed\u00fcrfnisse von Familien<\/b> mit <b>Kindern und Jugendlichen von 0 bis 17 Jahren<\/b> abgestimmten R\u00e4ume, machen den Aufenthalt zu einem zeitlosen Luxus \u2013 mit Raum f\u00fcr das Wesentliche: gemeinsam gl\u00fccklich sein.<\/p>\n\n\n\n<p>Vom Resort aus gelangen Sie direkt zum privaten <b>Strand von 5 Hektar<\/b>, wo f\u00fcr Ihre Familie eine <b>Cabana<\/b> reserviert ist \u2013 eine private, stilvoll ausgestattete Oase mit <b>Liegen<\/b>, <b>Sesseln<\/b>, <b>Minik\u00fchlschrank<\/b> und <b>Safe<\/b>. Ein pers\u00f6nlicher R\u00fcckzugsort, um in v\u00f6lliger Privatsph\u00e4re zu entspannen, w\u00e4hrend Ihre Kinder in einem sicheren, gro\u00dfz\u00fcgigen Umfeld spielen.<\/p>\n\n\n\n<p>T\u00e4glich steht Ihnen der \u00fcber <b>4.000 m\u00b2 gro\u00dfe Wellnessbereich<\/b> zur Verf\u00fcgung, mit <b>beheizten<\/b> <b>Innen- und Au\u00dfenpools<\/b>, <b>Wasserspielen<\/b> f\u00fcr gr\u00f6\u00dfere Kinder sowie einem Pool mit <b>weichem Boden und flachem Wasser<\/b> f\u00fcr Babys. F\u00fcr das Wohlbefinden zu zweit im <b>Cavallino Bianco Caorle &#8211; Venezia<\/b> erwartet Eltern die exklusive <b>Lea\u2019s Beauty &amp; Spa<\/b> mit Saunen, Massagen, <b>Rooftop<\/b>-Bereich mit <b>Infinity Sky Pool<\/b> und Meerblick sowie <b>Lounge Bar<\/b>.<\/p>\n\n\n\n<p>Das Herzst\u00fcck des Urlaubs ist jedoch <b>Lino Land<\/b> \u2013 eine ganze <b>Welt<\/b> <b>f\u00fcr Kinder und Jugendliche von 0 bis 17 Jahren<\/b>, mit nach Altersgruppen gegliederten Bereichen, qualifizierten <b>P\u00e4dagogen<\/b> und einem t\u00e4glichen <b>Programm<\/b> aus kreativen, spielerischen und sportlichen Aktivit\u00e4ten. Von den Kleinsten bis zu den Jugendlichen findet jede Altersgruppe perfekt abgestimmte R\u00e4ume und Angebote: Baby, Kids, Junior, Preteen, Teen.<\/p>\n\n\n\n<p>Im <b>Cavallino Bianco Caorle \u2013 Venezia<\/b> entsteht Magie durch gemeinsame Erlebnisse \u2013 in der Familie, mit den Betreuern und zusammen mit anderen Kindern.<\/p>\n","protected":false},"excerpt":{"rendered":"<p>\u201eEin m\u00e4rchenhaftes Schloss am Meer\u201c, in dem jedes Detail Luxus und Staunen vereint: Willkommen im Cavallino Bianco Caorle \u2013 Venezia, wo der Urlaub mit Kindern zu einem gemeinsamen, emotionalen Erlebnis wird. Die exklusive All-in-Cavallino-Bianco-Formel, die auf die echten Bed\u00fcrfnisse von Familien mit Kindern und Jugendlichen von 0 bis 17 Jahren abgestimmten R\u00e4ume, machen den Aufenthalt &hellip;<\/p>\n","protected":false},"author":1,"featured_media":0,"parent":94,"menu_order":0,"comment_status":"closed","ping_status":"closed","template":"page-templates\/scheda_hotel.php","meta":{"_acf_changed":false,"inline_featured_image":false,"footnotes":""},"class_list":["post-74909","page","type-page","status-publish","hentry"],"acf":[],"yoast_head":"<!-- This site is optimized with the Yoast SEO plugin v27.1 - https:\/\/yoast.com\/product\/yoast-seo-wordpress\/ -->\n<title>Cavallino Bianco Caorle \u2013 Venezia - Italy Family Hotels<\/title>\n<meta name=\"robots\" content=\"index, follow, max-snippet:-1, max-image-preview:large, max-video-preview:-1\" \/>\n<link rel=\"canonical\" href=\"https:\/\/www.italyfamilyhotels.it\/de\/family-hotels\/cavallino-bianco-caorle-venezia\" \/>\n<meta property=\"og:locale\" content=\"de_DE\" \/>\n<meta property=\"og:type\" content=\"article\" \/>\n<meta property=\"og:title\" content=\"Cavallino Bianco Caorle \u2013 Venezia - Italy Family Hotels\" \/>\n<meta property=\"og:description\" content=\"\u201eEin m\u00e4rchenhaftes Schloss am Meer\u201c, in dem jedes Detail Luxus und Staunen vereint: Willkommen im Cavallino Bianco Caorle \u2013 Venezia, wo der Urlaub mit Kindern zu einem gemeinsamen, emotionalen Erlebnis wird. Die exklusive All-in-Cavallino-Bianco-Formel, die auf die echten Bed\u00fcrfnisse von Familien mit Kindern und Jugendlichen von 0 bis 17 Jahren abgestimmten R\u00e4ume, machen den Aufenthalt &hellip;\" \/>\n<meta property=\"og:url\" content=\"https:\/\/www.italyfamilyhotels.it\/de\/family-hotels\/cavallino-bianco-caorle-venezia\" \/>\n<meta property=\"og:site_name\" content=\"Italy Family Hotels\" \/>\n<meta property=\"article:publisher\" content=\"https:\/\/www.facebook.com\/ItalyFamilyHotels\/\" \/>\n<meta property=\"article:modified_time\" content=\"2026-04-01T13:37:58+00:00\" \/>\n<meta name=\"twitter:card\" content=\"summary_large_image\" \/>\n<meta name=\"twitter:label1\" content=\"Gesch\u00e4tzte Lesezeit\" \/>\n\t<meta name=\"twitter:data1\" content=\"1\u00a0Minute\" \/>\n<script type=\"application\/ld+json\" class=\"yoast-schema-graph\">{\"@context\":\"https:\/\/schema.org\",\"@graph\":[{\"@type\":\"WebPage\",\"@id\":\"https:\/\/www.italyfamilyhotels.it\/de\/family-hotels\/cavallino-bianco-caorle-venezia\",\"url\":\"https:\/\/www.italyfamilyhotels.it\/de\/family-hotels\/cavallino-bianco-caorle-venezia\",\"name\":\"Cavallino Bianco Caorle \u2013 Venezia - Italy Family Hotels\",\"isPartOf\":{\"@id\":\"https:\/\/www.italyfamilyhotels.it\/#website\"},\"datePublished\":\"2026-02-18T12:25:53+00:00\",\"dateModified\":\"2026-04-01T13:37:58+00:00\",\"breadcrumb\":{\"@id\":\"https:\/\/www.italyfamilyhotels.it\/de\/family-hotels\/cavallino-bianco-caorle-venezia#breadcrumb\"},\"inLanguage\":\"de\",\"potentialAction\":[{\"@type\":\"ReadAction\",\"target\":[\"https:\/\/www.italyfamilyhotels.it\/de\/family-hotels\/cavallino-bianco-caorle-venezia\"]}]},{\"@type\":\"BreadcrumbList\",\"@id\":\"https:\/\/www.italyfamilyhotels.it\/de\/family-hotels\/cavallino-bianco-caorle-venezia#breadcrumb\",\"itemListElement\":[{\"@type\":\"ListItem\",\"position\":1,\"name\":\"Home\",\"item\":\"https:\/\/www.italyfamilyhotels.it\/de\"},{\"@type\":\"ListItem\",\"position\":2,\"name\":\"Family Hotels\",\"item\":\"https:\/\/www.italyfamilyhotels.it\/de\/family-hotels\"},{\"@type\":\"ListItem\",\"position\":3,\"name\":\"Cavallino Bianco Caorle \u2013 Venezia\"}]},{\"@type\":\"WebSite\",\"@id\":\"https:\/\/www.italyfamilyhotels.it\/#website\",\"url\":\"https:\/\/www.italyfamilyhotels.it\/\",\"name\":\"Italy Family Hotels\",\"description\":\"\",\"potentialAction\":[{\"@type\":\"SearchAction\",\"target\":{\"@type\":\"EntryPoint\",\"urlTemplate\":\"https:\/\/www.italyfamilyhotels.it\/?s={search_term_string}\"},\"query-input\":{\"@type\":\"PropertyValueSpecification\",\"valueRequired\":true,\"valueName\":\"search_term_string\"}}],\"inLanguage\":\"de\"}]}<\/script>\n<!-- \/ Yoast SEO plugin. -->","yoast_head_json":{"title":"Cavallino Bianco Caorle \u2013 Venezia - Italy Family Hotels","robots":{"index":"index","follow":"follow","max-snippet":"max-snippet:-1","max-image-preview":"max-image-preview:large","max-video-preview":"max-video-preview:-1"},"canonical":"https:\/\/www.italyfamilyhotels.it\/de\/family-hotels\/cavallino-bianco-caorle-venezia","og_locale":"de_DE","og_type":"article","og_title":"Cavallino Bianco Caorle \u2013 Venezia - Italy Family Hotels","og_description":"\u201eEin m\u00e4rchenhaftes Schloss am Meer\u201c, in dem jedes Detail Luxus und Staunen vereint: Willkommen im Cavallino Bianco Caorle \u2013 Venezia, wo der Urlaub mit Kindern zu einem gemeinsamen, emotionalen Erlebnis wird. Die exklusive All-in-Cavallino-Bianco-Formel, die auf die echten Bed\u00fcrfnisse von Familien mit Kindern und Jugendlichen von 0 bis 17 Jahren abgestimmten R\u00e4ume, machen den Aufenthalt &hellip;","og_url":"https:\/\/www.italyfamilyhotels.it\/de\/family-hotels\/cavallino-bianco-caorle-venezia","og_site_name":"Italy Family Hotels","article_publisher":"https:\/\/www.facebook.com\/ItalyFamilyHotels\/","article_modified_time":"2026-04-01T13:37:58+00:00","twitter_card":"summary_large_image","twitter_misc":{"Gesch\u00e4tzte Lesezeit":"1\u00a0Minute"},"schema":{"@context":"https:\/\/schema.org","@graph":[{"@type":"WebPage","@id":"https:\/\/www.italyfamilyhotels.it\/de\/family-hotels\/cavallino-bianco-caorle-venezia","url":"https:\/\/www.italyfamilyhotels.it\/de\/family-hotels\/cavallino-bianco-caorle-venezia","name":"Cavallino Bianco Caorle \u2013 Venezia - Italy Family Hotels","isPartOf":{"@id":"https:\/\/www.italyfamilyhotels.it\/#website"},"datePublished":"2026-02-18T12:25:53+00:00","dateModified":"2026-04-01T13:37:58+00:00","breadcrumb":{"@id":"https:\/\/www.italyfamilyhotels.it\/de\/family-hotels\/cavallino-bianco-caorle-venezia#breadcrumb"},"inLanguage":"de","potentialAction":[{"@type":"ReadAction","target":["https:\/\/www.italyfamilyhotels.it\/de\/family-hotels\/cavallino-bianco-caorle-venezia"]}]},{"@type":"BreadcrumbList","@id":"https:\/\/www.italyfamilyhotels.it\/de\/family-hotels\/cavallino-bianco-caorle-venezia#breadcrumb","itemListElement":[{"@type":"ListItem","position":1,"name":"Home","item":"https:\/\/www.italyfamilyhotels.it\/de"},{"@type":"ListItem","position":2,"name":"Family Hotels","item":"https:\/\/www.italyfamilyhotels.it\/de\/family-hotels"},{"@type":"ListItem","position":3,"name":"Cavallino Bianco Caorle \u2013 Venezia"}]},{"@type":"WebSite","@id":"https:\/\/www.italyfamilyhotels.it\/#website","url":"https:\/\/www.italyfamilyhotels.it\/","name":"Italy Family Hotels","description":"","potentialAction":[{"@type":"SearchAction","target":{"@type":"EntryPoint","urlTemplate":"https:\/\/www.italyfamilyhotels.it\/?s={search_term_string}"},"query-input":{"@type":"PropertyValueSpecification","valueRequired":true,"valueName":"search_term_string"}}],"inLanguage":"de"}]}},"_links":{"self":[{"href":"https:\/\/www.italyfamilyhotels.it\/de\/wp-json\/wp\/v2\/pages\/74909","targetHints":{"allow":["GET"]}}],"collection":[{"href":"https:\/\/www.italyfamilyhotels.it\/de\/wp-json\/wp\/v2\/pages"}],"about":[{"href":"https:\/\/www.italyfamilyhotels.it\/de\/wp-json\/wp\/v2\/types\/page"}],"author":[{"embeddable":true,"href":"https:\/\/www.italyfamilyhotels.it\/de\/wp-json\/wp\/v2\/users\/1"}],"replies":[{"embeddable":true,"href":"https:\/\/www.italyfamilyhotels.it\/de\/wp-json\/wp\/v2\/comments?post=74909"}],"version-history":[{"count":3,"href":"https:\/\/www.italyfamilyhotels.it\/de\/wp-json\/wp\/v2\/pages\/74909\/revisions"}],"predecessor-version":[{"id":76634,"href":"https:\/\/www.italyfamilyhotels.it\/de\/wp-json\/wp\/v2\/pages\/74909\/revisions\/76634"}],"up":[{"embeddable":true,"href":"https:\/\/www.italyfamilyhotels.it\/de\/wp-json\/wp\/v2\/pages\/94"}],"wp:attachment":[{"href":"https:\/\/www.italyfamilyhotels.it\/de\/wp-json\/wp\/v2\/media?parent=74909"}],"curies":[{"name":"wp","href":"https:\/\/api.w.org\/{rel}","templated":true}]}}