{"id":74846,"date":"2026-02-17T10:52:53","date_gmt":"2026-02-17T09:52:53","guid":{"rendered":"https:\/\/www.italyfamilyhotels.it\/family-hotels\/cascina-il-faggio"},"modified":"2026-04-01T15:37:56","modified_gmt":"2026-04-01T13:37:56","slug":"cascina-il-faggio","status":"publish","type":"page","link":"https:\/\/www.italyfamilyhotels.it\/de\/family-hotels\/cascina-il-faggio","title":{"rendered":"Cascina il Faggio"},"content":{"rendered":"\n<p><b>Cascina il Faggio<\/b> ist ein <b>Country House<\/b> <b>f\u00fcr Familien<\/b>, das wir in <b>Valdilana<\/b> im <b>Herzen der Oasi Zegna<\/b> geschaffen haben \u2013 in H\u00fcgellage mit <b>Panoramablick<\/b> auf die piemontesische Natur. Es handelt sich um eine Anlage mit nur <b>10 Zimmern<\/b>, entstanden aus einem aktiven landwirtschaftlichen Betrieb, der bis heute ihre authentische Seele pr\u00e4gt. Hier ist die <b>Natur<\/b> <b>eine verl\u00e4ssliche Begleiterin<\/b>, die Ihre Kinder durch den ganzen Tag f\u00fchrt!<\/p>\n\n\n\n<p><b>Kinder<\/b> k\u00f6nnen an <b>Aktivit\u00e4ten rund um den landwirtschaftlichen Anbau<\/b> teilnehmen, die <b>Gew\u00e4chsh\u00e4user<\/b> besuchen, die Jahreszeiten beobachten und an kreativen <b>Workshops<\/b> teilnehmen, die vom <b>Landleben<\/b> inspiriert sind. Diese Aktivit\u00e4ten organisieren wir \u00fcberwiegend am <b>Nachmittag<\/b>, an <b>6 Tagen pro Woche<\/b>, damit Ihre Familie auch ausreichend Zeit f\u00fcr gemeinsame Spazierg\u00e4nge, Entdeckungen und entspannte Momente hat. Der <b>beheizte Au\u00dfenpool<\/b> mit <b>Whirlpool<\/b> ist besonders beliebt: Er bietet einen <b>herrlichen Blick<\/b> ins Tal und ist von <b>Liegen<\/b>, <b>Sonnenschirmen<\/b> und schattigen Bereichen umgeben.<\/p>\n\n\n\n<p>Cascina il Faggio ist ein idealer Ort f\u00fcr einen <b>Familienurlaub im Piemont mit Kindern jeden Alters<\/b>: Die R\u00e4ume sind \u00fcbersichtlich und gut organisiert, der <b>Garten<\/b> ist gro\u00dfz\u00fcgig, aber nicht un\u00fcbersichtlich, der Pool leicht einsehbar und die <b>Spielbereiche innen<\/b> wie au\u00dfen sicher gestaltet.<\/p>\n\n\n\n<p>F\u00fcr Eltern steht ein intimer und <b>gem\u00fctlicher Spa-Bereich<\/b> zur Verf\u00fcgung, der auch privat gebucht werden kann: <b>Innenbecken<\/b> (32 \u00b0C) mit Hydromassage und Nackendusche, <b>Sauna<\/b>, <b>Dampfbad<\/b>, <b>Salzraum<\/b> und ein nach Lavendel duftendes <b>Tepidarium<\/b>. So k\u00f6nnen Sie sich ruhige Momente g\u00f6nnen, w\u00e4hrend Ihre Kinder an Aktivit\u00e4ten teilnehmen oder drau\u00dfen spielen.<\/p>\n\n\n\n<p>Ein Aufenthalt in der Cascina il Faggio bedeutet, Erlebnisse auf dem Bauernhof, Familienzeit und kleine Ausfl\u00fcge in die Umgebung zu verbinden \u2013 etwa auf den einfachen <b>Wanderwegen der Oasi Zegna<\/b> oder bei einem Besuch im <b>Abenteuerpark Veglio<\/b> oder <b>Bosco Avventura<\/b>. Kurz gesagt: ein Urlaub, der Natur, Einfachheit und gemeinsame Zeit vereint \u2013 mit dem Gef\u00fchl, genau am richtigen Ort zu sein, gemeinsam mit Ihrer Familie!<\/p>\n","protected":false},"excerpt":{"rendered":"<p>Cascina il Faggio ist ein Country House f\u00fcr Familien, das wir in Valdilana im Herzen der Oasi Zegna geschaffen haben \u2013 in H\u00fcgellage mit Panoramablick auf die piemontesische Natur. Es handelt sich um eine Anlage mit nur 10 Zimmern, entstanden aus einem aktiven landwirtschaftlichen Betrieb, der bis heute ihre authentische Seele pr\u00e4gt. Hier ist die &hellip;<\/p>\n","protected":false},"author":1,"featured_media":0,"parent":94,"menu_order":0,"comment_status":"closed","ping_status":"closed","template":"page-templates\/scheda_hotel.php","meta":{"_acf_changed":false,"inline_featured_image":false,"footnotes":""},"class_list":["post-74846","page","type-page","status-publish","hentry"],"acf":[],"yoast_head":"<!-- This site is optimized with the Yoast SEO plugin v27.1 - https:\/\/yoast.com\/product\/yoast-seo-wordpress\/ -->\n<title>Cascina il Faggio - Italy Family Hotels<\/title>\n<meta name=\"robots\" content=\"index, follow, max-snippet:-1, max-image-preview:large, max-video-preview:-1\" \/>\n<link rel=\"canonical\" href=\"https:\/\/www.italyfamilyhotels.it\/de\/family-hotels\/cascina-il-faggio\" \/>\n<meta property=\"og:locale\" content=\"de_DE\" \/>\n<meta property=\"og:type\" content=\"article\" \/>\n<meta property=\"og:title\" content=\"Cascina il Faggio - Italy Family Hotels\" \/>\n<meta property=\"og:description\" content=\"Cascina il Faggio ist ein Country House f\u00fcr Familien, das wir in Valdilana im Herzen der Oasi Zegna geschaffen haben \u2013 in H\u00fcgellage mit Panoramablick auf die piemontesische Natur. Es handelt sich um eine Anlage mit nur 10 Zimmern, entstanden aus einem aktiven landwirtschaftlichen Betrieb, der bis heute ihre authentische Seele pr\u00e4gt. Hier ist die &hellip;\" \/>\n<meta property=\"og:url\" content=\"https:\/\/www.italyfamilyhotels.it\/de\/family-hotels\/cascina-il-faggio\" \/>\n<meta property=\"og:site_name\" content=\"Italy Family Hotels\" \/>\n<meta property=\"article:publisher\" content=\"https:\/\/www.facebook.com\/ItalyFamilyHotels\/\" \/>\n<meta property=\"article:modified_time\" content=\"2026-04-01T13:37:56+00:00\" \/>\n<meta name=\"twitter:card\" content=\"summary_large_image\" \/>\n<meta name=\"twitter:label1\" content=\"Gesch\u00e4tzte Lesezeit\" \/>\n\t<meta name=\"twitter:data1\" content=\"2\u00a0Minuten\" \/>\n<script type=\"application\/ld+json\" class=\"yoast-schema-graph\">{\"@context\":\"https:\/\/schema.org\",\"@graph\":[{\"@type\":\"WebPage\",\"@id\":\"https:\/\/www.italyfamilyhotels.it\/de\/family-hotels\/cascina-il-faggio\",\"url\":\"https:\/\/www.italyfamilyhotels.it\/de\/family-hotels\/cascina-il-faggio\",\"name\":\"Cascina il Faggio - Italy Family Hotels\",\"isPartOf\":{\"@id\":\"https:\/\/www.italyfamilyhotels.it\/#website\"},\"datePublished\":\"2026-02-17T09:52:53+00:00\",\"dateModified\":\"2026-04-01T13:37:56+00:00\",\"breadcrumb\":{\"@id\":\"https:\/\/www.italyfamilyhotels.it\/de\/family-hotels\/cascina-il-faggio#breadcrumb\"},\"inLanguage\":\"de\",\"potentialAction\":[{\"@type\":\"ReadAction\",\"target\":[\"https:\/\/www.italyfamilyhotels.it\/de\/family-hotels\/cascina-il-faggio\"]}]},{\"@type\":\"BreadcrumbList\",\"@id\":\"https:\/\/www.italyfamilyhotels.it\/de\/family-hotels\/cascina-il-faggio#breadcrumb\",\"itemListElement\":[{\"@type\":\"ListItem\",\"position\":1,\"name\":\"Home\",\"item\":\"https:\/\/www.italyfamilyhotels.it\/de\"},{\"@type\":\"ListItem\",\"position\":2,\"name\":\"Family Hotels\",\"item\":\"https:\/\/www.italyfamilyhotels.it\/de\/family-hotels\"},{\"@type\":\"ListItem\",\"position\":3,\"name\":\"Cascina il Faggio\"}]},{\"@type\":\"WebSite\",\"@id\":\"https:\/\/www.italyfamilyhotels.it\/#website\",\"url\":\"https:\/\/www.italyfamilyhotels.it\/\",\"name\":\"Italy Family Hotels\",\"description\":\"\",\"potentialAction\":[{\"@type\":\"SearchAction\",\"target\":{\"@type\":\"EntryPoint\",\"urlTemplate\":\"https:\/\/www.italyfamilyhotels.it\/?s={search_term_string}\"},\"query-input\":{\"@type\":\"PropertyValueSpecification\",\"valueRequired\":true,\"valueName\":\"search_term_string\"}}],\"inLanguage\":\"de\"}]}<\/script>\n<!-- \/ Yoast SEO plugin. -->","yoast_head_json":{"title":"Cascina il Faggio - Italy Family Hotels","robots":{"index":"index","follow":"follow","max-snippet":"max-snippet:-1","max-image-preview":"max-image-preview:large","max-video-preview":"max-video-preview:-1"},"canonical":"https:\/\/www.italyfamilyhotels.it\/de\/family-hotels\/cascina-il-faggio","og_locale":"de_DE","og_type":"article","og_title":"Cascina il Faggio - Italy Family Hotels","og_description":"Cascina il Faggio ist ein Country House f\u00fcr Familien, das wir in Valdilana im Herzen der Oasi Zegna geschaffen haben \u2013 in H\u00fcgellage mit Panoramablick auf die piemontesische Natur. Es handelt sich um eine Anlage mit nur 10 Zimmern, entstanden aus einem aktiven landwirtschaftlichen Betrieb, der bis heute ihre authentische Seele pr\u00e4gt. Hier ist die &hellip;","og_url":"https:\/\/www.italyfamilyhotels.it\/de\/family-hotels\/cascina-il-faggio","og_site_name":"Italy Family Hotels","article_publisher":"https:\/\/www.facebook.com\/ItalyFamilyHotels\/","article_modified_time":"2026-04-01T13:37:56+00:00","twitter_card":"summary_large_image","twitter_misc":{"Gesch\u00e4tzte Lesezeit":"2\u00a0Minuten"},"schema":{"@context":"https:\/\/schema.org","@graph":[{"@type":"WebPage","@id":"https:\/\/www.italyfamilyhotels.it\/de\/family-hotels\/cascina-il-faggio","url":"https:\/\/www.italyfamilyhotels.it\/de\/family-hotels\/cascina-il-faggio","name":"Cascina il Faggio - Italy Family Hotels","isPartOf":{"@id":"https:\/\/www.italyfamilyhotels.it\/#website"},"datePublished":"2026-02-17T09:52:53+00:00","dateModified":"2026-04-01T13:37:56+00:00","breadcrumb":{"@id":"https:\/\/www.italyfamilyhotels.it\/de\/family-hotels\/cascina-il-faggio#breadcrumb"},"inLanguage":"de","potentialAction":[{"@type":"ReadAction","target":["https:\/\/www.italyfamilyhotels.it\/de\/family-hotels\/cascina-il-faggio"]}]},{"@type":"BreadcrumbList","@id":"https:\/\/www.italyfamilyhotels.it\/de\/family-hotels\/cascina-il-faggio#breadcrumb","itemListElement":[{"@type":"ListItem","position":1,"name":"Home","item":"https:\/\/www.italyfamilyhotels.it\/de"},{"@type":"ListItem","position":2,"name":"Family Hotels","item":"https:\/\/www.italyfamilyhotels.it\/de\/family-hotels"},{"@type":"ListItem","position":3,"name":"Cascina il Faggio"}]},{"@type":"WebSite","@id":"https:\/\/www.italyfamilyhotels.it\/#website","url":"https:\/\/www.italyfamilyhotels.it\/","name":"Italy Family Hotels","description":"","potentialAction":[{"@type":"SearchAction","target":{"@type":"EntryPoint","urlTemplate":"https:\/\/www.italyfamilyhotels.it\/?s={search_term_string}"},"query-input":{"@type":"PropertyValueSpecification","valueRequired":true,"valueName":"search_term_string"}}],"inLanguage":"de"}]}},"_links":{"self":[{"href":"https:\/\/www.italyfamilyhotels.it\/de\/wp-json\/wp\/v2\/pages\/74846","targetHints":{"allow":["GET"]}}],"collection":[{"href":"https:\/\/www.italyfamilyhotels.it\/de\/wp-json\/wp\/v2\/pages"}],"about":[{"href":"https:\/\/www.italyfamilyhotels.it\/de\/wp-json\/wp\/v2\/types\/page"}],"author":[{"embeddable":true,"href":"https:\/\/www.italyfamilyhotels.it\/de\/wp-json\/wp\/v2\/users\/1"}],"replies":[{"embeddable":true,"href":"https:\/\/www.italyfamilyhotels.it\/de\/wp-json\/wp\/v2\/comments?post=74846"}],"version-history":[{"count":2,"href":"https:\/\/www.italyfamilyhotels.it\/de\/wp-json\/wp\/v2\/pages\/74846\/revisions"}],"predecessor-version":[{"id":76632,"href":"https:\/\/www.italyfamilyhotels.it\/de\/wp-json\/wp\/v2\/pages\/74846\/revisions\/76632"}],"up":[{"embeddable":true,"href":"https:\/\/www.italyfamilyhotels.it\/de\/wp-json\/wp\/v2\/pages\/94"}],"wp:attachment":[{"href":"https:\/\/www.italyfamilyhotels.it\/de\/wp-json\/wp\/v2\/media?parent=74846"}],"curies":[{"name":"wp","href":"https:\/\/api.w.org\/{rel}","templated":true}]}}