{"id":74374,"date":"2026-02-04T12:44:29","date_gmt":"2026-02-04T11:44:29","guid":{"rendered":"https:\/\/www.italyfamilyhotels.it\/family-hotels\/color-dolmen-family-village"},"modified":"2026-04-01T15:37:55","modified_gmt":"2026-04-01T13:37:55","slug":"color-dolmen-family-village","status":"publish","type":"page","link":"https:\/\/www.italyfamilyhotels.it\/de\/family-hotels\/color-dolmen-family-village","title":{"rendered":"Color Dolmen Family Village"},"content":{"rendered":"\n<p>In <b>Minervino di Lecce<\/b> im Salento ist das <b>Color Dolmen Family Village<\/b> ein echter <b>Familienressort<\/b>, der das Herz der Romagna mit der Seele des Salento verbindet! Hier ist das <b>Urlaubskonzept zu 100 % All Inclusive<\/b> und umfasst: die <b>Color Food Immersion<\/b>, einschlie\u00dflich Snack-Food-Corner und Eiswagen, <b>Aperitifs<\/b> vor dem Mittag- und Abendessen, <b>Free Drinks<\/b> von 10:00 bis 24:00 Uhr, <b>Cocktail Time<\/b> von 20:00 bis 24:00 Uhr sowie das umfangreiche <b>Unterhaltungsprogramm Color<\/b> 7\/7, den <b>Strandservice<\/b> an unserem Partnerstrand, den w\u00f6chentlichen <b>Bootsausflug<\/b> \u2013 und alle weiteren Serviceleistungen des Feriendorfs!<\/p>\n\n\n\n<p>Das Herzst\u00fcck des Color Dolmen Family Village ist der <b>Poolbereich<\/b> mit ausgestatteter <b>Sonnenterrasse<\/b>: mit dem Hauptpool und dem <b>Acquasplash<\/b>-Bereich mit Wasserspielen, Font\u00e4nen, Rutschen und flachem Wasser \u2013 ideal auch f\u00fcr kleine Kinder. Bei uns sind die R\u00e4ume gro\u00dfz\u00fcgig und darauf ausgelegt, Spa\u00df in v\u00f6lliger Sicherheit zu erm\u00f6glichen. Die Spielbereiche des Color geh\u00f6ren zu den Highlights: <b>H\u00fcpfburgenbereich<\/b>, Strecke f\u00fcr <b>Elektroautos<\/b> und ein gro\u00dfer <b>Indoor-Spielraum<\/b>.<\/p>\n\n\n\n<p>Das <b>Animationsteam<\/b> organisiert an <b>7 Tagen pro Woche<\/b> Aktivit\u00e4ten <b>von morgens bis abends<\/b> \u2013 mit dem legend\u00e4ren <b>Color-Unterhaltungsprogramm<\/b>, aufgeteilt nach Altersgruppen: <b>Baby Cocoland mit sensorischen Spielen<\/b> f\u00fcr Kinder von 0 bis 4 Jahren, <b>Mini Cocoland<\/b> f\u00fcr Kinder von 4 bis 10 Jahren, <b>Junior Cocoland<\/b> f\u00fcr 11- bis 14-J\u00e4hrige sowie der <b>Teen Clu<\/b>b f\u00fcr die \u00e4lteren Jugendlichen. Auch f\u00fcr Sportbegeisterte kommt der Spa\u00df nicht zu kurz: Es stehen zahlreiche Sportpl\u00e4tze zur Verf\u00fcgung \u2013 darunter <b>Padel<\/b>, <b>Tennis<\/b> auf Kunstrasen, <b>Minibasketball<\/b>, <b>Beachvolleyball<\/b>, <b>Boccia<\/b>, <b>Kleinfeldfu\u00dfball<\/b> sowie ein Bereich f\u00fcr <b>Bogenschie\u00dfen<\/b>. Ideal f\u00fcr spannende Herausforderungen mit der Familie oder neuen Urlaubsfreunden!<\/p>\n\n\n\n<p>Im Color Dolmen Family Village \u00fcbernachten <b>zwei Kinder bzw. Jugendliche bis 18 Jahre<\/b> im Zimmer der Eltern immer <b>kostenlos<\/b>!<\/p>\n","protected":false},"excerpt":{"rendered":"<p>In Minervino di Lecce im Salento ist das Color Dolmen Family Village ein echter Familienressort, der das Herz der Romagna mit der Seele des Salento verbindet! Hier ist das Urlaubskonzept zu 100 % All Inclusive und umfasst: die Color Food Immersion, einschlie\u00dflich Snack-Food-Corner und Eiswagen, Aperitifs vor dem Mittag- und Abendessen, Free Drinks von 10:00 &hellip;<\/p>\n","protected":false},"author":1,"featured_media":0,"parent":94,"menu_order":0,"comment_status":"closed","ping_status":"closed","template":"page-templates\/scheda_hotel.php","meta":{"_acf_changed":false,"inline_featured_image":false,"footnotes":""},"class_list":["post-74374","page","type-page","status-publish","hentry"],"acf":[],"yoast_head":"<!-- This site is optimized with the Yoast SEO plugin v27.1 - https:\/\/yoast.com\/product\/yoast-seo-wordpress\/ -->\n<title>Color Dolmen Family Village - Italy Family Hotels<\/title>\n<meta name=\"robots\" content=\"index, follow, max-snippet:-1, max-image-preview:large, max-video-preview:-1\" \/>\n<link rel=\"canonical\" href=\"https:\/\/www.italyfamilyhotels.it\/de\/family-hotels\/color-dolmen-family-village\" \/>\n<meta property=\"og:locale\" content=\"de_DE\" \/>\n<meta property=\"og:type\" content=\"article\" \/>\n<meta property=\"og:title\" content=\"Color Dolmen Family Village - Italy Family Hotels\" \/>\n<meta property=\"og:description\" content=\"In Minervino di Lecce im Salento ist das Color Dolmen Family Village ein echter Familienressort, der das Herz der Romagna mit der Seele des Salento verbindet! Hier ist das Urlaubskonzept zu 100 % All Inclusive und umfasst: die Color Food Immersion, einschlie\u00dflich Snack-Food-Corner und Eiswagen, Aperitifs vor dem Mittag- und Abendessen, Free Drinks von 10:00 &hellip;\" \/>\n<meta property=\"og:url\" content=\"https:\/\/www.italyfamilyhotels.it\/de\/family-hotels\/color-dolmen-family-village\" \/>\n<meta property=\"og:site_name\" content=\"Italy Family Hotels\" \/>\n<meta property=\"article:publisher\" content=\"https:\/\/www.facebook.com\/ItalyFamilyHotels\/\" \/>\n<meta property=\"article:modified_time\" content=\"2026-04-01T13:37:55+00:00\" \/>\n<meta name=\"twitter:card\" content=\"summary_large_image\" \/>\n<meta name=\"twitter:label1\" content=\"Gesch\u00e4tzte Lesezeit\" \/>\n\t<meta name=\"twitter:data1\" content=\"1\u00a0Minute\" \/>\n<script type=\"application\/ld+json\" class=\"yoast-schema-graph\">{\"@context\":\"https:\/\/schema.org\",\"@graph\":[{\"@type\":\"WebPage\",\"@id\":\"https:\/\/www.italyfamilyhotels.it\/de\/family-hotels\/color-dolmen-family-village\",\"url\":\"https:\/\/www.italyfamilyhotels.it\/de\/family-hotels\/color-dolmen-family-village\",\"name\":\"Color Dolmen Family Village - Italy Family Hotels\",\"isPartOf\":{\"@id\":\"https:\/\/www.italyfamilyhotels.it\/#website\"},\"datePublished\":\"2026-02-04T11:44:29+00:00\",\"dateModified\":\"2026-04-01T13:37:55+00:00\",\"breadcrumb\":{\"@id\":\"https:\/\/www.italyfamilyhotels.it\/de\/family-hotels\/color-dolmen-family-village#breadcrumb\"},\"inLanguage\":\"de\",\"potentialAction\":[{\"@type\":\"ReadAction\",\"target\":[\"https:\/\/www.italyfamilyhotels.it\/de\/family-hotels\/color-dolmen-family-village\"]}]},{\"@type\":\"BreadcrumbList\",\"@id\":\"https:\/\/www.italyfamilyhotels.it\/de\/family-hotels\/color-dolmen-family-village#breadcrumb\",\"itemListElement\":[{\"@type\":\"ListItem\",\"position\":1,\"name\":\"Home\",\"item\":\"https:\/\/www.italyfamilyhotels.it\/de\"},{\"@type\":\"ListItem\",\"position\":2,\"name\":\"Family Hotels\",\"item\":\"https:\/\/www.italyfamilyhotels.it\/de\/family-hotels\"},{\"@type\":\"ListItem\",\"position\":3,\"name\":\"Color Dolmen Family Village\"}]},{\"@type\":\"WebSite\",\"@id\":\"https:\/\/www.italyfamilyhotels.it\/#website\",\"url\":\"https:\/\/www.italyfamilyhotels.it\/\",\"name\":\"Italy Family Hotels\",\"description\":\"\",\"potentialAction\":[{\"@type\":\"SearchAction\",\"target\":{\"@type\":\"EntryPoint\",\"urlTemplate\":\"https:\/\/www.italyfamilyhotels.it\/?s={search_term_string}\"},\"query-input\":{\"@type\":\"PropertyValueSpecification\",\"valueRequired\":true,\"valueName\":\"search_term_string\"}}],\"inLanguage\":\"de\"}]}<\/script>\n<!-- \/ Yoast SEO plugin. -->","yoast_head_json":{"title":"Color Dolmen Family Village - Italy Family Hotels","robots":{"index":"index","follow":"follow","max-snippet":"max-snippet:-1","max-image-preview":"max-image-preview:large","max-video-preview":"max-video-preview:-1"},"canonical":"https:\/\/www.italyfamilyhotels.it\/de\/family-hotels\/color-dolmen-family-village","og_locale":"de_DE","og_type":"article","og_title":"Color Dolmen Family Village - Italy Family Hotels","og_description":"In Minervino di Lecce im Salento ist das Color Dolmen Family Village ein echter Familienressort, der das Herz der Romagna mit der Seele des Salento verbindet! Hier ist das Urlaubskonzept zu 100 % All Inclusive und umfasst: die Color Food Immersion, einschlie\u00dflich Snack-Food-Corner und Eiswagen, Aperitifs vor dem Mittag- und Abendessen, Free Drinks von 10:00 &hellip;","og_url":"https:\/\/www.italyfamilyhotels.it\/de\/family-hotels\/color-dolmen-family-village","og_site_name":"Italy Family Hotels","article_publisher":"https:\/\/www.facebook.com\/ItalyFamilyHotels\/","article_modified_time":"2026-04-01T13:37:55+00:00","twitter_card":"summary_large_image","twitter_misc":{"Gesch\u00e4tzte Lesezeit":"1\u00a0Minute"},"schema":{"@context":"https:\/\/schema.org","@graph":[{"@type":"WebPage","@id":"https:\/\/www.italyfamilyhotels.it\/de\/family-hotels\/color-dolmen-family-village","url":"https:\/\/www.italyfamilyhotels.it\/de\/family-hotels\/color-dolmen-family-village","name":"Color Dolmen Family Village - Italy Family Hotels","isPartOf":{"@id":"https:\/\/www.italyfamilyhotels.it\/#website"},"datePublished":"2026-02-04T11:44:29+00:00","dateModified":"2026-04-01T13:37:55+00:00","breadcrumb":{"@id":"https:\/\/www.italyfamilyhotels.it\/de\/family-hotels\/color-dolmen-family-village#breadcrumb"},"inLanguage":"de","potentialAction":[{"@type":"ReadAction","target":["https:\/\/www.italyfamilyhotels.it\/de\/family-hotels\/color-dolmen-family-village"]}]},{"@type":"BreadcrumbList","@id":"https:\/\/www.italyfamilyhotels.it\/de\/family-hotels\/color-dolmen-family-village#breadcrumb","itemListElement":[{"@type":"ListItem","position":1,"name":"Home","item":"https:\/\/www.italyfamilyhotels.it\/de"},{"@type":"ListItem","position":2,"name":"Family Hotels","item":"https:\/\/www.italyfamilyhotels.it\/de\/family-hotels"},{"@type":"ListItem","position":3,"name":"Color Dolmen Family Village"}]},{"@type":"WebSite","@id":"https:\/\/www.italyfamilyhotels.it\/#website","url":"https:\/\/www.italyfamilyhotels.it\/","name":"Italy Family Hotels","description":"","potentialAction":[{"@type":"SearchAction","target":{"@type":"EntryPoint","urlTemplate":"https:\/\/www.italyfamilyhotels.it\/?s={search_term_string}"},"query-input":{"@type":"PropertyValueSpecification","valueRequired":true,"valueName":"search_term_string"}}],"inLanguage":"de"}]}},"_links":{"self":[{"href":"https:\/\/www.italyfamilyhotels.it\/de\/wp-json\/wp\/v2\/pages\/74374","targetHints":{"allow":["GET"]}}],"collection":[{"href":"https:\/\/www.italyfamilyhotels.it\/de\/wp-json\/wp\/v2\/pages"}],"about":[{"href":"https:\/\/www.italyfamilyhotels.it\/de\/wp-json\/wp\/v2\/types\/page"}],"author":[{"embeddable":true,"href":"https:\/\/www.italyfamilyhotels.it\/de\/wp-json\/wp\/v2\/users\/1"}],"replies":[{"embeddable":true,"href":"https:\/\/www.italyfamilyhotels.it\/de\/wp-json\/wp\/v2\/comments?post=74374"}],"version-history":[{"count":2,"href":"https:\/\/www.italyfamilyhotels.it\/de\/wp-json\/wp\/v2\/pages\/74374\/revisions"}],"predecessor-version":[{"id":76631,"href":"https:\/\/www.italyfamilyhotels.it\/de\/wp-json\/wp\/v2\/pages\/74374\/revisions\/76631"}],"up":[{"embeddable":true,"href":"https:\/\/www.italyfamilyhotels.it\/de\/wp-json\/wp\/v2\/pages\/94"}],"wp:attachment":[{"href":"https:\/\/www.italyfamilyhotels.it\/de\/wp-json\/wp\/v2\/media?parent=74374"}],"curies":[{"name":"wp","href":"https:\/\/api.w.org\/{rel}","templated":true}]}}