{"id":73705,"date":"2026-01-13T12:55:50","date_gmt":"2026-01-13T11:55:50","guid":{"rendered":"https:\/\/www.italyfamilyhotels.it\/family-hotels\/la-buca-del-gatto-family-village"},"modified":"2026-04-01T15:37:54","modified_gmt":"2026-04-01T13:37:54","slug":"la-buca-del-gatto-family-village","status":"publish","type":"page","link":"https:\/\/www.italyfamilyhotels.it\/de\/family-hotels\/la-buca-del-gatto-family-village","title":{"rendered":"La Buca del Gatto Family Village"},"content":{"rendered":"\n<p>Im <b>La Buca del Gatto Family Village<\/b> hei\u00dfen wir Familien willkommen, die einen unterhaltsamen <b>Strandurlaub in der Toskana<\/b> genie\u00dfen m\u00f6chten \u2013 mit ma\u00dfgeschneiderten Services, Animation, Sport und vielen besonderen Momenten zum gemeinsamen Erleben! Unser Family Village, umgeben vom Pinienwald von <b>Cecina<\/b> an der <b>Etruskerk\u00fcste<\/b>, zeichnet sich durch <b>sichere Bereiche<\/b> mit <b>gro\u00dfz\u00fcgigen<\/b>, stets <b>\u00fcberwachten Au\u00dfenfl\u00e4chen<\/b> aus.<\/p>\n\n\n\n<p>Das <b>Meer ist ganz in der N\u00e4he<\/b> und kann bequem zu Fu\u00df mit Ihren Kindern erreicht werden. So k\u00f6nnen Sie jeden Tag neu entscheiden, ob Sie den <b>Strand<\/b> (<b>Service inklusive<\/b>!) oder die <b>drei Hotelpool<\/b>s \u2013 davon einer \u00fcberdacht \u2013 genie\u00dfen m\u00f6chten.<\/p>\n\n\n\n<p>In unserem <b>Family Village<\/b> stehen Spa\u00df und Unterhaltung im Mittelpunkt, jedoch immer in einem ausgewogenen Verh\u00e4ltnis zu Ruhe und Entspannung. Die <b>Animation am Strand und im Hotel<\/b> begeistert Kinder mit altersgerechten Angeboten, sodass <b>Eltern<\/b> die M\u00f6glichkeit haben, sich zu <b>entspannen<\/b>, im Gr\u00fcnen einen <b>Kneipp-Parcours<\/b> zu genie\u00dfen oder sich <b>sportlichen Aktivit\u00e4ten<\/b> wie Radfahren zu widmen. Zur Verf\u00fcgung stehen <b>Fu\u00dfballpl\u00e4tze<\/b>, <b>Tennispl\u00e4tze<\/b>, <b>Cage Soccer<\/b>, <b>Volleyball<\/b>, <b>Basketball<\/b>, <b>Pickleball<\/b> und <b>Minigolf<\/b>.<\/p>\n\n\n\n<p>Einer der beliebtesten Orte f\u00fcr Kinder ist der <b>Gatto Par<\/b>k \u2013 eine gr\u00fcne Oase voller Freude und Kreativit\u00e4t, ausgestattet mit Spielger\u00e4ten, Tischen und schattigen Bereichen. Hier k\u00f6nnen sie sich <b>treffen<\/b>, gemeinsam <b>spielen<\/b> und an <b>Workshops<\/b> teilnehmen \u2013 stets unter der aufmerksamen Betreuung unseres <b>Animationsteams<\/b>.<\/p>\n\n\n\n<p>Wenn Sie mit Ihren vierbeinigen Freunden reisen, ist das <b>La Buca del Gatto Family Village<\/b> die ideale Wahl, denn <b>Haustiere sind hier jederzeit willkommen<\/b>. Dar\u00fcber hinaus sind wir ein <b>Eco-Village<\/b> und engagieren uns kontinuierlich f\u00fcr <b>\u00f6kologische Nachhaltigkeit<\/b>, um die Natur zu sch\u00fctzen und <b>Kindern auch im Urlaub den Wert der Umwelt n\u00e4herzubringen<\/b>.<\/p>\n","protected":false},"excerpt":{"rendered":"<p>Im La Buca del Gatto Family Village hei\u00dfen wir Familien willkommen, die einen unterhaltsamen Strandurlaub in der Toskana genie\u00dfen m\u00f6chten \u2013 mit ma\u00dfgeschneiderten Services, Animation, Sport und vielen besonderen Momenten zum gemeinsamen Erleben! Unser Family Village, umgeben vom Pinienwald von Cecina an der Etruskerk\u00fcste, zeichnet sich durch sichere Bereiche mit gro\u00dfz\u00fcgigen, stets \u00fcberwachten Au\u00dfenfl\u00e4chen aus. &hellip;<\/p>\n","protected":false},"author":1,"featured_media":0,"parent":94,"menu_order":0,"comment_status":"closed","ping_status":"closed","template":"page-templates\/scheda_hotel.php","meta":{"_acf_changed":false,"inline_featured_image":false,"footnotes":""},"class_list":["post-73705","page","type-page","status-publish","hentry"],"acf":[],"yoast_head":"<!-- This site is optimized with the Yoast SEO plugin v27.1 - https:\/\/yoast.com\/product\/yoast-seo-wordpress\/ -->\n<title>La Buca del Gatto Family Village - Italy Family Hotels<\/title>\n<meta name=\"robots\" content=\"index, follow, max-snippet:-1, max-image-preview:large, max-video-preview:-1\" \/>\n<link rel=\"canonical\" href=\"https:\/\/www.italyfamilyhotels.it\/de\/family-hotels\/la-buca-del-gatto-family-village\" \/>\n<meta property=\"og:locale\" content=\"de_DE\" \/>\n<meta property=\"og:type\" content=\"article\" \/>\n<meta property=\"og:title\" content=\"La Buca del Gatto Family Village - Italy Family Hotels\" \/>\n<meta property=\"og:description\" content=\"Im La Buca del Gatto Family Village hei\u00dfen wir Familien willkommen, die einen unterhaltsamen Strandurlaub in der Toskana genie\u00dfen m\u00f6chten \u2013 mit ma\u00dfgeschneiderten Services, Animation, Sport und vielen besonderen Momenten zum gemeinsamen Erleben! Unser Family Village, umgeben vom Pinienwald von Cecina an der Etruskerk\u00fcste, zeichnet sich durch sichere Bereiche mit gro\u00dfz\u00fcgigen, stets \u00fcberwachten Au\u00dfenfl\u00e4chen aus. &hellip;\" \/>\n<meta property=\"og:url\" content=\"https:\/\/www.italyfamilyhotels.it\/de\/family-hotels\/la-buca-del-gatto-family-village\" \/>\n<meta property=\"og:site_name\" content=\"Italy Family Hotels\" \/>\n<meta property=\"article:publisher\" content=\"https:\/\/www.facebook.com\/ItalyFamilyHotels\/\" \/>\n<meta property=\"article:modified_time\" content=\"2026-04-01T13:37:54+00:00\" \/>\n<meta name=\"twitter:card\" content=\"summary_large_image\" \/>\n<meta name=\"twitter:label1\" content=\"Gesch\u00e4tzte Lesezeit\" \/>\n\t<meta name=\"twitter:data1\" content=\"1\u00a0Minute\" \/>\n<script type=\"application\/ld+json\" class=\"yoast-schema-graph\">{\"@context\":\"https:\/\/schema.org\",\"@graph\":[{\"@type\":\"WebPage\",\"@id\":\"https:\/\/www.italyfamilyhotels.it\/de\/family-hotels\/la-buca-del-gatto-family-village\",\"url\":\"https:\/\/www.italyfamilyhotels.it\/de\/family-hotels\/la-buca-del-gatto-family-village\",\"name\":\"La Buca del Gatto Family Village - Italy Family Hotels\",\"isPartOf\":{\"@id\":\"https:\/\/www.italyfamilyhotels.it\/#website\"},\"datePublished\":\"2026-01-13T11:55:50+00:00\",\"dateModified\":\"2026-04-01T13:37:54+00:00\",\"breadcrumb\":{\"@id\":\"https:\/\/www.italyfamilyhotels.it\/de\/family-hotels\/la-buca-del-gatto-family-village#breadcrumb\"},\"inLanguage\":\"de\",\"potentialAction\":[{\"@type\":\"ReadAction\",\"target\":[\"https:\/\/www.italyfamilyhotels.it\/de\/family-hotels\/la-buca-del-gatto-family-village\"]}]},{\"@type\":\"BreadcrumbList\",\"@id\":\"https:\/\/www.italyfamilyhotels.it\/de\/family-hotels\/la-buca-del-gatto-family-village#breadcrumb\",\"itemListElement\":[{\"@type\":\"ListItem\",\"position\":1,\"name\":\"Home\",\"item\":\"https:\/\/www.italyfamilyhotels.it\/de\"},{\"@type\":\"ListItem\",\"position\":2,\"name\":\"Family Hotels\",\"item\":\"https:\/\/www.italyfamilyhotels.it\/de\/family-hotels\"},{\"@type\":\"ListItem\",\"position\":3,\"name\":\"La Buca del Gatto Family Village\"}]},{\"@type\":\"WebSite\",\"@id\":\"https:\/\/www.italyfamilyhotels.it\/#website\",\"url\":\"https:\/\/www.italyfamilyhotels.it\/\",\"name\":\"Italy Family Hotels\",\"description\":\"\",\"potentialAction\":[{\"@type\":\"SearchAction\",\"target\":{\"@type\":\"EntryPoint\",\"urlTemplate\":\"https:\/\/www.italyfamilyhotels.it\/?s={search_term_string}\"},\"query-input\":{\"@type\":\"PropertyValueSpecification\",\"valueRequired\":true,\"valueName\":\"search_term_string\"}}],\"inLanguage\":\"de\"}]}<\/script>\n<!-- \/ Yoast SEO plugin. -->","yoast_head_json":{"title":"La Buca del Gatto Family Village - Italy Family Hotels","robots":{"index":"index","follow":"follow","max-snippet":"max-snippet:-1","max-image-preview":"max-image-preview:large","max-video-preview":"max-video-preview:-1"},"canonical":"https:\/\/www.italyfamilyhotels.it\/de\/family-hotels\/la-buca-del-gatto-family-village","og_locale":"de_DE","og_type":"article","og_title":"La Buca del Gatto Family Village - Italy Family Hotels","og_description":"Im La Buca del Gatto Family Village hei\u00dfen wir Familien willkommen, die einen unterhaltsamen Strandurlaub in der Toskana genie\u00dfen m\u00f6chten \u2013 mit ma\u00dfgeschneiderten Services, Animation, Sport und vielen besonderen Momenten zum gemeinsamen Erleben! Unser Family Village, umgeben vom Pinienwald von Cecina an der Etruskerk\u00fcste, zeichnet sich durch sichere Bereiche mit gro\u00dfz\u00fcgigen, stets \u00fcberwachten Au\u00dfenfl\u00e4chen aus. &hellip;","og_url":"https:\/\/www.italyfamilyhotels.it\/de\/family-hotels\/la-buca-del-gatto-family-village","og_site_name":"Italy Family Hotels","article_publisher":"https:\/\/www.facebook.com\/ItalyFamilyHotels\/","article_modified_time":"2026-04-01T13:37:54+00:00","twitter_card":"summary_large_image","twitter_misc":{"Gesch\u00e4tzte Lesezeit":"1\u00a0Minute"},"schema":{"@context":"https:\/\/schema.org","@graph":[{"@type":"WebPage","@id":"https:\/\/www.italyfamilyhotels.it\/de\/family-hotels\/la-buca-del-gatto-family-village","url":"https:\/\/www.italyfamilyhotels.it\/de\/family-hotels\/la-buca-del-gatto-family-village","name":"La Buca del Gatto Family Village - Italy Family Hotels","isPartOf":{"@id":"https:\/\/www.italyfamilyhotels.it\/#website"},"datePublished":"2026-01-13T11:55:50+00:00","dateModified":"2026-04-01T13:37:54+00:00","breadcrumb":{"@id":"https:\/\/www.italyfamilyhotels.it\/de\/family-hotels\/la-buca-del-gatto-family-village#breadcrumb"},"inLanguage":"de","potentialAction":[{"@type":"ReadAction","target":["https:\/\/www.italyfamilyhotels.it\/de\/family-hotels\/la-buca-del-gatto-family-village"]}]},{"@type":"BreadcrumbList","@id":"https:\/\/www.italyfamilyhotels.it\/de\/family-hotels\/la-buca-del-gatto-family-village#breadcrumb","itemListElement":[{"@type":"ListItem","position":1,"name":"Home","item":"https:\/\/www.italyfamilyhotels.it\/de"},{"@type":"ListItem","position":2,"name":"Family Hotels","item":"https:\/\/www.italyfamilyhotels.it\/de\/family-hotels"},{"@type":"ListItem","position":3,"name":"La Buca del Gatto Family Village"}]},{"@type":"WebSite","@id":"https:\/\/www.italyfamilyhotels.it\/#website","url":"https:\/\/www.italyfamilyhotels.it\/","name":"Italy Family Hotels","description":"","potentialAction":[{"@type":"SearchAction","target":{"@type":"EntryPoint","urlTemplate":"https:\/\/www.italyfamilyhotels.it\/?s={search_term_string}"},"query-input":{"@type":"PropertyValueSpecification","valueRequired":true,"valueName":"search_term_string"}}],"inLanguage":"de"}]}},"_links":{"self":[{"href":"https:\/\/www.italyfamilyhotels.it\/de\/wp-json\/wp\/v2\/pages\/73705","targetHints":{"allow":["GET"]}}],"collection":[{"href":"https:\/\/www.italyfamilyhotels.it\/de\/wp-json\/wp\/v2\/pages"}],"about":[{"href":"https:\/\/www.italyfamilyhotels.it\/de\/wp-json\/wp\/v2\/types\/page"}],"author":[{"embeddable":true,"href":"https:\/\/www.italyfamilyhotels.it\/de\/wp-json\/wp\/v2\/users\/1"}],"replies":[{"embeddable":true,"href":"https:\/\/www.italyfamilyhotels.it\/de\/wp-json\/wp\/v2\/comments?post=73705"}],"version-history":[{"count":2,"href":"https:\/\/www.italyfamilyhotels.it\/de\/wp-json\/wp\/v2\/pages\/73705\/revisions"}],"predecessor-version":[{"id":76630,"href":"https:\/\/www.italyfamilyhotels.it\/de\/wp-json\/wp\/v2\/pages\/73705\/revisions\/76630"}],"up":[{"embeddable":true,"href":"https:\/\/www.italyfamilyhotels.it\/de\/wp-json\/wp\/v2\/pages\/94"}],"wp:attachment":[{"href":"https:\/\/www.italyfamilyhotels.it\/de\/wp-json\/wp\/v2\/media?parent=73705"}],"curies":[{"name":"wp","href":"https:\/\/api.w.org\/{rel}","templated":true}]}}