{"id":73095,"date":"2025-12-04T12:58:11","date_gmt":"2025-12-04T11:58:11","guid":{"rendered":"https:\/\/www.italyfamilyhotels.it\/angebote\/trentino-suedtirol\/family-hotel-in-reschen"},"modified":"2025-12-04T12:58:12","modified_gmt":"2025-12-04T11:58:12","slug":"family-hotel-in-reschen","status":"publish","type":"page","link":"https:\/\/www.italyfamilyhotels.it\/de\/angebote\/trentino-suedtirol\/family-hotel-in-reschen","title":{"rendered":"Family Hotel in Reschen"},"content":{"rendered":"\n<p>Ein malerischer See, \u00fcber dem poetisch ein Kirchturm aus dem Wasser ragt: Er ist das Postkartenmotiv von <b>Reschen<\/b> und der gesamten <b>Vinschgauer<\/b> Ferienregion. Ein Ort mit grandiosen Bergen, der Gro\u00df und Klein gleicherma\u00dfen begeistert \u2013 mit Natur, Traditionen und viel Spa\u00df.<\/p>\n\n\n\n<p>Am Ufer des <b>gr\u00f6\u00dften Sees S\u00fcdtirols<\/b> bietet Reschen in jeder Jahreszeit besondere Erlebnisse f\u00fcr die ganze Familie. Im <b>Sommer<\/b> ist die Region ein Wanderparadies mit <b>gut ausgeschilderten Panoramawegen<\/b>. Radfans erwarten <b>250 km Radwege<\/b>, darunter der ber\u00fchmte <b>Radweg Etschtal<\/b>, der entlang des Flusses der antiken Via Claudia Augusta folgt \u2013 mit atemberaubenden Bergblicken. F\u00fcr <b>wasserbegeisterte<\/b> Familien gibt es Segeln, Surfen, SUP und Angeln direkt auf dem See.<\/p>\n\n\n\n<p>Im <b>Winter<\/b> geht es zum Skifahren ins <b>Skigebiet Sch\u00f6neben\u2013Haideralm<\/b> am Reschenpass \u2013 sonnig, familienfreundlich und perfekt gepflegt. Wenn der See zufriert, wird <b>Schlittschuhlaufen<\/b> auf seiner bl\u00e4ulich glitzernden Oberfl\u00e4che zu einem unvergesslichen Erlebnis. Auch die vielen <b>Rodelbahnen<\/b> der Umgebung garantieren Winterspa\u00df f\u00fcr alle Generationen. Ein Highlight in jeder Jahreszeit: das <b>Sternobservatorium Maseben im Langtauferer Tal<\/b> auf 2.267 Metern H\u00f6he \u2013 frei von Lichtverschmutzung und ideal zum Blick in den Sternenhimmel.<\/p>\n","protected":false},"excerpt":{"rendered":"<p>Ein malerischer See, \u00fcber dem poetisch ein Kirchturm aus dem Wasser ragt: Er ist das Postkartenmotiv von Reschen und der gesamten Vinschgauer Ferienregion. Ein Ort mit grandiosen Bergen, der Gro\u00df und Klein gleicherma\u00dfen begeistert \u2013 mit Natur, Traditionen und viel Spa\u00df. Am Ufer des gr\u00f6\u00dften Sees S\u00fcdtirols bietet Reschen in jeder Jahreszeit besondere Erlebnisse f\u00fcr &hellip;<\/p>\n","protected":false},"author":167,"featured_media":0,"parent":1903,"menu_order":0,"comment_status":"closed","ping_status":"closed","template":"page-templates\/scheda_localita.php","meta":{"_acf_changed":false,"inline_featured_image":false,"footnotes":""},"class_list":["post-73095","page","type-page","status-publish","hentry"],"acf":[],"yoast_head":"<!-- This site is optimized with the Yoast SEO plugin v27.1 - https:\/\/yoast.com\/product\/yoast-seo-wordpress\/ -->\n<title>Familienhotel in Reschen: Die besten Family Hotels in Reschen<\/title>\n<meta name=\"description\" content=\"Lust auf einen Urlaub mit Kindern in S\u00fcdtirol? Wir haben die besten Familienhotels in Reschen in S\u00fcdtirol ausgew\u00e4hlt!\" \/>\n<meta name=\"robots\" content=\"index, follow, max-snippet:-1, max-image-preview:large, max-video-preview:-1\" \/>\n<link rel=\"canonical\" href=\"https:\/\/www.italyfamilyhotels.it\/de\/angebote\/trentino-suedtirol\/family-hotel-in-reschen\" \/>\n<meta property=\"og:locale\" content=\"de_DE\" \/>\n<meta property=\"og:type\" content=\"article\" \/>\n<meta property=\"og:title\" content=\"Familienhotel in Reschen: Die besten Family Hotels in Reschen\" \/>\n<meta property=\"og:description\" content=\"Lust auf einen Urlaub mit Kindern in S\u00fcdtirol? Wir haben die besten Familienhotels in Reschen in S\u00fcdtirol ausgew\u00e4hlt!\" \/>\n<meta property=\"og:url\" content=\"https:\/\/www.italyfamilyhotels.it\/de\/angebote\/trentino-suedtirol\/family-hotel-in-reschen\" \/>\n<meta property=\"og:site_name\" content=\"Italy Family Hotels\" \/>\n<meta property=\"article:publisher\" content=\"https:\/\/www.facebook.com\/ItalyFamilyHotels\/\" \/>\n<meta property=\"article:modified_time\" content=\"2025-12-04T11:58:12+00:00\" \/>\n<meta name=\"twitter:card\" content=\"summary_large_image\" \/>\n<meta name=\"twitter:label1\" content=\"Gesch\u00e4tzte Lesezeit\" \/>\n\t<meta name=\"twitter:data1\" content=\"1\u00a0Minute\" \/>\n<script type=\"application\/ld+json\" class=\"yoast-schema-graph\">{\"@context\":\"https:\/\/schema.org\",\"@graph\":[{\"@type\":\"WebPage\",\"@id\":\"https:\/\/www.italyfamilyhotels.it\/de\/angebote\/trentino-suedtirol\/family-hotel-in-reschen\",\"url\":\"https:\/\/www.italyfamilyhotels.it\/de\/angebote\/trentino-suedtirol\/family-hotel-in-reschen\",\"name\":\"Familienhotel in Reschen: Die besten Family Hotels in Reschen\",\"isPartOf\":{\"@id\":\"https:\/\/www.italyfamilyhotels.it\/#website\"},\"datePublished\":\"2025-12-04T11:58:11+00:00\",\"dateModified\":\"2025-12-04T11:58:12+00:00\",\"description\":\"Lust auf einen Urlaub mit Kindern in S\u00fcdtirol? Wir haben die besten Familienhotels in Reschen in S\u00fcdtirol ausgew\u00e4hlt!\",\"breadcrumb\":{\"@id\":\"https:\/\/www.italyfamilyhotels.it\/de\/angebote\/trentino-suedtirol\/family-hotel-in-reschen#breadcrumb\"},\"inLanguage\":\"de\",\"potentialAction\":[{\"@type\":\"ReadAction\",\"target\":[\"https:\/\/www.italyfamilyhotels.it\/de\/angebote\/trentino-suedtirol\/family-hotel-in-reschen\"]}]},{\"@type\":\"BreadcrumbList\",\"@id\":\"https:\/\/www.italyfamilyhotels.it\/de\/angebote\/trentino-suedtirol\/family-hotel-in-reschen#breadcrumb\",\"itemListElement\":[{\"@type\":\"ListItem\",\"position\":1,\"name\":\"Home\",\"item\":\"https:\/\/www.italyfamilyhotels.it\/de\"},{\"@type\":\"ListItem\",\"position\":2,\"name\":\"Angebote\",\"item\":\"https:\/\/www.italyfamilyhotels.it\/de\/angebote\"},{\"@type\":\"ListItem\",\"position\":3,\"name\":\"Trentino-S\u00fcdtirol\",\"item\":\"https:\/\/www.italyfamilyhotels.it\/de\/angebote\/trentino-suedtirol\"},{\"@type\":\"ListItem\",\"position\":4,\"name\":\"Family Hotel in Reschen\"}]},{\"@type\":\"WebSite\",\"@id\":\"https:\/\/www.italyfamilyhotels.it\/#website\",\"url\":\"https:\/\/www.italyfamilyhotels.it\/\",\"name\":\"Italy Family Hotels\",\"description\":\"\",\"potentialAction\":[{\"@type\":\"SearchAction\",\"target\":{\"@type\":\"EntryPoint\",\"urlTemplate\":\"https:\/\/www.italyfamilyhotels.it\/?s={search_term_string}\"},\"query-input\":{\"@type\":\"PropertyValueSpecification\",\"valueRequired\":true,\"valueName\":\"search_term_string\"}}],\"inLanguage\":\"de\"}]}<\/script>\n<!-- \/ Yoast SEO plugin. -->","yoast_head_json":{"title":"Familienhotel in Reschen: Die besten Family Hotels in Reschen","description":"Lust auf einen Urlaub mit Kindern in S\u00fcdtirol? Wir haben die besten Familienhotels in Reschen in S\u00fcdtirol ausgew\u00e4hlt!","robots":{"index":"index","follow":"follow","max-snippet":"max-snippet:-1","max-image-preview":"max-image-preview:large","max-video-preview":"max-video-preview:-1"},"canonical":"https:\/\/www.italyfamilyhotels.it\/de\/angebote\/trentino-suedtirol\/family-hotel-in-reschen","og_locale":"de_DE","og_type":"article","og_title":"Familienhotel in Reschen: Die besten Family Hotels in Reschen","og_description":"Lust auf einen Urlaub mit Kindern in S\u00fcdtirol? Wir haben die besten Familienhotels in Reschen in S\u00fcdtirol ausgew\u00e4hlt!","og_url":"https:\/\/www.italyfamilyhotels.it\/de\/angebote\/trentino-suedtirol\/family-hotel-in-reschen","og_site_name":"Italy Family Hotels","article_publisher":"https:\/\/www.facebook.com\/ItalyFamilyHotels\/","article_modified_time":"2025-12-04T11:58:12+00:00","twitter_card":"summary_large_image","twitter_misc":{"Gesch\u00e4tzte Lesezeit":"1\u00a0Minute"},"schema":{"@context":"https:\/\/schema.org","@graph":[{"@type":"WebPage","@id":"https:\/\/www.italyfamilyhotels.it\/de\/angebote\/trentino-suedtirol\/family-hotel-in-reschen","url":"https:\/\/www.italyfamilyhotels.it\/de\/angebote\/trentino-suedtirol\/family-hotel-in-reschen","name":"Familienhotel in Reschen: Die besten Family Hotels in Reschen","isPartOf":{"@id":"https:\/\/www.italyfamilyhotels.it\/#website"},"datePublished":"2025-12-04T11:58:11+00:00","dateModified":"2025-12-04T11:58:12+00:00","description":"Lust auf einen Urlaub mit Kindern in S\u00fcdtirol? Wir haben die besten Familienhotels in Reschen in S\u00fcdtirol ausgew\u00e4hlt!","breadcrumb":{"@id":"https:\/\/www.italyfamilyhotels.it\/de\/angebote\/trentino-suedtirol\/family-hotel-in-reschen#breadcrumb"},"inLanguage":"de","potentialAction":[{"@type":"ReadAction","target":["https:\/\/www.italyfamilyhotels.it\/de\/angebote\/trentino-suedtirol\/family-hotel-in-reschen"]}]},{"@type":"BreadcrumbList","@id":"https:\/\/www.italyfamilyhotels.it\/de\/angebote\/trentino-suedtirol\/family-hotel-in-reschen#breadcrumb","itemListElement":[{"@type":"ListItem","position":1,"name":"Home","item":"https:\/\/www.italyfamilyhotels.it\/de"},{"@type":"ListItem","position":2,"name":"Angebote","item":"https:\/\/www.italyfamilyhotels.it\/de\/angebote"},{"@type":"ListItem","position":3,"name":"Trentino-S\u00fcdtirol","item":"https:\/\/www.italyfamilyhotels.it\/de\/angebote\/trentino-suedtirol"},{"@type":"ListItem","position":4,"name":"Family Hotel in Reschen"}]},{"@type":"WebSite","@id":"https:\/\/www.italyfamilyhotels.it\/#website","url":"https:\/\/www.italyfamilyhotels.it\/","name":"Italy Family Hotels","description":"","potentialAction":[{"@type":"SearchAction","target":{"@type":"EntryPoint","urlTemplate":"https:\/\/www.italyfamilyhotels.it\/?s={search_term_string}"},"query-input":{"@type":"PropertyValueSpecification","valueRequired":true,"valueName":"search_term_string"}}],"inLanguage":"de"}]}},"_links":{"self":[{"href":"https:\/\/www.italyfamilyhotels.it\/de\/wp-json\/wp\/v2\/pages\/73095","targetHints":{"allow":["GET"]}}],"collection":[{"href":"https:\/\/www.italyfamilyhotels.it\/de\/wp-json\/wp\/v2\/pages"}],"about":[{"href":"https:\/\/www.italyfamilyhotels.it\/de\/wp-json\/wp\/v2\/types\/page"}],"author":[{"embeddable":true,"href":"https:\/\/www.italyfamilyhotels.it\/de\/wp-json\/wp\/v2\/users\/167"}],"replies":[{"embeddable":true,"href":"https:\/\/www.italyfamilyhotels.it\/de\/wp-json\/wp\/v2\/comments?post=73095"}],"version-history":[{"count":1,"href":"https:\/\/www.italyfamilyhotels.it\/de\/wp-json\/wp\/v2\/pages\/73095\/revisions"}],"predecessor-version":[{"id":73096,"href":"https:\/\/www.italyfamilyhotels.it\/de\/wp-json\/wp\/v2\/pages\/73095\/revisions\/73096"}],"up":[{"embeddable":true,"href":"https:\/\/www.italyfamilyhotels.it\/de\/wp-json\/wp\/v2\/pages\/1903"}],"wp:attachment":[{"href":"https:\/\/www.italyfamilyhotels.it\/de\/wp-json\/wp\/v2\/media?parent=73095"}],"curies":[{"name":"wp","href":"https:\/\/api.w.org\/{rel}","templated":true}]}}