{"id":73093,"date":"2025-12-04T12:58:09","date_gmt":"2025-12-04T11:58:09","guid":{"rendered":"https:\/\/www.italyfamilyhotels.it\/angebote\/trentino-suedtirol\/family-hotel-in-schnals"},"modified":"2025-12-04T12:58:12","modified_gmt":"2025-12-04T11:58:12","slug":"family-hotel-in-schnals","status":"publish","type":"page","link":"https:\/\/www.italyfamilyhotels.it\/de\/angebote\/trentino-suedtirol\/family-hotel-in-schnals","title":{"rendered":"Family Hotel in Schnals"},"content":{"rendered":"\n<p>Von Weinbergen bis zu eiszeitlichen Gletschern: Eine enorme Vielfalt alpiner Landschaften pr\u00e4gt das Tal rund um <b>Schnals<\/b>, eine kleine Gemeinde in <b>S\u00fcdtirol<\/b>. Ein bezauberndes Reiseziel, das <b>Natur und familienfreundliche Attraktionen<\/b> ideal miteinander verbindet.<\/p>\n\n\n\n<p>Am Eingang des Schnalstals thront <b>Schloss Juval, Wohnsitz von Reinhold Messner<\/b> und Standort eines seiner Museen, des <b>Messner Mountain Museum. <\/b>Ein Ort, der eine spirituelle Ann\u00e4herung an die Welt der Berge vermittelt, mit einer originellen Sammlung aus Masken, Fresken, Skulpturen sowie einer Abenteuer-Bibliothek.<\/p>\n\n\n\n<p>Zu den Highlights der Region geh\u00f6rt auch ein Besuch im <b>ArcheoParc in Unsere Frau im Schnalstal<\/b>. Hier entdecken Sie die <b>Welt von \u00d6tzi<\/b> anhand der Rekonstruktion eines Dorfes aus der Kupferzeit \u2013 \u00e4hnlich jenem, in dem der Mann aus dem Eis gelebt haben k\u00f6nnte. <b>Kinder<\/b> k\u00f6nnen <b>au\u00dfergew\u00f6hnliche Erfahrungen<\/b> machen: Feuer entfachen, Ton formen, mit Pfeil und Bogen schie\u00dfen. \u00d6tzi wurde nahe dem <b>Vernagt-Stausee<\/b> gefunden, ein smaragdgr\u00fcner See, von dem <b>traumhafte Wanderwege<\/b> ausgehen. Eine Besonderheit: Wenn der Wasserstand niedrig ist, ragt das <b>Dach eines Kirchturms<\/b> aus dem Wasser, der beim Bau der Staumauer \u00fcberflutet wurde. Vom See aus f\u00fchrt ein <b>Wanderweg<\/b> bis zum <b>Tisenjoch<\/b>, dem Fundort von \u00d6tzi.<\/p>\n","protected":false},"excerpt":{"rendered":"<p>Von Weinbergen bis zu eiszeitlichen Gletschern: Eine enorme Vielfalt alpiner Landschaften pr\u00e4gt das Tal rund um Schnals, eine kleine Gemeinde in S\u00fcdtirol. Ein bezauberndes Reiseziel, das Natur und familienfreundliche Attraktionen ideal miteinander verbindet. Am Eingang des Schnalstals thront Schloss Juval, Wohnsitz von Reinhold Messner und Standort eines seiner Museen, des Messner Mountain Museum. Ein Ort, &hellip;<\/p>\n","protected":false},"author":167,"featured_media":0,"parent":1903,"menu_order":0,"comment_status":"closed","ping_status":"closed","template":"page-templates\/scheda_localita.php","meta":{"_acf_changed":false,"inline_featured_image":false,"footnotes":""},"class_list":["post-73093","page","type-page","status-publish","hentry"],"acf":[],"yoast_head":"<!-- This site is optimized with the Yoast SEO plugin v27.1 - https:\/\/yoast.com\/product\/yoast-seo-wordpress\/ -->\n<title>Familienhotel in Schnals: Die besten Family Hotels in Schnals<\/title>\n<meta name=\"description\" content=\"Lust auf einen Urlaub mit Kindern in Trentino-S\u00fcdtirol? Wir haben die besten Familienhotels in Schnalsf\u00fcr Sie ausgew\u00e4hlt!\" \/>\n<meta name=\"robots\" content=\"index, follow, max-snippet:-1, max-image-preview:large, max-video-preview:-1\" \/>\n<link rel=\"canonical\" href=\"https:\/\/www.italyfamilyhotels.it\/de\/angebote\/trentino-suedtirol\/family-hotel-in-schnals\" \/>\n<meta property=\"og:locale\" content=\"de_DE\" \/>\n<meta property=\"og:type\" content=\"article\" \/>\n<meta property=\"og:title\" content=\"Familienhotel in Schnals: Die besten Family Hotels in Schnals\" \/>\n<meta property=\"og:description\" content=\"Lust auf einen Urlaub mit Kindern in Trentino-S\u00fcdtirol? Wir haben die besten Familienhotels in Schnalsf\u00fcr Sie ausgew\u00e4hlt!\" \/>\n<meta property=\"og:url\" content=\"https:\/\/www.italyfamilyhotels.it\/de\/angebote\/trentino-suedtirol\/family-hotel-in-schnals\" \/>\n<meta property=\"og:site_name\" content=\"Italy Family Hotels\" \/>\n<meta property=\"article:publisher\" content=\"https:\/\/www.facebook.com\/ItalyFamilyHotels\/\" \/>\n<meta property=\"article:modified_time\" content=\"2025-12-04T11:58:12+00:00\" \/>\n<meta name=\"twitter:card\" content=\"summary_large_image\" \/>\n<meta name=\"twitter:label1\" content=\"Gesch\u00e4tzte Lesezeit\" \/>\n\t<meta name=\"twitter:data1\" content=\"1\u00a0Minute\" \/>\n<script type=\"application\/ld+json\" class=\"yoast-schema-graph\">{\"@context\":\"https:\/\/schema.org\",\"@graph\":[{\"@type\":\"WebPage\",\"@id\":\"https:\/\/www.italyfamilyhotels.it\/de\/angebote\/trentino-suedtirol\/family-hotel-in-schnals\",\"url\":\"https:\/\/www.italyfamilyhotels.it\/de\/angebote\/trentino-suedtirol\/family-hotel-in-schnals\",\"name\":\"Familienhotel in Schnals: Die besten Family Hotels in Schnals\",\"isPartOf\":{\"@id\":\"https:\/\/www.italyfamilyhotels.it\/#website\"},\"datePublished\":\"2025-12-04T11:58:09+00:00\",\"dateModified\":\"2025-12-04T11:58:12+00:00\",\"description\":\"Lust auf einen Urlaub mit Kindern in Trentino-S\u00fcdtirol? Wir haben die besten Familienhotels in Schnalsf\u00fcr Sie ausgew\u00e4hlt!\",\"breadcrumb\":{\"@id\":\"https:\/\/www.italyfamilyhotels.it\/de\/angebote\/trentino-suedtirol\/family-hotel-in-schnals#breadcrumb\"},\"inLanguage\":\"de\",\"potentialAction\":[{\"@type\":\"ReadAction\",\"target\":[\"https:\/\/www.italyfamilyhotels.it\/de\/angebote\/trentino-suedtirol\/family-hotel-in-schnals\"]}]},{\"@type\":\"BreadcrumbList\",\"@id\":\"https:\/\/www.italyfamilyhotels.it\/de\/angebote\/trentino-suedtirol\/family-hotel-in-schnals#breadcrumb\",\"itemListElement\":[{\"@type\":\"ListItem\",\"position\":1,\"name\":\"Home\",\"item\":\"https:\/\/www.italyfamilyhotels.it\/de\"},{\"@type\":\"ListItem\",\"position\":2,\"name\":\"Angebote\",\"item\":\"https:\/\/www.italyfamilyhotels.it\/de\/angebote\"},{\"@type\":\"ListItem\",\"position\":3,\"name\":\"Trentino-S\u00fcdtirol\",\"item\":\"https:\/\/www.italyfamilyhotels.it\/de\/angebote\/trentino-suedtirol\"},{\"@type\":\"ListItem\",\"position\":4,\"name\":\"Family Hotel in Schnals\"}]},{\"@type\":\"WebSite\",\"@id\":\"https:\/\/www.italyfamilyhotels.it\/#website\",\"url\":\"https:\/\/www.italyfamilyhotels.it\/\",\"name\":\"Italy Family Hotels\",\"description\":\"\",\"potentialAction\":[{\"@type\":\"SearchAction\",\"target\":{\"@type\":\"EntryPoint\",\"urlTemplate\":\"https:\/\/www.italyfamilyhotels.it\/?s={search_term_string}\"},\"query-input\":{\"@type\":\"PropertyValueSpecification\",\"valueRequired\":true,\"valueName\":\"search_term_string\"}}],\"inLanguage\":\"de\"}]}<\/script>\n<!-- \/ Yoast SEO plugin. -->","yoast_head_json":{"title":"Familienhotel in Schnals: Die besten Family Hotels in Schnals","description":"Lust auf einen Urlaub mit Kindern in Trentino-S\u00fcdtirol? Wir haben die besten Familienhotels in Schnalsf\u00fcr Sie ausgew\u00e4hlt!","robots":{"index":"index","follow":"follow","max-snippet":"max-snippet:-1","max-image-preview":"max-image-preview:large","max-video-preview":"max-video-preview:-1"},"canonical":"https:\/\/www.italyfamilyhotels.it\/de\/angebote\/trentino-suedtirol\/family-hotel-in-schnals","og_locale":"de_DE","og_type":"article","og_title":"Familienhotel in Schnals: Die besten Family Hotels in Schnals","og_description":"Lust auf einen Urlaub mit Kindern in Trentino-S\u00fcdtirol? Wir haben die besten Familienhotels in Schnalsf\u00fcr Sie ausgew\u00e4hlt!","og_url":"https:\/\/www.italyfamilyhotels.it\/de\/angebote\/trentino-suedtirol\/family-hotel-in-schnals","og_site_name":"Italy Family Hotels","article_publisher":"https:\/\/www.facebook.com\/ItalyFamilyHotels\/","article_modified_time":"2025-12-04T11:58:12+00:00","twitter_card":"summary_large_image","twitter_misc":{"Gesch\u00e4tzte Lesezeit":"1\u00a0Minute"},"schema":{"@context":"https:\/\/schema.org","@graph":[{"@type":"WebPage","@id":"https:\/\/www.italyfamilyhotels.it\/de\/angebote\/trentino-suedtirol\/family-hotel-in-schnals","url":"https:\/\/www.italyfamilyhotels.it\/de\/angebote\/trentino-suedtirol\/family-hotel-in-schnals","name":"Familienhotel in Schnals: Die besten Family Hotels in Schnals","isPartOf":{"@id":"https:\/\/www.italyfamilyhotels.it\/#website"},"datePublished":"2025-12-04T11:58:09+00:00","dateModified":"2025-12-04T11:58:12+00:00","description":"Lust auf einen Urlaub mit Kindern in Trentino-S\u00fcdtirol? Wir haben die besten Familienhotels in Schnalsf\u00fcr Sie ausgew\u00e4hlt!","breadcrumb":{"@id":"https:\/\/www.italyfamilyhotels.it\/de\/angebote\/trentino-suedtirol\/family-hotel-in-schnals#breadcrumb"},"inLanguage":"de","potentialAction":[{"@type":"ReadAction","target":["https:\/\/www.italyfamilyhotels.it\/de\/angebote\/trentino-suedtirol\/family-hotel-in-schnals"]}]},{"@type":"BreadcrumbList","@id":"https:\/\/www.italyfamilyhotels.it\/de\/angebote\/trentino-suedtirol\/family-hotel-in-schnals#breadcrumb","itemListElement":[{"@type":"ListItem","position":1,"name":"Home","item":"https:\/\/www.italyfamilyhotels.it\/de"},{"@type":"ListItem","position":2,"name":"Angebote","item":"https:\/\/www.italyfamilyhotels.it\/de\/angebote"},{"@type":"ListItem","position":3,"name":"Trentino-S\u00fcdtirol","item":"https:\/\/www.italyfamilyhotels.it\/de\/angebote\/trentino-suedtirol"},{"@type":"ListItem","position":4,"name":"Family Hotel in Schnals"}]},{"@type":"WebSite","@id":"https:\/\/www.italyfamilyhotels.it\/#website","url":"https:\/\/www.italyfamilyhotels.it\/","name":"Italy Family Hotels","description":"","potentialAction":[{"@type":"SearchAction","target":{"@type":"EntryPoint","urlTemplate":"https:\/\/www.italyfamilyhotels.it\/?s={search_term_string}"},"query-input":{"@type":"PropertyValueSpecification","valueRequired":true,"valueName":"search_term_string"}}],"inLanguage":"de"}]}},"_links":{"self":[{"href":"https:\/\/www.italyfamilyhotels.it\/de\/wp-json\/wp\/v2\/pages\/73093","targetHints":{"allow":["GET"]}}],"collection":[{"href":"https:\/\/www.italyfamilyhotels.it\/de\/wp-json\/wp\/v2\/pages"}],"about":[{"href":"https:\/\/www.italyfamilyhotels.it\/de\/wp-json\/wp\/v2\/types\/page"}],"author":[{"embeddable":true,"href":"https:\/\/www.italyfamilyhotels.it\/de\/wp-json\/wp\/v2\/users\/167"}],"replies":[{"embeddable":true,"href":"https:\/\/www.italyfamilyhotels.it\/de\/wp-json\/wp\/v2\/comments?post=73093"}],"version-history":[{"count":1,"href":"https:\/\/www.italyfamilyhotels.it\/de\/wp-json\/wp\/v2\/pages\/73093\/revisions"}],"predecessor-version":[{"id":73094,"href":"https:\/\/www.italyfamilyhotels.it\/de\/wp-json\/wp\/v2\/pages\/73093\/revisions\/73094"}],"up":[{"embeddable":true,"href":"https:\/\/www.italyfamilyhotels.it\/de\/wp-json\/wp\/v2\/pages\/1903"}],"wp:attachment":[{"href":"https:\/\/www.italyfamilyhotels.it\/de\/wp-json\/wp\/v2\/media?parent=73093"}],"curies":[{"name":"wp","href":"https:\/\/api.w.org\/{rel}","templated":true}]}}