{"id":72680,"date":"2025-12-01T14:31:30","date_gmt":"2025-12-01T13:31:30","guid":{"rendered":"https:\/\/www.italyfamilyhotels.it\/family-hotels\/family-hotel-gutenberg"},"modified":"2026-04-01T15:37:51","modified_gmt":"2026-04-01T13:37:51","slug":"family-hotel-gutenberg","status":"publish","type":"page","link":"https:\/\/www.italyfamilyhotels.it\/de\/family-hotels\/family-hotel-gutenberg","title":{"rendered":"Family Hotel Gutenberg"},"content":{"rendered":"\n<p>Wir bezeichnen das <b>Family Hotel Gutenberg<\/b> gerne als ein \u201eParadies f\u00fcr Familien in <b>Schenna<\/b>\u201c, oberhalb von <b>Meran<\/b>. Genau hier erwarten wir Sie, um gemeinsam mit Ihren Kindern gl\u00fcckliche Momente zu erleben!<\/p>\n\n\n\n<p>Unser Hotel liegt <b>direkt an den Wanderwegen<\/b>, sodass Sie <b>Spazierg\u00e4nge<\/b> oder <b>Panorama-Wanderungen<\/b> unternehmen k\u00f6nnen, ohne das Auto zu benutzen. Vielleicht m\u00f6chten Sie auch an unserem <b>vielf\u00e4ltigen Natur- und Entdeckungsprogramm<\/b> teilnehmen, dessen Thema jedes Jahr wechselt und das wir speziell f\u00fcr Familien wie Ihre konzipiert haben. W\u00e4hrend der Skiwoche erreichen Sie die <b>Anlagen von Meran 2000 bequem mit unserem Shuttle<\/b>, sodass Sie sich ganz unbeschwert dem Skifahren und anderen Wintersportarten widmen k\u00f6nnen.<\/p>\n\n\n\n<p>Im Hotel erwarten Sie <b>beheizte Innenpool<\/b>s: ein <b>gro\u00dfes Panorama-Becken<\/b> mit Unterwasserliegen f\u00fcr Hydromassage, ein eigenes <b>Kinderbecken<\/b> sowie ein <b>Minipool<\/b>, in dem auch die Kleinsten sicher erste Erfahrungen mit dem Wasser sammeln und spielen k\u00f6nnen. <b>Badem\u00e4ntel f\u00fcr die ganze Familie<\/b> stellen wir Ihnen <b>kostenlos<\/b> zur Verf\u00fcgung.<\/p>\n\n\n\n<p>Nach Ihren Aktivit\u00e4ten im Freien k\u00f6nnen Sie sich in die gem\u00fctliche und einladende <b>Saunaoase Gutenberg<\/b> zur\u00fcckziehen \u2013 mit <b>Dampfbad<\/b>, <b>Kr\u00e4utersauna<\/b>, <b>Ruheraum<\/b> und einer <b>finnischen Panoramasauna<\/b>. Au\u00dferdem k\u00f6nnen Sie aus zahlreichen <b>Massagen und Behandlungen<\/b> w\u00e4hlen, die sowohl f\u00fcr <b>Erwachsene<\/b> als auch f\u00fcr <b>Kinder<\/b> gedacht sind, wie Baby-Massagen, \u201ePrinzessinnen-Tr\u00e4ume\u201c, Kinder-Manik\u00fcre, Teenie-Gesichtsbehandlungen, K\u00f6rperpeelings und Fu\u00dfmassagen f\u00fcr M\u00e4dchen und Jungen.<\/p>\n\n\n\n<p>Wie Sie sicher schon gemerkt haben: Die Freude und der Spa\u00df Ihrer Kinder stehen bei uns an erster Stelle. Deshalb bildet die <b>Kinderwelt<\/b> das Herzst\u00fcck unserer Gastfreundschaft im Gutenberg! Die Kleinen k\u00f6nnen in <b>zwei Innenr\u00e4umen<\/b> spielen, sich auf dem <b>Au\u00dfenspielplatz<\/b> austoben oder t\u00e4glich an den Aktivit\u00e4ten des <b>Mini- und Kids Clubs<\/b> teilnehmen. Die <b>professionelle Betreuung<\/b> <b>reicht von 1 bis 12 Jahren<\/b>, mit gro\u00dfz\u00fcgigen und flexiblen Zeiten, kreativen Workshops, Waldtagen, Kinderbacken, Bastelangeboten, Bewegungsspielen und sogar der M\u00f6glichkeit, Ponys und Pferde kennenzulernen. F\u00fcr Sie bedeutet das: endlich freie Momente zum Entspannen, Lesen, Spazierengehen oder f\u00fcr eine Auszeit im Wellnessbereich.<\/p>\n\n\n\n<p>Wenn Sie <b>mit einem Baby reisen<\/b>, finden Sie alles, was den Urlaub erleichtert: eine rund um die Uhr ge\u00f6ffnete <b>Babyk\u00fcche<\/b>, <b>Buffet mit Babynahrun<\/b>g, Kinderwagen, Kraxen, Wickeltische, Flaschenw\u00e4rmer, Babyphone und vieles mehr. Unser Team ist darauf eingestellt, auch sehr kleine Kinder herzlich zu betreuen \u2013 so k\u00f6nnen Sie Ihren <b>Familienurlaub in den Bergen<\/b> noch entspannter genie\u00dfen!<\/p>\n","protected":false},"excerpt":{"rendered":"<p>Wir bezeichnen das Family Hotel Gutenberg gerne als ein \u201eParadies f\u00fcr Familien in Schenna\u201c, oberhalb von Meran. Genau hier erwarten wir Sie, um gemeinsam mit Ihren Kindern gl\u00fcckliche Momente zu erleben! Unser Hotel liegt direkt an den Wanderwegen, sodass Sie Spazierg\u00e4nge oder Panorama-Wanderungen unternehmen k\u00f6nnen, ohne das Auto zu benutzen. Vielleicht m\u00f6chten Sie auch an &hellip;<\/p>\n","protected":false},"author":1,"featured_media":0,"parent":94,"menu_order":0,"comment_status":"closed","ping_status":"closed","template":"page-templates\/scheda_hotel.php","meta":{"_acf_changed":false,"inline_featured_image":false,"footnotes":""},"class_list":["post-72680","page","type-page","status-publish","hentry"],"acf":[],"yoast_head":"<!-- This site is optimized with the Yoast SEO plugin v27.1 - https:\/\/yoast.com\/product\/yoast-seo-wordpress\/ -->\n<title>Family Hotel Gutenberg - Italy Family Hotels<\/title>\n<meta name=\"robots\" content=\"index, follow, max-snippet:-1, max-image-preview:large, max-video-preview:-1\" \/>\n<link rel=\"canonical\" href=\"https:\/\/www.italyfamilyhotels.it\/de\/family-hotels\/family-hotel-gutenberg\" \/>\n<meta property=\"og:locale\" content=\"de_DE\" \/>\n<meta property=\"og:type\" content=\"article\" \/>\n<meta property=\"og:title\" content=\"Family Hotel Gutenberg - Italy Family Hotels\" \/>\n<meta property=\"og:description\" content=\"Wir bezeichnen das Family Hotel Gutenberg gerne als ein \u201eParadies f\u00fcr Familien in Schenna\u201c, oberhalb von Meran. Genau hier erwarten wir Sie, um gemeinsam mit Ihren Kindern gl\u00fcckliche Momente zu erleben! Unser Hotel liegt direkt an den Wanderwegen, sodass Sie Spazierg\u00e4nge oder Panorama-Wanderungen unternehmen k\u00f6nnen, ohne das Auto zu benutzen. Vielleicht m\u00f6chten Sie auch an &hellip;\" \/>\n<meta property=\"og:url\" content=\"https:\/\/www.italyfamilyhotels.it\/de\/family-hotels\/family-hotel-gutenberg\" \/>\n<meta property=\"og:site_name\" content=\"Italy Family Hotels\" \/>\n<meta property=\"article:publisher\" content=\"https:\/\/www.facebook.com\/ItalyFamilyHotels\/\" \/>\n<meta property=\"article:modified_time\" content=\"2026-04-01T13:37:51+00:00\" \/>\n<meta name=\"twitter:card\" content=\"summary_large_image\" \/>\n<meta name=\"twitter:label1\" content=\"Gesch\u00e4tzte Lesezeit\" \/>\n\t<meta name=\"twitter:data1\" content=\"2\u00a0Minuten\" \/>\n<script type=\"application\/ld+json\" class=\"yoast-schema-graph\">{\"@context\":\"https:\/\/schema.org\",\"@graph\":[{\"@type\":\"WebPage\",\"@id\":\"https:\/\/www.italyfamilyhotels.it\/de\/family-hotels\/family-hotel-gutenberg\",\"url\":\"https:\/\/www.italyfamilyhotels.it\/de\/family-hotels\/family-hotel-gutenberg\",\"name\":\"Family Hotel Gutenberg - Italy Family Hotels\",\"isPartOf\":{\"@id\":\"https:\/\/www.italyfamilyhotels.it\/#website\"},\"datePublished\":\"2025-12-01T13:31:30+00:00\",\"dateModified\":\"2026-04-01T13:37:51+00:00\",\"breadcrumb\":{\"@id\":\"https:\/\/www.italyfamilyhotels.it\/de\/family-hotels\/family-hotel-gutenberg#breadcrumb\"},\"inLanguage\":\"de\",\"potentialAction\":[{\"@type\":\"ReadAction\",\"target\":[\"https:\/\/www.italyfamilyhotels.it\/de\/family-hotels\/family-hotel-gutenberg\"]}]},{\"@type\":\"BreadcrumbList\",\"@id\":\"https:\/\/www.italyfamilyhotels.it\/de\/family-hotels\/family-hotel-gutenberg#breadcrumb\",\"itemListElement\":[{\"@type\":\"ListItem\",\"position\":1,\"name\":\"Home\",\"item\":\"https:\/\/www.italyfamilyhotels.it\/de\"},{\"@type\":\"ListItem\",\"position\":2,\"name\":\"Family Hotels\",\"item\":\"https:\/\/www.italyfamilyhotels.it\/de\/family-hotels\"},{\"@type\":\"ListItem\",\"position\":3,\"name\":\"Family Hotel Gutenberg\"}]},{\"@type\":\"WebSite\",\"@id\":\"https:\/\/www.italyfamilyhotels.it\/#website\",\"url\":\"https:\/\/www.italyfamilyhotels.it\/\",\"name\":\"Italy Family Hotels\",\"description\":\"\",\"potentialAction\":[{\"@type\":\"SearchAction\",\"target\":{\"@type\":\"EntryPoint\",\"urlTemplate\":\"https:\/\/www.italyfamilyhotels.it\/?s={search_term_string}\"},\"query-input\":{\"@type\":\"PropertyValueSpecification\",\"valueRequired\":true,\"valueName\":\"search_term_string\"}}],\"inLanguage\":\"de\"}]}<\/script>\n<!-- \/ Yoast SEO plugin. -->","yoast_head_json":{"title":"Family Hotel Gutenberg - Italy Family Hotels","robots":{"index":"index","follow":"follow","max-snippet":"max-snippet:-1","max-image-preview":"max-image-preview:large","max-video-preview":"max-video-preview:-1"},"canonical":"https:\/\/www.italyfamilyhotels.it\/de\/family-hotels\/family-hotel-gutenberg","og_locale":"de_DE","og_type":"article","og_title":"Family Hotel Gutenberg - Italy Family Hotels","og_description":"Wir bezeichnen das Family Hotel Gutenberg gerne als ein \u201eParadies f\u00fcr Familien in Schenna\u201c, oberhalb von Meran. Genau hier erwarten wir Sie, um gemeinsam mit Ihren Kindern gl\u00fcckliche Momente zu erleben! Unser Hotel liegt direkt an den Wanderwegen, sodass Sie Spazierg\u00e4nge oder Panorama-Wanderungen unternehmen k\u00f6nnen, ohne das Auto zu benutzen. Vielleicht m\u00f6chten Sie auch an &hellip;","og_url":"https:\/\/www.italyfamilyhotels.it\/de\/family-hotels\/family-hotel-gutenberg","og_site_name":"Italy Family Hotels","article_publisher":"https:\/\/www.facebook.com\/ItalyFamilyHotels\/","article_modified_time":"2026-04-01T13:37:51+00:00","twitter_card":"summary_large_image","twitter_misc":{"Gesch\u00e4tzte Lesezeit":"2\u00a0Minuten"},"schema":{"@context":"https:\/\/schema.org","@graph":[{"@type":"WebPage","@id":"https:\/\/www.italyfamilyhotels.it\/de\/family-hotels\/family-hotel-gutenberg","url":"https:\/\/www.italyfamilyhotels.it\/de\/family-hotels\/family-hotel-gutenberg","name":"Family Hotel Gutenberg - Italy Family Hotels","isPartOf":{"@id":"https:\/\/www.italyfamilyhotels.it\/#website"},"datePublished":"2025-12-01T13:31:30+00:00","dateModified":"2026-04-01T13:37:51+00:00","breadcrumb":{"@id":"https:\/\/www.italyfamilyhotels.it\/de\/family-hotels\/family-hotel-gutenberg#breadcrumb"},"inLanguage":"de","potentialAction":[{"@type":"ReadAction","target":["https:\/\/www.italyfamilyhotels.it\/de\/family-hotels\/family-hotel-gutenberg"]}]},{"@type":"BreadcrumbList","@id":"https:\/\/www.italyfamilyhotels.it\/de\/family-hotels\/family-hotel-gutenberg#breadcrumb","itemListElement":[{"@type":"ListItem","position":1,"name":"Home","item":"https:\/\/www.italyfamilyhotels.it\/de"},{"@type":"ListItem","position":2,"name":"Family Hotels","item":"https:\/\/www.italyfamilyhotels.it\/de\/family-hotels"},{"@type":"ListItem","position":3,"name":"Family Hotel Gutenberg"}]},{"@type":"WebSite","@id":"https:\/\/www.italyfamilyhotels.it\/#website","url":"https:\/\/www.italyfamilyhotels.it\/","name":"Italy Family Hotels","description":"","potentialAction":[{"@type":"SearchAction","target":{"@type":"EntryPoint","urlTemplate":"https:\/\/www.italyfamilyhotels.it\/?s={search_term_string}"},"query-input":{"@type":"PropertyValueSpecification","valueRequired":true,"valueName":"search_term_string"}}],"inLanguage":"de"}]}},"_links":{"self":[{"href":"https:\/\/www.italyfamilyhotels.it\/de\/wp-json\/wp\/v2\/pages\/72680","targetHints":{"allow":["GET"]}}],"collection":[{"href":"https:\/\/www.italyfamilyhotels.it\/de\/wp-json\/wp\/v2\/pages"}],"about":[{"href":"https:\/\/www.italyfamilyhotels.it\/de\/wp-json\/wp\/v2\/types\/page"}],"author":[{"embeddable":true,"href":"https:\/\/www.italyfamilyhotels.it\/de\/wp-json\/wp\/v2\/users\/1"}],"replies":[{"embeddable":true,"href":"https:\/\/www.italyfamilyhotels.it\/de\/wp-json\/wp\/v2\/comments?post=72680"}],"version-history":[{"count":2,"href":"https:\/\/www.italyfamilyhotels.it\/de\/wp-json\/wp\/v2\/pages\/72680\/revisions"}],"predecessor-version":[{"id":76629,"href":"https:\/\/www.italyfamilyhotels.it\/de\/wp-json\/wp\/v2\/pages\/72680\/revisions\/76629"}],"up":[{"embeddable":true,"href":"https:\/\/www.italyfamilyhotels.it\/de\/wp-json\/wp\/v2\/pages\/94"}],"wp:attachment":[{"href":"https:\/\/www.italyfamilyhotels.it\/de\/wp-json\/wp\/v2\/media?parent=72680"}],"curies":[{"name":"wp","href":"https:\/\/api.w.org\/{rel}","templated":true}]}}