{"id":72002,"date":"2025-10-27T15:10:15","date_gmt":"2025-10-27T14:10:15","guid":{"rendered":"https:\/\/www.italyfamilyhotels.it\/family-hotels\/linara-mountain-family-stay"},"modified":"2026-01-15T09:37:06","modified_gmt":"2026-01-15T08:37:06","slug":"linara-mountain-family-stay","status":"publish","type":"page","link":"https:\/\/www.italyfamilyhotels.it\/de\/family-hotels\/linara-mountain-family-stay","title":{"rendered":"Linara Mountain Family Stay"},"content":{"rendered":"\n<p>Die Berge in ihrer urspr\u00fcnglichsten Form und die Sch\u00f6nheit der S\u00fcdtiroler Gipfel, die vom ersten Augenblick an begeistern: Im <b>Linara Mountain Family Stay<\/b> in <b>Vals<\/b> erwarten wir Sie, um Ihrer Familie Tage voller Naturerlebnisse zu schenken.<\/p>\n\n\n\n<p>F\u00fcr Kinder haben wir eine ganz besondere Welt geschaffen, in der Liebe zu Tieren, Spiel und Abenteuer ineinandergreifen. Auf <b>Bioland<\/b>, unserer zertifizierten Landwirtschaft, lernen die Kinder einen respektvollen Umgang mit Tieren. Auf der <b>6 Hektar gro\u00dfen Wiese<\/b>, die das Hotel umgibt \u2013 mit <b>Maislabyrinth<\/b>, <b>Kr\u00e4utergarten<\/b>, <b>Lehrbienenstand<\/b>, Beerenstr\u00e4uchern und lockerem Baumbestand \u2013 erleben sie echte Naturerfahrungen in voller Sicherheit. Ein weiteres Highlight ist <b>Lina\u2019s Hut<\/b>, das zweist\u00f6ckige <b>Spiel-Bauernhaus<\/b> (120 m\u00b2), unterteilt in Themenbereiche f\u00fcr Kinder von 3 bis 13 Jahren. Hier begleiten Petra und Miriam, zwei <b>liebevolle und professionelle Kinderbetreuerinnen<\/b>, die kleinen G\u00e4ste von Montag bis Freitag, <b>9:00 bis 17:00<\/b> Uhr. Das <b>Mittagessen<\/b> ist f\u00fcr alle betreuten Kinder immer inklusive!<\/p>\n\n\n\n<p>W\u00e4hrend Ihre Kinder <b>basteln<\/b>, <b>Brot kneten<\/b>, die <b>Lern-Bauernhof<\/b>-Tiere besuchen oder sich bei der <b>Schatzsuche<\/b> austoben, k\u00f6nnen Sie sich entspannt in unserer <b>Spa<\/b> entspannen. Wenn Sie lieber <b>schwimmen<\/b>, erwartet Sie ein <b>beheiztes Panorama-Hallenbad<\/b> f\u00fcr die ganze Familie sowie ein <b>Babybecken<\/b> (25 cm tief) mit Rutsche und Wasserspielen.<\/p>\n\n\n\n<p>Sie m\u00f6chten in den Ferien jeden Moment mit der ganzen Familie genie\u00dfen? Dann sind Sie hier genau richtig. Im Sommer k\u00f6nnen Sie auf den <b>Wanderwegen<\/b> des Valser Tals auch mit einem <b>Kinderwagen<\/b> oder einer <b>Kindertrage<\/b> wandern, die Sie <b>kostenlos<\/b> bei uns ausleihen k\u00f6nnen, w\u00e4hrend Sie im Winter zwischen <b>Skifahren<\/b>, <b>Rodeln<\/b> und <b>Schneeschuhwandern<\/b> w\u00e4hlen k\u00f6nnen. Direkt hinter dem Hotel liegt au\u00dferdem der <b>Lara\u2019s Adventure Park<\/b>, fernab vom Stra\u00dfenverkehr, mit Trampolin, Pump-Track, Minifahrzeugen (im Winter ersetzt durch Bobs und Schlitten). Genie\u00dfen Sie einen Drink aus der Bar und entspannen Sie auf den B\u00e4nken, w\u00e4hrend Ihre Kinder spielen. F\u00fcr \u00e4ltere Kids gibt es zudem <b>Lara\u2019s Area<\/b>, ein besonders beliebter R\u00fcckzugsort \u2013 auch bei Eltern. Denn bei uns entdecken alle wieder ihre Freude am Kindsein!<\/p>\n","protected":false},"excerpt":{"rendered":"<p>Die Berge in ihrer urspr\u00fcnglichsten Form und die Sch\u00f6nheit der S\u00fcdtiroler Gipfel, die vom ersten Augenblick an begeistern: Im Linara Mountain Family Stay in Vals erwarten wir Sie, um Ihrer Familie Tage voller Naturerlebnisse zu schenken. F\u00fcr Kinder haben wir eine ganz besondere Welt geschaffen, in der Liebe zu Tieren, Spiel und Abenteuer ineinandergreifen. Auf &hellip;<\/p>\n","protected":false},"author":1,"featured_media":0,"parent":94,"menu_order":0,"comment_status":"closed","ping_status":"closed","template":"page-templates\/scheda_hotel.php","meta":{"_acf_changed":false,"inline_featured_image":false,"footnotes":""},"class_list":["post-72002","page","type-page","status-publish","hentry"],"acf":[],"yoast_head":"<!-- This site is optimized with the Yoast SEO plugin v27.1 - https:\/\/yoast.com\/product\/yoast-seo-wordpress\/ -->\n<title>Linara Mountain Family Stay 3 Sterne, Vals - Italy Family Hotels %<\/title>\n<meta name=\"description\" content=\"Lust auf einen Urlaub mit Ihrer Familie? Entdecken Sie die Familienangebote des Linara Mountain Family Stay in Vals\" \/>\n<meta name=\"robots\" content=\"index, follow, max-snippet:-1, max-image-preview:large, max-video-preview:-1\" \/>\n<link rel=\"canonical\" href=\"https:\/\/www.italyfamilyhotels.it\/de\/family-hotels\/linara-mountain-family-stay\" \/>\n<meta property=\"og:locale\" content=\"de_DE\" \/>\n<meta property=\"og:type\" content=\"article\" \/>\n<meta property=\"og:title\" content=\"Linara Mountain Family Stay 3 Sterne, Vals - Italy Family Hotels %\" \/>\n<meta property=\"og:description\" content=\"Lust auf einen Urlaub mit Ihrer Familie? Entdecken Sie die Familienangebote des Linara Mountain Family Stay in Vals\" \/>\n<meta property=\"og:url\" content=\"https:\/\/www.italyfamilyhotels.it\/de\/family-hotels\/linara-mountain-family-stay\" \/>\n<meta property=\"og:site_name\" content=\"Italy Family Hotels\" \/>\n<meta property=\"article:publisher\" content=\"https:\/\/www.facebook.com\/ItalyFamilyHotels\/\" \/>\n<meta property=\"article:modified_time\" content=\"2026-01-15T08:37:06+00:00\" \/>\n<meta name=\"twitter:card\" content=\"summary_large_image\" \/>\n<meta name=\"twitter:label1\" content=\"Gesch\u00e4tzte Lesezeit\" \/>\n\t<meta name=\"twitter:data1\" content=\"2\u00a0Minuten\" \/>\n<script type=\"application\/ld+json\" class=\"yoast-schema-graph\">{\"@context\":\"https:\/\/schema.org\",\"@graph\":[{\"@type\":\"WebPage\",\"@id\":\"https:\/\/www.italyfamilyhotels.it\/de\/family-hotels\/linara-mountain-family-stay\",\"url\":\"https:\/\/www.italyfamilyhotels.it\/de\/family-hotels\/linara-mountain-family-stay\",\"name\":\"Linara Mountain Family Stay 3 Sterne, Vals - Italy Family Hotels %\",\"isPartOf\":{\"@id\":\"https:\/\/www.italyfamilyhotels.it\/#website\"},\"datePublished\":\"2025-10-27T14:10:15+00:00\",\"dateModified\":\"2026-01-15T08:37:06+00:00\",\"description\":\"Lust auf einen Urlaub mit Ihrer Familie? Entdecken Sie die Familienangebote des Linara Mountain Family Stay in Vals\",\"breadcrumb\":{\"@id\":\"https:\/\/www.italyfamilyhotels.it\/de\/family-hotels\/linara-mountain-family-stay#breadcrumb\"},\"inLanguage\":\"de\",\"potentialAction\":[{\"@type\":\"ReadAction\",\"target\":[\"https:\/\/www.italyfamilyhotels.it\/de\/family-hotels\/linara-mountain-family-stay\"]}]},{\"@type\":\"BreadcrumbList\",\"@id\":\"https:\/\/www.italyfamilyhotels.it\/de\/family-hotels\/linara-mountain-family-stay#breadcrumb\",\"itemListElement\":[{\"@type\":\"ListItem\",\"position\":1,\"name\":\"Home\",\"item\":\"https:\/\/www.italyfamilyhotels.it\/de\"},{\"@type\":\"ListItem\",\"position\":2,\"name\":\"Family Hotels\",\"item\":\"https:\/\/www.italyfamilyhotels.it\/de\/family-hotels\"},{\"@type\":\"ListItem\",\"position\":3,\"name\":\"Linara Mountain Family Stay\"}]},{\"@type\":\"WebSite\",\"@id\":\"https:\/\/www.italyfamilyhotels.it\/#website\",\"url\":\"https:\/\/www.italyfamilyhotels.it\/\",\"name\":\"Italy Family Hotels\",\"description\":\"\",\"potentialAction\":[{\"@type\":\"SearchAction\",\"target\":{\"@type\":\"EntryPoint\",\"urlTemplate\":\"https:\/\/www.italyfamilyhotels.it\/?s={search_term_string}\"},\"query-input\":{\"@type\":\"PropertyValueSpecification\",\"valueRequired\":true,\"valueName\":\"search_term_string\"}}],\"inLanguage\":\"de\"}]}<\/script>\n<!-- \/ Yoast SEO plugin. -->","yoast_head_json":{"title":"Linara Mountain Family Stay 3 Sterne, Vals - Italy Family Hotels %","description":"Lust auf einen Urlaub mit Ihrer Familie? Entdecken Sie die Familienangebote des Linara Mountain Family Stay in Vals","robots":{"index":"index","follow":"follow","max-snippet":"max-snippet:-1","max-image-preview":"max-image-preview:large","max-video-preview":"max-video-preview:-1"},"canonical":"https:\/\/www.italyfamilyhotels.it\/de\/family-hotels\/linara-mountain-family-stay","og_locale":"de_DE","og_type":"article","og_title":"Linara Mountain Family Stay 3 Sterne, Vals - Italy Family Hotels %","og_description":"Lust auf einen Urlaub mit Ihrer Familie? Entdecken Sie die Familienangebote des Linara Mountain Family Stay in Vals","og_url":"https:\/\/www.italyfamilyhotels.it\/de\/family-hotels\/linara-mountain-family-stay","og_site_name":"Italy Family Hotels","article_publisher":"https:\/\/www.facebook.com\/ItalyFamilyHotels\/","article_modified_time":"2026-01-15T08:37:06+00:00","twitter_card":"summary_large_image","twitter_misc":{"Gesch\u00e4tzte Lesezeit":"2\u00a0Minuten"},"schema":{"@context":"https:\/\/schema.org","@graph":[{"@type":"WebPage","@id":"https:\/\/www.italyfamilyhotels.it\/de\/family-hotels\/linara-mountain-family-stay","url":"https:\/\/www.italyfamilyhotels.it\/de\/family-hotels\/linara-mountain-family-stay","name":"Linara Mountain Family Stay 3 Sterne, Vals - Italy Family Hotels %","isPartOf":{"@id":"https:\/\/www.italyfamilyhotels.it\/#website"},"datePublished":"2025-10-27T14:10:15+00:00","dateModified":"2026-01-15T08:37:06+00:00","description":"Lust auf einen Urlaub mit Ihrer Familie? Entdecken Sie die Familienangebote des Linara Mountain Family Stay in Vals","breadcrumb":{"@id":"https:\/\/www.italyfamilyhotels.it\/de\/family-hotels\/linara-mountain-family-stay#breadcrumb"},"inLanguage":"de","potentialAction":[{"@type":"ReadAction","target":["https:\/\/www.italyfamilyhotels.it\/de\/family-hotels\/linara-mountain-family-stay"]}]},{"@type":"BreadcrumbList","@id":"https:\/\/www.italyfamilyhotels.it\/de\/family-hotels\/linara-mountain-family-stay#breadcrumb","itemListElement":[{"@type":"ListItem","position":1,"name":"Home","item":"https:\/\/www.italyfamilyhotels.it\/de"},{"@type":"ListItem","position":2,"name":"Family Hotels","item":"https:\/\/www.italyfamilyhotels.it\/de\/family-hotels"},{"@type":"ListItem","position":3,"name":"Linara Mountain Family Stay"}]},{"@type":"WebSite","@id":"https:\/\/www.italyfamilyhotels.it\/#website","url":"https:\/\/www.italyfamilyhotels.it\/","name":"Italy Family Hotels","description":"","potentialAction":[{"@type":"SearchAction","target":{"@type":"EntryPoint","urlTemplate":"https:\/\/www.italyfamilyhotels.it\/?s={search_term_string}"},"query-input":{"@type":"PropertyValueSpecification","valueRequired":true,"valueName":"search_term_string"}}],"inLanguage":"de"}]}},"_links":{"self":[{"href":"https:\/\/www.italyfamilyhotels.it\/de\/wp-json\/wp\/v2\/pages\/72002","targetHints":{"allow":["GET"]}}],"collection":[{"href":"https:\/\/www.italyfamilyhotels.it\/de\/wp-json\/wp\/v2\/pages"}],"about":[{"href":"https:\/\/www.italyfamilyhotels.it\/de\/wp-json\/wp\/v2\/types\/page"}],"author":[{"embeddable":true,"href":"https:\/\/www.italyfamilyhotels.it\/de\/wp-json\/wp\/v2\/users\/1"}],"replies":[{"embeddable":true,"href":"https:\/\/www.italyfamilyhotels.it\/de\/wp-json\/wp\/v2\/comments?post=72002"}],"version-history":[{"count":3,"href":"https:\/\/www.italyfamilyhotels.it\/de\/wp-json\/wp\/v2\/pages\/72002\/revisions"}],"predecessor-version":[{"id":73745,"href":"https:\/\/www.italyfamilyhotels.it\/de\/wp-json\/wp\/v2\/pages\/72002\/revisions\/73745"}],"up":[{"embeddable":true,"href":"https:\/\/www.italyfamilyhotels.it\/de\/wp-json\/wp\/v2\/pages\/94"}],"wp:attachment":[{"href":"https:\/\/www.italyfamilyhotels.it\/de\/wp-json\/wp\/v2\/media?parent=72002"}],"curies":[{"name":"wp","href":"https:\/\/api.w.org\/{rel}","templated":true}]}}