{"id":71161,"date":"2025-09-19T08:56:39","date_gmt":"2025-09-19T06:56:39","guid":{"rendered":"https:\/\/www.italyfamilyhotels.it\/family-hotels\/active-familyhotel-adlernest"},"modified":"2025-12-04T13:07:59","modified_gmt":"2025-12-04T12:07:59","slug":"active-familyhotel-adlernest","status":"publish","type":"page","link":"https:\/\/www.italyfamilyhotels.it\/de\/family-hotels\/active-familyhotel-adlernest","title":{"rendered":"Active &#038; Familyhotel Adlernest"},"content":{"rendered":"\n<p>Ein alpines 4-Sterne-Refugium f\u00fcr besondere Abenteuer in der Natur:<b> <\/b>Wir hei\u00dfen Sie und Ihre Familie herzlich willkommen im <b>Active &amp; Familyhotel Adlernest im Schnalstal<\/b>.<\/p>\n\n\n\n<p>Hier finden Sie alles, was einen gelungenen Urlaub in gro\u00dfer H\u00f6he ausmacht: die bezaubernde Kulisse der verschneiten Berge, liebevoll gestaltete <b>Zimmer, Suiten und Apartments<\/b>, die auf die Bed\u00fcrfnisse von <b>Kindern im Urlaub<\/b> zugeschnitten sind, eine \u00fcberraschende K\u00fcche und einen gro\u00dfz\u00fcgigen Wellnessbereich. Doch was den Unterschied ausmacht, ist unsere Gastfreundschaft:<b> Seit \u00fcber 70 Jahren empfangen wir Familien<\/b> und schenken ihnen jene besondere Aufmerksamkeit und Zuwendung, die sie sich wie zu Hause f\u00fchlen l\u00e4sst.<\/p>\n\n\n\n<p>Gro\u00dfer Wert wird auf <b>Ruhe und Wohlbefinden<\/b> gelegt: Neben dem ausgestatteten <b>Fitnessraum<\/b> und <b>Yogakursen<\/b> erwartet Sie in der <b>Venusoase ein wunderbarer Wellnessbereich<\/b> mit finnischer Sauna, Tiroler Sauna, aromatischem Dampfbad, Latschenkiefer-Sauna, Infrarotkabine, warmem Whirlpool, Ruher\u00e4umen und dem <b>beheizten Innenpool Million Colour<\/b>.<\/p>\n\n\n\n<p>M\u00f6gen Sie <b>aktive Erlebnisse<\/b> in der Natur mit Ihrer Familie? Im Winter bringt Sie der bequeme <b>Skibus<\/b> <b>kostenlos auf die Pisten<\/b>, w\u00e4hrend wir im Sommer <b>gef\u00fchrte Wanderungen und Klettertouren<\/b> ab 7 Jahren organisieren.\u00a0<\/p>\n\n\n\n<p>Neben Aktivit\u00e4ten und <b>Animation f\u00fcr Kinder<\/b> bieten wir auch <b>spezielle Angebote f\u00fcr Jugendliche<\/b> \u2013 von uns liebevoll \u201eNull-Langeweile-Programme\u201c genannt \u2013, reich an authentischen Erlebnissen und viel Spa\u00df.<\/p>\n\n\n\n<p>Bereichert wird Ihr <b>Familienurlaub in den Bergen<\/b> durch die atemberaubende Sch\u00f6nheit des <b>Schnalstals<\/b> mit seinen <b>Alpenseen<\/b>, alten <b>Burgen<\/b>, wertvollen <b>Gletschern<\/b> und der M\u00f6glichkeit, zahlreiche <b>Outdoor-Aktivit\u00e4ten<\/b> zu genie\u00dfen \u2013 stets begleitet von frischer Luft und fantastischen Panoramen.<\/p>\n","protected":false},"excerpt":{"rendered":"<p>Ein alpines 4-Sterne-Refugium f\u00fcr besondere Abenteuer in der Natur: Wir hei\u00dfen Sie und Ihre Familie herzlich willkommen im Active &amp; Familyhotel Adlernest im Schnalstal. Hier finden Sie alles, was einen gelungenen Urlaub in gro\u00dfer H\u00f6he ausmacht: die bezaubernde Kulisse der verschneiten Berge, liebevoll gestaltete Zimmer, Suiten und Apartments, die auf die Bed\u00fcrfnisse von Kindern im &hellip;<\/p>\n","protected":false},"author":1,"featured_media":0,"parent":94,"menu_order":0,"comment_status":"closed","ping_status":"closed","template":"page-templates\/scheda_hotel.php","meta":{"_acf_changed":false,"inline_featured_image":false,"footnotes":""},"class_list":["post-71161","page","type-page","status-publish","hentry"],"acf":[],"yoast_head":"<!-- This site is optimized with the Yoast SEO plugin v27.1 - https:\/\/yoast.com\/product\/yoast-seo-wordpress\/ -->\n<title>Aktiv- &amp; Familienhotel Adlernest 4 Sterne Schnalstal - Italy Family Hotels<\/title>\n<meta name=\"description\" content=\"Lust auf einen Urlaub mit Ihrer Familie? Entdecken Sie die Familienangebote im Active &amp; Familyhotel Adlernest im Schnalstal\" \/>\n<meta name=\"robots\" content=\"index, follow, max-snippet:-1, max-image-preview:large, max-video-preview:-1\" \/>\n<link rel=\"canonical\" href=\"https:\/\/www.italyfamilyhotels.it\/de\/family-hotels\/active-familyhotel-adlernest\" \/>\n<meta property=\"og:locale\" content=\"de_DE\" \/>\n<meta property=\"og:type\" content=\"article\" \/>\n<meta property=\"og:title\" content=\"Aktiv- &amp; Familienhotel Adlernest 4 Sterne Schnalstal - Italy Family Hotels\" \/>\n<meta property=\"og:description\" content=\"Lust auf einen Urlaub mit Ihrer Familie? Entdecken Sie die Familienangebote im Active &amp; Familyhotel Adlernest im Schnalstal\" \/>\n<meta property=\"og:url\" content=\"https:\/\/www.italyfamilyhotels.it\/de\/family-hotels\/active-familyhotel-adlernest\" \/>\n<meta property=\"og:site_name\" content=\"Italy Family Hotels\" \/>\n<meta property=\"article:publisher\" content=\"https:\/\/www.facebook.com\/ItalyFamilyHotels\/\" \/>\n<meta property=\"article:modified_time\" content=\"2025-12-04T12:07:59+00:00\" \/>\n<meta name=\"twitter:card\" content=\"summary_large_image\" \/>\n<meta name=\"twitter:label1\" content=\"Gesch\u00e4tzte Lesezeit\" \/>\n\t<meta name=\"twitter:data1\" content=\"1\u00a0Minute\" \/>\n<script type=\"application\/ld+json\" class=\"yoast-schema-graph\">{\"@context\":\"https:\/\/schema.org\",\"@graph\":[{\"@type\":\"WebPage\",\"@id\":\"https:\/\/www.italyfamilyhotels.it\/de\/family-hotels\/active-familyhotel-adlernest\",\"url\":\"https:\/\/www.italyfamilyhotels.it\/de\/family-hotels\/active-familyhotel-adlernest\",\"name\":\"Aktiv- & Familienhotel Adlernest 4 Sterne Schnalstal - Italy Family Hotels\",\"isPartOf\":{\"@id\":\"https:\/\/www.italyfamilyhotels.it\/#website\"},\"datePublished\":\"2025-09-19T06:56:39+00:00\",\"dateModified\":\"2025-12-04T12:07:59+00:00\",\"description\":\"Lust auf einen Urlaub mit Ihrer Familie? Entdecken Sie die Familienangebote im Active & Familyhotel Adlernest im Schnalstal\",\"breadcrumb\":{\"@id\":\"https:\/\/www.italyfamilyhotels.it\/de\/family-hotels\/active-familyhotel-adlernest#breadcrumb\"},\"inLanguage\":\"de\",\"potentialAction\":[{\"@type\":\"ReadAction\",\"target\":[\"https:\/\/www.italyfamilyhotels.it\/de\/family-hotels\/active-familyhotel-adlernest\"]}]},{\"@type\":\"BreadcrumbList\",\"@id\":\"https:\/\/www.italyfamilyhotels.it\/de\/family-hotels\/active-familyhotel-adlernest#breadcrumb\",\"itemListElement\":[{\"@type\":\"ListItem\",\"position\":1,\"name\":\"Home\",\"item\":\"https:\/\/www.italyfamilyhotels.it\/de\"},{\"@type\":\"ListItem\",\"position\":2,\"name\":\"Family Hotels\",\"item\":\"https:\/\/www.italyfamilyhotels.it\/de\/family-hotels\"},{\"@type\":\"ListItem\",\"position\":3,\"name\":\"Active &#038; Familyhotel Adlernest\"}]},{\"@type\":\"WebSite\",\"@id\":\"https:\/\/www.italyfamilyhotels.it\/#website\",\"url\":\"https:\/\/www.italyfamilyhotels.it\/\",\"name\":\"Italy Family Hotels\",\"description\":\"\",\"potentialAction\":[{\"@type\":\"SearchAction\",\"target\":{\"@type\":\"EntryPoint\",\"urlTemplate\":\"https:\/\/www.italyfamilyhotels.it\/?s={search_term_string}\"},\"query-input\":{\"@type\":\"PropertyValueSpecification\",\"valueRequired\":true,\"valueName\":\"search_term_string\"}}],\"inLanguage\":\"de\"}]}<\/script>\n<!-- \/ Yoast SEO plugin. -->","yoast_head_json":{"title":"Aktiv- & Familienhotel Adlernest 4 Sterne Schnalstal - Italy Family Hotels","description":"Lust auf einen Urlaub mit Ihrer Familie? Entdecken Sie die Familienangebote im Active & Familyhotel Adlernest im Schnalstal","robots":{"index":"index","follow":"follow","max-snippet":"max-snippet:-1","max-image-preview":"max-image-preview:large","max-video-preview":"max-video-preview:-1"},"canonical":"https:\/\/www.italyfamilyhotels.it\/de\/family-hotels\/active-familyhotel-adlernest","og_locale":"de_DE","og_type":"article","og_title":"Aktiv- & Familienhotel Adlernest 4 Sterne Schnalstal - Italy Family Hotels","og_description":"Lust auf einen Urlaub mit Ihrer Familie? Entdecken Sie die Familienangebote im Active & Familyhotel Adlernest im Schnalstal","og_url":"https:\/\/www.italyfamilyhotels.it\/de\/family-hotels\/active-familyhotel-adlernest","og_site_name":"Italy Family Hotels","article_publisher":"https:\/\/www.facebook.com\/ItalyFamilyHotels\/","article_modified_time":"2025-12-04T12:07:59+00:00","twitter_card":"summary_large_image","twitter_misc":{"Gesch\u00e4tzte Lesezeit":"1\u00a0Minute"},"schema":{"@context":"https:\/\/schema.org","@graph":[{"@type":"WebPage","@id":"https:\/\/www.italyfamilyhotels.it\/de\/family-hotels\/active-familyhotel-adlernest","url":"https:\/\/www.italyfamilyhotels.it\/de\/family-hotels\/active-familyhotel-adlernest","name":"Aktiv- & Familienhotel Adlernest 4 Sterne Schnalstal - Italy Family Hotels","isPartOf":{"@id":"https:\/\/www.italyfamilyhotels.it\/#website"},"datePublished":"2025-09-19T06:56:39+00:00","dateModified":"2025-12-04T12:07:59+00:00","description":"Lust auf einen Urlaub mit Ihrer Familie? Entdecken Sie die Familienangebote im Active & Familyhotel Adlernest im Schnalstal","breadcrumb":{"@id":"https:\/\/www.italyfamilyhotels.it\/de\/family-hotels\/active-familyhotel-adlernest#breadcrumb"},"inLanguage":"de","potentialAction":[{"@type":"ReadAction","target":["https:\/\/www.italyfamilyhotels.it\/de\/family-hotels\/active-familyhotel-adlernest"]}]},{"@type":"BreadcrumbList","@id":"https:\/\/www.italyfamilyhotels.it\/de\/family-hotels\/active-familyhotel-adlernest#breadcrumb","itemListElement":[{"@type":"ListItem","position":1,"name":"Home","item":"https:\/\/www.italyfamilyhotels.it\/de"},{"@type":"ListItem","position":2,"name":"Family Hotels","item":"https:\/\/www.italyfamilyhotels.it\/de\/family-hotels"},{"@type":"ListItem","position":3,"name":"Active &#038; Familyhotel Adlernest"}]},{"@type":"WebSite","@id":"https:\/\/www.italyfamilyhotels.it\/#website","url":"https:\/\/www.italyfamilyhotels.it\/","name":"Italy Family Hotels","description":"","potentialAction":[{"@type":"SearchAction","target":{"@type":"EntryPoint","urlTemplate":"https:\/\/www.italyfamilyhotels.it\/?s={search_term_string}"},"query-input":{"@type":"PropertyValueSpecification","valueRequired":true,"valueName":"search_term_string"}}],"inLanguage":"de"}]}},"_links":{"self":[{"href":"https:\/\/www.italyfamilyhotels.it\/de\/wp-json\/wp\/v2\/pages\/71161","targetHints":{"allow":["GET"]}}],"collection":[{"href":"https:\/\/www.italyfamilyhotels.it\/de\/wp-json\/wp\/v2\/pages"}],"about":[{"href":"https:\/\/www.italyfamilyhotels.it\/de\/wp-json\/wp\/v2\/types\/page"}],"author":[{"embeddable":true,"href":"https:\/\/www.italyfamilyhotels.it\/de\/wp-json\/wp\/v2\/users\/1"}],"replies":[{"embeddable":true,"href":"https:\/\/www.italyfamilyhotels.it\/de\/wp-json\/wp\/v2\/comments?post=71161"}],"version-history":[{"count":3,"href":"https:\/\/www.italyfamilyhotels.it\/de\/wp-json\/wp\/v2\/pages\/71161\/revisions"}],"predecessor-version":[{"id":73108,"href":"https:\/\/www.italyfamilyhotels.it\/de\/wp-json\/wp\/v2\/pages\/71161\/revisions\/73108"}],"up":[{"embeddable":true,"href":"https:\/\/www.italyfamilyhotels.it\/de\/wp-json\/wp\/v2\/pages\/94"}],"wp:attachment":[{"href":"https:\/\/www.italyfamilyhotels.it\/de\/wp-json\/wp\/v2\/media?parent=71161"}],"curies":[{"name":"wp","href":"https:\/\/api.w.org\/{rel}","templated":true}]}}