{"id":70702,"date":"2025-07-15T13:00:30","date_gmt":"2025-07-15T11:00:30","guid":{"rendered":"https:\/\/www.italyfamilyhotels.it\/destinationen\/apulien\/family-hotels-in-ugento"},"modified":"2025-07-15T13:00:31","modified_gmt":"2025-07-15T11:00:31","slug":"family-hotels-in-ugento","status":"publish","type":"page","link":"https:\/\/www.italyfamilyhotels.it\/de\/destinationen\/apulien\/family-hotels-in-ugento","title":{"rendered":"Family-Hotels in Ugento"},"content":{"rendered":"\n<p>Der <b>Regionale Naturpark \u201eLitorale di Ugento\u201c<\/b> z\u00e4hlt zu den eindrucksvollsten Gebieten des <b>Salento<\/b> und vereint verschiedene, allesamt faszinierende Naturr\u00e4ume. Da gibt es den K\u00fcstenstreifen mit <b>goldgelben Sandd\u00fcnen<\/b>, die <b>mediterrane Macchia<\/b> mit duftenden Str\u00e4uchern, Pinien und Olivenb\u00e4umen sowie Feuchtgebiete mit Beobachtungst\u00fcrmen f\u00fcr Vogelbeobachtung \u2013 perfekt, um sie gemeinsam mit Kindern in gem\u00e4chlichem Tempo mit dem Fahrrad, zu Fu\u00df oder zu Pferd zu erkunden \u2013 ideal f\u00fcr einen <b>Familienurlaub im Salento.<\/b><\/p>\n\n\n\n<p>Der K\u00fcstenabschnitt am Ionischen Meer ist hier von unvergleichlicher Sch\u00f6nheit: endlose Sandstr\u00e4nde und ein Meer, das kristallklarer kaum sein k\u00f6nnte, versprechen unvergessliche <b>Tage am Meer<\/b> f\u00fcr <b>Gro\u00df und Klein<\/b>.<\/p>\n\n\n\n<p>Auf halben Weg zwischen <b>Gallipoli<\/b> und <b>Santa Maria di Leuca<\/b> gelegen, ist Ugento zudem ein idealer Ausgangspunkt um mit dem Rucksack loszuziehen und die Salento-Halbinsel zu entdecken \u2013 eine Schatzkiste voller einzigartiger Sch\u00f6nheiten und Traditionen.<\/p>\n","protected":false},"excerpt":{"rendered":"<p>Der Regionale Naturpark \u201eLitorale di Ugento\u201c z\u00e4hlt zu den eindrucksvollsten Gebieten des Salento und vereint verschiedene, allesamt faszinierende Naturr\u00e4ume. Da gibt es den K\u00fcstenstreifen mit goldgelben Sandd\u00fcnen, die mediterrane Macchia mit duftenden Str\u00e4uchern, Pinien und Olivenb\u00e4umen sowie Feuchtgebiete mit Beobachtungst\u00fcrmen f\u00fcr Vogelbeobachtung \u2013 perfekt, um sie gemeinsam mit Kindern in gem\u00e4chlichem Tempo mit dem Fahrrad, &hellip;<\/p>\n","protected":false},"author":167,"featured_media":0,"parent":1402,"menu_order":0,"comment_status":"closed","ping_status":"closed","template":"page-templates\/scheda_localita.php","meta":{"_acf_changed":false,"inline_featured_image":false,"footnotes":""},"class_list":["post-70702","page","type-page","status-publish","hentry"],"acf":[],"yoast_head":"<!-- This site is optimized with the Yoast SEO plugin v27.1 - https:\/\/yoast.com\/product\/yoast-seo-wordpress\/ -->\n<title>Familienhotel in Ugento: Die besten Family-Hotels in Salento<\/title>\n<meta name=\"description\" content=\"Lust auf einen Urlaub mit Kindern in Apulien\u00a0? Wir haben die besten Familienhotels in Ugento, Salento\" \/>\n<meta name=\"robots\" content=\"index, follow, max-snippet:-1, max-image-preview:large, max-video-preview:-1\" \/>\n<link rel=\"canonical\" href=\"https:\/\/www.italyfamilyhotels.it\/de\/destinationen\/apulien\/family-hotels-in-ugento\" \/>\n<meta property=\"og:locale\" content=\"de_DE\" \/>\n<meta property=\"og:type\" content=\"article\" \/>\n<meta property=\"og:title\" content=\"Familienhotel in Ugento: Die besten Family-Hotels in Salento\" \/>\n<meta property=\"og:description\" content=\"Lust auf einen Urlaub mit Kindern in Apulien\u00a0? Wir haben die besten Familienhotels in Ugento, Salento\" \/>\n<meta property=\"og:url\" content=\"https:\/\/www.italyfamilyhotels.it\/de\/destinationen\/apulien\/family-hotels-in-ugento\" \/>\n<meta property=\"og:site_name\" content=\"Italy Family Hotels\" \/>\n<meta property=\"article:publisher\" content=\"https:\/\/www.facebook.com\/ItalyFamilyHotels\/\" \/>\n<meta property=\"article:modified_time\" content=\"2025-07-15T11:00:31+00:00\" \/>\n<meta name=\"twitter:card\" content=\"summary_large_image\" \/>\n<meta name=\"twitter:label1\" content=\"Gesch\u00e4tzte Lesezeit\" \/>\n\t<meta name=\"twitter:data1\" content=\"1\u00a0Minute\" \/>\n<script type=\"application\/ld+json\" class=\"yoast-schema-graph\">{\"@context\":\"https:\/\/schema.org\",\"@graph\":[{\"@type\":\"WebPage\",\"@id\":\"https:\/\/www.italyfamilyhotels.it\/de\/destinationen\/apulien\/family-hotels-in-ugento\",\"url\":\"https:\/\/www.italyfamilyhotels.it\/de\/destinationen\/apulien\/family-hotels-in-ugento\",\"name\":\"Familienhotel in Ugento: Die besten Family-Hotels in Salento\",\"isPartOf\":{\"@id\":\"https:\/\/www.italyfamilyhotels.it\/#website\"},\"datePublished\":\"2025-07-15T11:00:30+00:00\",\"dateModified\":\"2025-07-15T11:00:31+00:00\",\"description\":\"Lust auf einen Urlaub mit Kindern in Apulien\u00a0? Wir haben die besten Familienhotels in Ugento, Salento\",\"breadcrumb\":{\"@id\":\"https:\/\/www.italyfamilyhotels.it\/de\/destinationen\/apulien\/family-hotels-in-ugento#breadcrumb\"},\"inLanguage\":\"de\",\"potentialAction\":[{\"@type\":\"ReadAction\",\"target\":[\"https:\/\/www.italyfamilyhotels.it\/de\/destinationen\/apulien\/family-hotels-in-ugento\"]}]},{\"@type\":\"BreadcrumbList\",\"@id\":\"https:\/\/www.italyfamilyhotels.it\/de\/destinationen\/apulien\/family-hotels-in-ugento#breadcrumb\",\"itemListElement\":[{\"@type\":\"ListItem\",\"position\":1,\"name\":\"Home\",\"item\":\"https:\/\/www.italyfamilyhotels.it\/de\"},{\"@type\":\"ListItem\",\"position\":2,\"name\":\"Destinationen\",\"item\":\"https:\/\/www.italyfamilyhotels.it\/de\/destinationen\"},{\"@type\":\"ListItem\",\"position\":3,\"name\":\"Apulien\",\"item\":\"https:\/\/www.italyfamilyhotels.it\/de\/destinationen\/apulien\"},{\"@type\":\"ListItem\",\"position\":4,\"name\":\"Family-Hotels in Ugento\"}]},{\"@type\":\"WebSite\",\"@id\":\"https:\/\/www.italyfamilyhotels.it\/#website\",\"url\":\"https:\/\/www.italyfamilyhotels.it\/\",\"name\":\"Italy Family Hotels\",\"description\":\"\",\"potentialAction\":[{\"@type\":\"SearchAction\",\"target\":{\"@type\":\"EntryPoint\",\"urlTemplate\":\"https:\/\/www.italyfamilyhotels.it\/?s={search_term_string}\"},\"query-input\":{\"@type\":\"PropertyValueSpecification\",\"valueRequired\":true,\"valueName\":\"search_term_string\"}}],\"inLanguage\":\"de\"}]}<\/script>\n<!-- \/ Yoast SEO plugin. -->","yoast_head_json":{"title":"Familienhotel in Ugento: Die besten Family-Hotels in Salento","description":"Lust auf einen Urlaub mit Kindern in Apulien\u00a0? Wir haben die besten Familienhotels in Ugento, Salento","robots":{"index":"index","follow":"follow","max-snippet":"max-snippet:-1","max-image-preview":"max-image-preview:large","max-video-preview":"max-video-preview:-1"},"canonical":"https:\/\/www.italyfamilyhotels.it\/de\/destinationen\/apulien\/family-hotels-in-ugento","og_locale":"de_DE","og_type":"article","og_title":"Familienhotel in Ugento: Die besten Family-Hotels in Salento","og_description":"Lust auf einen Urlaub mit Kindern in Apulien\u00a0? Wir haben die besten Familienhotels in Ugento, Salento","og_url":"https:\/\/www.italyfamilyhotels.it\/de\/destinationen\/apulien\/family-hotels-in-ugento","og_site_name":"Italy Family Hotels","article_publisher":"https:\/\/www.facebook.com\/ItalyFamilyHotels\/","article_modified_time":"2025-07-15T11:00:31+00:00","twitter_card":"summary_large_image","twitter_misc":{"Gesch\u00e4tzte Lesezeit":"1\u00a0Minute"},"schema":{"@context":"https:\/\/schema.org","@graph":[{"@type":"WebPage","@id":"https:\/\/www.italyfamilyhotels.it\/de\/destinationen\/apulien\/family-hotels-in-ugento","url":"https:\/\/www.italyfamilyhotels.it\/de\/destinationen\/apulien\/family-hotels-in-ugento","name":"Familienhotel in Ugento: Die besten Family-Hotels in Salento","isPartOf":{"@id":"https:\/\/www.italyfamilyhotels.it\/#website"},"datePublished":"2025-07-15T11:00:30+00:00","dateModified":"2025-07-15T11:00:31+00:00","description":"Lust auf einen Urlaub mit Kindern in Apulien\u00a0? Wir haben die besten Familienhotels in Ugento, Salento","breadcrumb":{"@id":"https:\/\/www.italyfamilyhotels.it\/de\/destinationen\/apulien\/family-hotels-in-ugento#breadcrumb"},"inLanguage":"de","potentialAction":[{"@type":"ReadAction","target":["https:\/\/www.italyfamilyhotels.it\/de\/destinationen\/apulien\/family-hotels-in-ugento"]}]},{"@type":"BreadcrumbList","@id":"https:\/\/www.italyfamilyhotels.it\/de\/destinationen\/apulien\/family-hotels-in-ugento#breadcrumb","itemListElement":[{"@type":"ListItem","position":1,"name":"Home","item":"https:\/\/www.italyfamilyhotels.it\/de"},{"@type":"ListItem","position":2,"name":"Destinationen","item":"https:\/\/www.italyfamilyhotels.it\/de\/destinationen"},{"@type":"ListItem","position":3,"name":"Apulien","item":"https:\/\/www.italyfamilyhotels.it\/de\/destinationen\/apulien"},{"@type":"ListItem","position":4,"name":"Family-Hotels in Ugento"}]},{"@type":"WebSite","@id":"https:\/\/www.italyfamilyhotels.it\/#website","url":"https:\/\/www.italyfamilyhotels.it\/","name":"Italy Family Hotels","description":"","potentialAction":[{"@type":"SearchAction","target":{"@type":"EntryPoint","urlTemplate":"https:\/\/www.italyfamilyhotels.it\/?s={search_term_string}"},"query-input":{"@type":"PropertyValueSpecification","valueRequired":true,"valueName":"search_term_string"}}],"inLanguage":"de"}]}},"_links":{"self":[{"href":"https:\/\/www.italyfamilyhotels.it\/de\/wp-json\/wp\/v2\/pages\/70702","targetHints":{"allow":["GET"]}}],"collection":[{"href":"https:\/\/www.italyfamilyhotels.it\/de\/wp-json\/wp\/v2\/pages"}],"about":[{"href":"https:\/\/www.italyfamilyhotels.it\/de\/wp-json\/wp\/v2\/types\/page"}],"author":[{"embeddable":true,"href":"https:\/\/www.italyfamilyhotels.it\/de\/wp-json\/wp\/v2\/users\/167"}],"replies":[{"embeddable":true,"href":"https:\/\/www.italyfamilyhotels.it\/de\/wp-json\/wp\/v2\/comments?post=70702"}],"version-history":[{"count":1,"href":"https:\/\/www.italyfamilyhotels.it\/de\/wp-json\/wp\/v2\/pages\/70702\/revisions"}],"predecessor-version":[{"id":70703,"href":"https:\/\/www.italyfamilyhotels.it\/de\/wp-json\/wp\/v2\/pages\/70702\/revisions\/70703"}],"up":[{"embeddable":true,"href":"https:\/\/www.italyfamilyhotels.it\/de\/wp-json\/wp\/v2\/pages\/1402"}],"wp:attachment":[{"href":"https:\/\/www.italyfamilyhotels.it\/de\/wp-json\/wp\/v2\/media?parent=70702"}],"curies":[{"name":"wp","href":"https:\/\/api.w.org\/{rel}","templated":true}]}}