{"id":70699,"date":"2025-07-15T13:00:28","date_gmt":"2025-07-15T11:00:28","guid":{"rendered":"https:\/\/www.italyfamilyhotels.it\/destinationen\/apulien\/family-hotel-in-torre-vado"},"modified":"2025-07-15T13:00:31","modified_gmt":"2025-07-15T11:00:31","slug":"family-hotel-in-torre-vado","status":"publish","type":"page","link":"https:\/\/www.italyfamilyhotels.it\/de\/destinationen\/apulien\/family-hotel-in-torre-vado","title":{"rendered":"Family-Hotel in Torre Vado"},"content":{"rendered":"\n<p>Es liegt direkt am Meer <b>des Salento<\/b>, <b>Torre Vado<\/b>, dort, wo der Yachthafen und die flache, glatte Felsk\u00fcste in einen langen, feinen Sandstrand \u00fcbergehen. Der Ort befindet sich in strategisch g\u00fcnstiger Lage, ganz in der N\u00e4he der <b>ber\u00fchmten Str\u00e4nde der ionischen K\u00fcste,<\/b> wie <b>Pescoluse<\/b>, <b>Torre San Giovanni<\/b> und <b>Gallipoli<\/b>.<\/p>\n\n\n\n<p>Nach dem stimmungsvollen Sonnenuntergang erwacht die <b>Uferpromenade von Torre Vado<\/b> zum Leben: mit Marktst\u00e4nden, Karussells f\u00fcr die Kleinen und Animationsprogramm. Dienstags findet ein Kunsthandwerksmarkt statt.<\/p>\n\n\n\n<p>Ein besonderes Highlight sind die <b>Bootsausfl\u00fcge<\/b> zu den beeindruckenden Grotten entlang der K\u00fcste. Gr\u00f6\u00dfere Kinder und Jugendliche k\u00f6nnen bei spannenden <b>Tauchg\u00e4ngen<\/b> auf Wracksuche gehen.<\/p>\n\n\n\n<p>Torre Vado ist auch ein idealer Ausgangspunkt f\u00fcr <b>Tagesausfl\u00fcge<\/b> zu wundersch\u00f6nen, bekannten Orten wie <b>Santa Maria di Leuca<\/b> sowie nach <b>Otranto<\/b> und <b>Lecce<\/b>, die in etwa einer Stunde erreichbar sind.<\/p>\n","protected":false},"excerpt":{"rendered":"<p>Es liegt direkt am Meer des Salento, Torre Vado, dort, wo der Yachthafen und die flache, glatte Felsk\u00fcste in einen langen, feinen Sandstrand \u00fcbergehen. Der Ort befindet sich in strategisch g\u00fcnstiger Lage, ganz in der N\u00e4he der ber\u00fchmten Str\u00e4nde der ionischen K\u00fcste, wie Pescoluse, Torre San Giovanni und Gallipoli. Nach dem stimmungsvollen Sonnenuntergang erwacht die &hellip;<\/p>\n","protected":false},"author":167,"featured_media":0,"parent":1402,"menu_order":0,"comment_status":"closed","ping_status":"closed","template":"page-templates\/scheda_localita.php","meta":{"_acf_changed":false,"inline_featured_image":false,"footnotes":""},"class_list":["post-70699","page","type-page","status-publish","hentry"],"acf":[],"yoast_head":"<!-- This site is optimized with the Yoast SEO plugin v27.1 - https:\/\/yoast.com\/product\/yoast-seo-wordpress\/ -->\n<title>Familienhotels in Torre Vado: die besten Family-Hotels im Salento<\/title>\n<meta name=\"description\" content=\"Lust auf einen Urlaub mit Kindern im Salento\u00a0? Beste Family Hotels in Torre Vado\" \/>\n<meta name=\"robots\" content=\"index, follow, max-snippet:-1, max-image-preview:large, max-video-preview:-1\" \/>\n<link rel=\"canonical\" href=\"https:\/\/www.italyfamilyhotels.it\/de\/destinationen\/apulien\/family-hotel-in-torre-vado\" \/>\n<meta property=\"og:locale\" content=\"de_DE\" \/>\n<meta property=\"og:type\" content=\"article\" \/>\n<meta property=\"og:title\" content=\"Familienhotels in Torre Vado: die besten Family-Hotels im Salento\" \/>\n<meta property=\"og:description\" content=\"Lust auf einen Urlaub mit Kindern im Salento\u00a0? Beste Family Hotels in Torre Vado\" \/>\n<meta property=\"og:url\" content=\"https:\/\/www.italyfamilyhotels.it\/de\/destinationen\/apulien\/family-hotel-in-torre-vado\" \/>\n<meta property=\"og:site_name\" content=\"Italy Family Hotels\" \/>\n<meta property=\"article:publisher\" content=\"https:\/\/www.facebook.com\/ItalyFamilyHotels\/\" \/>\n<meta property=\"article:modified_time\" content=\"2025-07-15T11:00:31+00:00\" \/>\n<meta name=\"twitter:card\" content=\"summary_large_image\" \/>\n<meta name=\"twitter:label1\" content=\"Gesch\u00e4tzte Lesezeit\" \/>\n\t<meta name=\"twitter:data1\" content=\"1\u00a0Minute\" \/>\n<script type=\"application\/ld+json\" class=\"yoast-schema-graph\">{\"@context\":\"https:\/\/schema.org\",\"@graph\":[{\"@type\":\"WebPage\",\"@id\":\"https:\/\/www.italyfamilyhotels.it\/de\/destinationen\/apulien\/family-hotel-in-torre-vado\",\"url\":\"https:\/\/www.italyfamilyhotels.it\/de\/destinationen\/apulien\/family-hotel-in-torre-vado\",\"name\":\"Familienhotels in Torre Vado: die besten Family-Hotels im Salento\",\"isPartOf\":{\"@id\":\"https:\/\/www.italyfamilyhotels.it\/#website\"},\"datePublished\":\"2025-07-15T11:00:28+00:00\",\"dateModified\":\"2025-07-15T11:00:31+00:00\",\"description\":\"Lust auf einen Urlaub mit Kindern im Salento\u00a0? Beste Family Hotels in Torre Vado\",\"breadcrumb\":{\"@id\":\"https:\/\/www.italyfamilyhotels.it\/de\/destinationen\/apulien\/family-hotel-in-torre-vado#breadcrumb\"},\"inLanguage\":\"de\",\"potentialAction\":[{\"@type\":\"ReadAction\",\"target\":[\"https:\/\/www.italyfamilyhotels.it\/de\/destinationen\/apulien\/family-hotel-in-torre-vado\"]}]},{\"@type\":\"BreadcrumbList\",\"@id\":\"https:\/\/www.italyfamilyhotels.it\/de\/destinationen\/apulien\/family-hotel-in-torre-vado#breadcrumb\",\"itemListElement\":[{\"@type\":\"ListItem\",\"position\":1,\"name\":\"Home\",\"item\":\"https:\/\/www.italyfamilyhotels.it\/de\"},{\"@type\":\"ListItem\",\"position\":2,\"name\":\"Destinationen\",\"item\":\"https:\/\/www.italyfamilyhotels.it\/de\/destinationen\"},{\"@type\":\"ListItem\",\"position\":3,\"name\":\"Apulien\",\"item\":\"https:\/\/www.italyfamilyhotels.it\/de\/destinationen\/apulien\"},{\"@type\":\"ListItem\",\"position\":4,\"name\":\"Family-Hotel in Torre Vado\"}]},{\"@type\":\"WebSite\",\"@id\":\"https:\/\/www.italyfamilyhotels.it\/#website\",\"url\":\"https:\/\/www.italyfamilyhotels.it\/\",\"name\":\"Italy Family Hotels\",\"description\":\"\",\"potentialAction\":[{\"@type\":\"SearchAction\",\"target\":{\"@type\":\"EntryPoint\",\"urlTemplate\":\"https:\/\/www.italyfamilyhotels.it\/?s={search_term_string}\"},\"query-input\":{\"@type\":\"PropertyValueSpecification\",\"valueRequired\":true,\"valueName\":\"search_term_string\"}}],\"inLanguage\":\"de\"}]}<\/script>\n<!-- \/ Yoast SEO plugin. -->","yoast_head_json":{"title":"Familienhotels in Torre Vado: die besten Family-Hotels im Salento","description":"Lust auf einen Urlaub mit Kindern im Salento\u00a0? Beste Family Hotels in Torre Vado","robots":{"index":"index","follow":"follow","max-snippet":"max-snippet:-1","max-image-preview":"max-image-preview:large","max-video-preview":"max-video-preview:-1"},"canonical":"https:\/\/www.italyfamilyhotels.it\/de\/destinationen\/apulien\/family-hotel-in-torre-vado","og_locale":"de_DE","og_type":"article","og_title":"Familienhotels in Torre Vado: die besten Family-Hotels im Salento","og_description":"Lust auf einen Urlaub mit Kindern im Salento\u00a0? Beste Family Hotels in Torre Vado","og_url":"https:\/\/www.italyfamilyhotels.it\/de\/destinationen\/apulien\/family-hotel-in-torre-vado","og_site_name":"Italy Family Hotels","article_publisher":"https:\/\/www.facebook.com\/ItalyFamilyHotels\/","article_modified_time":"2025-07-15T11:00:31+00:00","twitter_card":"summary_large_image","twitter_misc":{"Gesch\u00e4tzte Lesezeit":"1\u00a0Minute"},"schema":{"@context":"https:\/\/schema.org","@graph":[{"@type":"WebPage","@id":"https:\/\/www.italyfamilyhotels.it\/de\/destinationen\/apulien\/family-hotel-in-torre-vado","url":"https:\/\/www.italyfamilyhotels.it\/de\/destinationen\/apulien\/family-hotel-in-torre-vado","name":"Familienhotels in Torre Vado: die besten Family-Hotels im Salento","isPartOf":{"@id":"https:\/\/www.italyfamilyhotels.it\/#website"},"datePublished":"2025-07-15T11:00:28+00:00","dateModified":"2025-07-15T11:00:31+00:00","description":"Lust auf einen Urlaub mit Kindern im Salento\u00a0? Beste Family Hotels in Torre Vado","breadcrumb":{"@id":"https:\/\/www.italyfamilyhotels.it\/de\/destinationen\/apulien\/family-hotel-in-torre-vado#breadcrumb"},"inLanguage":"de","potentialAction":[{"@type":"ReadAction","target":["https:\/\/www.italyfamilyhotels.it\/de\/destinationen\/apulien\/family-hotel-in-torre-vado"]}]},{"@type":"BreadcrumbList","@id":"https:\/\/www.italyfamilyhotels.it\/de\/destinationen\/apulien\/family-hotel-in-torre-vado#breadcrumb","itemListElement":[{"@type":"ListItem","position":1,"name":"Home","item":"https:\/\/www.italyfamilyhotels.it\/de"},{"@type":"ListItem","position":2,"name":"Destinationen","item":"https:\/\/www.italyfamilyhotels.it\/de\/destinationen"},{"@type":"ListItem","position":3,"name":"Apulien","item":"https:\/\/www.italyfamilyhotels.it\/de\/destinationen\/apulien"},{"@type":"ListItem","position":4,"name":"Family-Hotel in Torre Vado"}]},{"@type":"WebSite","@id":"https:\/\/www.italyfamilyhotels.it\/#website","url":"https:\/\/www.italyfamilyhotels.it\/","name":"Italy Family Hotels","description":"","potentialAction":[{"@type":"SearchAction","target":{"@type":"EntryPoint","urlTemplate":"https:\/\/www.italyfamilyhotels.it\/?s={search_term_string}"},"query-input":{"@type":"PropertyValueSpecification","valueRequired":true,"valueName":"search_term_string"}}],"inLanguage":"de"}]}},"_links":{"self":[{"href":"https:\/\/www.italyfamilyhotels.it\/de\/wp-json\/wp\/v2\/pages\/70699","targetHints":{"allow":["GET"]}}],"collection":[{"href":"https:\/\/www.italyfamilyhotels.it\/de\/wp-json\/wp\/v2\/pages"}],"about":[{"href":"https:\/\/www.italyfamilyhotels.it\/de\/wp-json\/wp\/v2\/types\/page"}],"author":[{"embeddable":true,"href":"https:\/\/www.italyfamilyhotels.it\/de\/wp-json\/wp\/v2\/users\/167"}],"replies":[{"embeddable":true,"href":"https:\/\/www.italyfamilyhotels.it\/de\/wp-json\/wp\/v2\/comments?post=70699"}],"version-history":[{"count":1,"href":"https:\/\/www.italyfamilyhotels.it\/de\/wp-json\/wp\/v2\/pages\/70699\/revisions"}],"predecessor-version":[{"id":70700,"href":"https:\/\/www.italyfamilyhotels.it\/de\/wp-json\/wp\/v2\/pages\/70699\/revisions\/70700"}],"up":[{"embeddable":true,"href":"https:\/\/www.italyfamilyhotels.it\/de\/wp-json\/wp\/v2\/pages\/1402"}],"wp:attachment":[{"href":"https:\/\/www.italyfamilyhotels.it\/de\/wp-json\/wp\/v2\/media?parent=70699"}],"curies":[{"name":"wp","href":"https:\/\/api.w.org\/{rel}","templated":true}]}}