{"id":70687,"date":"2025-07-15T12:59:21","date_gmt":"2025-07-15T10:59:21","guid":{"rendered":"https:\/\/www.italyfamilyhotels.it\/angebote\/trentino-suedtirol\/family-hotel-in-lavarone"},"modified":"2025-07-15T12:59:23","modified_gmt":"2025-07-15T10:59:23","slug":"family-hotel-in-lavarone","status":"publish","type":"page","link":"https:\/\/www.italyfamilyhotels.it\/de\/angebote\/trentino-suedtirol\/family-hotel-in-lavarone","title":{"rendered":"Family Hotel in Lavarone"},"content":{"rendered":"\n<p>In der spektakul\u00e4ren Kulisse der Dolomiten liegt <b>Lavarone<\/b>, eine der vier Gemeinden der <b>Alpe Cimbra<\/b> \u2013 atemberaubende Landschaften und unber\u00fchrte Natur verschmelzen hier mit Geschichte, spannenden Details und alten Traditionen. Ein geschichtstr\u00e4chtiger Ort, der zur Zeit der Belle \u00c9poque ein beliebtes Reiseziel des Wiener Adels war, und der heute zu jeder Jahreszeit vielf\u00e4ltige Angebote und Aktivit\u00e4ten f\u00fcr Gro\u00df und Klein bereith\u00e4lt.<\/p>\n\n\n\n<p>Dieses Grenzland ist von zahlreichen milit\u00e4rischen Befestigungen durchzogen \u2013 darunter das <b>Forte Belvedere Gschwent<\/b>, eine der am besten erhaltenen Festungen der k.u.k. Monarchie. Heute beherbergt sie ein innovatives <b>Museum zum Ersten Weltkrieg<\/b>, das mit seinen <b>multimedialen Installationen<\/b> auch Kinder begeistert.<\/p>\n\n\n\n<p>Die Perle des Hochplateaus von Lavarone ist sein <b>See mit kristallklarem Wasser<\/b> und der Blauen Flagge, ausgestattet mit zwei gepflegten Strandb\u00e4dern und <b>Wanderwegen inmitten gr\u00fcner Natur.<\/b> Im Winter verwandelt sich der zugefrorene See in eine <b>Schlittschuhbahn<\/b> inmitten einer zauberhaften, verschneiten Landschaft.<\/p>\n\n\n\n<p>Eine Attraktion, die Familien auf keinen Fall verpassen sollten, sind die reizvollen <b>Themenwege<\/b>. Der <b>Respiro degli Alberi (Der Atem der B\u00e4ume)<\/b> ist ein faszinierender Land-Art-Weg: Entlang des Pfades sind zahlreiche Skulpturen verteilt, die sich harmonisch in die Landschaft einf\u00fcgen und eine magische Atmosph\u00e4re schaffen. Der <b>Sentiero delle Sorgenti (Quellenweg)<\/b> ist ein Spaziergang zur Entdeckung <b>alter Brunnen und Quellen<\/b>, begleitet von Informationstafeln, die Geschichten und Interessantes erz\u00e4hlen. <b>Quattro salti nel bosco (Vier Spr\u00fcnge im Wald)<\/b> ist ein Rundweg zur Entdeckung der Tiere, die im Wald leben, mit lustigen R\u00e4tseln zum L\u00f6sen. Zum Schluss f\u00fchrt der <b>Sentiero del Drago (Drachenpfad)<\/b> bis zur majest\u00e4tischen \u201eGefl\u00fcgelten Vaia-Drachen\u201c, einer beeindruckenden und symboltr\u00e4chtigen Skulptur, die 7 Meter hoch ist.<\/p>\n","protected":false},"excerpt":{"rendered":"<p>In der spektakul\u00e4ren Kulisse der Dolomiten liegt Lavarone, eine der vier Gemeinden der Alpe Cimbra \u2013 atemberaubende Landschaften und unber\u00fchrte Natur verschmelzen hier mit Geschichte, spannenden Details und alten Traditionen. Ein geschichtstr\u00e4chtiger Ort, der zur Zeit der Belle \u00c9poque ein beliebtes Reiseziel des Wiener Adels war, und der heute zu jeder Jahreszeit vielf\u00e4ltige Angebote und &hellip;<\/p>\n","protected":false},"author":167,"featured_media":0,"parent":1903,"menu_order":0,"comment_status":"closed","ping_status":"closed","template":"page-templates\/scheda_localita.php","meta":{"_acf_changed":false,"inline_featured_image":false,"footnotes":""},"class_list":["post-70687","page","type-page","status-publish","hentry"],"acf":[],"yoast_head":"<!-- This site is optimized with the Yoast SEO plugin v27.1 - https:\/\/yoast.com\/product\/yoast-seo-wordpress\/ -->\n<title>Familienhotel in Lavarone: Die besten Family Hotels in Lavarone<\/title>\n<meta name=\"description\" content=\"Lust auf einen Urlaub mit Kindern in Trentino-S\u00fcdtirol? Wir haben die besten Familienhotels in Lavarone f\u00fcr Sie ausgew\u00e4hlt!\" \/>\n<meta name=\"robots\" content=\"index, follow, max-snippet:-1, max-image-preview:large, max-video-preview:-1\" \/>\n<link rel=\"canonical\" href=\"https:\/\/www.italyfamilyhotels.it\/de\/angebote\/trentino-suedtirol\/family-hotel-in-lavarone\" \/>\n<meta property=\"og:locale\" content=\"de_DE\" \/>\n<meta property=\"og:type\" content=\"article\" \/>\n<meta property=\"og:title\" content=\"Familienhotel in Lavarone: Die besten Family Hotels in Lavarone\" \/>\n<meta property=\"og:description\" content=\"Lust auf einen Urlaub mit Kindern in Trentino-S\u00fcdtirol? Wir haben die besten Familienhotels in Lavarone f\u00fcr Sie ausgew\u00e4hlt!\" \/>\n<meta property=\"og:url\" content=\"https:\/\/www.italyfamilyhotels.it\/de\/angebote\/trentino-suedtirol\/family-hotel-in-lavarone\" \/>\n<meta property=\"og:site_name\" content=\"Italy Family Hotels\" \/>\n<meta property=\"article:publisher\" content=\"https:\/\/www.facebook.com\/ItalyFamilyHotels\/\" \/>\n<meta property=\"article:modified_time\" content=\"2025-07-15T10:59:23+00:00\" \/>\n<meta name=\"twitter:card\" content=\"summary_large_image\" \/>\n<meta name=\"twitter:label1\" content=\"Gesch\u00e4tzte Lesezeit\" \/>\n\t<meta name=\"twitter:data1\" content=\"1\u00a0Minute\" \/>\n<script type=\"application\/ld+json\" class=\"yoast-schema-graph\">{\"@context\":\"https:\/\/schema.org\",\"@graph\":[{\"@type\":\"WebPage\",\"@id\":\"https:\/\/www.italyfamilyhotels.it\/de\/angebote\/trentino-suedtirol\/family-hotel-in-lavarone\",\"url\":\"https:\/\/www.italyfamilyhotels.it\/de\/angebote\/trentino-suedtirol\/family-hotel-in-lavarone\",\"name\":\"Familienhotel in Lavarone: Die besten Family Hotels in Lavarone\",\"isPartOf\":{\"@id\":\"https:\/\/www.italyfamilyhotels.it\/#website\"},\"datePublished\":\"2025-07-15T10:59:21+00:00\",\"dateModified\":\"2025-07-15T10:59:23+00:00\",\"description\":\"Lust auf einen Urlaub mit Kindern in Trentino-S\u00fcdtirol? Wir haben die besten Familienhotels in Lavarone f\u00fcr Sie ausgew\u00e4hlt!\",\"breadcrumb\":{\"@id\":\"https:\/\/www.italyfamilyhotels.it\/de\/angebote\/trentino-suedtirol\/family-hotel-in-lavarone#breadcrumb\"},\"inLanguage\":\"de\",\"potentialAction\":[{\"@type\":\"ReadAction\",\"target\":[\"https:\/\/www.italyfamilyhotels.it\/de\/angebote\/trentino-suedtirol\/family-hotel-in-lavarone\"]}]},{\"@type\":\"BreadcrumbList\",\"@id\":\"https:\/\/www.italyfamilyhotels.it\/de\/angebote\/trentino-suedtirol\/family-hotel-in-lavarone#breadcrumb\",\"itemListElement\":[{\"@type\":\"ListItem\",\"position\":1,\"name\":\"Home\",\"item\":\"https:\/\/www.italyfamilyhotels.it\/de\"},{\"@type\":\"ListItem\",\"position\":2,\"name\":\"Angebote\",\"item\":\"https:\/\/www.italyfamilyhotels.it\/de\/angebote\"},{\"@type\":\"ListItem\",\"position\":3,\"name\":\"Trentino-S\u00fcdtirol\",\"item\":\"https:\/\/www.italyfamilyhotels.it\/de\/angebote\/trentino-suedtirol\"},{\"@type\":\"ListItem\",\"position\":4,\"name\":\"Family Hotel in Lavarone\"}]},{\"@type\":\"WebSite\",\"@id\":\"https:\/\/www.italyfamilyhotels.it\/#website\",\"url\":\"https:\/\/www.italyfamilyhotels.it\/\",\"name\":\"Italy Family Hotels\",\"description\":\"\",\"potentialAction\":[{\"@type\":\"SearchAction\",\"target\":{\"@type\":\"EntryPoint\",\"urlTemplate\":\"https:\/\/www.italyfamilyhotels.it\/?s={search_term_string}\"},\"query-input\":{\"@type\":\"PropertyValueSpecification\",\"valueRequired\":true,\"valueName\":\"search_term_string\"}}],\"inLanguage\":\"de\"}]}<\/script>\n<!-- \/ Yoast SEO plugin. -->","yoast_head_json":{"title":"Familienhotel in Lavarone: Die besten Family Hotels in Lavarone","description":"Lust auf einen Urlaub mit Kindern in Trentino-S\u00fcdtirol? Wir haben die besten Familienhotels in Lavarone f\u00fcr Sie ausgew\u00e4hlt!","robots":{"index":"index","follow":"follow","max-snippet":"max-snippet:-1","max-image-preview":"max-image-preview:large","max-video-preview":"max-video-preview:-1"},"canonical":"https:\/\/www.italyfamilyhotels.it\/de\/angebote\/trentino-suedtirol\/family-hotel-in-lavarone","og_locale":"de_DE","og_type":"article","og_title":"Familienhotel in Lavarone: Die besten Family Hotels in Lavarone","og_description":"Lust auf einen Urlaub mit Kindern in Trentino-S\u00fcdtirol? Wir haben die besten Familienhotels in Lavarone f\u00fcr Sie ausgew\u00e4hlt!","og_url":"https:\/\/www.italyfamilyhotels.it\/de\/angebote\/trentino-suedtirol\/family-hotel-in-lavarone","og_site_name":"Italy Family Hotels","article_publisher":"https:\/\/www.facebook.com\/ItalyFamilyHotels\/","article_modified_time":"2025-07-15T10:59:23+00:00","twitter_card":"summary_large_image","twitter_misc":{"Gesch\u00e4tzte Lesezeit":"1\u00a0Minute"},"schema":{"@context":"https:\/\/schema.org","@graph":[{"@type":"WebPage","@id":"https:\/\/www.italyfamilyhotels.it\/de\/angebote\/trentino-suedtirol\/family-hotel-in-lavarone","url":"https:\/\/www.italyfamilyhotels.it\/de\/angebote\/trentino-suedtirol\/family-hotel-in-lavarone","name":"Familienhotel in Lavarone: Die besten Family Hotels in Lavarone","isPartOf":{"@id":"https:\/\/www.italyfamilyhotels.it\/#website"},"datePublished":"2025-07-15T10:59:21+00:00","dateModified":"2025-07-15T10:59:23+00:00","description":"Lust auf einen Urlaub mit Kindern in Trentino-S\u00fcdtirol? Wir haben die besten Familienhotels in Lavarone f\u00fcr Sie ausgew\u00e4hlt!","breadcrumb":{"@id":"https:\/\/www.italyfamilyhotels.it\/de\/angebote\/trentino-suedtirol\/family-hotel-in-lavarone#breadcrumb"},"inLanguage":"de","potentialAction":[{"@type":"ReadAction","target":["https:\/\/www.italyfamilyhotels.it\/de\/angebote\/trentino-suedtirol\/family-hotel-in-lavarone"]}]},{"@type":"BreadcrumbList","@id":"https:\/\/www.italyfamilyhotels.it\/de\/angebote\/trentino-suedtirol\/family-hotel-in-lavarone#breadcrumb","itemListElement":[{"@type":"ListItem","position":1,"name":"Home","item":"https:\/\/www.italyfamilyhotels.it\/de"},{"@type":"ListItem","position":2,"name":"Angebote","item":"https:\/\/www.italyfamilyhotels.it\/de\/angebote"},{"@type":"ListItem","position":3,"name":"Trentino-S\u00fcdtirol","item":"https:\/\/www.italyfamilyhotels.it\/de\/angebote\/trentino-suedtirol"},{"@type":"ListItem","position":4,"name":"Family Hotel in Lavarone"}]},{"@type":"WebSite","@id":"https:\/\/www.italyfamilyhotels.it\/#website","url":"https:\/\/www.italyfamilyhotels.it\/","name":"Italy Family Hotels","description":"","potentialAction":[{"@type":"SearchAction","target":{"@type":"EntryPoint","urlTemplate":"https:\/\/www.italyfamilyhotels.it\/?s={search_term_string}"},"query-input":{"@type":"PropertyValueSpecification","valueRequired":true,"valueName":"search_term_string"}}],"inLanguage":"de"}]}},"_links":{"self":[{"href":"https:\/\/www.italyfamilyhotels.it\/de\/wp-json\/wp\/v2\/pages\/70687","targetHints":{"allow":["GET"]}}],"collection":[{"href":"https:\/\/www.italyfamilyhotels.it\/de\/wp-json\/wp\/v2\/pages"}],"about":[{"href":"https:\/\/www.italyfamilyhotels.it\/de\/wp-json\/wp\/v2\/types\/page"}],"author":[{"embeddable":true,"href":"https:\/\/www.italyfamilyhotels.it\/de\/wp-json\/wp\/v2\/users\/167"}],"replies":[{"embeddable":true,"href":"https:\/\/www.italyfamilyhotels.it\/de\/wp-json\/wp\/v2\/comments?post=70687"}],"version-history":[{"count":1,"href":"https:\/\/www.italyfamilyhotels.it\/de\/wp-json\/wp\/v2\/pages\/70687\/revisions"}],"predecessor-version":[{"id":70688,"href":"https:\/\/www.italyfamilyhotels.it\/de\/wp-json\/wp\/v2\/pages\/70687\/revisions\/70688"}],"up":[{"embeddable":true,"href":"https:\/\/www.italyfamilyhotels.it\/de\/wp-json\/wp\/v2\/pages\/1903"}],"wp:attachment":[{"href":"https:\/\/www.italyfamilyhotels.it\/de\/wp-json\/wp\/v2\/media?parent=70687"}],"curies":[{"name":"wp","href":"https:\/\/api.w.org\/{rel}","templated":true}]}}