{"id":69472,"date":"2025-06-03T08:42:20","date_gmt":"2025-06-03T06:42:20","guid":{"rendered":"https:\/\/www.italyfamilyhotels.it\/family-hotels\/caminetto-mountain-resort"},"modified":"2025-07-15T12:58:09","modified_gmt":"2025-07-15T10:58:09","slug":"caminetto-mountain-resort","status":"publish","type":"page","link":"https:\/\/www.italyfamilyhotels.it\/de\/family-hotels\/caminetto-mountain-resort","title":{"rendered":"Caminetto Mountain Resort"},"content":{"rendered":"\n<p>Tr\u00e4umen Sie von einem Urlaub, in dem <b>Freiheit und Gl\u00fcck Hand in Hand <\/b>gehen? Wir freuen uns auf Sie im<b> Caminetto Mountain Resort in Lavarone, in der wundersch\u00f6nen Umgebung der Alpe Cimbra<\/b>. Bei uns verbindet sich die <b>uralte Tradition der Trentiner Gastfreundschaft<\/b>, die f\u00fcr einen herzlichen Empfang und gutes Essen steht, harmonisch mit einer einzigartigen Servicequalit\u00e4t, die Ihnen und Ihrer Familie einen <b>unbeschwerten und gl\u00fccklichen Urlaub<\/b> garantieren soll.<\/p>\n\n\n\n<p>Das <b>warme Ambiente<\/b>, die <b>raffinierte K\u00fcche,<\/b> die <b>komfortablen und ger\u00e4umigen Zimmer<\/b>, der <b>gro\u00dfe<\/b>, gut ausgestattete <b>Garten<\/b>, das <b>Frei- und Hallenbad<\/b>, das<b> neue Kinderspielzimmer<\/b>, der <b>wunderbare Wellnessbereich<\/b>: Das sind nur einige der Eigenschaften, die unser Resort besonders machen \u2013 zus\u00e4tzlich zu unserem Einsatz, Ihren Urlaub zu einem kleinen Traum in den Bergen zu machen.<\/p>\n\n\n\n<p>Wir befinden uns <b>in der wundersch\u00f6nen Umgebung des Lavarone-Hochplateaus<\/b>, inmitten von W\u00e4ldern und Gr\u00fcnfl\u00e4chen, einen Kilometer vom herrlichen See entfernt, in der N\u00e4he der <b>Skipisten<\/b> und dem Ausgangspunkt <b>zahlreicher Wanderrouten<\/b>. In der N\u00e4he gibt es auch eine\u00a0<b>Kletterhalle<\/b>, einen <b>Reitstall f\u00fcr Ausritte<\/b>,\u00a0<b>Mountainbike-Strecken<\/b> und einen Golfplatz. Auf dem Sportplatz, der nur wenige Meter vom Hotel entfernt ist, haben Sie die M\u00f6glichkeit\u00a0<b>Tennis<\/b>,\u00a0<b>Volleyball<\/b>\u00a0und <b>Fu\u00dfball<\/b> zu spielen.<\/p>\n\n\n\n<p>Zur Freude Ihrer Kinder gibt es in der Umgebung zahlreiche Attraktionen, die Sie nicht verpassen sollten: vom <b>Drago Vaia<\/b>, dem gr\u00f6\u00dften Holz-Drachen Europas, \u00fcber den <b>Sentiero dell&#039;Immaginario<\/b> (<b>Wanderweg der Fantasie)<\/b>, der das Cimbra-M\u00e4rchen erz\u00e4hlt, bis hin zum reizvollen <b>Museo del Miele (Honigmuseum)<\/b>, das es gemeinsam zu entdecken gilt.<\/p>\n","protected":false},"excerpt":{"rendered":"<p>Tr\u00e4umen Sie von einem Urlaub, in dem Freiheit und Gl\u00fcck Hand in Hand gehen? Wir freuen uns auf Sie im Caminetto Mountain Resort in Lavarone, in der wundersch\u00f6nen Umgebung der Alpe Cimbra. Bei uns verbindet sich die uralte Tradition der Trentiner Gastfreundschaft, die f\u00fcr einen herzlichen Empfang und gutes Essen steht, harmonisch mit einer einzigartigen &hellip;<\/p>\n","protected":false},"author":1,"featured_media":0,"parent":94,"menu_order":0,"comment_status":"closed","ping_status":"closed","template":"page-templates\/scheda_hotel.php","meta":{"_acf_changed":false,"inline_featured_image":false,"footnotes":""},"class_list":["post-69472","page","type-page","status-publish","hentry"],"acf":[],"yoast_head":"<!-- This site is optimized with the Yoast SEO plugin v27.1 - https:\/\/yoast.com\/product\/yoast-seo-wordpress\/ -->\n<title>Caminetto Mountain Resort - Italy Family Hotels<\/title>\n<meta name=\"robots\" content=\"index, follow, max-snippet:-1, max-image-preview:large, max-video-preview:-1\" \/>\n<link rel=\"canonical\" href=\"https:\/\/www.italyfamilyhotels.it\/de\/family-hotels\/caminetto-mountain-resort\" \/>\n<meta property=\"og:locale\" content=\"de_DE\" \/>\n<meta property=\"og:type\" content=\"article\" \/>\n<meta property=\"og:title\" content=\"Caminetto Mountain Resort - Italy Family Hotels\" \/>\n<meta property=\"og:description\" content=\"Tr\u00e4umen Sie von einem Urlaub, in dem Freiheit und Gl\u00fcck Hand in Hand gehen? Wir freuen uns auf Sie im Caminetto Mountain Resort in Lavarone, in der wundersch\u00f6nen Umgebung der Alpe Cimbra. Bei uns verbindet sich die uralte Tradition der Trentiner Gastfreundschaft, die f\u00fcr einen herzlichen Empfang und gutes Essen steht, harmonisch mit einer einzigartigen &hellip;\" \/>\n<meta property=\"og:url\" content=\"https:\/\/www.italyfamilyhotels.it\/de\/family-hotels\/caminetto-mountain-resort\" \/>\n<meta property=\"og:site_name\" content=\"Italy Family Hotels\" \/>\n<meta property=\"article:publisher\" content=\"https:\/\/www.facebook.com\/ItalyFamilyHotels\/\" \/>\n<meta property=\"article:modified_time\" content=\"2025-07-15T10:58:09+00:00\" \/>\n<meta name=\"twitter:card\" content=\"summary_large_image\" \/>\n<meta name=\"twitter:label1\" content=\"Gesch\u00e4tzte Lesezeit\" \/>\n\t<meta name=\"twitter:data1\" content=\"1\u00a0Minute\" \/>\n<script type=\"application\/ld+json\" class=\"yoast-schema-graph\">{\"@context\":\"https:\/\/schema.org\",\"@graph\":[{\"@type\":\"WebPage\",\"@id\":\"https:\/\/www.italyfamilyhotels.it\/de\/family-hotels\/caminetto-mountain-resort\",\"url\":\"https:\/\/www.italyfamilyhotels.it\/de\/family-hotels\/caminetto-mountain-resort\",\"name\":\"Caminetto Mountain Resort - Italy Family Hotels\",\"isPartOf\":{\"@id\":\"https:\/\/www.italyfamilyhotels.it\/#website\"},\"datePublished\":\"2025-06-03T06:42:20+00:00\",\"dateModified\":\"2025-07-15T10:58:09+00:00\",\"breadcrumb\":{\"@id\":\"https:\/\/www.italyfamilyhotels.it\/de\/family-hotels\/caminetto-mountain-resort#breadcrumb\"},\"inLanguage\":\"de\",\"potentialAction\":[{\"@type\":\"ReadAction\",\"target\":[\"https:\/\/www.italyfamilyhotels.it\/de\/family-hotels\/caminetto-mountain-resort\"]}]},{\"@type\":\"BreadcrumbList\",\"@id\":\"https:\/\/www.italyfamilyhotels.it\/de\/family-hotels\/caminetto-mountain-resort#breadcrumb\",\"itemListElement\":[{\"@type\":\"ListItem\",\"position\":1,\"name\":\"Home\",\"item\":\"https:\/\/www.italyfamilyhotels.it\/de\"},{\"@type\":\"ListItem\",\"position\":2,\"name\":\"Family Hotels\",\"item\":\"https:\/\/www.italyfamilyhotels.it\/de\/family-hotels\"},{\"@type\":\"ListItem\",\"position\":3,\"name\":\"Caminetto Mountain Resort\"}]},{\"@type\":\"WebSite\",\"@id\":\"https:\/\/www.italyfamilyhotels.it\/#website\",\"url\":\"https:\/\/www.italyfamilyhotels.it\/\",\"name\":\"Italy Family Hotels\",\"description\":\"\",\"potentialAction\":[{\"@type\":\"SearchAction\",\"target\":{\"@type\":\"EntryPoint\",\"urlTemplate\":\"https:\/\/www.italyfamilyhotels.it\/?s={search_term_string}\"},\"query-input\":{\"@type\":\"PropertyValueSpecification\",\"valueRequired\":true,\"valueName\":\"search_term_string\"}}],\"inLanguage\":\"de\"}]}<\/script>\n<!-- \/ Yoast SEO plugin. -->","yoast_head_json":{"title":"Caminetto Mountain Resort - Italy Family Hotels","robots":{"index":"index","follow":"follow","max-snippet":"max-snippet:-1","max-image-preview":"max-image-preview:large","max-video-preview":"max-video-preview:-1"},"canonical":"https:\/\/www.italyfamilyhotels.it\/de\/family-hotels\/caminetto-mountain-resort","og_locale":"de_DE","og_type":"article","og_title":"Caminetto Mountain Resort - Italy Family Hotels","og_description":"Tr\u00e4umen Sie von einem Urlaub, in dem Freiheit und Gl\u00fcck Hand in Hand gehen? Wir freuen uns auf Sie im Caminetto Mountain Resort in Lavarone, in der wundersch\u00f6nen Umgebung der Alpe Cimbra. Bei uns verbindet sich die uralte Tradition der Trentiner Gastfreundschaft, die f\u00fcr einen herzlichen Empfang und gutes Essen steht, harmonisch mit einer einzigartigen &hellip;","og_url":"https:\/\/www.italyfamilyhotels.it\/de\/family-hotels\/caminetto-mountain-resort","og_site_name":"Italy Family Hotels","article_publisher":"https:\/\/www.facebook.com\/ItalyFamilyHotels\/","article_modified_time":"2025-07-15T10:58:09+00:00","twitter_card":"summary_large_image","twitter_misc":{"Gesch\u00e4tzte Lesezeit":"1\u00a0Minute"},"schema":{"@context":"https:\/\/schema.org","@graph":[{"@type":"WebPage","@id":"https:\/\/www.italyfamilyhotels.it\/de\/family-hotels\/caminetto-mountain-resort","url":"https:\/\/www.italyfamilyhotels.it\/de\/family-hotels\/caminetto-mountain-resort","name":"Caminetto Mountain Resort - Italy Family Hotels","isPartOf":{"@id":"https:\/\/www.italyfamilyhotels.it\/#website"},"datePublished":"2025-06-03T06:42:20+00:00","dateModified":"2025-07-15T10:58:09+00:00","breadcrumb":{"@id":"https:\/\/www.italyfamilyhotels.it\/de\/family-hotels\/caminetto-mountain-resort#breadcrumb"},"inLanguage":"de","potentialAction":[{"@type":"ReadAction","target":["https:\/\/www.italyfamilyhotels.it\/de\/family-hotels\/caminetto-mountain-resort"]}]},{"@type":"BreadcrumbList","@id":"https:\/\/www.italyfamilyhotels.it\/de\/family-hotels\/caminetto-mountain-resort#breadcrumb","itemListElement":[{"@type":"ListItem","position":1,"name":"Home","item":"https:\/\/www.italyfamilyhotels.it\/de"},{"@type":"ListItem","position":2,"name":"Family Hotels","item":"https:\/\/www.italyfamilyhotels.it\/de\/family-hotels"},{"@type":"ListItem","position":3,"name":"Caminetto Mountain Resort"}]},{"@type":"WebSite","@id":"https:\/\/www.italyfamilyhotels.it\/#website","url":"https:\/\/www.italyfamilyhotels.it\/","name":"Italy Family Hotels","description":"","potentialAction":[{"@type":"SearchAction","target":{"@type":"EntryPoint","urlTemplate":"https:\/\/www.italyfamilyhotels.it\/?s={search_term_string}"},"query-input":{"@type":"PropertyValueSpecification","valueRequired":true,"valueName":"search_term_string"}}],"inLanguage":"de"}]}},"_links":{"self":[{"href":"https:\/\/www.italyfamilyhotels.it\/de\/wp-json\/wp\/v2\/pages\/69472","targetHints":{"allow":["GET"]}}],"collection":[{"href":"https:\/\/www.italyfamilyhotels.it\/de\/wp-json\/wp\/v2\/pages"}],"about":[{"href":"https:\/\/www.italyfamilyhotels.it\/de\/wp-json\/wp\/v2\/types\/page"}],"author":[{"embeddable":true,"href":"https:\/\/www.italyfamilyhotels.it\/de\/wp-json\/wp\/v2\/users\/1"}],"replies":[{"embeddable":true,"href":"https:\/\/www.italyfamilyhotels.it\/de\/wp-json\/wp\/v2\/comments?post=69472"}],"version-history":[{"count":2,"href":"https:\/\/www.italyfamilyhotels.it\/de\/wp-json\/wp\/v2\/pages\/69472\/revisions"}],"predecessor-version":[{"id":70678,"href":"https:\/\/www.italyfamilyhotels.it\/de\/wp-json\/wp\/v2\/pages\/69472\/revisions\/70678"}],"up":[{"embeddable":true,"href":"https:\/\/www.italyfamilyhotels.it\/de\/wp-json\/wp\/v2\/pages\/94"}],"wp:attachment":[{"href":"https:\/\/www.italyfamilyhotels.it\/de\/wp-json\/wp\/v2\/media?parent=69472"}],"curies":[{"name":"wp","href":"https:\/\/api.w.org\/{rel}","templated":true}]}}