{"id":68985,"date":"2025-05-13T08:45:51","date_gmt":"2025-05-13T06:45:51","guid":{"rendered":"https:\/\/www.italyfamilyhotels.it\/family-hotels\/cala-saracena-resort"},"modified":"2025-07-15T12:58:07","modified_gmt":"2025-07-15T10:58:07","slug":"cala-saracena-resort","status":"publish","type":"page","link":"https:\/\/www.italyfamilyhotels.it\/de\/family-hotels\/cala-saracena-resort","title":{"rendered":"Cala Saracena Resort"},"content":{"rendered":"\n<p>Nur wenige Schritte von den wundersch\u00f6nen Str\u00e4nden mit feinem Sand und kristallklarem Wasser des <b>Salento<\/b> entfernt, erwarten wir Sie im <b>Cala Saracena Resort<\/b> in <b>Torre Vado<\/b> f\u00fcr einen unvergesslichen Urlaub. Kommen Sie und entdecken Sie unser<b> Residenz-Konzept<\/b>, das darauf ausgelegt ist, Ihre Urlaubstage mit der Familie entspannt, gl\u00fccklich und komfortabel zu gestalten.<\/p>\n\n\n\n<p>Wir sind bestrebt, Ihnen nur das Beste zu bieten: einen <b>Pool<\/b> f\u00fcr Erwachsene und Kinder, einen <b>gut ausgestatteten<\/b> <b>Fitnessraum<\/b> sowie einen <b>Wellnessbereich<\/b> mit entspannenden <b>Massagen<\/b> und <b>regenerierenden<\/b> <b>Behandlungen<\/b>, ein Restaurant mit <b>erstklassiger K\u00fcche<\/b>, eine Bar f\u00fcr Aperitifs und Kaffee, <b>Themenabende<\/b> und die M\u00f6glichkeit, Ihre vierbeinigen Freunde mitzubringen.<\/p>\n\n\n\n<p>Tag f\u00fcr Tag k\u00f6nnen Ihre Kinder im <b>Miniclub <\/b>mit unseren <b>erfahrenen Animateuren jede Menge Spa\u00df haben<\/b>. Auch f\u00fcr Gro\u00df und Klein organisieren wir im Cala Saracena Resort spannende Abendveranstaltungen.<\/p>\n\n\n\n<p>F\u00fcr Ihren Aufenthalt bieten wir keine einfachen Hotelzimmer, sondern <b>Zwei-Zimmer-Apartments, die bis zu vier Betten umfassen k\u00f6nnen<\/b>, auch buchbar in Hotel-Format. In der gem\u00fctlichen zentralen Lobby k\u00f6nnen Sie unsere k\u00f6stlichen Aperitifs genie\u00dfen oder die Zeit f\u00fcr ein gutes Buch nutzen. F\u00fcr Entspannung und Sonnenbaden steht Ihnen unser <b>Roof-Garden<\/b> mit Liegest\u00fchlen und Sonnenschirmen zur Verf\u00fcgung.<\/p>\n\n\n\n<p>In der N\u00e4he des Cala Saracena Resorts k\u00f6nnen Sie die <b>herrlichen Str\u00e4nde mit dem kristallklaren Meer von Torre Vado<\/b> genie\u00dfen, entlang der romantischen <b>Fu\u00dfg\u00e4ngerpromenade <\/b>spazieren, begleitet vom Rauschen der Wellen, und den kleinen Hafen oder den Luna Park besuchen \u2013 ein Vergn\u00fcgen besonders f\u00fcr die Kinder!<\/p>\n\n\n\n<p>Der Strand <b>ist ganz in der N\u00e4he<\/b>, und beim mit uns kooperierenden Strandbad finden Sie alle familienfreundlichen Serviceleistungen. Wir bieten <b>Fahrradverleih <\/b>auf Reservierung an und organisieren sch\u00f6ne <b>Ausfl\u00fcge und Aktivit\u00e4ten zur Entdeckung des Salento<\/b>, seiner herrlichen K\u00fcsten und seines charakteristischen Hinterlands.<\/p>\n","protected":false},"excerpt":{"rendered":"<p>Nur wenige Schritte von den wundersch\u00f6nen Str\u00e4nden mit feinem Sand und kristallklarem Wasser des Salento entfernt, erwarten wir Sie im Cala Saracena Resort in Torre Vado f\u00fcr einen unvergesslichen Urlaub. Kommen Sie und entdecken Sie unser Residenz-Konzept, das darauf ausgelegt ist, Ihre Urlaubstage mit der Familie entspannt, gl\u00fccklich und komfortabel zu gestalten. Wir sind bestrebt, &hellip;<\/p>\n","protected":false},"author":1,"featured_media":0,"parent":94,"menu_order":0,"comment_status":"closed","ping_status":"closed","template":"page-templates\/scheda_hotel.php","meta":{"_acf_changed":false,"inline_featured_image":false,"footnotes":""},"class_list":["post-68985","page","type-page","status-publish","hentry"],"acf":[],"yoast_head":"<!-- This site is optimized with the Yoast SEO plugin v27.1 - https:\/\/yoast.com\/product\/yoast-seo-wordpress\/ -->\n<title>Cala Saracena Resort - Italy Family Hotels<\/title>\n<meta name=\"robots\" content=\"index, follow, max-snippet:-1, max-image-preview:large, max-video-preview:-1\" \/>\n<link rel=\"canonical\" href=\"https:\/\/www.italyfamilyhotels.it\/de\/family-hotels\/cala-saracena-resort\" \/>\n<meta property=\"og:locale\" content=\"de_DE\" \/>\n<meta property=\"og:type\" content=\"article\" \/>\n<meta property=\"og:title\" content=\"Cala Saracena Resort - Italy Family Hotels\" \/>\n<meta property=\"og:description\" content=\"Nur wenige Schritte von den wundersch\u00f6nen Str\u00e4nden mit feinem Sand und kristallklarem Wasser des Salento entfernt, erwarten wir Sie im Cala Saracena Resort in Torre Vado f\u00fcr einen unvergesslichen Urlaub. Kommen Sie und entdecken Sie unser Residenz-Konzept, das darauf ausgelegt ist, Ihre Urlaubstage mit der Familie entspannt, gl\u00fccklich und komfortabel zu gestalten. Wir sind bestrebt, &hellip;\" \/>\n<meta property=\"og:url\" content=\"https:\/\/www.italyfamilyhotels.it\/de\/family-hotels\/cala-saracena-resort\" \/>\n<meta property=\"og:site_name\" content=\"Italy Family Hotels\" \/>\n<meta property=\"article:publisher\" content=\"https:\/\/www.facebook.com\/ItalyFamilyHotels\/\" \/>\n<meta property=\"article:modified_time\" content=\"2025-07-15T10:58:07+00:00\" \/>\n<meta name=\"twitter:card\" content=\"summary_large_image\" \/>\n<meta name=\"twitter:label1\" content=\"Gesch\u00e4tzte Lesezeit\" \/>\n\t<meta name=\"twitter:data1\" content=\"2\u00a0Minuten\" \/>\n<script type=\"application\/ld+json\" class=\"yoast-schema-graph\">{\"@context\":\"https:\/\/schema.org\",\"@graph\":[{\"@type\":\"WebPage\",\"@id\":\"https:\/\/www.italyfamilyhotels.it\/de\/family-hotels\/cala-saracena-resort\",\"url\":\"https:\/\/www.italyfamilyhotels.it\/de\/family-hotels\/cala-saracena-resort\",\"name\":\"Cala Saracena Resort - Italy Family Hotels\",\"isPartOf\":{\"@id\":\"https:\/\/www.italyfamilyhotels.it\/#website\"},\"datePublished\":\"2025-05-13T06:45:51+00:00\",\"dateModified\":\"2025-07-15T10:58:07+00:00\",\"breadcrumb\":{\"@id\":\"https:\/\/www.italyfamilyhotels.it\/de\/family-hotels\/cala-saracena-resort#breadcrumb\"},\"inLanguage\":\"de\",\"potentialAction\":[{\"@type\":\"ReadAction\",\"target\":[\"https:\/\/www.italyfamilyhotels.it\/de\/family-hotels\/cala-saracena-resort\"]}]},{\"@type\":\"BreadcrumbList\",\"@id\":\"https:\/\/www.italyfamilyhotels.it\/de\/family-hotels\/cala-saracena-resort#breadcrumb\",\"itemListElement\":[{\"@type\":\"ListItem\",\"position\":1,\"name\":\"Home\",\"item\":\"https:\/\/www.italyfamilyhotels.it\/de\"},{\"@type\":\"ListItem\",\"position\":2,\"name\":\"Family Hotels\",\"item\":\"https:\/\/www.italyfamilyhotels.it\/de\/family-hotels\"},{\"@type\":\"ListItem\",\"position\":3,\"name\":\"Cala Saracena Resort\"}]},{\"@type\":\"WebSite\",\"@id\":\"https:\/\/www.italyfamilyhotels.it\/#website\",\"url\":\"https:\/\/www.italyfamilyhotels.it\/\",\"name\":\"Italy Family Hotels\",\"description\":\"\",\"potentialAction\":[{\"@type\":\"SearchAction\",\"target\":{\"@type\":\"EntryPoint\",\"urlTemplate\":\"https:\/\/www.italyfamilyhotels.it\/?s={search_term_string}\"},\"query-input\":{\"@type\":\"PropertyValueSpecification\",\"valueRequired\":true,\"valueName\":\"search_term_string\"}}],\"inLanguage\":\"de\"}]}<\/script>\n<!-- \/ Yoast SEO plugin. -->","yoast_head_json":{"title":"Cala Saracena Resort - Italy Family Hotels","robots":{"index":"index","follow":"follow","max-snippet":"max-snippet:-1","max-image-preview":"max-image-preview:large","max-video-preview":"max-video-preview:-1"},"canonical":"https:\/\/www.italyfamilyhotels.it\/de\/family-hotels\/cala-saracena-resort","og_locale":"de_DE","og_type":"article","og_title":"Cala Saracena Resort - Italy Family Hotels","og_description":"Nur wenige Schritte von den wundersch\u00f6nen Str\u00e4nden mit feinem Sand und kristallklarem Wasser des Salento entfernt, erwarten wir Sie im Cala Saracena Resort in Torre Vado f\u00fcr einen unvergesslichen Urlaub. Kommen Sie und entdecken Sie unser Residenz-Konzept, das darauf ausgelegt ist, Ihre Urlaubstage mit der Familie entspannt, gl\u00fccklich und komfortabel zu gestalten. Wir sind bestrebt, &hellip;","og_url":"https:\/\/www.italyfamilyhotels.it\/de\/family-hotels\/cala-saracena-resort","og_site_name":"Italy Family Hotels","article_publisher":"https:\/\/www.facebook.com\/ItalyFamilyHotels\/","article_modified_time":"2025-07-15T10:58:07+00:00","twitter_card":"summary_large_image","twitter_misc":{"Gesch\u00e4tzte Lesezeit":"2\u00a0Minuten"},"schema":{"@context":"https:\/\/schema.org","@graph":[{"@type":"WebPage","@id":"https:\/\/www.italyfamilyhotels.it\/de\/family-hotels\/cala-saracena-resort","url":"https:\/\/www.italyfamilyhotels.it\/de\/family-hotels\/cala-saracena-resort","name":"Cala Saracena Resort - Italy Family Hotels","isPartOf":{"@id":"https:\/\/www.italyfamilyhotels.it\/#website"},"datePublished":"2025-05-13T06:45:51+00:00","dateModified":"2025-07-15T10:58:07+00:00","breadcrumb":{"@id":"https:\/\/www.italyfamilyhotels.it\/de\/family-hotels\/cala-saracena-resort#breadcrumb"},"inLanguage":"de","potentialAction":[{"@type":"ReadAction","target":["https:\/\/www.italyfamilyhotels.it\/de\/family-hotels\/cala-saracena-resort"]}]},{"@type":"BreadcrumbList","@id":"https:\/\/www.italyfamilyhotels.it\/de\/family-hotels\/cala-saracena-resort#breadcrumb","itemListElement":[{"@type":"ListItem","position":1,"name":"Home","item":"https:\/\/www.italyfamilyhotels.it\/de"},{"@type":"ListItem","position":2,"name":"Family Hotels","item":"https:\/\/www.italyfamilyhotels.it\/de\/family-hotels"},{"@type":"ListItem","position":3,"name":"Cala Saracena Resort"}]},{"@type":"WebSite","@id":"https:\/\/www.italyfamilyhotels.it\/#website","url":"https:\/\/www.italyfamilyhotels.it\/","name":"Italy Family Hotels","description":"","potentialAction":[{"@type":"SearchAction","target":{"@type":"EntryPoint","urlTemplate":"https:\/\/www.italyfamilyhotels.it\/?s={search_term_string}"},"query-input":{"@type":"PropertyValueSpecification","valueRequired":true,"valueName":"search_term_string"}}],"inLanguage":"de"}]}},"_links":{"self":[{"href":"https:\/\/www.italyfamilyhotels.it\/de\/wp-json\/wp\/v2\/pages\/68985","targetHints":{"allow":["GET"]}}],"collection":[{"href":"https:\/\/www.italyfamilyhotels.it\/de\/wp-json\/wp\/v2\/pages"}],"about":[{"href":"https:\/\/www.italyfamilyhotels.it\/de\/wp-json\/wp\/v2\/types\/page"}],"author":[{"embeddable":true,"href":"https:\/\/www.italyfamilyhotels.it\/de\/wp-json\/wp\/v2\/users\/1"}],"replies":[{"embeddable":true,"href":"https:\/\/www.italyfamilyhotels.it\/de\/wp-json\/wp\/v2\/comments?post=68985"}],"version-history":[{"count":2,"href":"https:\/\/www.italyfamilyhotels.it\/de\/wp-json\/wp\/v2\/pages\/68985\/revisions"}],"predecessor-version":[{"id":70677,"href":"https:\/\/www.italyfamilyhotels.it\/de\/wp-json\/wp\/v2\/pages\/68985\/revisions\/70677"}],"up":[{"embeddable":true,"href":"https:\/\/www.italyfamilyhotels.it\/de\/wp-json\/wp\/v2\/pages\/94"}],"wp:attachment":[{"href":"https:\/\/www.italyfamilyhotels.it\/de\/wp-json\/wp\/v2\/media?parent=68985"}],"curies":[{"name":"wp","href":"https:\/\/api.w.org\/{rel}","templated":true}]}}