{"id":68978,"date":"2025-05-13T08:42:57","date_gmt":"2025-05-13T06:42:57","guid":{"rendered":"https:\/\/www.italyfamilyhotels.it\/family-hotels\/hotel-club-astor"},"modified":"2025-07-15T12:58:06","modified_gmt":"2025-07-15T10:58:06","slug":"hotel-club-astor","status":"publish","type":"page","link":"https:\/\/www.italyfamilyhotels.it\/de\/family-hotels\/hotel-club-astor","title":{"rendered":"Hotel Club Astor"},"content":{"rendered":"\n<p>Schlie\u00dfen Sie die Augen und stellen Sie sich den Urlaub vor, den Sie sich f\u00fcr sich und Ihre Familie w\u00fcnschen \u2013 \u00f6ffnen Sie sie wieder und erleben Sie ihn bei uns im <b>Hotel Club Astor<\/b>! Eingebettet in den wundersch\u00f6nen Naturschutzpark Ugento, 200 Meter vom sch\u00f6nsten Abschnitt der <b>ionischen K\u00fcste des Salento<\/b> entfernt, mit seinen <b>langen, goldenen Sandstr\u00e4nden<\/b> und einem <b>Meer, das kristallklarer nicht sein k\u00f6nnte<\/b>, befindet sich unser Hotel in idealer Lage, um die Wunder des Salento zu entdecken, genau zwischen Gallipoli und Santa Maria di Leuca.<\/p>\n\n\n\n<p>Natur, Spa\u00df, Sport und Entspannung verbinden sich hier auf harmonische Weise, und wir haben an alles gedacht, um den Aufenthalt f\u00fcr Gro\u00df und Klein unvergesslich zu machen. In einer <b>einzigartigen Naturlandschaft<\/b> stehen Ihnen ein voll <b>ausgestatteter Strand<\/b> mit allem Komfort, <b>Animation und Mini-Club <\/b>f\u00fcr Ihre Kinder, eine <b>entspannende Veranda<\/b> mit Blick auf den <b>\u00fcppigen Garten<\/b>, unser <b>gro\u00dfer Pool<\/b> im Gr\u00fcnen f\u00fcr Jung und Alt, <b>Wellness-Center<\/b> mit Sauna, Massage, Cardio-Ger\u00e4te, <b>Spielplatz und Abenteuerpfad <\/b>im Gr\u00fcnen.<\/p>\n\n\n\n<p>Die Atmosph\u00e4re bei uns ist immer warm und einladend, ebenso wie unser <b>Restaurant mit seinen k\u00f6stlichen Spezialit\u00e4ten<\/b>, die von unseren K\u00f6chen zubereitet werden. Unsere Bar ist der perfekte Ort f\u00fcr entspannende Momente, <b>Aperitifs und Cocktails<\/b>, die Sie in aller Ruhe am sp\u00e4ten Nachmittag genie\u00dfen k\u00f6nnen.<\/p>\n\n\n\n<p>Mit Begeisterung und Freude m\u00f6chten wir Ihnen<b> die kulinarischen Gen\u00fcsse, die Musik und die Sch\u00f6nheit<\/b> unseres wunderbaren Landes n\u00e4herbringen. Den ganzen Sommer \u00fcber bieten wir <b>Ausfl\u00fcge und Touren<\/b> zur Entdeckung der Halbinsel Salento an.<\/p>\n\n\n\n<p>Unsere Anlage liegt inmitten des\u00a0<b>Regionalen Naturparks \u201eLitorale di Ugento\u201c<\/b>, einem faszinierenden Gebiet voller Biodiversit\u00e4t. Sie k\u00f6nnen hier die verschiedenen nat\u00fcrlichen Lebensr\u00e4ume erkunden: die <b>K\u00fcstenlandschaft <\/b>mit ihren <b>sch\u00f6nen D\u00fcnen und wei\u00dfen Seerosen<\/b>, die <b>Feuchtgebiete und Teiche<\/b> mit Beobachtungsh\u00fctten f\u00fcr Vogelbeobachtungen sowie die <b>mediterrane Macchia-Vegetation<\/b> mit ihren Olivenb\u00e4umen und jahrhundertealten Pinien. Innerhalb des Parks sind die<b> Radwege<\/b>, der <b>Wanderweg<\/b> und der <b>multisensorische Weg<\/b> f\u00fcr Blinde und Sehbehinderte gut ausgeschildert.<\/p>\n","protected":false},"excerpt":{"rendered":"<p>Schlie\u00dfen Sie die Augen und stellen Sie sich den Urlaub vor, den Sie sich f\u00fcr sich und Ihre Familie w\u00fcnschen \u2013 \u00f6ffnen Sie sie wieder und erleben Sie ihn bei uns im Hotel Club Astor! Eingebettet in den wundersch\u00f6nen Naturschutzpark Ugento, 200 Meter vom sch\u00f6nsten Abschnitt der ionischen K\u00fcste des Salento entfernt, mit seinen langen, &hellip;<\/p>\n","protected":false},"author":1,"featured_media":0,"parent":94,"menu_order":0,"comment_status":"closed","ping_status":"closed","template":"page-templates\/scheda_hotel.php","meta":{"_acf_changed":false,"inline_featured_image":false,"footnotes":""},"class_list":["post-68978","page","type-page","status-publish","hentry"],"acf":[],"yoast_head":"<!-- This site is optimized with the Yoast SEO plugin v27.1 - https:\/\/yoast.com\/product\/yoast-seo-wordpress\/ -->\n<title>Hotel Club Astor - Italy Family Hotels<\/title>\n<meta name=\"robots\" content=\"index, follow, max-snippet:-1, max-image-preview:large, max-video-preview:-1\" \/>\n<link rel=\"canonical\" href=\"https:\/\/www.italyfamilyhotels.it\/de\/family-hotels\/hotel-club-astor\" \/>\n<meta property=\"og:locale\" content=\"de_DE\" \/>\n<meta property=\"og:type\" content=\"article\" \/>\n<meta property=\"og:title\" content=\"Hotel Club Astor - Italy Family Hotels\" \/>\n<meta property=\"og:description\" content=\"Schlie\u00dfen Sie die Augen und stellen Sie sich den Urlaub vor, den Sie sich f\u00fcr sich und Ihre Familie w\u00fcnschen \u2013 \u00f6ffnen Sie sie wieder und erleben Sie ihn bei uns im Hotel Club Astor! Eingebettet in den wundersch\u00f6nen Naturschutzpark Ugento, 200 Meter vom sch\u00f6nsten Abschnitt der ionischen K\u00fcste des Salento entfernt, mit seinen langen, &hellip;\" \/>\n<meta property=\"og:url\" content=\"https:\/\/www.italyfamilyhotels.it\/de\/family-hotels\/hotel-club-astor\" \/>\n<meta property=\"og:site_name\" content=\"Italy Family Hotels\" \/>\n<meta property=\"article:publisher\" content=\"https:\/\/www.facebook.com\/ItalyFamilyHotels\/\" \/>\n<meta property=\"article:modified_time\" content=\"2025-07-15T10:58:06+00:00\" \/>\n<meta name=\"twitter:card\" content=\"summary_large_image\" \/>\n<meta name=\"twitter:label1\" content=\"Gesch\u00e4tzte Lesezeit\" \/>\n\t<meta name=\"twitter:data1\" content=\"2\u00a0Minuten\" \/>\n<script type=\"application\/ld+json\" class=\"yoast-schema-graph\">{\"@context\":\"https:\/\/schema.org\",\"@graph\":[{\"@type\":\"WebPage\",\"@id\":\"https:\/\/www.italyfamilyhotels.it\/de\/family-hotels\/hotel-club-astor\",\"url\":\"https:\/\/www.italyfamilyhotels.it\/de\/family-hotels\/hotel-club-astor\",\"name\":\"Hotel Club Astor - Italy Family Hotels\",\"isPartOf\":{\"@id\":\"https:\/\/www.italyfamilyhotels.it\/#website\"},\"datePublished\":\"2025-05-13T06:42:57+00:00\",\"dateModified\":\"2025-07-15T10:58:06+00:00\",\"breadcrumb\":{\"@id\":\"https:\/\/www.italyfamilyhotels.it\/de\/family-hotels\/hotel-club-astor#breadcrumb\"},\"inLanguage\":\"de\",\"potentialAction\":[{\"@type\":\"ReadAction\",\"target\":[\"https:\/\/www.italyfamilyhotels.it\/de\/family-hotels\/hotel-club-astor\"]}]},{\"@type\":\"BreadcrumbList\",\"@id\":\"https:\/\/www.italyfamilyhotels.it\/de\/family-hotels\/hotel-club-astor#breadcrumb\",\"itemListElement\":[{\"@type\":\"ListItem\",\"position\":1,\"name\":\"Home\",\"item\":\"https:\/\/www.italyfamilyhotels.it\/de\"},{\"@type\":\"ListItem\",\"position\":2,\"name\":\"Family Hotels\",\"item\":\"https:\/\/www.italyfamilyhotels.it\/de\/family-hotels\"},{\"@type\":\"ListItem\",\"position\":3,\"name\":\"Hotel Club Astor\"}]},{\"@type\":\"WebSite\",\"@id\":\"https:\/\/www.italyfamilyhotels.it\/#website\",\"url\":\"https:\/\/www.italyfamilyhotels.it\/\",\"name\":\"Italy Family Hotels\",\"description\":\"\",\"potentialAction\":[{\"@type\":\"SearchAction\",\"target\":{\"@type\":\"EntryPoint\",\"urlTemplate\":\"https:\/\/www.italyfamilyhotels.it\/?s={search_term_string}\"},\"query-input\":{\"@type\":\"PropertyValueSpecification\",\"valueRequired\":true,\"valueName\":\"search_term_string\"}}],\"inLanguage\":\"de\"}]}<\/script>\n<!-- \/ Yoast SEO plugin. -->","yoast_head_json":{"title":"Hotel Club Astor - Italy Family Hotels","robots":{"index":"index","follow":"follow","max-snippet":"max-snippet:-1","max-image-preview":"max-image-preview:large","max-video-preview":"max-video-preview:-1"},"canonical":"https:\/\/www.italyfamilyhotels.it\/de\/family-hotels\/hotel-club-astor","og_locale":"de_DE","og_type":"article","og_title":"Hotel Club Astor - Italy Family Hotels","og_description":"Schlie\u00dfen Sie die Augen und stellen Sie sich den Urlaub vor, den Sie sich f\u00fcr sich und Ihre Familie w\u00fcnschen \u2013 \u00f6ffnen Sie sie wieder und erleben Sie ihn bei uns im Hotel Club Astor! Eingebettet in den wundersch\u00f6nen Naturschutzpark Ugento, 200 Meter vom sch\u00f6nsten Abschnitt der ionischen K\u00fcste des Salento entfernt, mit seinen langen, &hellip;","og_url":"https:\/\/www.italyfamilyhotels.it\/de\/family-hotels\/hotel-club-astor","og_site_name":"Italy Family Hotels","article_publisher":"https:\/\/www.facebook.com\/ItalyFamilyHotels\/","article_modified_time":"2025-07-15T10:58:06+00:00","twitter_card":"summary_large_image","twitter_misc":{"Gesch\u00e4tzte Lesezeit":"2\u00a0Minuten"},"schema":{"@context":"https:\/\/schema.org","@graph":[{"@type":"WebPage","@id":"https:\/\/www.italyfamilyhotels.it\/de\/family-hotels\/hotel-club-astor","url":"https:\/\/www.italyfamilyhotels.it\/de\/family-hotels\/hotel-club-astor","name":"Hotel Club Astor - Italy Family Hotels","isPartOf":{"@id":"https:\/\/www.italyfamilyhotels.it\/#website"},"datePublished":"2025-05-13T06:42:57+00:00","dateModified":"2025-07-15T10:58:06+00:00","breadcrumb":{"@id":"https:\/\/www.italyfamilyhotels.it\/de\/family-hotels\/hotel-club-astor#breadcrumb"},"inLanguage":"de","potentialAction":[{"@type":"ReadAction","target":["https:\/\/www.italyfamilyhotels.it\/de\/family-hotels\/hotel-club-astor"]}]},{"@type":"BreadcrumbList","@id":"https:\/\/www.italyfamilyhotels.it\/de\/family-hotels\/hotel-club-astor#breadcrumb","itemListElement":[{"@type":"ListItem","position":1,"name":"Home","item":"https:\/\/www.italyfamilyhotels.it\/de"},{"@type":"ListItem","position":2,"name":"Family Hotels","item":"https:\/\/www.italyfamilyhotels.it\/de\/family-hotels"},{"@type":"ListItem","position":3,"name":"Hotel Club Astor"}]},{"@type":"WebSite","@id":"https:\/\/www.italyfamilyhotels.it\/#website","url":"https:\/\/www.italyfamilyhotels.it\/","name":"Italy Family Hotels","description":"","potentialAction":[{"@type":"SearchAction","target":{"@type":"EntryPoint","urlTemplate":"https:\/\/www.italyfamilyhotels.it\/?s={search_term_string}"},"query-input":{"@type":"PropertyValueSpecification","valueRequired":true,"valueName":"search_term_string"}}],"inLanguage":"de"}]}},"_links":{"self":[{"href":"https:\/\/www.italyfamilyhotels.it\/de\/wp-json\/wp\/v2\/pages\/68978","targetHints":{"allow":["GET"]}}],"collection":[{"href":"https:\/\/www.italyfamilyhotels.it\/de\/wp-json\/wp\/v2\/pages"}],"about":[{"href":"https:\/\/www.italyfamilyhotels.it\/de\/wp-json\/wp\/v2\/types\/page"}],"author":[{"embeddable":true,"href":"https:\/\/www.italyfamilyhotels.it\/de\/wp-json\/wp\/v2\/users\/1"}],"replies":[{"embeddable":true,"href":"https:\/\/www.italyfamilyhotels.it\/de\/wp-json\/wp\/v2\/comments?post=68978"}],"version-history":[{"count":2,"href":"https:\/\/www.italyfamilyhotels.it\/de\/wp-json\/wp\/v2\/pages\/68978\/revisions"}],"predecessor-version":[{"id":70676,"href":"https:\/\/www.italyfamilyhotels.it\/de\/wp-json\/wp\/v2\/pages\/68978\/revisions\/70676"}],"up":[{"embeddable":true,"href":"https:\/\/www.italyfamilyhotels.it\/de\/wp-json\/wp\/v2\/pages\/94"}],"wp:attachment":[{"href":"https:\/\/www.italyfamilyhotels.it\/de\/wp-json\/wp\/v2\/media?parent=68978"}],"curies":[{"name":"wp","href":"https:\/\/api.w.org\/{rel}","templated":true}]}}