{"id":68185,"date":"2025-03-27T11:16:41","date_gmt":"2025-03-27T10:16:41","guid":{"rendered":"https:\/\/www.italyfamilyhotels.it\/destinationen\/family-hotel-in-der-basilikata"},"modified":"2025-03-27T11:16:45","modified_gmt":"2025-03-27T10:16:45","slug":"family-hotel-in-der-basilikata","status":"publish","type":"page","link":"https:\/\/www.italyfamilyhotels.it\/de\/destinationen\/family-hotel-in-der-basilikata","title":{"rendered":"Family Hotel in der Basilikata"},"content":{"rendered":"\n<p>Die <b>Basilikata <\/b>ist eine Region mit einem reichhaltigen Angebot f\u00fcr Familien, die eine gl\u00fcckliche Zeit mit ihren Kindern verbringen m\u00f6chten!<\/p>\n\n\n\n<p>Wanderungen durch die Naturparks der Region sollten sich Naturliebhaber nicht entgehen lassen. Zum Beispiel bietet der <b>Nationalpark Pollino<\/b> Wanderwege, die sich auch f\u00fcr kleine Kinder eignen, um den m\u00e4rchenhaften, jahrhundertealten Wald zu entdecken. Ein weiteres, ideales Ausflugsziel ist der <b>Regionalpark Murgia Materana<\/b>, um bei einer gef\u00fchrten Wanderung Felsenkirchen und Pflanzen zu erforschen&#8230; ein bisschen wie Family Indiana Jones!<\/p>\n\n\n\n<p>Die Basilikata bietet auch zahlreiche Sportm\u00f6glichkeiten f\u00fcr Kinder. Im Winter k\u00f6nnen Anf\u00e4nger in den <b>Skigebieten<\/b> <b>Sellata-Pierfaone und Monte Sirino<\/b> auf den Pisten \u00fcben und die ganz Kleinen eine Skischule besuchen. Im Sommer laden die <b>Str\u00e4nde der Ionischen K\u00fcste<\/b>, wie jene von Metaponto, Policoro und Nova Siri, zu Entspannung und Sport im kristallklaren und sicheren Gew\u00e4sser ein. Lassen Sie sich das Vergn\u00fcgen im <b>Wasserpark Acquazzurra<\/b> in <b>Metaponto<\/b> mit zahlreichen Pools, Rutschen und Wasserspielen nicht entgehen und erleben Sie einen erfrischenden, quirligen Tag f\u00fcr Gro\u00df und Klein.<\/p>\n\n\n\n<p>Besuchen Sie auch eine der vielen <b>Festungen<\/b> in Lukanien. In der <b>Burg von Melfi<\/b> ist beispielsweise das <b>Arch\u00e4ologische Nationalmuseum von Melfi<\/b> untergebracht, in dem Kinder historische Fundst\u00fccke und Interessantes \u00fcber die hiesige Geschichte erfahren k\u00f6nnen. Die <b>Festung von Lagopesole<\/b> bietet gef\u00fchrte Rundg\u00e4nge f\u00fcr begeisterte junge Erforscher. Das <b>Arch\u00e4ologische Nationalmuseum von Metaponto<\/b> organisiert <b>Lern-Workshops<\/b> und interaktive Rundg\u00e4nge, die Kinder f\u00fcr Geschichte begeistern.<\/p>\n\n\n\n<p>Die Basilikata bietet Familien, die gerne mit dem Fahrrad unterwegs sind, verschiedene <b>Radwege, die auch f\u00fcr Kinder geeignet sind<\/b>. Nehmen wir als Beispiel den <b>Bourbonen-Radweg<\/b>, der eine einzigartige Erfahrung inmitten der Natur ist und durch l\u00e4ndliche Gegenden und kleine D\u00f6rfer f\u00fchrt.<\/p>\n","protected":false},"excerpt":{"rendered":"<p>Die Basilikata ist eine Region mit einem reichhaltigen Angebot f\u00fcr Familien, die eine gl\u00fcckliche Zeit mit ihren Kindern verbringen m\u00f6chten! Wanderungen durch die Naturparks der Region sollten sich Naturliebhaber nicht entgehen lassen. Zum Beispiel bietet der Nationalpark Pollino Wanderwege, die sich auch f\u00fcr kleine Kinder eignen, um den m\u00e4rchenhaften, jahrhundertealten Wald zu entdecken. Ein weiteres, &hellip;<\/p>\n","protected":false},"author":167,"featured_media":0,"parent":890,"menu_order":0,"comment_status":"closed","ping_status":"closed","template":"page-templates\/scheda_destinazione.php","meta":{"_acf_changed":false,"inline_featured_image":false,"footnotes":""},"class_list":["post-68185","page","type-page","status-publish","hentry"],"acf":[],"yoast_head":"<!-- This site is optimized with the Yoast SEO plugin v27.1 - https:\/\/yoast.com\/product\/yoast-seo-wordpress\/ -->\n<title>Familienhotels in der Basilikata: die besten Italy Family Hotels<\/title>\n<meta name=\"description\" content=\"Superschnelles Angebot per E-Mail! W\u00e4hlen Sie Ihr Family Hotel in Nova Siri, in der Basilikata, f\u00fcr Ihren Urlaub mit Kindern!\" \/>\n<meta name=\"robots\" content=\"index, follow, max-snippet:-1, max-image-preview:large, max-video-preview:-1\" \/>\n<link rel=\"canonical\" href=\"https:\/\/www.italyfamilyhotels.it\/de\/destinationen\/family-hotel-in-der-basilikata\" \/>\n<meta property=\"og:locale\" content=\"de_DE\" \/>\n<meta property=\"og:type\" content=\"article\" \/>\n<meta property=\"og:title\" content=\"Familienhotels in der Basilikata: die besten Italy Family Hotels\" \/>\n<meta property=\"og:description\" content=\"Superschnelles Angebot per E-Mail! W\u00e4hlen Sie Ihr Family Hotel in Nova Siri, in der Basilikata, f\u00fcr Ihren Urlaub mit Kindern!\" \/>\n<meta property=\"og:url\" content=\"https:\/\/www.italyfamilyhotels.it\/de\/destinationen\/family-hotel-in-der-basilikata\" \/>\n<meta property=\"og:site_name\" content=\"Italy Family Hotels\" \/>\n<meta property=\"article:publisher\" content=\"https:\/\/www.facebook.com\/ItalyFamilyHotels\/\" \/>\n<meta property=\"article:modified_time\" content=\"2025-03-27T10:16:45+00:00\" \/>\n<meta name=\"twitter:card\" content=\"summary_large_image\" \/>\n<meta name=\"twitter:label1\" content=\"Gesch\u00e4tzte Lesezeit\" \/>\n\t<meta name=\"twitter:data1\" content=\"1\u00a0Minute\" \/>\n<script type=\"application\/ld+json\" class=\"yoast-schema-graph\">{\"@context\":\"https:\/\/schema.org\",\"@graph\":[{\"@type\":\"WebPage\",\"@id\":\"https:\/\/www.italyfamilyhotels.it\/de\/destinationen\/family-hotel-in-der-basilikata\",\"url\":\"https:\/\/www.italyfamilyhotels.it\/de\/destinationen\/family-hotel-in-der-basilikata\",\"name\":\"Familienhotels in der Basilikata: die besten Italy Family Hotels\",\"isPartOf\":{\"@id\":\"https:\/\/www.italyfamilyhotels.it\/#website\"},\"datePublished\":\"2025-03-27T10:16:41+00:00\",\"dateModified\":\"2025-03-27T10:16:45+00:00\",\"description\":\"Superschnelles Angebot per E-Mail! W\u00e4hlen Sie Ihr Family Hotel in Nova Siri, in der Basilikata, f\u00fcr Ihren Urlaub mit Kindern!\",\"breadcrumb\":{\"@id\":\"https:\/\/www.italyfamilyhotels.it\/de\/destinationen\/family-hotel-in-der-basilikata#breadcrumb\"},\"inLanguage\":\"de\",\"potentialAction\":[{\"@type\":\"ReadAction\",\"target\":[\"https:\/\/www.italyfamilyhotels.it\/de\/destinationen\/family-hotel-in-der-basilikata\"]}]},{\"@type\":\"BreadcrumbList\",\"@id\":\"https:\/\/www.italyfamilyhotels.it\/de\/destinationen\/family-hotel-in-der-basilikata#breadcrumb\",\"itemListElement\":[{\"@type\":\"ListItem\",\"position\":1,\"name\":\"Home\",\"item\":\"https:\/\/www.italyfamilyhotels.it\/de\"},{\"@type\":\"ListItem\",\"position\":2,\"name\":\"Destinationen\",\"item\":\"https:\/\/www.italyfamilyhotels.it\/de\/destinationen\"},{\"@type\":\"ListItem\",\"position\":3,\"name\":\"Family Hotel in der Basilikata\"}]},{\"@type\":\"WebSite\",\"@id\":\"https:\/\/www.italyfamilyhotels.it\/#website\",\"url\":\"https:\/\/www.italyfamilyhotels.it\/\",\"name\":\"Italy Family Hotels\",\"description\":\"\",\"potentialAction\":[{\"@type\":\"SearchAction\",\"target\":{\"@type\":\"EntryPoint\",\"urlTemplate\":\"https:\/\/www.italyfamilyhotels.it\/?s={search_term_string}\"},\"query-input\":{\"@type\":\"PropertyValueSpecification\",\"valueRequired\":true,\"valueName\":\"search_term_string\"}}],\"inLanguage\":\"de\"}]}<\/script>\n<!-- \/ Yoast SEO plugin. -->","yoast_head_json":{"title":"Familienhotels in der Basilikata: die besten Italy Family Hotels","description":"Superschnelles Angebot per E-Mail! W\u00e4hlen Sie Ihr Family Hotel in Nova Siri, in der Basilikata, f\u00fcr Ihren Urlaub mit Kindern!","robots":{"index":"index","follow":"follow","max-snippet":"max-snippet:-1","max-image-preview":"max-image-preview:large","max-video-preview":"max-video-preview:-1"},"canonical":"https:\/\/www.italyfamilyhotels.it\/de\/destinationen\/family-hotel-in-der-basilikata","og_locale":"de_DE","og_type":"article","og_title":"Familienhotels in der Basilikata: die besten Italy Family Hotels","og_description":"Superschnelles Angebot per E-Mail! W\u00e4hlen Sie Ihr Family Hotel in Nova Siri, in der Basilikata, f\u00fcr Ihren Urlaub mit Kindern!","og_url":"https:\/\/www.italyfamilyhotels.it\/de\/destinationen\/family-hotel-in-der-basilikata","og_site_name":"Italy Family Hotels","article_publisher":"https:\/\/www.facebook.com\/ItalyFamilyHotels\/","article_modified_time":"2025-03-27T10:16:45+00:00","twitter_card":"summary_large_image","twitter_misc":{"Gesch\u00e4tzte Lesezeit":"1\u00a0Minute"},"schema":{"@context":"https:\/\/schema.org","@graph":[{"@type":"WebPage","@id":"https:\/\/www.italyfamilyhotels.it\/de\/destinationen\/family-hotel-in-der-basilikata","url":"https:\/\/www.italyfamilyhotels.it\/de\/destinationen\/family-hotel-in-der-basilikata","name":"Familienhotels in der Basilikata: die besten Italy Family Hotels","isPartOf":{"@id":"https:\/\/www.italyfamilyhotels.it\/#website"},"datePublished":"2025-03-27T10:16:41+00:00","dateModified":"2025-03-27T10:16:45+00:00","description":"Superschnelles Angebot per E-Mail! W\u00e4hlen Sie Ihr Family Hotel in Nova Siri, in der Basilikata, f\u00fcr Ihren Urlaub mit Kindern!","breadcrumb":{"@id":"https:\/\/www.italyfamilyhotels.it\/de\/destinationen\/family-hotel-in-der-basilikata#breadcrumb"},"inLanguage":"de","potentialAction":[{"@type":"ReadAction","target":["https:\/\/www.italyfamilyhotels.it\/de\/destinationen\/family-hotel-in-der-basilikata"]}]},{"@type":"BreadcrumbList","@id":"https:\/\/www.italyfamilyhotels.it\/de\/destinationen\/family-hotel-in-der-basilikata#breadcrumb","itemListElement":[{"@type":"ListItem","position":1,"name":"Home","item":"https:\/\/www.italyfamilyhotels.it\/de"},{"@type":"ListItem","position":2,"name":"Destinationen","item":"https:\/\/www.italyfamilyhotels.it\/de\/destinationen"},{"@type":"ListItem","position":3,"name":"Family Hotel in der Basilikata"}]},{"@type":"WebSite","@id":"https:\/\/www.italyfamilyhotels.it\/#website","url":"https:\/\/www.italyfamilyhotels.it\/","name":"Italy Family Hotels","description":"","potentialAction":[{"@type":"SearchAction","target":{"@type":"EntryPoint","urlTemplate":"https:\/\/www.italyfamilyhotels.it\/?s={search_term_string}"},"query-input":{"@type":"PropertyValueSpecification","valueRequired":true,"valueName":"search_term_string"}}],"inLanguage":"de"}]}},"_links":{"self":[{"href":"https:\/\/www.italyfamilyhotels.it\/de\/wp-json\/wp\/v2\/pages\/68185","targetHints":{"allow":["GET"]}}],"collection":[{"href":"https:\/\/www.italyfamilyhotels.it\/de\/wp-json\/wp\/v2\/pages"}],"about":[{"href":"https:\/\/www.italyfamilyhotels.it\/de\/wp-json\/wp\/v2\/types\/page"}],"author":[{"embeddable":true,"href":"https:\/\/www.italyfamilyhotels.it\/de\/wp-json\/wp\/v2\/users\/167"}],"replies":[{"embeddable":true,"href":"https:\/\/www.italyfamilyhotels.it\/de\/wp-json\/wp\/v2\/comments?post=68185"}],"version-history":[{"count":1,"href":"https:\/\/www.italyfamilyhotels.it\/de\/wp-json\/wp\/v2\/pages\/68185\/revisions"}],"predecessor-version":[{"id":68186,"href":"https:\/\/www.italyfamilyhotels.it\/de\/wp-json\/wp\/v2\/pages\/68185\/revisions\/68186"}],"up":[{"embeddable":true,"href":"https:\/\/www.italyfamilyhotels.it\/de\/wp-json\/wp\/v2\/pages\/890"}],"wp:attachment":[{"href":"https:\/\/www.italyfamilyhotels.it\/de\/wp-json\/wp\/v2\/media?parent=68185"}],"curies":[{"name":"wp","href":"https:\/\/api.w.org\/{rel}","templated":true}]}}