{"id":66510,"date":"2025-02-25T14:22:59","date_gmt":"2025-02-25T13:22:59","guid":{"rendered":"https:\/\/www.italyfamilyhotels.it\/family-hotels\/club-family-hotel-riccione-village"},"modified":"2025-03-27T11:19:46","modified_gmt":"2025-03-27T10:19:46","slug":"club-family-hotel-riccione-village","status":"publish","type":"page","link":"https:\/\/www.italyfamilyhotels.it\/de\/family-hotels\/club-family-hotel-riccione-village","title":{"rendered":"Club Family Hotel Riccione Village"},"content":{"rendered":"\n<p>Im <b>Club Family Hotel Riccione Village<\/b> erwarten Sie die <b>Herzlichkeit <\/b>und <b>Vitalit\u00e4t<\/b> eines Hotels, in dem alles auf Familien mit Kindern zugeschnitten ist: Vergn\u00fcgen, Platz, Serviceleistungen und sogar die Superformel <b>All Inclusive\u00ae Open Bar H24<\/b>!<\/p>\n\n\n\n<p>Wir reservieren f\u00fcr Sie im <b>Strandbad unseres Vertrauens<\/b>, das nur <b>30 Meter <\/b>entfernt ist, <b>1 Sonnenschirm und 2 Liegen<\/b>: W\u00e4hrend Sie ein entspannendes Sonnenbad nehmen, k\u00f6nnen die Kinder sicher im <b>weichen Sand <\/b>oder im Wasser spielen, denn der <b>Grund f\u00e4llt ganz langsam ab<\/b>.<\/p>\n\n\n\n<p>Im Hotel geht die Unterhaltung weiter: <b>Spiele<\/b>, <b>Aktivit\u00e4ten <\/b>und <b>viel Freiraum<\/b>! Die Kinder k\u00f6nnen sich auf dem <b>Spielplatz im Garten<\/b> frei bewegen und im <b>Baby-Splash-Bereich<\/b> zwischen Font\u00e4nen und Wasserspielen planschen. Oder Sie schwimmen und spielen gemeinsam im <b>beheizten Pool mit Rutsche<\/b>.<\/p>\n\n\n\n<p>Und schlie\u00dflich der unglaubliche, <b>1200 m<\/b><b><sup>2<\/b><\/sup><b> gro\u00dfe Indoor-Spielbereich<\/b> (der gr\u00f6\u00dfte in der Romagna!), mit einem <b>riesigen Playground<\/b>, einer Piste f\u00fcr Elektroautos <b>CFH Racing<\/b>, <b>riesige H\u00fcpfburgen<\/b> und <b>interaktive Spiele<\/b>. Gr\u00f6\u00dfere Kinder k\u00f6nnen mit ihren neuen Freunden im <b>Gaming-Bereich<\/b> spielen, der mit <b>PlayStation 5<\/b>, <b>Billardtisch<\/b> und<b> Arcade Games<\/b> ausgestattet ist.<\/p>\n\n\n\n<p>Die Perle im Club Family Hotel Riccione Village ist unser <b>Animationsteam<\/b>, das von morgens bis abends Kinder jeden Alters mit <b>w\u00f6chentlichen Aktivit\u00e4ten<\/b> zum Mitmachen anregt. Mit kreativen Workshops, Gruppenspielen, Schnitzeljagden und abendlichen Auff\u00fchrungen wird jeder Tag zu einem unvergesslichen Abenteuer. Um die ganz Kleinen k\u00fcmmern sich <b>die liebevollen Babysitter der Nanny School<\/b>.<\/p>\n\n\n\n<p>Wir haben noch eine \u00dcberraschung, denn <b>im Aufenthalt ist auch der Eintritt<\/b> zum nahegelegenen <b>Parco Acquatico Beach Village inbegriffen<\/b>. Au\u00dferdem sind <b>2 Kinder und Jugendliche bis 18 Jahre<\/b>, die im Zimmer mit den Eltern \u00fcbernachten, <b>immer unsere G\u00e4ste<\/b>!<\/p>\n","protected":false},"excerpt":{"rendered":"<p>Im Club Family Hotel Riccione Village erwarten Sie die Herzlichkeit und Vitalit\u00e4t eines Hotels, in dem alles auf Familien mit Kindern zugeschnitten ist: Vergn\u00fcgen, Platz, Serviceleistungen und sogar die Superformel All Inclusive\u00ae Open Bar H24! Wir reservieren f\u00fcr Sie im Strandbad unseres Vertrauens, das nur 30 Meter entfernt ist, 1 Sonnenschirm und 2 Liegen: W\u00e4hrend &hellip;<\/p>\n","protected":false},"author":1,"featured_media":0,"parent":94,"menu_order":0,"comment_status":"closed","ping_status":"closed","template":"page-templates\/scheda_hotel.php","meta":{"_acf_changed":false,"inline_featured_image":false,"footnotes":""},"class_list":["post-66510","page","type-page","status-publish","hentry"],"acf":[],"yoast_head":"<!-- This site is optimized with the Yoast SEO plugin v27.1 - https:\/\/yoast.com\/product\/yoast-seo-wordpress\/ -->\n<title>Club Family Hotel Riccione Village - Italy Family Hotels<\/title>\n<meta name=\"robots\" content=\"index, follow, max-snippet:-1, max-image-preview:large, max-video-preview:-1\" \/>\n<link rel=\"canonical\" href=\"https:\/\/www.italyfamilyhotels.it\/de\/family-hotels\/club-family-hotel-riccione-village\" \/>\n<meta property=\"og:locale\" content=\"de_DE\" \/>\n<meta property=\"og:type\" content=\"article\" \/>\n<meta property=\"og:title\" content=\"Club Family Hotel Riccione Village - Italy Family Hotels\" \/>\n<meta property=\"og:description\" content=\"Im Club Family Hotel Riccione Village erwarten Sie die Herzlichkeit und Vitalit\u00e4t eines Hotels, in dem alles auf Familien mit Kindern zugeschnitten ist: Vergn\u00fcgen, Platz, Serviceleistungen und sogar die Superformel All Inclusive\u00ae Open Bar H24! Wir reservieren f\u00fcr Sie im Strandbad unseres Vertrauens, das nur 30 Meter entfernt ist, 1 Sonnenschirm und 2 Liegen: W\u00e4hrend &hellip;\" \/>\n<meta property=\"og:url\" content=\"https:\/\/www.italyfamilyhotels.it\/de\/family-hotels\/club-family-hotel-riccione-village\" \/>\n<meta property=\"og:site_name\" content=\"Italy Family Hotels\" \/>\n<meta property=\"article:publisher\" content=\"https:\/\/www.facebook.com\/ItalyFamilyHotels\/\" \/>\n<meta property=\"article:modified_time\" content=\"2025-03-27T10:19:46+00:00\" \/>\n<meta name=\"twitter:card\" content=\"summary_large_image\" \/>\n<meta name=\"twitter:label1\" content=\"Gesch\u00e4tzte Lesezeit\" \/>\n\t<meta name=\"twitter:data1\" content=\"1\u00a0Minute\" \/>\n<script type=\"application\/ld+json\" class=\"yoast-schema-graph\">{\"@context\":\"https:\/\/schema.org\",\"@graph\":[{\"@type\":\"WebPage\",\"@id\":\"https:\/\/www.italyfamilyhotels.it\/de\/family-hotels\/club-family-hotel-riccione-village\",\"url\":\"https:\/\/www.italyfamilyhotels.it\/de\/family-hotels\/club-family-hotel-riccione-village\",\"name\":\"Club Family Hotel Riccione Village - Italy Family Hotels\",\"isPartOf\":{\"@id\":\"https:\/\/www.italyfamilyhotels.it\/#website\"},\"datePublished\":\"2025-02-25T13:22:59+00:00\",\"dateModified\":\"2025-03-27T10:19:46+00:00\",\"breadcrumb\":{\"@id\":\"https:\/\/www.italyfamilyhotels.it\/de\/family-hotels\/club-family-hotel-riccione-village#breadcrumb\"},\"inLanguage\":\"de\",\"potentialAction\":[{\"@type\":\"ReadAction\",\"target\":[\"https:\/\/www.italyfamilyhotels.it\/de\/family-hotels\/club-family-hotel-riccione-village\"]}]},{\"@type\":\"BreadcrumbList\",\"@id\":\"https:\/\/www.italyfamilyhotels.it\/de\/family-hotels\/club-family-hotel-riccione-village#breadcrumb\",\"itemListElement\":[{\"@type\":\"ListItem\",\"position\":1,\"name\":\"Home\",\"item\":\"https:\/\/www.italyfamilyhotels.it\/de\"},{\"@type\":\"ListItem\",\"position\":2,\"name\":\"Family Hotels\",\"item\":\"https:\/\/www.italyfamilyhotels.it\/de\/family-hotels\"},{\"@type\":\"ListItem\",\"position\":3,\"name\":\"Club Family Hotel Riccione Village\"}]},{\"@type\":\"WebSite\",\"@id\":\"https:\/\/www.italyfamilyhotels.it\/#website\",\"url\":\"https:\/\/www.italyfamilyhotels.it\/\",\"name\":\"Italy Family Hotels\",\"description\":\"\",\"potentialAction\":[{\"@type\":\"SearchAction\",\"target\":{\"@type\":\"EntryPoint\",\"urlTemplate\":\"https:\/\/www.italyfamilyhotels.it\/?s={search_term_string}\"},\"query-input\":{\"@type\":\"PropertyValueSpecification\",\"valueRequired\":true,\"valueName\":\"search_term_string\"}}],\"inLanguage\":\"de\"}]}<\/script>\n<!-- \/ Yoast SEO plugin. -->","yoast_head_json":{"title":"Club Family Hotel Riccione Village - Italy Family Hotels","robots":{"index":"index","follow":"follow","max-snippet":"max-snippet:-1","max-image-preview":"max-image-preview:large","max-video-preview":"max-video-preview:-1"},"canonical":"https:\/\/www.italyfamilyhotels.it\/de\/family-hotels\/club-family-hotel-riccione-village","og_locale":"de_DE","og_type":"article","og_title":"Club Family Hotel Riccione Village - Italy Family Hotels","og_description":"Im Club Family Hotel Riccione Village erwarten Sie die Herzlichkeit und Vitalit\u00e4t eines Hotels, in dem alles auf Familien mit Kindern zugeschnitten ist: Vergn\u00fcgen, Platz, Serviceleistungen und sogar die Superformel All Inclusive\u00ae Open Bar H24! Wir reservieren f\u00fcr Sie im Strandbad unseres Vertrauens, das nur 30 Meter entfernt ist, 1 Sonnenschirm und 2 Liegen: W\u00e4hrend &hellip;","og_url":"https:\/\/www.italyfamilyhotels.it\/de\/family-hotels\/club-family-hotel-riccione-village","og_site_name":"Italy Family Hotels","article_publisher":"https:\/\/www.facebook.com\/ItalyFamilyHotels\/","article_modified_time":"2025-03-27T10:19:46+00:00","twitter_card":"summary_large_image","twitter_misc":{"Gesch\u00e4tzte Lesezeit":"1\u00a0Minute"},"schema":{"@context":"https:\/\/schema.org","@graph":[{"@type":"WebPage","@id":"https:\/\/www.italyfamilyhotels.it\/de\/family-hotels\/club-family-hotel-riccione-village","url":"https:\/\/www.italyfamilyhotels.it\/de\/family-hotels\/club-family-hotel-riccione-village","name":"Club Family Hotel Riccione Village - Italy Family Hotels","isPartOf":{"@id":"https:\/\/www.italyfamilyhotels.it\/#website"},"datePublished":"2025-02-25T13:22:59+00:00","dateModified":"2025-03-27T10:19:46+00:00","breadcrumb":{"@id":"https:\/\/www.italyfamilyhotels.it\/de\/family-hotels\/club-family-hotel-riccione-village#breadcrumb"},"inLanguage":"de","potentialAction":[{"@type":"ReadAction","target":["https:\/\/www.italyfamilyhotels.it\/de\/family-hotels\/club-family-hotel-riccione-village"]}]},{"@type":"BreadcrumbList","@id":"https:\/\/www.italyfamilyhotels.it\/de\/family-hotels\/club-family-hotel-riccione-village#breadcrumb","itemListElement":[{"@type":"ListItem","position":1,"name":"Home","item":"https:\/\/www.italyfamilyhotels.it\/de"},{"@type":"ListItem","position":2,"name":"Family Hotels","item":"https:\/\/www.italyfamilyhotels.it\/de\/family-hotels"},{"@type":"ListItem","position":3,"name":"Club Family Hotel Riccione Village"}]},{"@type":"WebSite","@id":"https:\/\/www.italyfamilyhotels.it\/#website","url":"https:\/\/www.italyfamilyhotels.it\/","name":"Italy Family Hotels","description":"","potentialAction":[{"@type":"SearchAction","target":{"@type":"EntryPoint","urlTemplate":"https:\/\/www.italyfamilyhotels.it\/?s={search_term_string}"},"query-input":{"@type":"PropertyValueSpecification","valueRequired":true,"valueName":"search_term_string"}}],"inLanguage":"de"}]}},"_links":{"self":[{"href":"https:\/\/www.italyfamilyhotels.it\/de\/wp-json\/wp\/v2\/pages\/66510","targetHints":{"allow":["GET"]}}],"collection":[{"href":"https:\/\/www.italyfamilyhotels.it\/de\/wp-json\/wp\/v2\/pages"}],"about":[{"href":"https:\/\/www.italyfamilyhotels.it\/de\/wp-json\/wp\/v2\/types\/page"}],"author":[{"embeddable":true,"href":"https:\/\/www.italyfamilyhotels.it\/de\/wp-json\/wp\/v2\/users\/1"}],"replies":[{"embeddable":true,"href":"https:\/\/www.italyfamilyhotels.it\/de\/wp-json\/wp\/v2\/comments?post=66510"}],"version-history":[{"count":2,"href":"https:\/\/www.italyfamilyhotels.it\/de\/wp-json\/wp\/v2\/pages\/66510\/revisions"}],"predecessor-version":[{"id":68215,"href":"https:\/\/www.italyfamilyhotels.it\/de\/wp-json\/wp\/v2\/pages\/66510\/revisions\/68215"}],"up":[{"embeddable":true,"href":"https:\/\/www.italyfamilyhotels.it\/de\/wp-json\/wp\/v2\/pages\/94"}],"wp:attachment":[{"href":"https:\/\/www.italyfamilyhotels.it\/de\/wp-json\/wp\/v2\/media?parent=66510"}],"curies":[{"name":"wp","href":"https:\/\/api.w.org\/{rel}","templated":true}]}}