{"id":65112,"date":"2025-02-05T08:42:14","date_gmt":"2025-02-05T07:42:14","guid":{"rendered":"https:\/\/www.italyfamilyhotels.it\/family-hotels\/club-family-hotel-tintoretto"},"modified":"2025-03-27T11:19:43","modified_gmt":"2025-03-27T10:19:43","slug":"club-family-hotel-tintoretto","status":"publish","type":"page","link":"https:\/\/www.italyfamilyhotels.it\/de\/family-hotels\/club-family-hotel-tintoretto","title":{"rendered":"Club Family Hotel Tintoretto"},"content":{"rendered":"\n<p>Tr\u00e4umen Sie von einem <b>All-inclusive-Urlaub<\/b> f\u00fcr die ganze Familie? Dann erwarten wir Sie in <b>Pinarella di Cervia<\/b>, im <b>Club Family Hotel Tintoretto<\/b>!<\/p>\n\n\n\n<p>Hier vergn\u00fcgen sich Kinder jeden Tag, von morgens bis abends, mit den <b>Animateurinnen<\/b> und <b>Animateuren<\/b>, mit einem <b>breitgef\u00e4cherten Unterhaltungsprogramm<\/b>, <b>grandiosen Spielbereichen <\/b>und <b>2 wunderbaren Pools<\/b> &#8211; im Garten und von der Sonne verw\u00f6hnt &#8211; sowie einer <b>riesigen Wasserrutsche<\/b>. F\u00fcr die Kleinen ein exklusiver <b>Flachwasserbereich<\/b>.<\/p>\n\n\n\n<p>Wir liegen nur <b>150 Meter vom goldenen Strand<\/b> entfernt. Laufen Sie einfach durch den schattigen Pinienwald von Cervia. Ber\u00fchren Sie den weichen Sand mit den F\u00fc\u00dfen und die Entspannung beginnt: <b>Sonnenschirm und Liegen sind inbegriffen<\/b>. Langeweile ist ein Fremdwort, denn unsere <b>Animateure<\/b> organisieren viele <b>lustige Aktivit\u00e4ten<\/b> f\u00fcr Kinder.<\/p>\n\n\n\n<p>Im Club Family Hotel Tintoretto denken wir stets an das Gl\u00fcck Ihrer Kinder! Im <b>Spielbereich im Garten<\/b>, auf der <b>H\u00fcpfburg<\/b>, in der <b>Play Sport Arena<\/b>, im <b>Multimedia-Spielesaal<\/b> und auf dem <b>Spielplatz<\/b> mit <b>Kiki Fun<\/b>, ist immer ein fr\u00f6hliches Lachen zu h\u00f6ren.<\/p>\n\n\n\n<p>Nat\u00fcrlich haben wir auch an die Eltern gedacht. W\u00e4hlen Sie die praktische Formel <b>Club Family All Inclusive\u00ae Open Bar &amp; Strand<\/b> (es ist wirklich alles inbegriffen!) und <b>2 Kinder und Jugendliche bis zum unvollendeten 18 Jahren<\/b> im Zimmer mit 2 Erwachsenen \u00fcbernachten <b>gratis<\/b>. Au\u00dferdem <b>schenken <\/b>wir Ihrer Familie den Eintritt f\u00fcr <b>Mirabilandia<\/b>!<\/p>\n","protected":false},"excerpt":{"rendered":"<p>Tr\u00e4umen Sie von einem All-inclusive-Urlaub f\u00fcr die ganze Familie? Dann erwarten wir Sie in Pinarella di Cervia, im Club Family Hotel Tintoretto! Hier vergn\u00fcgen sich Kinder jeden Tag, von morgens bis abends, mit den Animateurinnen und Animateuren, mit einem breitgef\u00e4cherten Unterhaltungsprogramm, grandiosen Spielbereichen und 2 wunderbaren Pools &#8211; im Garten und von der Sonne verw\u00f6hnt &hellip;<\/p>\n","protected":false},"author":1,"featured_media":0,"parent":94,"menu_order":0,"comment_status":"closed","ping_status":"closed","template":"page-templates\/scheda_hotel.php","meta":{"_acf_changed":false,"inline_featured_image":false,"footnotes":""},"class_list":["post-65112","page","type-page","status-publish","hentry"],"acf":[],"yoast_head":"<!-- This site is optimized with the Yoast SEO plugin v27.1 - https:\/\/yoast.com\/product\/yoast-seo-wordpress\/ -->\n<title>Club Family Hotel Tintoretto - Italy Family Hotels<\/title>\n<meta name=\"robots\" content=\"index, follow, max-snippet:-1, max-image-preview:large, max-video-preview:-1\" \/>\n<link rel=\"canonical\" href=\"https:\/\/www.italyfamilyhotels.it\/de\/family-hotels\/club-family-hotel-tintoretto\" \/>\n<meta property=\"og:locale\" content=\"de_DE\" \/>\n<meta property=\"og:type\" content=\"article\" \/>\n<meta property=\"og:title\" content=\"Club Family Hotel Tintoretto - Italy Family Hotels\" \/>\n<meta property=\"og:description\" content=\"Tr\u00e4umen Sie von einem All-inclusive-Urlaub f\u00fcr die ganze Familie? Dann erwarten wir Sie in Pinarella di Cervia, im Club Family Hotel Tintoretto! Hier vergn\u00fcgen sich Kinder jeden Tag, von morgens bis abends, mit den Animateurinnen und Animateuren, mit einem breitgef\u00e4cherten Unterhaltungsprogramm, grandiosen Spielbereichen und 2 wunderbaren Pools &#8211; im Garten und von der Sonne verw\u00f6hnt &hellip;\" \/>\n<meta property=\"og:url\" content=\"https:\/\/www.italyfamilyhotels.it\/de\/family-hotels\/club-family-hotel-tintoretto\" \/>\n<meta property=\"og:site_name\" content=\"Italy Family Hotels\" \/>\n<meta property=\"article:publisher\" content=\"https:\/\/www.facebook.com\/ItalyFamilyHotels\/\" \/>\n<meta property=\"article:modified_time\" content=\"2025-03-27T10:19:43+00:00\" \/>\n<meta name=\"twitter:card\" content=\"summary_large_image\" \/>\n<meta name=\"twitter:label1\" content=\"Gesch\u00e4tzte Lesezeit\" \/>\n\t<meta name=\"twitter:data1\" content=\"1\u00a0Minute\" \/>\n<script type=\"application\/ld+json\" class=\"yoast-schema-graph\">{\"@context\":\"https:\/\/schema.org\",\"@graph\":[{\"@type\":\"WebPage\",\"@id\":\"https:\/\/www.italyfamilyhotels.it\/de\/family-hotels\/club-family-hotel-tintoretto\",\"url\":\"https:\/\/www.italyfamilyhotels.it\/de\/family-hotels\/club-family-hotel-tintoretto\",\"name\":\"Club Family Hotel Tintoretto - Italy Family Hotels\",\"isPartOf\":{\"@id\":\"https:\/\/www.italyfamilyhotels.it\/#website\"},\"datePublished\":\"2025-02-05T07:42:14+00:00\",\"dateModified\":\"2025-03-27T10:19:43+00:00\",\"breadcrumb\":{\"@id\":\"https:\/\/www.italyfamilyhotels.it\/de\/family-hotels\/club-family-hotel-tintoretto#breadcrumb\"},\"inLanguage\":\"de\",\"potentialAction\":[{\"@type\":\"ReadAction\",\"target\":[\"https:\/\/www.italyfamilyhotels.it\/de\/family-hotels\/club-family-hotel-tintoretto\"]}]},{\"@type\":\"BreadcrumbList\",\"@id\":\"https:\/\/www.italyfamilyhotels.it\/de\/family-hotels\/club-family-hotel-tintoretto#breadcrumb\",\"itemListElement\":[{\"@type\":\"ListItem\",\"position\":1,\"name\":\"Home\",\"item\":\"https:\/\/www.italyfamilyhotels.it\/de\"},{\"@type\":\"ListItem\",\"position\":2,\"name\":\"Family Hotels\",\"item\":\"https:\/\/www.italyfamilyhotels.it\/de\/family-hotels\"},{\"@type\":\"ListItem\",\"position\":3,\"name\":\"Club Family Hotel Tintoretto\"}]},{\"@type\":\"WebSite\",\"@id\":\"https:\/\/www.italyfamilyhotels.it\/#website\",\"url\":\"https:\/\/www.italyfamilyhotels.it\/\",\"name\":\"Italy Family Hotels\",\"description\":\"\",\"potentialAction\":[{\"@type\":\"SearchAction\",\"target\":{\"@type\":\"EntryPoint\",\"urlTemplate\":\"https:\/\/www.italyfamilyhotels.it\/?s={search_term_string}\"},\"query-input\":{\"@type\":\"PropertyValueSpecification\",\"valueRequired\":true,\"valueName\":\"search_term_string\"}}],\"inLanguage\":\"de\"}]}<\/script>\n<!-- \/ Yoast SEO plugin. -->","yoast_head_json":{"title":"Club Family Hotel Tintoretto - Italy Family Hotels","robots":{"index":"index","follow":"follow","max-snippet":"max-snippet:-1","max-image-preview":"max-image-preview:large","max-video-preview":"max-video-preview:-1"},"canonical":"https:\/\/www.italyfamilyhotels.it\/de\/family-hotels\/club-family-hotel-tintoretto","og_locale":"de_DE","og_type":"article","og_title":"Club Family Hotel Tintoretto - Italy Family Hotels","og_description":"Tr\u00e4umen Sie von einem All-inclusive-Urlaub f\u00fcr die ganze Familie? Dann erwarten wir Sie in Pinarella di Cervia, im Club Family Hotel Tintoretto! Hier vergn\u00fcgen sich Kinder jeden Tag, von morgens bis abends, mit den Animateurinnen und Animateuren, mit einem breitgef\u00e4cherten Unterhaltungsprogramm, grandiosen Spielbereichen und 2 wunderbaren Pools &#8211; im Garten und von der Sonne verw\u00f6hnt &hellip;","og_url":"https:\/\/www.italyfamilyhotels.it\/de\/family-hotels\/club-family-hotel-tintoretto","og_site_name":"Italy Family Hotels","article_publisher":"https:\/\/www.facebook.com\/ItalyFamilyHotels\/","article_modified_time":"2025-03-27T10:19:43+00:00","twitter_card":"summary_large_image","twitter_misc":{"Gesch\u00e4tzte Lesezeit":"1\u00a0Minute"},"schema":{"@context":"https:\/\/schema.org","@graph":[{"@type":"WebPage","@id":"https:\/\/www.italyfamilyhotels.it\/de\/family-hotels\/club-family-hotel-tintoretto","url":"https:\/\/www.italyfamilyhotels.it\/de\/family-hotels\/club-family-hotel-tintoretto","name":"Club Family Hotel Tintoretto - Italy Family Hotels","isPartOf":{"@id":"https:\/\/www.italyfamilyhotels.it\/#website"},"datePublished":"2025-02-05T07:42:14+00:00","dateModified":"2025-03-27T10:19:43+00:00","breadcrumb":{"@id":"https:\/\/www.italyfamilyhotels.it\/de\/family-hotels\/club-family-hotel-tintoretto#breadcrumb"},"inLanguage":"de","potentialAction":[{"@type":"ReadAction","target":["https:\/\/www.italyfamilyhotels.it\/de\/family-hotels\/club-family-hotel-tintoretto"]}]},{"@type":"BreadcrumbList","@id":"https:\/\/www.italyfamilyhotels.it\/de\/family-hotels\/club-family-hotel-tintoretto#breadcrumb","itemListElement":[{"@type":"ListItem","position":1,"name":"Home","item":"https:\/\/www.italyfamilyhotels.it\/de"},{"@type":"ListItem","position":2,"name":"Family Hotels","item":"https:\/\/www.italyfamilyhotels.it\/de\/family-hotels"},{"@type":"ListItem","position":3,"name":"Club Family Hotel Tintoretto"}]},{"@type":"WebSite","@id":"https:\/\/www.italyfamilyhotels.it\/#website","url":"https:\/\/www.italyfamilyhotels.it\/","name":"Italy Family Hotels","description":"","potentialAction":[{"@type":"SearchAction","target":{"@type":"EntryPoint","urlTemplate":"https:\/\/www.italyfamilyhotels.it\/?s={search_term_string}"},"query-input":{"@type":"PropertyValueSpecification","valueRequired":true,"valueName":"search_term_string"}}],"inLanguage":"de"}]}},"_links":{"self":[{"href":"https:\/\/www.italyfamilyhotels.it\/de\/wp-json\/wp\/v2\/pages\/65112","targetHints":{"allow":["GET"]}}],"collection":[{"href":"https:\/\/www.italyfamilyhotels.it\/de\/wp-json\/wp\/v2\/pages"}],"about":[{"href":"https:\/\/www.italyfamilyhotels.it\/de\/wp-json\/wp\/v2\/types\/page"}],"author":[{"embeddable":true,"href":"https:\/\/www.italyfamilyhotels.it\/de\/wp-json\/wp\/v2\/users\/1"}],"replies":[{"embeddable":true,"href":"https:\/\/www.italyfamilyhotels.it\/de\/wp-json\/wp\/v2\/comments?post=65112"}],"version-history":[{"count":2,"href":"https:\/\/www.italyfamilyhotels.it\/de\/wp-json\/wp\/v2\/pages\/65112\/revisions"}],"predecessor-version":[{"id":68212,"href":"https:\/\/www.italyfamilyhotels.it\/de\/wp-json\/wp\/v2\/pages\/65112\/revisions\/68212"}],"up":[{"embeddable":true,"href":"https:\/\/www.italyfamilyhotels.it\/de\/wp-json\/wp\/v2\/pages\/94"}],"wp:attachment":[{"href":"https:\/\/www.italyfamilyhotels.it\/de\/wp-json\/wp\/v2\/media?parent=65112"}],"curies":[{"name":"wp","href":"https:\/\/api.w.org\/{rel}","templated":true}]}}