{"id":65092,"date":"2025-02-04T14:32:16","date_gmt":"2025-02-04T13:32:16","guid":{"rendered":"https:\/\/www.italyfamilyhotels.it\/family-hotels\/quellenhof-luxury-resort-passeier"},"modified":"2026-04-02T11:34:36","modified_gmt":"2026-04-02T09:34:36","slug":"quellenhof-luxury-resort-passeier","status":"publish","type":"page","link":"https:\/\/www.italyfamilyhotels.it\/de\/family-hotels\/quellenhof-luxury-resort-passeier","title":{"rendered":"Quellenhof Luxury Resort Passeier"},"content":{"rendered":"\n<p>Gl\u00fcck, Vergn\u00fcgen, Wellness f\u00fcr die ganze Familie erwarten Sie im <b>Quellenhof Luxury Resort Passeier<\/b> in <b>Meran<\/b>, im zauberhaften Passeiertal.<\/p>\n\n\n\n<p>Hier finden Sie einen <b>Wellnessbereich Adults Only <\/b>und einen <b>f\u00fcr Familien<\/b>, in dem Sie entspannte und lustige Momente mit Ihren Kindern verbringen k\u00f6nnen, mit <b>Familiensauna<\/b> und <b>Entspannungsbereichen<\/b>. Eltern und Kinder sind von unserem gro\u00dfartigen <b>Acqua Family Parc<\/b> begeistert! Im <b>Acquapark <\/b>k\u00f6nnen die Kleinen im <b>flachen, beheizten Pool<\/b> planschen, auf das <b>Piratenschiff<\/b> steigen und die <b>adrenalinf\u00f6rdernden Rutschen<\/b> nutzen. Oder Sie genie\u00dfen gemeinsam den Zauber des <b>langsam flie\u00dfenden Flusses<\/b> mit Wasserf\u00e4llen und Whirlpool-Liegen. Und dann gibt es noch den <strong>neuen Aqua Spray Park<\/strong> mit dynamischen Wasserspielen und erfrischenden Spr\u00fchfont\u00e4nen. Bei den beheizten <b>Pools <\/b>haben Sie eine gro\u00dfe Auswahl: <b>Infinitypool mit olympischen Ma\u00dfen<\/b>, <b>Salzwasserbecken<\/b>, ein <b>nat\u00fcrlicher Badeteich<\/b> und auf dem Dach sogar ein <b>blumenf\u00f6rmiger Infinitypool<\/b> aus Glas!<\/p>\n\n\n\n<p>Ihre Kinder liegen uns am Herzen. Deshalb haben wir ein Team <b>sachkundiger Kinderbetreuer<\/b>, die jeden Tag <b>f\u00fcr die verschiedenen Altersgruppen <\/b>ein reichhaltiges Unterhaltungsprogramm organisieren. Wenn Sie ganz kleine Kinder haben, k\u00f6nnen Sie den <b>Babysitter-Service<\/b> buchen und ein paar Stunden im <b>Spa Adults Only<\/b> verbringen. Hier finden Sie auch weitere exklusive Services: eine <strong>neue Bar<\/strong>, eine <strong>renovierte Terrasse<\/strong> sowie das <strong>Sky Restaurant Teppanyaki<\/strong> mit japanischer K\u00fcche und 360\u00b0-Blick auf die Berge.<\/p>\n\n\n\n<p>Auch die Spielbereiche sollen die Kinder den ganzen Tag \u00fcberraschen und unterhalten, beispielsweise der <b>Action Park<\/b> mit <b>VoloJump<\/b>, interaktivem Trampolin, Bouldering-Wand, <b>Go-Kart-Piste<\/b>,\u00a0Sportplattform und <b>Gaming<\/b> mixed reality, <b>iWall <\/b>3.0, ein\u00a0<b>Labyrinth-Tunnel, <\/b>Luftpistolen, Ganz neu sind au\u00dferdem das <strong>Indoor-Minigolf<\/strong> und der <strong>Ninja-Parcours<\/strong> \u2013 ein abenteuerlicher Action-Parcours! Wir haben noch mehr zu bieten: <b>Kletterhalle<\/b>, <b>3D-Kino<\/b>, <b>Bowling-Piste <\/b>und sogar eine richtige<b>Spielhalle<\/b>. Wetten wir, dass auch Sie im Urlaub wieder zu einem Kind werden?<\/p>\n","protected":false},"excerpt":{"rendered":"<p>Gl\u00fcck, Vergn\u00fcgen, Wellness f\u00fcr die ganze Familie erwarten Sie im Quellenhof Luxury Resort Passeier in Meran, im zauberhaften Passeiertal. Hier finden Sie einen Wellnessbereich Adults Only und einen f\u00fcr Familien, in dem Sie entspannte und lustige Momente mit Ihren Kindern verbringen k\u00f6nnen, mit Familiensauna und Entspannungsbereichen. Eltern und Kinder sind von unserem gro\u00dfartigen Acqua Family &hellip;<\/p>\n","protected":false},"author":1,"featured_media":0,"parent":94,"menu_order":0,"comment_status":"closed","ping_status":"closed","template":"page-templates\/scheda_hotel.php","meta":{"_acf_changed":false,"inline_featured_image":false,"footnotes":""},"class_list":["post-65092","page","type-page","status-publish","hentry"],"acf":[],"yoast_head":"<!-- This site is optimized with the Yoast SEO plugin v27.1 - https:\/\/yoast.com\/product\/yoast-seo-wordpress\/ -->\n<title>Quellenhof Luxury Resort Passeier, 5 Sterne, Meran<\/title>\n<meta name=\"description\" content=\"Lust auf einen Urlaub mit Ihrer Familie? Mehr \u00fcber die Familienangebote im Quellenhof Luxury Resort Passeier in Meran\" \/>\n<meta name=\"robots\" content=\"index, follow, max-snippet:-1, max-image-preview:large, max-video-preview:-1\" \/>\n<link rel=\"canonical\" href=\"https:\/\/www.italyfamilyhotels.it\/de\/family-hotels\/quellenhof-luxury-resort-passeier\" \/>\n<meta property=\"og:locale\" content=\"de_DE\" \/>\n<meta property=\"og:type\" content=\"article\" \/>\n<meta property=\"og:title\" content=\"Quellenhof Luxury Resort Passeier, 5 Sterne, Meran\" \/>\n<meta property=\"og:description\" content=\"Lust auf einen Urlaub mit Ihrer Familie? Mehr \u00fcber die Familienangebote im Quellenhof Luxury Resort Passeier in Meran\" \/>\n<meta property=\"og:url\" content=\"https:\/\/www.italyfamilyhotels.it\/de\/family-hotels\/quellenhof-luxury-resort-passeier\" \/>\n<meta property=\"og:site_name\" content=\"Italy Family Hotels\" \/>\n<meta property=\"article:publisher\" content=\"https:\/\/www.facebook.com\/ItalyFamilyHotels\/\" \/>\n<meta property=\"article:modified_time\" content=\"2026-04-02T09:34:36+00:00\" \/>\n<meta name=\"twitter:card\" content=\"summary_large_image\" \/>\n<meta name=\"twitter:label1\" content=\"Gesch\u00e4tzte Lesezeit\" \/>\n\t<meta name=\"twitter:data1\" content=\"1\u00a0Minute\" \/>\n<script type=\"application\/ld+json\" class=\"yoast-schema-graph\">{\"@context\":\"https:\/\/schema.org\",\"@graph\":[{\"@type\":\"WebPage\",\"@id\":\"https:\/\/www.italyfamilyhotels.it\/de\/family-hotels\/quellenhof-luxury-resort-passeier\",\"url\":\"https:\/\/www.italyfamilyhotels.it\/de\/family-hotels\/quellenhof-luxury-resort-passeier\",\"name\":\"Quellenhof Luxury Resort Passeier, 5 Sterne, Meran\",\"isPartOf\":{\"@id\":\"https:\/\/www.italyfamilyhotels.it\/#website\"},\"datePublished\":\"2025-02-04T13:32:16+00:00\",\"dateModified\":\"2026-04-02T09:34:36+00:00\",\"description\":\"Lust auf einen Urlaub mit Ihrer Familie? Mehr \u00fcber die Familienangebote im Quellenhof Luxury Resort Passeier in Meran\",\"breadcrumb\":{\"@id\":\"https:\/\/www.italyfamilyhotels.it\/de\/family-hotels\/quellenhof-luxury-resort-passeier#breadcrumb\"},\"inLanguage\":\"de\",\"potentialAction\":[{\"@type\":\"ReadAction\",\"target\":[\"https:\/\/www.italyfamilyhotels.it\/de\/family-hotels\/quellenhof-luxury-resort-passeier\"]}]},{\"@type\":\"BreadcrumbList\",\"@id\":\"https:\/\/www.italyfamilyhotels.it\/de\/family-hotels\/quellenhof-luxury-resort-passeier#breadcrumb\",\"itemListElement\":[{\"@type\":\"ListItem\",\"position\":1,\"name\":\"Home\",\"item\":\"https:\/\/www.italyfamilyhotels.it\/de\"},{\"@type\":\"ListItem\",\"position\":2,\"name\":\"Family Hotels\",\"item\":\"https:\/\/www.italyfamilyhotels.it\/de\/family-hotels\"},{\"@type\":\"ListItem\",\"position\":3,\"name\":\"Quellenhof Luxury Resort Passeier\"}]},{\"@type\":\"WebSite\",\"@id\":\"https:\/\/www.italyfamilyhotels.it\/#website\",\"url\":\"https:\/\/www.italyfamilyhotels.it\/\",\"name\":\"Italy Family Hotels\",\"description\":\"\",\"potentialAction\":[{\"@type\":\"SearchAction\",\"target\":{\"@type\":\"EntryPoint\",\"urlTemplate\":\"https:\/\/www.italyfamilyhotels.it\/?s={search_term_string}\"},\"query-input\":{\"@type\":\"PropertyValueSpecification\",\"valueRequired\":true,\"valueName\":\"search_term_string\"}}],\"inLanguage\":\"de\"}]}<\/script>\n<!-- \/ Yoast SEO plugin. -->","yoast_head_json":{"title":"Quellenhof Luxury Resort Passeier, 5 Sterne, Meran","description":"Lust auf einen Urlaub mit Ihrer Familie? Mehr \u00fcber die Familienangebote im Quellenhof Luxury Resort Passeier in Meran","robots":{"index":"index","follow":"follow","max-snippet":"max-snippet:-1","max-image-preview":"max-image-preview:large","max-video-preview":"max-video-preview:-1"},"canonical":"https:\/\/www.italyfamilyhotels.it\/de\/family-hotels\/quellenhof-luxury-resort-passeier","og_locale":"de_DE","og_type":"article","og_title":"Quellenhof Luxury Resort Passeier, 5 Sterne, Meran","og_description":"Lust auf einen Urlaub mit Ihrer Familie? Mehr \u00fcber die Familienangebote im Quellenhof Luxury Resort Passeier in Meran","og_url":"https:\/\/www.italyfamilyhotels.it\/de\/family-hotels\/quellenhof-luxury-resort-passeier","og_site_name":"Italy Family Hotels","article_publisher":"https:\/\/www.facebook.com\/ItalyFamilyHotels\/","article_modified_time":"2026-04-02T09:34:36+00:00","twitter_card":"summary_large_image","twitter_misc":{"Gesch\u00e4tzte Lesezeit":"1\u00a0Minute"},"schema":{"@context":"https:\/\/schema.org","@graph":[{"@type":"WebPage","@id":"https:\/\/www.italyfamilyhotels.it\/de\/family-hotels\/quellenhof-luxury-resort-passeier","url":"https:\/\/www.italyfamilyhotels.it\/de\/family-hotels\/quellenhof-luxury-resort-passeier","name":"Quellenhof Luxury Resort Passeier, 5 Sterne, Meran","isPartOf":{"@id":"https:\/\/www.italyfamilyhotels.it\/#website"},"datePublished":"2025-02-04T13:32:16+00:00","dateModified":"2026-04-02T09:34:36+00:00","description":"Lust auf einen Urlaub mit Ihrer Familie? Mehr \u00fcber die Familienangebote im Quellenhof Luxury Resort Passeier in Meran","breadcrumb":{"@id":"https:\/\/www.italyfamilyhotels.it\/de\/family-hotels\/quellenhof-luxury-resort-passeier#breadcrumb"},"inLanguage":"de","potentialAction":[{"@type":"ReadAction","target":["https:\/\/www.italyfamilyhotels.it\/de\/family-hotels\/quellenhof-luxury-resort-passeier"]}]},{"@type":"BreadcrumbList","@id":"https:\/\/www.italyfamilyhotels.it\/de\/family-hotels\/quellenhof-luxury-resort-passeier#breadcrumb","itemListElement":[{"@type":"ListItem","position":1,"name":"Home","item":"https:\/\/www.italyfamilyhotels.it\/de"},{"@type":"ListItem","position":2,"name":"Family Hotels","item":"https:\/\/www.italyfamilyhotels.it\/de\/family-hotels"},{"@type":"ListItem","position":3,"name":"Quellenhof Luxury Resort Passeier"}]},{"@type":"WebSite","@id":"https:\/\/www.italyfamilyhotels.it\/#website","url":"https:\/\/www.italyfamilyhotels.it\/","name":"Italy Family Hotels","description":"","potentialAction":[{"@type":"SearchAction","target":{"@type":"EntryPoint","urlTemplate":"https:\/\/www.italyfamilyhotels.it\/?s={search_term_string}"},"query-input":{"@type":"PropertyValueSpecification","valueRequired":true,"valueName":"search_term_string"}}],"inLanguage":"de"}]}},"_links":{"self":[{"href":"https:\/\/www.italyfamilyhotels.it\/de\/wp-json\/wp\/v2\/pages\/65092","targetHints":{"allow":["GET"]}}],"collection":[{"href":"https:\/\/www.italyfamilyhotels.it\/de\/wp-json\/wp\/v2\/pages"}],"about":[{"href":"https:\/\/www.italyfamilyhotels.it\/de\/wp-json\/wp\/v2\/types\/page"}],"author":[{"embeddable":true,"href":"https:\/\/www.italyfamilyhotels.it\/de\/wp-json\/wp\/v2\/users\/1"}],"replies":[{"embeddable":true,"href":"https:\/\/www.italyfamilyhotels.it\/de\/wp-json\/wp\/v2\/comments?post=65092"}],"version-history":[{"count":3,"href":"https:\/\/www.italyfamilyhotels.it\/de\/wp-json\/wp\/v2\/pages\/65092\/revisions"}],"predecessor-version":[{"id":77194,"href":"https:\/\/www.italyfamilyhotels.it\/de\/wp-json\/wp\/v2\/pages\/65092\/revisions\/77194"}],"up":[{"embeddable":true,"href":"https:\/\/www.italyfamilyhotels.it\/de\/wp-json\/wp\/v2\/pages\/94"}],"wp:attachment":[{"href":"https:\/\/www.italyfamilyhotels.it\/de\/wp-json\/wp\/v2\/media?parent=65092"}],"curies":[{"name":"wp","href":"https:\/\/api.w.org\/{rel}","templated":true}]}}