{"id":64802,"date":"2025-01-30T16:18:45","date_gmt":"2025-01-30T15:18:45","guid":{"rendered":"https:\/\/www.italyfamilyhotels.it\/family-hotels\/club-family-hotel-rimini-village"},"modified":"2025-03-27T11:19:41","modified_gmt":"2025-03-27T10:19:41","slug":"club-family-hotel-rimini-village","status":"publish","type":"page","link":"https:\/\/www.italyfamilyhotels.it\/de\/family-hotels\/club-family-hotel-rimini-village","title":{"rendered":"Club Family Hotel Rimini Village"},"content":{"rendered":"\n<p>Machen Sie eine \u201e\u00dcberschallreise ins Vergn\u00fcgen\u201c, buchen Sie einen Familienurlaub im <b>Club Family Hotel Rimini Village<\/b> in <b>Torre Pedrera<\/b>!<\/p>\n\n\n\n<p>Das Hotel ist von einem <b>8.000 m<\/b><b><sup>2<\/b><\/sup><b> gro\u00dfen Gr\u00fcnbereich<\/b> umgeben, einem Garten mit B\u00e4umen und vielen Spielen, mit denen sich die Kinder sicher vergn\u00fcgen k\u00f6nnen, w\u00e4hrend sich die <b>Eltern am Pool entspannen<\/b>. Besser gesagt, an einem der <b>beiden beheizten Pools <\/b>in sonniger Lage, von denen einer den Kleinen gewidmet ist und nebenan der<b> Splash Park <\/b>mit <b>Wasserspielen<\/b>.<\/p>\n\n\n\n<p>Wir haben die Formel <b>All Inclusive\u00ae Open Bar H24<\/b> entwickelt, mit <b>unbegrenzten Getr\u00e4nken<\/b> im Hotel, am Pool und am Strand. Aber nicht nur das! Der <b>Strandservice <\/b>am supernahen, 30 Meter entfernten Strand ist <b>inbegriffen<\/b>, auch die <b>Animation, die an 7 Wochentagen<\/b> Aktivit\u00e4ten f\u00fcr verschiedene Altersklassen organisiert. Au\u00dferdem \u00fcbernachten <b>Kinder und Jugendliche bis 18 Jahre<\/b> im Zimmer mit zwei Erwachsenen immer <b>gratis<\/b>! Die <b>Eintrittskarten f\u00fcr Mirabilandia und Mirabeach sind gratis<\/b> f\u00fcr die ganze Familie! Das ist doch super, oder?<\/p>\n\n\n\n<p>Im <b>Club Family Hotel Rimini Village<\/b> ist jedes Detail genau durchdacht, damit Ihre Familie einen optimalen Urlaub verbringen kann. Sie m\u00f6chten ein paar Beispiele? <b>Dina Merendina<\/b>, <b>Baby Parking<\/b> beim Essen ab 4 Jahren, <b>Babysitter der Nanny School<\/b> f\u00fcr Babys ab 8 Monaten, die <b>Feinschmeckerecke<\/b> <b>\u201eAngolo del Ghiottone\u201c<\/b> am Nachmittag, <b>Baby Dance<\/b> und Veranstaltungen am Abend, <b>leckere \u00dcberraschungen<\/b> und das<b> Gute-Nacht-B\u00fcfett<\/b>. Und den Rest d\u00fcrfen Sie bei uns entdecken!<\/p>\n","protected":false},"excerpt":{"rendered":"<p>Machen Sie eine \u201e\u00dcberschallreise ins Vergn\u00fcgen\u201c, buchen Sie einen Familienurlaub im Club Family Hotel Rimini Village in Torre Pedrera! Das Hotel ist von einem 8.000 m2 gro\u00dfen Gr\u00fcnbereich umgeben, einem Garten mit B\u00e4umen und vielen Spielen, mit denen sich die Kinder sicher vergn\u00fcgen k\u00f6nnen, w\u00e4hrend sich die Eltern am Pool entspannen. Besser gesagt, an einem &hellip;<\/p>\n","protected":false},"author":1,"featured_media":0,"parent":94,"menu_order":0,"comment_status":"closed","ping_status":"closed","template":"page-templates\/scheda_hotel.php","meta":{"_acf_changed":false,"inline_featured_image":false,"footnotes":""},"class_list":["post-64802","page","type-page","status-publish","hentry"],"acf":[],"yoast_head":"<!-- This site is optimized with the Yoast SEO plugin v27.1 - https:\/\/yoast.com\/product\/yoast-seo-wordpress\/ -->\n<title>Club Family Hotel Rimini Village - Italy Family Hotels<\/title>\n<meta name=\"robots\" content=\"index, follow, max-snippet:-1, max-image-preview:large, max-video-preview:-1\" \/>\n<link rel=\"canonical\" href=\"https:\/\/www.italyfamilyhotels.it\/de\/family-hotels\/club-family-hotel-rimini-village\" \/>\n<meta property=\"og:locale\" content=\"de_DE\" \/>\n<meta property=\"og:type\" content=\"article\" \/>\n<meta property=\"og:title\" content=\"Club Family Hotel Rimini Village - Italy Family Hotels\" \/>\n<meta property=\"og:description\" content=\"Machen Sie eine \u201e\u00dcberschallreise ins Vergn\u00fcgen\u201c, buchen Sie einen Familienurlaub im Club Family Hotel Rimini Village in Torre Pedrera! Das Hotel ist von einem 8.000 m2 gro\u00dfen Gr\u00fcnbereich umgeben, einem Garten mit B\u00e4umen und vielen Spielen, mit denen sich die Kinder sicher vergn\u00fcgen k\u00f6nnen, w\u00e4hrend sich die Eltern am Pool entspannen. Besser gesagt, an einem &hellip;\" \/>\n<meta property=\"og:url\" content=\"https:\/\/www.italyfamilyhotels.it\/de\/family-hotels\/club-family-hotel-rimini-village\" \/>\n<meta property=\"og:site_name\" content=\"Italy Family Hotels\" \/>\n<meta property=\"article:publisher\" content=\"https:\/\/www.facebook.com\/ItalyFamilyHotels\/\" \/>\n<meta property=\"article:modified_time\" content=\"2025-03-27T10:19:41+00:00\" \/>\n<meta name=\"twitter:card\" content=\"summary_large_image\" \/>\n<meta name=\"twitter:label1\" content=\"Gesch\u00e4tzte Lesezeit\" \/>\n\t<meta name=\"twitter:data1\" content=\"1\u00a0Minute\" \/>\n<script type=\"application\/ld+json\" class=\"yoast-schema-graph\">{\"@context\":\"https:\/\/schema.org\",\"@graph\":[{\"@type\":\"WebPage\",\"@id\":\"https:\/\/www.italyfamilyhotels.it\/de\/family-hotels\/club-family-hotel-rimini-village\",\"url\":\"https:\/\/www.italyfamilyhotels.it\/de\/family-hotels\/club-family-hotel-rimini-village\",\"name\":\"Club Family Hotel Rimini Village - Italy Family Hotels\",\"isPartOf\":{\"@id\":\"https:\/\/www.italyfamilyhotels.it\/#website\"},\"datePublished\":\"2025-01-30T15:18:45+00:00\",\"dateModified\":\"2025-03-27T10:19:41+00:00\",\"breadcrumb\":{\"@id\":\"https:\/\/www.italyfamilyhotels.it\/de\/family-hotels\/club-family-hotel-rimini-village#breadcrumb\"},\"inLanguage\":\"de\",\"potentialAction\":[{\"@type\":\"ReadAction\",\"target\":[\"https:\/\/www.italyfamilyhotels.it\/de\/family-hotels\/club-family-hotel-rimini-village\"]}]},{\"@type\":\"BreadcrumbList\",\"@id\":\"https:\/\/www.italyfamilyhotels.it\/de\/family-hotels\/club-family-hotel-rimini-village#breadcrumb\",\"itemListElement\":[{\"@type\":\"ListItem\",\"position\":1,\"name\":\"Home\",\"item\":\"https:\/\/www.italyfamilyhotels.it\/de\"},{\"@type\":\"ListItem\",\"position\":2,\"name\":\"Family Hotels\",\"item\":\"https:\/\/www.italyfamilyhotels.it\/de\/family-hotels\"},{\"@type\":\"ListItem\",\"position\":3,\"name\":\"Club Family Hotel Rimini Village\"}]},{\"@type\":\"WebSite\",\"@id\":\"https:\/\/www.italyfamilyhotels.it\/#website\",\"url\":\"https:\/\/www.italyfamilyhotels.it\/\",\"name\":\"Italy Family Hotels\",\"description\":\"\",\"potentialAction\":[{\"@type\":\"SearchAction\",\"target\":{\"@type\":\"EntryPoint\",\"urlTemplate\":\"https:\/\/www.italyfamilyhotels.it\/?s={search_term_string}\"},\"query-input\":{\"@type\":\"PropertyValueSpecification\",\"valueRequired\":true,\"valueName\":\"search_term_string\"}}],\"inLanguage\":\"de\"}]}<\/script>\n<!-- \/ Yoast SEO plugin. -->","yoast_head_json":{"title":"Club Family Hotel Rimini Village - Italy Family Hotels","robots":{"index":"index","follow":"follow","max-snippet":"max-snippet:-1","max-image-preview":"max-image-preview:large","max-video-preview":"max-video-preview:-1"},"canonical":"https:\/\/www.italyfamilyhotels.it\/de\/family-hotels\/club-family-hotel-rimini-village","og_locale":"de_DE","og_type":"article","og_title":"Club Family Hotel Rimini Village - Italy Family Hotels","og_description":"Machen Sie eine \u201e\u00dcberschallreise ins Vergn\u00fcgen\u201c, buchen Sie einen Familienurlaub im Club Family Hotel Rimini Village in Torre Pedrera! Das Hotel ist von einem 8.000 m2 gro\u00dfen Gr\u00fcnbereich umgeben, einem Garten mit B\u00e4umen und vielen Spielen, mit denen sich die Kinder sicher vergn\u00fcgen k\u00f6nnen, w\u00e4hrend sich die Eltern am Pool entspannen. Besser gesagt, an einem &hellip;","og_url":"https:\/\/www.italyfamilyhotels.it\/de\/family-hotels\/club-family-hotel-rimini-village","og_site_name":"Italy Family Hotels","article_publisher":"https:\/\/www.facebook.com\/ItalyFamilyHotels\/","article_modified_time":"2025-03-27T10:19:41+00:00","twitter_card":"summary_large_image","twitter_misc":{"Gesch\u00e4tzte Lesezeit":"1\u00a0Minute"},"schema":{"@context":"https:\/\/schema.org","@graph":[{"@type":"WebPage","@id":"https:\/\/www.italyfamilyhotels.it\/de\/family-hotels\/club-family-hotel-rimini-village","url":"https:\/\/www.italyfamilyhotels.it\/de\/family-hotels\/club-family-hotel-rimini-village","name":"Club Family Hotel Rimini Village - Italy Family Hotels","isPartOf":{"@id":"https:\/\/www.italyfamilyhotels.it\/#website"},"datePublished":"2025-01-30T15:18:45+00:00","dateModified":"2025-03-27T10:19:41+00:00","breadcrumb":{"@id":"https:\/\/www.italyfamilyhotels.it\/de\/family-hotels\/club-family-hotel-rimini-village#breadcrumb"},"inLanguage":"de","potentialAction":[{"@type":"ReadAction","target":["https:\/\/www.italyfamilyhotels.it\/de\/family-hotels\/club-family-hotel-rimini-village"]}]},{"@type":"BreadcrumbList","@id":"https:\/\/www.italyfamilyhotels.it\/de\/family-hotels\/club-family-hotel-rimini-village#breadcrumb","itemListElement":[{"@type":"ListItem","position":1,"name":"Home","item":"https:\/\/www.italyfamilyhotels.it\/de"},{"@type":"ListItem","position":2,"name":"Family Hotels","item":"https:\/\/www.italyfamilyhotels.it\/de\/family-hotels"},{"@type":"ListItem","position":3,"name":"Club Family Hotel Rimini Village"}]},{"@type":"WebSite","@id":"https:\/\/www.italyfamilyhotels.it\/#website","url":"https:\/\/www.italyfamilyhotels.it\/","name":"Italy Family Hotels","description":"","potentialAction":[{"@type":"SearchAction","target":{"@type":"EntryPoint","urlTemplate":"https:\/\/www.italyfamilyhotels.it\/?s={search_term_string}"},"query-input":{"@type":"PropertyValueSpecification","valueRequired":true,"valueName":"search_term_string"}}],"inLanguage":"de"}]}},"_links":{"self":[{"href":"https:\/\/www.italyfamilyhotels.it\/de\/wp-json\/wp\/v2\/pages\/64802","targetHints":{"allow":["GET"]}}],"collection":[{"href":"https:\/\/www.italyfamilyhotels.it\/de\/wp-json\/wp\/v2\/pages"}],"about":[{"href":"https:\/\/www.italyfamilyhotels.it\/de\/wp-json\/wp\/v2\/types\/page"}],"author":[{"embeddable":true,"href":"https:\/\/www.italyfamilyhotels.it\/de\/wp-json\/wp\/v2\/users\/1"}],"replies":[{"embeddable":true,"href":"https:\/\/www.italyfamilyhotels.it\/de\/wp-json\/wp\/v2\/comments?post=64802"}],"version-history":[{"count":2,"href":"https:\/\/www.italyfamilyhotels.it\/de\/wp-json\/wp\/v2\/pages\/64802\/revisions"}],"predecessor-version":[{"id":68210,"href":"https:\/\/www.italyfamilyhotels.it\/de\/wp-json\/wp\/v2\/pages\/64802\/revisions\/68210"}],"up":[{"embeddable":true,"href":"https:\/\/www.italyfamilyhotels.it\/de\/wp-json\/wp\/v2\/pages\/94"}],"wp:attachment":[{"href":"https:\/\/www.italyfamilyhotels.it\/de\/wp-json\/wp\/v2\/media?parent=64802"}],"curies":[{"name":"wp","href":"https:\/\/api.w.org\/{rel}","templated":true}]}}