{"id":63950,"date":"2025-01-27T13:33:06","date_gmt":"2025-01-27T12:33:06","guid":{"rendered":"https:\/\/www.italyfamilyhotels.it\/family-hotels\/hotel-continental"},"modified":"2025-03-27T11:19:40","modified_gmt":"2025-03-27T10:19:40","slug":"hotel-continental","status":"publish","type":"page","link":"https:\/\/www.italyfamilyhotels.it\/de\/family-hotels\/hotel-continental","title":{"rendered":"Hotel Continental"},"content":{"rendered":"\n<p>Im <b>Hotel Continental<\/b> in <b>Tortoreto Lido<\/b>, das <b>direkt an der Strandpromenade<\/b> liegt, erleben Sie einen <b>All-inclusive-Urlaub<\/b>, bei dem jedes Familienmitglied seine Form des Gl\u00fccks finden wird!<\/p>\n\n\n\n<p><b>Kinder <\/b>k\u00f6nnen sich mit unserem Animationsteam sicher an unserem <b>Privatstrand<\/b> vergn\u00fcgen &#8211; <b>1 Sonnenschirm und 2 Liegen<\/b> sind immer inbegriffen &#8211; w\u00e4hrend die Eltern entspannt die Sonne genie\u00dfen und vielleicht den <b>Barservice nutzen, der inbegriffen und den ganzen Tag ge\u00f6ffnet ist<\/b>.<\/p>\n\n\n\n<p>Die <b>unterhaltenden Aktivit\u00e4ten<\/b>, die <b>vormittags<\/b> und <b>nachmittags<\/b> stattfinden, verzaubern jeden Tag in einen ganz besonderen Tag, an die sich vor allem die ganz Kleinen noch lange erinnern werden.<\/p>\n\n\n\n<p>Unser Hotel hat eine <b>strategische Lage<\/b> und Sie k\u00f6nnen mit den <b>Fahrr\u00e4dern, die kostenlos zur Verf\u00fcgung stehen<\/b>, die Umgebung entdecken und dem Familienurlaub einen Hauch von Abenteuer hinzuf\u00fcgen.<\/p>\n\n\n\n<p>Genie\u00dfen Sie das Gef\u00fchl der Sicherheit, bei Ihrer Ankunft <b>alles, was Sie f\u00fcr Ihre Kinder brauchen, im Zimmer und im Speisesaal vorzufinden<\/b>. Auf Anfrage Assistenz durch einen Kinderarzt und Babysitter &#8211; ein echter Pluspunkt &#8211; denn Sie m\u00fcssen an nichts denken. Wir bereiten alles vor und hei\u00dfen Ihre Familie herzlich willkommen.<\/p>\n","protected":false},"excerpt":{"rendered":"<p>Im Hotel Continental in Tortoreto Lido, das direkt an der Strandpromenade liegt, erleben Sie einen All-inclusive-Urlaub, bei dem jedes Familienmitglied seine Form des Gl\u00fccks finden wird! Kinder k\u00f6nnen sich mit unserem Animationsteam sicher an unserem Privatstrand vergn\u00fcgen &#8211; 1 Sonnenschirm und 2 Liegen sind immer inbegriffen &#8211; w\u00e4hrend die Eltern entspannt die Sonne genie\u00dfen und &hellip;<\/p>\n","protected":false},"author":1,"featured_media":0,"parent":94,"menu_order":0,"comment_status":"closed","ping_status":"closed","template":"page-templates\/scheda_hotel.php","meta":{"_acf_changed":false,"inline_featured_image":false,"footnotes":""},"class_list":["post-63950","page","type-page","status-publish","hentry"],"acf":[],"yoast_head":"<!-- This site is optimized with the Yoast SEO plugin v27.1 - https:\/\/yoast.com\/product\/yoast-seo-wordpress\/ -->\n<title>Hotel Continental - Italy Family Hotels<\/title>\n<meta name=\"robots\" content=\"index, follow, max-snippet:-1, max-image-preview:large, max-video-preview:-1\" \/>\n<link rel=\"canonical\" href=\"https:\/\/www.italyfamilyhotels.it\/de\/family-hotels\/hotel-continental\" \/>\n<meta property=\"og:locale\" content=\"de_DE\" \/>\n<meta property=\"og:type\" content=\"article\" \/>\n<meta property=\"og:title\" content=\"Hotel Continental - Italy Family Hotels\" \/>\n<meta property=\"og:description\" content=\"Im Hotel Continental in Tortoreto Lido, das direkt an der Strandpromenade liegt, erleben Sie einen All-inclusive-Urlaub, bei dem jedes Familienmitglied seine Form des Gl\u00fccks finden wird! Kinder k\u00f6nnen sich mit unserem Animationsteam sicher an unserem Privatstrand vergn\u00fcgen &#8211; 1 Sonnenschirm und 2 Liegen sind immer inbegriffen &#8211; w\u00e4hrend die Eltern entspannt die Sonne genie\u00dfen und &hellip;\" \/>\n<meta property=\"og:url\" content=\"https:\/\/www.italyfamilyhotels.it\/de\/family-hotels\/hotel-continental\" \/>\n<meta property=\"og:site_name\" content=\"Italy Family Hotels\" \/>\n<meta property=\"article:publisher\" content=\"https:\/\/www.facebook.com\/ItalyFamilyHotels\/\" \/>\n<meta property=\"article:modified_time\" content=\"2025-03-27T10:19:40+00:00\" \/>\n<meta name=\"twitter:card\" content=\"summary_large_image\" \/>\n<meta name=\"twitter:label1\" content=\"Gesch\u00e4tzte Lesezeit\" \/>\n\t<meta name=\"twitter:data1\" content=\"1\u00a0Minute\" \/>\n<script type=\"application\/ld+json\" class=\"yoast-schema-graph\">{\"@context\":\"https:\/\/schema.org\",\"@graph\":[{\"@type\":\"WebPage\",\"@id\":\"https:\/\/www.italyfamilyhotels.it\/de\/family-hotels\/hotel-continental\",\"url\":\"https:\/\/www.italyfamilyhotels.it\/de\/family-hotels\/hotel-continental\",\"name\":\"Hotel Continental - Italy Family Hotels\",\"isPartOf\":{\"@id\":\"https:\/\/www.italyfamilyhotels.it\/#website\"},\"datePublished\":\"2025-01-27T12:33:06+00:00\",\"dateModified\":\"2025-03-27T10:19:40+00:00\",\"breadcrumb\":{\"@id\":\"https:\/\/www.italyfamilyhotels.it\/de\/family-hotels\/hotel-continental#breadcrumb\"},\"inLanguage\":\"de\",\"potentialAction\":[{\"@type\":\"ReadAction\",\"target\":[\"https:\/\/www.italyfamilyhotels.it\/de\/family-hotels\/hotel-continental\"]}]},{\"@type\":\"BreadcrumbList\",\"@id\":\"https:\/\/www.italyfamilyhotels.it\/de\/family-hotels\/hotel-continental#breadcrumb\",\"itemListElement\":[{\"@type\":\"ListItem\",\"position\":1,\"name\":\"Home\",\"item\":\"https:\/\/www.italyfamilyhotels.it\/de\"},{\"@type\":\"ListItem\",\"position\":2,\"name\":\"Family Hotels\",\"item\":\"https:\/\/www.italyfamilyhotels.it\/de\/family-hotels\"},{\"@type\":\"ListItem\",\"position\":3,\"name\":\"Hotel Continental\"}]},{\"@type\":\"WebSite\",\"@id\":\"https:\/\/www.italyfamilyhotels.it\/#website\",\"url\":\"https:\/\/www.italyfamilyhotels.it\/\",\"name\":\"Italy Family Hotels\",\"description\":\"\",\"potentialAction\":[{\"@type\":\"SearchAction\",\"target\":{\"@type\":\"EntryPoint\",\"urlTemplate\":\"https:\/\/www.italyfamilyhotels.it\/?s={search_term_string}\"},\"query-input\":{\"@type\":\"PropertyValueSpecification\",\"valueRequired\":true,\"valueName\":\"search_term_string\"}}],\"inLanguage\":\"de\"}]}<\/script>\n<!-- \/ Yoast SEO plugin. -->","yoast_head_json":{"title":"Hotel Continental - Italy Family Hotels","robots":{"index":"index","follow":"follow","max-snippet":"max-snippet:-1","max-image-preview":"max-image-preview:large","max-video-preview":"max-video-preview:-1"},"canonical":"https:\/\/www.italyfamilyhotels.it\/de\/family-hotels\/hotel-continental","og_locale":"de_DE","og_type":"article","og_title":"Hotel Continental - Italy Family Hotels","og_description":"Im Hotel Continental in Tortoreto Lido, das direkt an der Strandpromenade liegt, erleben Sie einen All-inclusive-Urlaub, bei dem jedes Familienmitglied seine Form des Gl\u00fccks finden wird! Kinder k\u00f6nnen sich mit unserem Animationsteam sicher an unserem Privatstrand vergn\u00fcgen &#8211; 1 Sonnenschirm und 2 Liegen sind immer inbegriffen &#8211; w\u00e4hrend die Eltern entspannt die Sonne genie\u00dfen und &hellip;","og_url":"https:\/\/www.italyfamilyhotels.it\/de\/family-hotels\/hotel-continental","og_site_name":"Italy Family Hotels","article_publisher":"https:\/\/www.facebook.com\/ItalyFamilyHotels\/","article_modified_time":"2025-03-27T10:19:40+00:00","twitter_card":"summary_large_image","twitter_misc":{"Gesch\u00e4tzte Lesezeit":"1\u00a0Minute"},"schema":{"@context":"https:\/\/schema.org","@graph":[{"@type":"WebPage","@id":"https:\/\/www.italyfamilyhotels.it\/de\/family-hotels\/hotel-continental","url":"https:\/\/www.italyfamilyhotels.it\/de\/family-hotels\/hotel-continental","name":"Hotel Continental - Italy Family Hotels","isPartOf":{"@id":"https:\/\/www.italyfamilyhotels.it\/#website"},"datePublished":"2025-01-27T12:33:06+00:00","dateModified":"2025-03-27T10:19:40+00:00","breadcrumb":{"@id":"https:\/\/www.italyfamilyhotels.it\/de\/family-hotels\/hotel-continental#breadcrumb"},"inLanguage":"de","potentialAction":[{"@type":"ReadAction","target":["https:\/\/www.italyfamilyhotels.it\/de\/family-hotels\/hotel-continental"]}]},{"@type":"BreadcrumbList","@id":"https:\/\/www.italyfamilyhotels.it\/de\/family-hotels\/hotel-continental#breadcrumb","itemListElement":[{"@type":"ListItem","position":1,"name":"Home","item":"https:\/\/www.italyfamilyhotels.it\/de"},{"@type":"ListItem","position":2,"name":"Family Hotels","item":"https:\/\/www.italyfamilyhotels.it\/de\/family-hotels"},{"@type":"ListItem","position":3,"name":"Hotel Continental"}]},{"@type":"WebSite","@id":"https:\/\/www.italyfamilyhotels.it\/#website","url":"https:\/\/www.italyfamilyhotels.it\/","name":"Italy Family Hotels","description":"","potentialAction":[{"@type":"SearchAction","target":{"@type":"EntryPoint","urlTemplate":"https:\/\/www.italyfamilyhotels.it\/?s={search_term_string}"},"query-input":{"@type":"PropertyValueSpecification","valueRequired":true,"valueName":"search_term_string"}}],"inLanguage":"de"}]}},"_links":{"self":[{"href":"https:\/\/www.italyfamilyhotels.it\/de\/wp-json\/wp\/v2\/pages\/63950","targetHints":{"allow":["GET"]}}],"collection":[{"href":"https:\/\/www.italyfamilyhotels.it\/de\/wp-json\/wp\/v2\/pages"}],"about":[{"href":"https:\/\/www.italyfamilyhotels.it\/de\/wp-json\/wp\/v2\/types\/page"}],"author":[{"embeddable":true,"href":"https:\/\/www.italyfamilyhotels.it\/de\/wp-json\/wp\/v2\/users\/1"}],"replies":[{"embeddable":true,"href":"https:\/\/www.italyfamilyhotels.it\/de\/wp-json\/wp\/v2\/comments?post=63950"}],"version-history":[{"count":2,"href":"https:\/\/www.italyfamilyhotels.it\/de\/wp-json\/wp\/v2\/pages\/63950\/revisions"}],"predecessor-version":[{"id":68209,"href":"https:\/\/www.italyfamilyhotels.it\/de\/wp-json\/wp\/v2\/pages\/63950\/revisions\/68209"}],"up":[{"embeddable":true,"href":"https:\/\/www.italyfamilyhotels.it\/de\/wp-json\/wp\/v2\/pages\/94"}],"wp:attachment":[{"href":"https:\/\/www.italyfamilyhotels.it\/de\/wp-json\/wp\/v2\/media?parent=63950"}],"curies":[{"name":"wp","href":"https:\/\/api.w.org\/{rel}","templated":true}]}}