{"id":63672,"date":"2025-01-13T13:01:30","date_gmt":"2025-01-13T12:01:30","guid":{"rendered":"https:\/\/www.italyfamilyhotels.it\/destinationen\/trentino-sudtirol\/family-hotels-in-bruneck"},"modified":"2025-01-13T13:01:32","modified_gmt":"2025-01-13T12:01:32","slug":"family-hotels-in-bruneck","status":"publish","type":"page","link":"https:\/\/www.italyfamilyhotels.it\/de\/destinationen\/trentino-sudtirol\/family-hotels-in-bruneck","title":{"rendered":"Family Hotels in Bruneck"},"content":{"rendered":"\n<p>Wie sch\u00f6n ist doch Bruneck mit seiner farbenfrohen Altstadt und der Bergkette, von der es umgeben ist, das wie ein Dorf aus dem M\u00e4rchenbuch wirkt! Besonders in der Adventszeit, w\u00e4hrend der stimmungsvollen <b>Weihnachtsm\u00e4rkte<\/b>. Bei einem <b>Familienurlaub<\/b> in den<b> Family Hotels von Bruneck<\/b> kann man den Ort im <b>Pustertal <\/b>in all seinen Facetten genie\u00dfen. Angefangen bei der <b>Burg Bruneck<\/b> mit dem Messner Mountain Museum und der nahegelegenen <b>Burg Taufers<\/b>, zwei historischen Residenzen, die die ganze Familie auf eine spannende Zeitreise entf\u00fchren.<\/p>\n\n\n\n<p>Von Bruneck aus ist man schnell am <b>Kronplatz<\/b>, einem wahren Skiparadies f\u00fcr die ganze Familie! In diesem Skigebiet befindet sich auch der <b>KronAction Abenteuerpark<\/b>, ein Muss f\u00fcr ein Familienabenteuer mitten in den B\u00e4umen.<\/p>\n\n\n\n<p>Hier gibt es Naturwanderungen, Fahrradtouren, Winterschlitten- und Kutschenfahrten sowie das hochmoderne <b>CRON4<\/b>, ein<b> Indoor-Wasserzentrum mit Schwimmbad und Spa<\/b>, in dem Kinder auch an kalten Tagen Spa\u00df beim Schwimmen haben. Wenn Sie hingegen ein Erlebnis suchen, das Adrenalin und direkten Kontakt mit der Natur verbindet, ist der <b>Fly-Line am Wasserfall<\/b> genau das Richtige f\u00fcr Sie.  Er befindet sich in Sand in Taufers, am Wasserfall-Weg (Sentiero Cascata), und bietet der ganzen Familie die M\u00f6glichkeit, buchst\u00e4blich zwischen B\u00e4umen und Felsen zu \u201efliegen\u201c!<\/p>\n","protected":false},"excerpt":{"rendered":"<p>Wie sch\u00f6n ist doch Bruneck mit seiner farbenfrohen Altstadt und der Bergkette, von der es umgeben ist, das wie ein Dorf aus dem M\u00e4rchenbuch wirkt! Besonders in der Adventszeit, w\u00e4hrend der stimmungsvollen Weihnachtsm\u00e4rkte. Bei einem Familienurlaub in den Family Hotels von Bruneck kann man den Ort im Pustertal in all seinen Facetten genie\u00dfen. Angefangen bei &hellip;<\/p>\n","protected":false},"author":167,"featured_media":0,"parent":1426,"menu_order":0,"comment_status":"closed","ping_status":"closed","template":"page-templates\/scheda_localita.php","meta":{"_acf_changed":false,"inline_featured_image":false,"footnotes":""},"class_list":["post-63672","page","type-page","status-publish","hentry"],"acf":[],"yoast_head":"<!-- This site is optimized with the Yoast SEO plugin v27.1 - https:\/\/yoast.com\/product\/yoast-seo-wordpress\/ -->\n<title>Familienhotels in Bruneck: Die besten Family Hotels in Bruneck<\/title>\n<meta name=\"description\" content=\"Lust auf einen Urlaub mit Ihrer Familie? Wir haben die besten Familienhotels und Family Hotels in Bruneck ausgew\u00e4hlt\" \/>\n<meta name=\"robots\" content=\"index, follow, max-snippet:-1, max-image-preview:large, max-video-preview:-1\" \/>\n<link rel=\"canonical\" href=\"https:\/\/www.italyfamilyhotels.it\/de\/destinationen\/trentino-sudtirol\/family-hotels-in-bruneck\" \/>\n<meta property=\"og:locale\" content=\"de_DE\" \/>\n<meta property=\"og:type\" content=\"article\" \/>\n<meta property=\"og:title\" content=\"Familienhotels in Bruneck: Die besten Family Hotels in Bruneck\" \/>\n<meta property=\"og:description\" content=\"Lust auf einen Urlaub mit Ihrer Familie? Wir haben die besten Familienhotels und Family Hotels in Bruneck ausgew\u00e4hlt\" \/>\n<meta property=\"og:url\" content=\"https:\/\/www.italyfamilyhotels.it\/de\/destinationen\/trentino-sudtirol\/family-hotels-in-bruneck\" \/>\n<meta property=\"og:site_name\" content=\"Italy Family Hotels\" \/>\n<meta property=\"article:publisher\" content=\"https:\/\/www.facebook.com\/ItalyFamilyHotels\/\" \/>\n<meta property=\"article:modified_time\" content=\"2025-01-13T12:01:32+00:00\" \/>\n<meta name=\"twitter:card\" content=\"summary_large_image\" \/>\n<meta name=\"twitter:label1\" content=\"Gesch\u00e4tzte Lesezeit\" \/>\n\t<meta name=\"twitter:data1\" content=\"1\u00a0Minute\" \/>\n<script type=\"application\/ld+json\" class=\"yoast-schema-graph\">{\"@context\":\"https:\/\/schema.org\",\"@graph\":[{\"@type\":\"WebPage\",\"@id\":\"https:\/\/www.italyfamilyhotels.it\/de\/destinationen\/trentino-sudtirol\/family-hotels-in-bruneck\",\"url\":\"https:\/\/www.italyfamilyhotels.it\/de\/destinationen\/trentino-sudtirol\/family-hotels-in-bruneck\",\"name\":\"Familienhotels in Bruneck: Die besten Family Hotels in Bruneck\",\"isPartOf\":{\"@id\":\"https:\/\/www.italyfamilyhotels.it\/#website\"},\"datePublished\":\"2025-01-13T12:01:30+00:00\",\"dateModified\":\"2025-01-13T12:01:32+00:00\",\"description\":\"Lust auf einen Urlaub mit Ihrer Familie? Wir haben die besten Familienhotels und Family Hotels in Bruneck ausgew\u00e4hlt\",\"breadcrumb\":{\"@id\":\"https:\/\/www.italyfamilyhotels.it\/de\/destinationen\/trentino-sudtirol\/family-hotels-in-bruneck#breadcrumb\"},\"inLanguage\":\"de\",\"potentialAction\":[{\"@type\":\"ReadAction\",\"target\":[\"https:\/\/www.italyfamilyhotels.it\/de\/destinationen\/trentino-sudtirol\/family-hotels-in-bruneck\"]}]},{\"@type\":\"BreadcrumbList\",\"@id\":\"https:\/\/www.italyfamilyhotels.it\/de\/destinationen\/trentino-sudtirol\/family-hotels-in-bruneck#breadcrumb\",\"itemListElement\":[{\"@type\":\"ListItem\",\"position\":1,\"name\":\"Home\",\"item\":\"https:\/\/www.italyfamilyhotels.it\/de\"},{\"@type\":\"ListItem\",\"position\":2,\"name\":\"Destinationen\",\"item\":\"https:\/\/www.italyfamilyhotels.it\/de\/destinationen\"},{\"@type\":\"ListItem\",\"position\":3,\"name\":\"Trentino-S\u00fcdtirol\",\"item\":\"https:\/\/www.italyfamilyhotels.it\/de\/destinationen\/trentino-sudtirol\"},{\"@type\":\"ListItem\",\"position\":4,\"name\":\"Family Hotels in Bruneck\"}]},{\"@type\":\"WebSite\",\"@id\":\"https:\/\/www.italyfamilyhotels.it\/#website\",\"url\":\"https:\/\/www.italyfamilyhotels.it\/\",\"name\":\"Italy Family Hotels\",\"description\":\"\",\"potentialAction\":[{\"@type\":\"SearchAction\",\"target\":{\"@type\":\"EntryPoint\",\"urlTemplate\":\"https:\/\/www.italyfamilyhotels.it\/?s={search_term_string}\"},\"query-input\":{\"@type\":\"PropertyValueSpecification\",\"valueRequired\":true,\"valueName\":\"search_term_string\"}}],\"inLanguage\":\"de\"}]}<\/script>\n<!-- \/ Yoast SEO plugin. -->","yoast_head_json":{"title":"Familienhotels in Bruneck: Die besten Family Hotels in Bruneck","description":"Lust auf einen Urlaub mit Ihrer Familie? Wir haben die besten Familienhotels und Family Hotels in Bruneck ausgew\u00e4hlt","robots":{"index":"index","follow":"follow","max-snippet":"max-snippet:-1","max-image-preview":"max-image-preview:large","max-video-preview":"max-video-preview:-1"},"canonical":"https:\/\/www.italyfamilyhotels.it\/de\/destinationen\/trentino-sudtirol\/family-hotels-in-bruneck","og_locale":"de_DE","og_type":"article","og_title":"Familienhotels in Bruneck: Die besten Family Hotels in Bruneck","og_description":"Lust auf einen Urlaub mit Ihrer Familie? Wir haben die besten Familienhotels und Family Hotels in Bruneck ausgew\u00e4hlt","og_url":"https:\/\/www.italyfamilyhotels.it\/de\/destinationen\/trentino-sudtirol\/family-hotels-in-bruneck","og_site_name":"Italy Family Hotels","article_publisher":"https:\/\/www.facebook.com\/ItalyFamilyHotels\/","article_modified_time":"2025-01-13T12:01:32+00:00","twitter_card":"summary_large_image","twitter_misc":{"Gesch\u00e4tzte Lesezeit":"1\u00a0Minute"},"schema":{"@context":"https:\/\/schema.org","@graph":[{"@type":"WebPage","@id":"https:\/\/www.italyfamilyhotels.it\/de\/destinationen\/trentino-sudtirol\/family-hotels-in-bruneck","url":"https:\/\/www.italyfamilyhotels.it\/de\/destinationen\/trentino-sudtirol\/family-hotels-in-bruneck","name":"Familienhotels in Bruneck: Die besten Family Hotels in Bruneck","isPartOf":{"@id":"https:\/\/www.italyfamilyhotels.it\/#website"},"datePublished":"2025-01-13T12:01:30+00:00","dateModified":"2025-01-13T12:01:32+00:00","description":"Lust auf einen Urlaub mit Ihrer Familie? Wir haben die besten Familienhotels und Family Hotels in Bruneck ausgew\u00e4hlt","breadcrumb":{"@id":"https:\/\/www.italyfamilyhotels.it\/de\/destinationen\/trentino-sudtirol\/family-hotels-in-bruneck#breadcrumb"},"inLanguage":"de","potentialAction":[{"@type":"ReadAction","target":["https:\/\/www.italyfamilyhotels.it\/de\/destinationen\/trentino-sudtirol\/family-hotels-in-bruneck"]}]},{"@type":"BreadcrumbList","@id":"https:\/\/www.italyfamilyhotels.it\/de\/destinationen\/trentino-sudtirol\/family-hotels-in-bruneck#breadcrumb","itemListElement":[{"@type":"ListItem","position":1,"name":"Home","item":"https:\/\/www.italyfamilyhotels.it\/de"},{"@type":"ListItem","position":2,"name":"Destinationen","item":"https:\/\/www.italyfamilyhotels.it\/de\/destinationen"},{"@type":"ListItem","position":3,"name":"Trentino-S\u00fcdtirol","item":"https:\/\/www.italyfamilyhotels.it\/de\/destinationen\/trentino-sudtirol"},{"@type":"ListItem","position":4,"name":"Family Hotels in Bruneck"}]},{"@type":"WebSite","@id":"https:\/\/www.italyfamilyhotels.it\/#website","url":"https:\/\/www.italyfamilyhotels.it\/","name":"Italy Family Hotels","description":"","potentialAction":[{"@type":"SearchAction","target":{"@type":"EntryPoint","urlTemplate":"https:\/\/www.italyfamilyhotels.it\/?s={search_term_string}"},"query-input":{"@type":"PropertyValueSpecification","valueRequired":true,"valueName":"search_term_string"}}],"inLanguage":"de"}]}},"_links":{"self":[{"href":"https:\/\/www.italyfamilyhotels.it\/de\/wp-json\/wp\/v2\/pages\/63672","targetHints":{"allow":["GET"]}}],"collection":[{"href":"https:\/\/www.italyfamilyhotels.it\/de\/wp-json\/wp\/v2\/pages"}],"about":[{"href":"https:\/\/www.italyfamilyhotels.it\/de\/wp-json\/wp\/v2\/types\/page"}],"author":[{"embeddable":true,"href":"https:\/\/www.italyfamilyhotels.it\/de\/wp-json\/wp\/v2\/users\/167"}],"replies":[{"embeddable":true,"href":"https:\/\/www.italyfamilyhotels.it\/de\/wp-json\/wp\/v2\/comments?post=63672"}],"version-history":[{"count":1,"href":"https:\/\/www.italyfamilyhotels.it\/de\/wp-json\/wp\/v2\/pages\/63672\/revisions"}],"predecessor-version":[{"id":63673,"href":"https:\/\/www.italyfamilyhotels.it\/de\/wp-json\/wp\/v2\/pages\/63672\/revisions\/63673"}],"up":[{"embeddable":true,"href":"https:\/\/www.italyfamilyhotels.it\/de\/wp-json\/wp\/v2\/pages\/1426"}],"wp:attachment":[{"href":"https:\/\/www.italyfamilyhotels.it\/de\/wp-json\/wp\/v2\/media?parent=63672"}],"curies":[{"name":"wp","href":"https:\/\/api.w.org\/{rel}","templated":true}]}}