{"id":63669,"date":"2025-01-13T13:01:28","date_gmt":"2025-01-13T12:01:28","guid":{"rendered":"https:\/\/www.italyfamilyhotels.it\/angebote\/trentino-suedtirol\/family-hotel-am-tonale-pass"},"modified":"2025-01-13T13:01:31","modified_gmt":"2025-01-13T12:01:31","slug":"family-hotel-am-tonale-pass","status":"publish","type":"page","link":"https:\/\/www.italyfamilyhotels.it\/de\/angebote\/trentino-suedtirol\/family-hotel-am-tonale-pass","title":{"rendered":"Family Hotel am Tonale-Pass"},"content":{"rendered":"\n<p>Wie viele wunderbare Outdoor-Aktivit\u00e4ten erwarten Sie bei einem Urlaub mit Kindern am <b>Tonale-Pass<\/b>! Mit dem <b>Sessellift Valbiolo<\/b> z.B. erreicht man in wenigen Minuten das <b>Murmeltierdorf<\/b>, einen fantastischen Parcours mit 7 Stationen, wo Kinder Rutschen, Holzh\u00e4user, eine funktionierende Wasserm\u00fchle und einen Tunnel, der an den Bau von Murmeltieren erinnert, ausprobieren k\u00f6nnen. Und nur wenige Meter vom Park entfernt befindet sich die <b>Malga Valbiolo<\/b>, von der aus man einen Rundumblick auf die umliegenden Gipfel und den <b>Presena-Gletscher<\/b> genie\u00dfen kann.<\/p>\n\n\n\n<p>Bei einem <b>Urlaub im Family Hotel am Tonale-Pass <\/b>sollte man sich einen Ausflug zu den <b>kleinen Seen von San Leonardo<\/b> in der Ortschaft Vermiglio nicht entgehen lassen, der auch f\u00fcr kleine Kinder geeignet ist. Oder den <b>Sozzine Park in Ponte di Legno<\/b>, dem Park mit Holzattraktionen, Liegest\u00fchlen und Picknickpl\u00e4tzen, wo das Hauptelement zum Spielen das Wasser des Wildbachs Narcanello ist, in den man seine F\u00fc\u00dfe f\u00fcr einen regenerierenden Kneipp-Pfad eintauchen kann.<\/p>\n\n\n\n<p>Der Radweg <b>Ciclovia dell&#039;Oglio<\/b>, der als \u201esch\u00f6nster Radweg Italiens\u201c ausgezeichnet wurde, beginnt ebenfalls am Tonale-Pass. Die Strecke ist mit 280 km sehr lang, aber man kann auch nur einen kleinen Teil davon fahren, um mit Kindern einen wundersch\u00f6nen Tag in den Bergen <b>des Adamello-Parks <\/b>zu verbringen.<\/p>\n\n\n\n<p>Im <b>Winter<\/b> wird der Tonale-Pass zu einem wahren Paradies f\u00fcr Schneeliebhaber. Das <b>Skigebiet Pontedilegno-Tonale<\/b> verf\u00fcgt \u00fcber 41 Pisten zwischen Trentino und Lombardei, mit unterschiedlichen Gef\u00e4llen und Merkmalen, sowie \u00fcber <b>Skischulen<\/b>, die Kurse auf den Schulh\u00e4ngen und in den Baby-Parks organisieren, f\u00fcr Familien, die sich zum ersten Mal diesem Sport n\u00e4hern. Machen Sie in der Adventszeit Urlaub am Tonale-Pass? Dann sollten Sie sich das nahe gelegene Dorf <b>Ossana, das \u201eDorf der 1000 Krippen\u201c, <\/b>nicht entgehen lassen.<\/p>\n","protected":false},"excerpt":{"rendered":"<p>Wie viele wunderbare Outdoor-Aktivit\u00e4ten erwarten Sie bei einem Urlaub mit Kindern am Tonale-Pass! Mit dem Sessellift Valbiolo z.B. erreicht man in wenigen Minuten das Murmeltierdorf, einen fantastischen Parcours mit 7 Stationen, wo Kinder Rutschen, Holzh\u00e4user, eine funktionierende Wasserm\u00fchle und einen Tunnel, der an den Bau von Murmeltieren erinnert, ausprobieren k\u00f6nnen. Und nur wenige Meter vom &hellip;<\/p>\n","protected":false},"author":167,"featured_media":0,"parent":1903,"menu_order":0,"comment_status":"closed","ping_status":"closed","template":"page-templates\/scheda_localita.php","meta":{"_acf_changed":false,"inline_featured_image":false,"footnotes":""},"class_list":["post-63669","page","type-page","status-publish","hentry"],"acf":[],"yoast_head":"<!-- This site is optimized with the Yoast SEO plugin v27.1 - https:\/\/yoast.com\/product\/yoast-seo-wordpress\/ -->\n<title>Familienhotels am Tonale-Pass: die besten Family Hotels<\/title>\n<meta name=\"description\" content=\"Lust auf einen Urlaub mit Kindern im Trentino? Wir haben die besten Family Hotels am Tonale-Pass ausgew\u00e4hlt!\" \/>\n<meta name=\"robots\" content=\"index, follow, max-snippet:-1, max-image-preview:large, max-video-preview:-1\" \/>\n<link rel=\"canonical\" href=\"https:\/\/www.italyfamilyhotels.it\/de\/angebote\/trentino-suedtirol\/family-hotel-am-tonale-pass\" \/>\n<meta property=\"og:locale\" content=\"de_DE\" \/>\n<meta property=\"og:type\" content=\"article\" \/>\n<meta property=\"og:title\" content=\"Familienhotels am Tonale-Pass: die besten Family Hotels\" \/>\n<meta property=\"og:description\" content=\"Lust auf einen Urlaub mit Kindern im Trentino? Wir haben die besten Family Hotels am Tonale-Pass ausgew\u00e4hlt!\" \/>\n<meta property=\"og:url\" content=\"https:\/\/www.italyfamilyhotels.it\/de\/angebote\/trentino-suedtirol\/family-hotel-am-tonale-pass\" \/>\n<meta property=\"og:site_name\" content=\"Italy Family Hotels\" \/>\n<meta property=\"article:publisher\" content=\"https:\/\/www.facebook.com\/ItalyFamilyHotels\/\" \/>\n<meta property=\"article:modified_time\" content=\"2025-01-13T12:01:31+00:00\" \/>\n<meta name=\"twitter:card\" content=\"summary_large_image\" \/>\n<meta name=\"twitter:label1\" content=\"Gesch\u00e4tzte Lesezeit\" \/>\n\t<meta name=\"twitter:data1\" content=\"1\u00a0Minute\" \/>\n<script type=\"application\/ld+json\" class=\"yoast-schema-graph\">{\"@context\":\"https:\/\/schema.org\",\"@graph\":[{\"@type\":\"WebPage\",\"@id\":\"https:\/\/www.italyfamilyhotels.it\/de\/angebote\/trentino-suedtirol\/family-hotel-am-tonale-pass\",\"url\":\"https:\/\/www.italyfamilyhotels.it\/de\/angebote\/trentino-suedtirol\/family-hotel-am-tonale-pass\",\"name\":\"Familienhotels am Tonale-Pass: die besten Family Hotels\",\"isPartOf\":{\"@id\":\"https:\/\/www.italyfamilyhotels.it\/#website\"},\"datePublished\":\"2025-01-13T12:01:28+00:00\",\"dateModified\":\"2025-01-13T12:01:31+00:00\",\"description\":\"Lust auf einen Urlaub mit Kindern im Trentino? Wir haben die besten Family Hotels am Tonale-Pass ausgew\u00e4hlt!\",\"breadcrumb\":{\"@id\":\"https:\/\/www.italyfamilyhotels.it\/de\/angebote\/trentino-suedtirol\/family-hotel-am-tonale-pass#breadcrumb\"},\"inLanguage\":\"de\",\"potentialAction\":[{\"@type\":\"ReadAction\",\"target\":[\"https:\/\/www.italyfamilyhotels.it\/de\/angebote\/trentino-suedtirol\/family-hotel-am-tonale-pass\"]}]},{\"@type\":\"BreadcrumbList\",\"@id\":\"https:\/\/www.italyfamilyhotels.it\/de\/angebote\/trentino-suedtirol\/family-hotel-am-tonale-pass#breadcrumb\",\"itemListElement\":[{\"@type\":\"ListItem\",\"position\":1,\"name\":\"Home\",\"item\":\"https:\/\/www.italyfamilyhotels.it\/de\"},{\"@type\":\"ListItem\",\"position\":2,\"name\":\"Angebote\",\"item\":\"https:\/\/www.italyfamilyhotels.it\/de\/angebote\"},{\"@type\":\"ListItem\",\"position\":3,\"name\":\"Trentino-S\u00fcdtirol\",\"item\":\"https:\/\/www.italyfamilyhotels.it\/de\/angebote\/trentino-suedtirol\"},{\"@type\":\"ListItem\",\"position\":4,\"name\":\"Family Hotel am Tonale-Pass\"}]},{\"@type\":\"WebSite\",\"@id\":\"https:\/\/www.italyfamilyhotels.it\/#website\",\"url\":\"https:\/\/www.italyfamilyhotels.it\/\",\"name\":\"Italy Family Hotels\",\"description\":\"\",\"potentialAction\":[{\"@type\":\"SearchAction\",\"target\":{\"@type\":\"EntryPoint\",\"urlTemplate\":\"https:\/\/www.italyfamilyhotels.it\/?s={search_term_string}\"},\"query-input\":{\"@type\":\"PropertyValueSpecification\",\"valueRequired\":true,\"valueName\":\"search_term_string\"}}],\"inLanguage\":\"de\"}]}<\/script>\n<!-- \/ Yoast SEO plugin. -->","yoast_head_json":{"title":"Familienhotels am Tonale-Pass: die besten Family Hotels","description":"Lust auf einen Urlaub mit Kindern im Trentino? Wir haben die besten Family Hotels am Tonale-Pass ausgew\u00e4hlt!","robots":{"index":"index","follow":"follow","max-snippet":"max-snippet:-1","max-image-preview":"max-image-preview:large","max-video-preview":"max-video-preview:-1"},"canonical":"https:\/\/www.italyfamilyhotels.it\/de\/angebote\/trentino-suedtirol\/family-hotel-am-tonale-pass","og_locale":"de_DE","og_type":"article","og_title":"Familienhotels am Tonale-Pass: die besten Family Hotels","og_description":"Lust auf einen Urlaub mit Kindern im Trentino? Wir haben die besten Family Hotels am Tonale-Pass ausgew\u00e4hlt!","og_url":"https:\/\/www.italyfamilyhotels.it\/de\/angebote\/trentino-suedtirol\/family-hotel-am-tonale-pass","og_site_name":"Italy Family Hotels","article_publisher":"https:\/\/www.facebook.com\/ItalyFamilyHotels\/","article_modified_time":"2025-01-13T12:01:31+00:00","twitter_card":"summary_large_image","twitter_misc":{"Gesch\u00e4tzte Lesezeit":"1\u00a0Minute"},"schema":{"@context":"https:\/\/schema.org","@graph":[{"@type":"WebPage","@id":"https:\/\/www.italyfamilyhotels.it\/de\/angebote\/trentino-suedtirol\/family-hotel-am-tonale-pass","url":"https:\/\/www.italyfamilyhotels.it\/de\/angebote\/trentino-suedtirol\/family-hotel-am-tonale-pass","name":"Familienhotels am Tonale-Pass: die besten Family Hotels","isPartOf":{"@id":"https:\/\/www.italyfamilyhotels.it\/#website"},"datePublished":"2025-01-13T12:01:28+00:00","dateModified":"2025-01-13T12:01:31+00:00","description":"Lust auf einen Urlaub mit Kindern im Trentino? Wir haben die besten Family Hotels am Tonale-Pass ausgew\u00e4hlt!","breadcrumb":{"@id":"https:\/\/www.italyfamilyhotels.it\/de\/angebote\/trentino-suedtirol\/family-hotel-am-tonale-pass#breadcrumb"},"inLanguage":"de","potentialAction":[{"@type":"ReadAction","target":["https:\/\/www.italyfamilyhotels.it\/de\/angebote\/trentino-suedtirol\/family-hotel-am-tonale-pass"]}]},{"@type":"BreadcrumbList","@id":"https:\/\/www.italyfamilyhotels.it\/de\/angebote\/trentino-suedtirol\/family-hotel-am-tonale-pass#breadcrumb","itemListElement":[{"@type":"ListItem","position":1,"name":"Home","item":"https:\/\/www.italyfamilyhotels.it\/de"},{"@type":"ListItem","position":2,"name":"Angebote","item":"https:\/\/www.italyfamilyhotels.it\/de\/angebote"},{"@type":"ListItem","position":3,"name":"Trentino-S\u00fcdtirol","item":"https:\/\/www.italyfamilyhotels.it\/de\/angebote\/trentino-suedtirol"},{"@type":"ListItem","position":4,"name":"Family Hotel am Tonale-Pass"}]},{"@type":"WebSite","@id":"https:\/\/www.italyfamilyhotels.it\/#website","url":"https:\/\/www.italyfamilyhotels.it\/","name":"Italy Family Hotels","description":"","potentialAction":[{"@type":"SearchAction","target":{"@type":"EntryPoint","urlTemplate":"https:\/\/www.italyfamilyhotels.it\/?s={search_term_string}"},"query-input":{"@type":"PropertyValueSpecification","valueRequired":true,"valueName":"search_term_string"}}],"inLanguage":"de"}]}},"_links":{"self":[{"href":"https:\/\/www.italyfamilyhotels.it\/de\/wp-json\/wp\/v2\/pages\/63669","targetHints":{"allow":["GET"]}}],"collection":[{"href":"https:\/\/www.italyfamilyhotels.it\/de\/wp-json\/wp\/v2\/pages"}],"about":[{"href":"https:\/\/www.italyfamilyhotels.it\/de\/wp-json\/wp\/v2\/types\/page"}],"author":[{"embeddable":true,"href":"https:\/\/www.italyfamilyhotels.it\/de\/wp-json\/wp\/v2\/users\/167"}],"replies":[{"embeddable":true,"href":"https:\/\/www.italyfamilyhotels.it\/de\/wp-json\/wp\/v2\/comments?post=63669"}],"version-history":[{"count":1,"href":"https:\/\/www.italyfamilyhotels.it\/de\/wp-json\/wp\/v2\/pages\/63669\/revisions"}],"predecessor-version":[{"id":63670,"href":"https:\/\/www.italyfamilyhotels.it\/de\/wp-json\/wp\/v2\/pages\/63669\/revisions\/63670"}],"up":[{"embeddable":true,"href":"https:\/\/www.italyfamilyhotels.it\/de\/wp-json\/wp\/v2\/pages\/1903"}],"wp:attachment":[{"href":"https:\/\/www.italyfamilyhotels.it\/de\/wp-json\/wp\/v2\/media?parent=63669"}],"curies":[{"name":"wp","href":"https:\/\/api.w.org\/{rel}","templated":true}]}}