{"id":63436,"date":"2024-12-18T10:23:30","date_gmt":"2024-12-18T09:23:30","guid":{"rendered":"https:\/\/www.italyfamilyhotels.it\/family-hotels\/color-bay-village-milano-marittima"},"modified":"2026-04-01T16:07:44","modified_gmt":"2026-04-01T14:07:44","slug":"color-bay-village-milano-marittima","status":"publish","type":"page","link":"https:\/\/www.italyfamilyhotels.it\/de\/family-hotels\/color-bay-village-milano-marittima","title":{"rendered":"Color Bay Village &#8211; Milano Marittima"},"content":{"rendered":"\n<p>6000 m2 \u00fcppiger Pinienhain, der das Feriendorf umgibt; 2 Minuten vom Privatstrand entfernt, 7 Tage in der Woche Unterhaltung; 24 Stunden kostenlose Bar: Im <b>Color Bay Village &#8211; Milano Marittima<\/b> \u201e\u00fcbertreiben wir\u201c gerne&#8230; aber nur, um den Familien, die bei uns zu Gast sind, <b>Entspannung und Spa\u00df<\/b> zu garantieren!<\/p>\n\n\n\n<p>Spa\u00df ohne Grenzen und Sorgen dank der <b>Premium All Inclusive-Formel<\/b>, die wirklich alle besten Serviceleistungen f\u00fcr einen Familienurlaub umfasst. Sogar einen <b>Sonnenschirm und 2 Liegen<\/b> am <b>Privatstrand <\/b>(der wirklich nur 2 Minuten entfernt ist!), wo Sie <b>Spielpl\u00e4tze<\/b>, <b>Animation<\/b> f\u00fcr Ihre Kinder und <b>unbegrenzt kostenlose Bar <\/b>erwarten. Alkoholfreie Getr\u00e4nke vom Fass sowie Wein und Bier sind <strong>rund um die Uhr<\/strong> an den <strong>Bars am Strand, am Pool und im Hotel inklusive<\/strong>.<\/p>\n\n\n\n<p>Unser <strong>beheizter Pool<\/strong> ist ein echtes Aush\u00e4ngeschild des Hotels, sehr beliebt bei Kindern, die sich mit dem farbenfrohen <b>Acqua Splash<\/b> buchst\u00e4blich ins Vergn\u00fcgen st\u00fcrzen, und bei den Eltern, die sich auf der gro\u00dfen <b>Sonnenterrasse <\/b>abk\u00fchlen und entspannen k\u00f6nnen.<\/p>\n\n\n\n<p>Und dann gibt es noch die <b>Color-Unterhaltung<\/b>, ein unverzichtbares Ereignis f\u00fcr alle Altersgruppen! Das <b>Animationsprogramm<\/b> findet die <b>ganze Woche \u00fcber im<\/b> Hotel und am Strand von morgens bis abends statt. Au\u00dferdem gibt es tolle R\u00e4ume, die dem Spa\u00df gewidmet sind, wie den <b>Color Spielraum<\/b>, den Garten mit <b>riesigen H\u00fcpfburgen<\/b> und die <b>Color Racing-Autobahn<\/b> f\u00fcr lustige Herausforderungen im Sommer.<\/p>\n\n\n\n<p>Die exklusive Premium All Inclusive-Formel beinhaltet auch das <b>Color Food Erlebnis<\/b> mit Show-Cooking, <b>Fahrr\u00e4der<\/b>, um sich in Milano Marittima frei bewegen zu k\u00f6nnen, die <b>PappArea <\/b>, die f\u00fcr Eltern ausgestattet ist, die ihr Baby abstillen, <b>Aperitifs<\/b> vor dem Mittag- und Abendessen, <b>Fladenbrote (Piadina) in der Color Food-Ecke <\/b>(denn ein Urlaub in der Romagna ohne Piadina zu essen, ist kein richtiger Urlaub) und die gute Nacht mit unserem Maskottchen Coco mit <b>Kr\u00e4utertees, hei\u00dfer Milch und Keksen<\/b>. Und sogar <b>Cocktails<\/b> von 20 Uhr bis Mitternacht f\u00fcr Mama und Papa. Kurzum, Sie m\u00fcssen nur Ihren Koffer packen, den Rest besorgen wir: auf dass Ihr Color Urlaub beginne!<\/p>\n","protected":false},"excerpt":{"rendered":"<p>6000 m2 \u00fcppiger Pinienhain, der das Feriendorf umgibt; 2 Minuten vom Privatstrand entfernt, 7 Tage in der Woche Unterhaltung; 24 Stunden kostenlose Bar: Im Color Bay Village &#8211; Milano Marittima \u201e\u00fcbertreiben wir\u201c gerne&#8230; aber nur, um den Familien, die bei uns zu Gast sind, Entspannung und Spa\u00df zu garantieren! Spa\u00df ohne Grenzen und Sorgen dank &hellip;<\/p>\n","protected":false},"author":1,"featured_media":0,"parent":94,"menu_order":0,"comment_status":"closed","ping_status":"closed","template":"page-templates\/scheda_hotel.php","meta":{"_acf_changed":false,"inline_featured_image":false,"footnotes":""},"class_list":["post-63436","page","type-page","status-publish","hentry"],"acf":[],"yoast_head":"<!-- This site is optimized with the Yoast SEO plugin v27.1 - https:\/\/yoast.com\/product\/yoast-seo-wordpress\/ -->\n<title>Color Bay Village - Milano Marittima, 4 Sterne Milano Marittima<\/title>\n<meta name=\"description\" content=\"Lust auf einen Urlaub mit Ihrer Familie? Mehr \u00fcber die Familienangebote im Color Bay Village in Milano Marittima!\" \/>\n<meta name=\"robots\" content=\"index, follow, max-snippet:-1, max-image-preview:large, max-video-preview:-1\" \/>\n<link rel=\"canonical\" href=\"https:\/\/www.italyfamilyhotels.it\/de\/family-hotels\/color-bay-village-milano-marittima\" \/>\n<meta property=\"og:locale\" content=\"de_DE\" \/>\n<meta property=\"og:type\" content=\"article\" \/>\n<meta property=\"og:title\" content=\"Color Bay Village - Milano Marittima, 4 Sterne Milano Marittima\" \/>\n<meta property=\"og:description\" content=\"Lust auf einen Urlaub mit Ihrer Familie? Mehr \u00fcber die Familienangebote im Color Bay Village in Milano Marittima!\" \/>\n<meta property=\"og:url\" content=\"https:\/\/www.italyfamilyhotels.it\/de\/family-hotels\/color-bay-village-milano-marittima\" \/>\n<meta property=\"og:site_name\" content=\"Italy Family Hotels\" \/>\n<meta property=\"article:publisher\" content=\"https:\/\/www.facebook.com\/ItalyFamilyHotels\/\" \/>\n<meta property=\"article:modified_time\" content=\"2026-04-01T14:07:44+00:00\" \/>\n<meta name=\"twitter:card\" content=\"summary_large_image\" \/>\n<meta name=\"twitter:label1\" content=\"Gesch\u00e4tzte Lesezeit\" \/>\n\t<meta name=\"twitter:data1\" content=\"2\u00a0Minuten\" \/>\n<script type=\"application\/ld+json\" class=\"yoast-schema-graph\">{\"@context\":\"https:\/\/schema.org\",\"@graph\":[{\"@type\":\"WebPage\",\"@id\":\"https:\/\/www.italyfamilyhotels.it\/de\/family-hotels\/color-bay-village-milano-marittima\",\"url\":\"https:\/\/www.italyfamilyhotels.it\/de\/family-hotels\/color-bay-village-milano-marittima\",\"name\":\"Color Bay Village - Milano Marittima, 4 Sterne Milano Marittima\",\"isPartOf\":{\"@id\":\"https:\/\/www.italyfamilyhotels.it\/#website\"},\"datePublished\":\"2024-12-18T09:23:30+00:00\",\"dateModified\":\"2026-04-01T14:07:44+00:00\",\"description\":\"Lust auf einen Urlaub mit Ihrer Familie? Mehr \u00fcber die Familienangebote im Color Bay Village in Milano Marittima!\",\"breadcrumb\":{\"@id\":\"https:\/\/www.italyfamilyhotels.it\/de\/family-hotels\/color-bay-village-milano-marittima#breadcrumb\"},\"inLanguage\":\"de\",\"potentialAction\":[{\"@type\":\"ReadAction\",\"target\":[\"https:\/\/www.italyfamilyhotels.it\/de\/family-hotels\/color-bay-village-milano-marittima\"]}]},{\"@type\":\"BreadcrumbList\",\"@id\":\"https:\/\/www.italyfamilyhotels.it\/de\/family-hotels\/color-bay-village-milano-marittima#breadcrumb\",\"itemListElement\":[{\"@type\":\"ListItem\",\"position\":1,\"name\":\"Home\",\"item\":\"https:\/\/www.italyfamilyhotels.it\/de\"},{\"@type\":\"ListItem\",\"position\":2,\"name\":\"Family Hotels\",\"item\":\"https:\/\/www.italyfamilyhotels.it\/de\/family-hotels\"},{\"@type\":\"ListItem\",\"position\":3,\"name\":\"Color Bay Village &#8211; Milano Marittima\"}]},{\"@type\":\"WebSite\",\"@id\":\"https:\/\/www.italyfamilyhotels.it\/#website\",\"url\":\"https:\/\/www.italyfamilyhotels.it\/\",\"name\":\"Italy Family Hotels\",\"description\":\"\",\"potentialAction\":[{\"@type\":\"SearchAction\",\"target\":{\"@type\":\"EntryPoint\",\"urlTemplate\":\"https:\/\/www.italyfamilyhotels.it\/?s={search_term_string}\"},\"query-input\":{\"@type\":\"PropertyValueSpecification\",\"valueRequired\":true,\"valueName\":\"search_term_string\"}}],\"inLanguage\":\"de\"}]}<\/script>\n<!-- \/ Yoast SEO plugin. -->","yoast_head_json":{"title":"Color Bay Village - Milano Marittima, 4 Sterne Milano Marittima","description":"Lust auf einen Urlaub mit Ihrer Familie? Mehr \u00fcber die Familienangebote im Color Bay Village in Milano Marittima!","robots":{"index":"index","follow":"follow","max-snippet":"max-snippet:-1","max-image-preview":"max-image-preview:large","max-video-preview":"max-video-preview:-1"},"canonical":"https:\/\/www.italyfamilyhotels.it\/de\/family-hotels\/color-bay-village-milano-marittima","og_locale":"de_DE","og_type":"article","og_title":"Color Bay Village - Milano Marittima, 4 Sterne Milano Marittima","og_description":"Lust auf einen Urlaub mit Ihrer Familie? Mehr \u00fcber die Familienangebote im Color Bay Village in Milano Marittima!","og_url":"https:\/\/www.italyfamilyhotels.it\/de\/family-hotels\/color-bay-village-milano-marittima","og_site_name":"Italy Family Hotels","article_publisher":"https:\/\/www.facebook.com\/ItalyFamilyHotels\/","article_modified_time":"2026-04-01T14:07:44+00:00","twitter_card":"summary_large_image","twitter_misc":{"Gesch\u00e4tzte Lesezeit":"2\u00a0Minuten"},"schema":{"@context":"https:\/\/schema.org","@graph":[{"@type":"WebPage","@id":"https:\/\/www.italyfamilyhotels.it\/de\/family-hotels\/color-bay-village-milano-marittima","url":"https:\/\/www.italyfamilyhotels.it\/de\/family-hotels\/color-bay-village-milano-marittima","name":"Color Bay Village - Milano Marittima, 4 Sterne Milano Marittima","isPartOf":{"@id":"https:\/\/www.italyfamilyhotels.it\/#website"},"datePublished":"2024-12-18T09:23:30+00:00","dateModified":"2026-04-01T14:07:44+00:00","description":"Lust auf einen Urlaub mit Ihrer Familie? Mehr \u00fcber die Familienangebote im Color Bay Village in Milano Marittima!","breadcrumb":{"@id":"https:\/\/www.italyfamilyhotels.it\/de\/family-hotels\/color-bay-village-milano-marittima#breadcrumb"},"inLanguage":"de","potentialAction":[{"@type":"ReadAction","target":["https:\/\/www.italyfamilyhotels.it\/de\/family-hotels\/color-bay-village-milano-marittima"]}]},{"@type":"BreadcrumbList","@id":"https:\/\/www.italyfamilyhotels.it\/de\/family-hotels\/color-bay-village-milano-marittima#breadcrumb","itemListElement":[{"@type":"ListItem","position":1,"name":"Home","item":"https:\/\/www.italyfamilyhotels.it\/de"},{"@type":"ListItem","position":2,"name":"Family Hotels","item":"https:\/\/www.italyfamilyhotels.it\/de\/family-hotels"},{"@type":"ListItem","position":3,"name":"Color Bay Village &#8211; Milano Marittima"}]},{"@type":"WebSite","@id":"https:\/\/www.italyfamilyhotels.it\/#website","url":"https:\/\/www.italyfamilyhotels.it\/","name":"Italy Family Hotels","description":"","potentialAction":[{"@type":"SearchAction","target":{"@type":"EntryPoint","urlTemplate":"https:\/\/www.italyfamilyhotels.it\/?s={search_term_string}"},"query-input":{"@type":"PropertyValueSpecification","valueRequired":true,"valueName":"search_term_string"}}],"inLanguage":"de"}]}},"_links":{"self":[{"href":"https:\/\/www.italyfamilyhotels.it\/de\/wp-json\/wp\/v2\/pages\/63436","targetHints":{"allow":["GET"]}}],"collection":[{"href":"https:\/\/www.italyfamilyhotels.it\/de\/wp-json\/wp\/v2\/pages"}],"about":[{"href":"https:\/\/www.italyfamilyhotels.it\/de\/wp-json\/wp\/v2\/types\/page"}],"author":[{"embeddable":true,"href":"https:\/\/www.italyfamilyhotels.it\/de\/wp-json\/wp\/v2\/users\/1"}],"replies":[{"embeddable":true,"href":"https:\/\/www.italyfamilyhotels.it\/de\/wp-json\/wp\/v2\/comments?post=63436"}],"version-history":[{"count":4,"href":"https:\/\/www.italyfamilyhotels.it\/de\/wp-json\/wp\/v2\/pages\/63436\/revisions"}],"predecessor-version":[{"id":76699,"href":"https:\/\/www.italyfamilyhotels.it\/de\/wp-json\/wp\/v2\/pages\/63436\/revisions\/76699"}],"up":[{"embeddable":true,"href":"https:\/\/www.italyfamilyhotels.it\/de\/wp-json\/wp\/v2\/pages\/94"}],"wp:attachment":[{"href":"https:\/\/www.italyfamilyhotels.it\/de\/wp-json\/wp\/v2\/media?parent=63436"}],"curies":[{"name":"wp","href":"https:\/\/api.w.org\/{rel}","templated":true}]}}