{"id":62402,"date":"2024-11-26T16:04:20","date_gmt":"2024-11-26T15:04:20","guid":{"rendered":"https:\/\/www.italyfamilyhotels.it\/family-hotels\/hotel-benessere-windschar"},"modified":"2025-01-15T14:15:45","modified_gmt":"2025-01-15T13:15:45","slug":"hotel-benessere-windschar","status":"publish","type":"page","link":"https:\/\/www.italyfamilyhotels.it\/de\/family-hotels\/hotel-benessere-windschar","title":{"rendered":"Hotel &#038; Benessere Windschar"},"content":{"rendered":"\n<p>Im <b>Hotel &amp; Benessere Windschar<\/b> in <b>Gais<\/b>, nahe <b>Bruneck<\/b>, steht Ihr Bergurlaub mit Kindern ganz im Zeichen der unber\u00fchrten Natur des <b>Pustertals<\/b>, das vom wundersch\u00f6nen Dolomitenmassiv, dem UNESCO-Welterbe, \u00fcberragt wird.<\/p>\n\n\n\n<p>\u00dcppige Natur findet man auch im <b>4500 m2 gro\u00dfen Parkparadies<\/b>, wo man sich inmitten von duftenden Bergkr\u00e4utern entspannen und die Aussicht auf die umliegenden Gipfel bewundern kann, oder im <b>solarbeheizten Pool<\/b> schwimmen gehen kann, w\u00e4hrend die <b>Kinder <\/b>im <b>Kinderbecken<\/b> fr\u00f6hlich planschen. Nat\u00fcrlich gibt es auch ein <b>auf 30\u00b0 beheiztes Hallenbad<\/b>, denn es ist wirklich sch\u00f6n, mit der ganzen Familie im warmen Wasser zu baden, wenn es drau\u00dfen regnet oder schneit!<\/p>\n\n\n\n<p>Lieben Sie es, sich im Urlaub zu verw\u00f6hnen, sich zu pflegen und sich ein paar Stunden Entspannung zu g\u00f6nnen? Dann erwarten wir Sie im <b>Bella &amp; Serena Spa<\/b>, wo Sie aus einer breiten Palette von <b>Massagen <\/b>und <b>Behandlungen<\/b> f\u00fcr Sie und Ihre <b>Kinder<\/b> ausw\u00e4hlen k\u00f6nnen. Au\u00dferdem k\u00f6nnen Sie im <b>Wellnessbereich<\/b> mit finnischer und <b>Kr\u00e4utersauna<\/b>, <b>t\u00fcrkischem Bad<\/b>, zwei <b>Whirlpools <\/b>Entspannungsbereichen einem Wellnesspfad folgen. \u00dcbrigens k\u00f6nnen <b>Kinder<\/b> das<b> Hallenbad<\/b> benutzen, w\u00e4hrend die <b>Saunen <\/b>ab<b> 16 Jahren<\/b> zug\u00e4nglich sind.<\/p>\n\n\n\n<p>Jeden Tag k\u00f6nnen Sie Ihrem <b>Familienurlaub<\/b> eine einzigartige Note verleihen: Im Sommer zum Beispiel mit herrlichen Spazierg\u00e4ngen an der frischen Luft und Radtouren und im Winter mit Skifahren am Kronplatz oder Schneeschuhwandern und Langlaufen. Dank der Lage des Hotels ist jede <b>Attraktion in greifbarer N\u00e4he<\/b>! Wenn die Kinder lieber hier bleiben, bieten unsere <b>Animateur*innen <\/b>ein Aktivit\u00e4tsprogramm, sowohl im <b>Spielzimmer Little Vegas<\/b> als auch im Garten, der mit einem Spielplatz und einer Tierecke ausgestattet ist, wo sie unsere s\u00fc\u00dfen Sch\u00e4fchen Hansi und Klausi streicheln k\u00f6nnen. Au\u00dferdem bieten wir allen unseren G\u00e4sten ein <b>Wochenprogramm <\/b>mit einer Vielzahl an <b>Ausfl\u00fcgen <\/b>und <b>Aktivit\u00e4ten<\/b>.<\/p>\n\n\n\n<p>Wir freuen uns darauf, Sie und Ihre Familie im Pustertal begr\u00fc\u00dfen zu d\u00fcrfen, um Sie mit dem ganzen Zauber eines Urlaubs im <b>Hotel &amp; Benessere Windschar<\/b> zu begeistern!<\/p>\n","protected":false},"excerpt":{"rendered":"<p>Im Hotel &amp; Benessere Windschar in Gais, nahe Bruneck, steht Ihr Bergurlaub mit Kindern ganz im Zeichen der unber\u00fchrten Natur des Pustertals, das vom wundersch\u00f6nen Dolomitenmassiv, dem UNESCO-Welterbe, \u00fcberragt wird. \u00dcppige Natur findet man auch im 4500 m2 gro\u00dfen Parkparadies, wo man sich inmitten von duftenden Bergkr\u00e4utern entspannen und die Aussicht auf die umliegenden Gipfel &hellip;<\/p>\n","protected":false},"author":1,"featured_media":0,"parent":94,"menu_order":0,"comment_status":"closed","ping_status":"closed","template":"page-templates\/scheda_hotel.php","meta":{"_acf_changed":false,"inline_featured_image":false,"footnotes":""},"class_list":["post-62402","page","type-page","status-publish","hentry"],"acf":[],"yoast_head":"<!-- This site is optimized with the Yoast SEO plugin v27.1 - https:\/\/yoast.com\/product\/yoast-seo-wordpress\/ -->\n<title>Hotel &amp; Benessere Windschar 4 Sterne, Bruneck<\/title>\n<meta name=\"description\" content=\"Lust auf einen Urlaub mit Ihrer Familie? Mehr \u00fcber die Familienangebote des Hotels &amp; Benessere Windschar in Bruneck!\" \/>\n<meta name=\"robots\" content=\"index, follow, max-snippet:-1, max-image-preview:large, max-video-preview:-1\" \/>\n<link rel=\"canonical\" href=\"https:\/\/www.italyfamilyhotels.it\/de\/family-hotels\/hotel-benessere-windschar\" \/>\n<meta property=\"og:locale\" content=\"de_DE\" \/>\n<meta property=\"og:type\" content=\"article\" \/>\n<meta property=\"og:title\" content=\"Hotel &amp; Benessere Windschar 4 Sterne, Bruneck\" \/>\n<meta property=\"og:description\" content=\"Lust auf einen Urlaub mit Ihrer Familie? Mehr \u00fcber die Familienangebote des Hotels &amp; Benessere Windschar in Bruneck!\" \/>\n<meta property=\"og:url\" content=\"https:\/\/www.italyfamilyhotels.it\/de\/family-hotels\/hotel-benessere-windschar\" \/>\n<meta property=\"og:site_name\" content=\"Italy Family Hotels\" \/>\n<meta property=\"article:publisher\" content=\"https:\/\/www.facebook.com\/ItalyFamilyHotels\/\" \/>\n<meta property=\"article:modified_time\" content=\"2025-01-15T13:15:45+00:00\" \/>\n<meta name=\"twitter:card\" content=\"summary_large_image\" \/>\n<meta name=\"twitter:label1\" content=\"Gesch\u00e4tzte Lesezeit\" \/>\n\t<meta name=\"twitter:data1\" content=\"2\u00a0Minuten\" \/>\n<script type=\"application\/ld+json\" class=\"yoast-schema-graph\">{\"@context\":\"https:\/\/schema.org\",\"@graph\":[{\"@type\":\"WebPage\",\"@id\":\"https:\/\/www.italyfamilyhotels.it\/de\/family-hotels\/hotel-benessere-windschar\",\"url\":\"https:\/\/www.italyfamilyhotels.it\/de\/family-hotels\/hotel-benessere-windschar\",\"name\":\"Hotel & Benessere Windschar 4 Sterne, Bruneck\",\"isPartOf\":{\"@id\":\"https:\/\/www.italyfamilyhotels.it\/#website\"},\"datePublished\":\"2024-11-26T15:04:20+00:00\",\"dateModified\":\"2025-01-15T13:15:45+00:00\",\"description\":\"Lust auf einen Urlaub mit Ihrer Familie? Mehr \u00fcber die Familienangebote des Hotels & Benessere Windschar in Bruneck!\",\"breadcrumb\":{\"@id\":\"https:\/\/www.italyfamilyhotels.it\/de\/family-hotels\/hotel-benessere-windschar#breadcrumb\"},\"inLanguage\":\"de\",\"potentialAction\":[{\"@type\":\"ReadAction\",\"target\":[\"https:\/\/www.italyfamilyhotels.it\/de\/family-hotels\/hotel-benessere-windschar\"]}]},{\"@type\":\"BreadcrumbList\",\"@id\":\"https:\/\/www.italyfamilyhotels.it\/de\/family-hotels\/hotel-benessere-windschar#breadcrumb\",\"itemListElement\":[{\"@type\":\"ListItem\",\"position\":1,\"name\":\"Home\",\"item\":\"https:\/\/www.italyfamilyhotels.it\/de\"},{\"@type\":\"ListItem\",\"position\":2,\"name\":\"Family Hotels\",\"item\":\"https:\/\/www.italyfamilyhotels.it\/de\/family-hotels\"},{\"@type\":\"ListItem\",\"position\":3,\"name\":\"Hotel &#038; Benessere Windschar\"}]},{\"@type\":\"WebSite\",\"@id\":\"https:\/\/www.italyfamilyhotels.it\/#website\",\"url\":\"https:\/\/www.italyfamilyhotels.it\/\",\"name\":\"Italy Family Hotels\",\"description\":\"\",\"potentialAction\":[{\"@type\":\"SearchAction\",\"target\":{\"@type\":\"EntryPoint\",\"urlTemplate\":\"https:\/\/www.italyfamilyhotels.it\/?s={search_term_string}\"},\"query-input\":{\"@type\":\"PropertyValueSpecification\",\"valueRequired\":true,\"valueName\":\"search_term_string\"}}],\"inLanguage\":\"de\"}]}<\/script>\n<!-- \/ Yoast SEO plugin. -->","yoast_head_json":{"title":"Hotel & Benessere Windschar 4 Sterne, Bruneck","description":"Lust auf einen Urlaub mit Ihrer Familie? Mehr \u00fcber die Familienangebote des Hotels & Benessere Windschar in Bruneck!","robots":{"index":"index","follow":"follow","max-snippet":"max-snippet:-1","max-image-preview":"max-image-preview:large","max-video-preview":"max-video-preview:-1"},"canonical":"https:\/\/www.italyfamilyhotels.it\/de\/family-hotels\/hotel-benessere-windschar","og_locale":"de_DE","og_type":"article","og_title":"Hotel & Benessere Windschar 4 Sterne, Bruneck","og_description":"Lust auf einen Urlaub mit Ihrer Familie? Mehr \u00fcber die Familienangebote des Hotels & Benessere Windschar in Bruneck!","og_url":"https:\/\/www.italyfamilyhotels.it\/de\/family-hotels\/hotel-benessere-windschar","og_site_name":"Italy Family Hotels","article_publisher":"https:\/\/www.facebook.com\/ItalyFamilyHotels\/","article_modified_time":"2025-01-15T13:15:45+00:00","twitter_card":"summary_large_image","twitter_misc":{"Gesch\u00e4tzte Lesezeit":"2\u00a0Minuten"},"schema":{"@context":"https:\/\/schema.org","@graph":[{"@type":"WebPage","@id":"https:\/\/www.italyfamilyhotels.it\/de\/family-hotels\/hotel-benessere-windschar","url":"https:\/\/www.italyfamilyhotels.it\/de\/family-hotels\/hotel-benessere-windschar","name":"Hotel & Benessere Windschar 4 Sterne, Bruneck","isPartOf":{"@id":"https:\/\/www.italyfamilyhotels.it\/#website"},"datePublished":"2024-11-26T15:04:20+00:00","dateModified":"2025-01-15T13:15:45+00:00","description":"Lust auf einen Urlaub mit Ihrer Familie? Mehr \u00fcber die Familienangebote des Hotels & Benessere Windschar in Bruneck!","breadcrumb":{"@id":"https:\/\/www.italyfamilyhotels.it\/de\/family-hotels\/hotel-benessere-windschar#breadcrumb"},"inLanguage":"de","potentialAction":[{"@type":"ReadAction","target":["https:\/\/www.italyfamilyhotels.it\/de\/family-hotels\/hotel-benessere-windschar"]}]},{"@type":"BreadcrumbList","@id":"https:\/\/www.italyfamilyhotels.it\/de\/family-hotels\/hotel-benessere-windschar#breadcrumb","itemListElement":[{"@type":"ListItem","position":1,"name":"Home","item":"https:\/\/www.italyfamilyhotels.it\/de"},{"@type":"ListItem","position":2,"name":"Family Hotels","item":"https:\/\/www.italyfamilyhotels.it\/de\/family-hotels"},{"@type":"ListItem","position":3,"name":"Hotel &#038; Benessere Windschar"}]},{"@type":"WebSite","@id":"https:\/\/www.italyfamilyhotels.it\/#website","url":"https:\/\/www.italyfamilyhotels.it\/","name":"Italy Family Hotels","description":"","potentialAction":[{"@type":"SearchAction","target":{"@type":"EntryPoint","urlTemplate":"https:\/\/www.italyfamilyhotels.it\/?s={search_term_string}"},"query-input":{"@type":"PropertyValueSpecification","valueRequired":true,"valueName":"search_term_string"}}],"inLanguage":"de"}]}},"_links":{"self":[{"href":"https:\/\/www.italyfamilyhotels.it\/de\/wp-json\/wp\/v2\/pages\/62402","targetHints":{"allow":["GET"]}}],"collection":[{"href":"https:\/\/www.italyfamilyhotels.it\/de\/wp-json\/wp\/v2\/pages"}],"about":[{"href":"https:\/\/www.italyfamilyhotels.it\/de\/wp-json\/wp\/v2\/types\/page"}],"author":[{"embeddable":true,"href":"https:\/\/www.italyfamilyhotels.it\/de\/wp-json\/wp\/v2\/users\/1"}],"replies":[{"embeddable":true,"href":"https:\/\/www.italyfamilyhotels.it\/de\/wp-json\/wp\/v2\/comments?post=62402"}],"version-history":[{"count":3,"href":"https:\/\/www.italyfamilyhotels.it\/de\/wp-json\/wp\/v2\/pages\/62402\/revisions"}],"predecessor-version":[{"id":63717,"href":"https:\/\/www.italyfamilyhotels.it\/de\/wp-json\/wp\/v2\/pages\/62402\/revisions\/63717"}],"up":[{"embeddable":true,"href":"https:\/\/www.italyfamilyhotels.it\/de\/wp-json\/wp\/v2\/pages\/94"}],"wp:attachment":[{"href":"https:\/\/www.italyfamilyhotels.it\/de\/wp-json\/wp\/v2\/media?parent=62402"}],"curies":[{"name":"wp","href":"https:\/\/api.w.org\/{rel}","templated":true}]}}