{"id":61474,"date":"2024-11-11T14:12:25","date_gmt":"2024-11-11T13:12:25","guid":{"rendered":"https:\/\/www.italyfamilyhotels.it\/family-hotels\/hotel-val-di-sole"},"modified":"2025-01-13T13:00:59","modified_gmt":"2025-01-13T12:00:59","slug":"hotel-val-di-sole","status":"publish","type":"page","link":"https:\/\/www.italyfamilyhotels.it\/de\/family-hotels\/hotel-val-di-sole","title":{"rendered":"Hotel Val di Sole"},"content":{"rendered":"\n<p>\u201eNat\u00fcrlich empfangen\u201c ist das Motto, mit dem unsere Familie Ihre Familie im <b>Hotel Val di Sole<\/b> in <b>Mezzana-Marilleva<\/b> willkommen hei\u00dft. Die Natur ist die reiche und spektakul\u00e4re Landschaft des <b>Trentino-Tals<\/b>, nach dem unser Hotel benannt ist; der Empfang ist der eines <b>Family Hotels<\/b>, in dem Sie Ihren Urlaub in den Bergen in vollen Z\u00fcgen genie\u00dfen k\u00f6nnen und die Gewissheit haben,<b> alles zu finden, <\/b>was Sie f\u00fcr die Kinder, ganz wie zu Hause, ben\u00f6tigen. Denn was wirklich f\u00fcr uns z\u00e4hlt, ist <b>das Gl\u00fcck Ihrer Familie<\/b>.<\/p>\n\n\n\n<p>Das Gl\u00fcck, das beginnt, sobald die Kinder das erste Mal alle ihnen vorbehaltenen <b>Spielbereiche<\/b> sehen: den <b>Indoor-Wasserpark<\/b> mit Pool, Rutschen und Wasserspielen; den <b>Pal\u00f9-Park<\/b>, den brandneuen Lernbereich mit den vielen Spielen und Aktivit\u00e4ten des Miniclubs und den <b>Garten<\/b> mit dem Spielplatz. R\u00e4ume, die sich w\u00e4hrend des <b>t\u00e4glichen Animationsprogramms<\/b>, das nach den Wanderungen, nach dem Abendessen oder bei wechselhaftem Wetter immer geboten wird, mit Fr\u00f6hlichkeit und Kreativit\u00e4t f\u00fcllen. Im Sommer wird das Unterhaltungsprogramm mit <b>Erlebnissen f\u00fcr die ganze Familie<\/b> bereichert.<\/p>\n\n\n\n<p>Dieses Gl\u00fccksgef\u00fchl \u00fcberkommt auch Sie, wenn Sie sehen, wie <b>Ihre Kinder Spa\u00df haben und absolut sicher Kontakte kn\u00fcpfen<\/b>. So k\u00f6nnen Sie, w\u00e4hrend wir uns um Ihre Kinder k\u00fcmmern, das <b>700 m2 gro\u00dfe Wellnesszentrum<\/b> &#8211; mit <b>Pool <\/b>und <b>Beauty-Centre<\/b> f\u00fcr Massagen und Behandlungen &#8211; nutzen, ein wahres Wundermittel nach einer Wanderung oder einem Skitag: Biosauna, finnische Sauna, Thermalgrotte mit Kaskade und Kristalltherapie, Kneipp-Pfad, kalte und tropikale Dusche, eine interne und zwei externe Hydromassagen.<\/p>\n\n\n\n<p>Unter den <b>Winteraktivit\u00e4ten<\/b> k\u00f6nnen Sie Alpinski und Langlaufen &#8211; vom Hotel f\u00e4hrt ein bequemer <b>Gratis-Shuttlebus zu den Skiliften<\/b> von Marilleva &#8211; oder zauberhafte <b>Schneeschuhwanderungen<\/b> w\u00e4hlen. Im <b>Sommer <\/b>k\u00f6nnen Sie <b>Ausfl\u00fcge <\/b>mit Ihren Kindern, <b>Radtouren <\/b>auf dem Radweg des Val di Sole machen und, wenn Sie Nervenkitzel lieben, <b>Rafting<\/b> ausprobieren.<\/p>\n","protected":false},"excerpt":{"rendered":"<p>\u201eNat\u00fcrlich empfangen\u201c ist das Motto, mit dem unsere Familie Ihre Familie im Hotel Val di Sole in Mezzana-Marilleva willkommen hei\u00dft. Die Natur ist die reiche und spektakul\u00e4re Landschaft des Trentino-Tals, nach dem unser Hotel benannt ist; der Empfang ist der eines Family Hotels, in dem Sie Ihren Urlaub in den Bergen in vollen Z\u00fcgen genie\u00dfen &hellip;<\/p>\n","protected":false},"author":1,"featured_media":0,"parent":94,"menu_order":0,"comment_status":"closed","ping_status":"closed","template":"page-templates\/scheda_hotel.php","meta":{"_acf_changed":false,"inline_featured_image":false,"footnotes":""},"class_list":["post-61474","page","type-page","status-publish","hentry"],"acf":[],"yoast_head":"<!-- This site is optimized with the Yoast SEO plugin v27.1 - https:\/\/yoast.com\/product\/yoast-seo-wordpress\/ -->\n<title>Hotel Val di Sole - Italy Family Hotels<\/title>\n<meta name=\"robots\" content=\"index, follow, max-snippet:-1, max-image-preview:large, max-video-preview:-1\" \/>\n<link rel=\"canonical\" href=\"https:\/\/www.italyfamilyhotels.it\/de\/family-hotels\/hotel-val-di-sole\" \/>\n<meta property=\"og:locale\" content=\"de_DE\" \/>\n<meta property=\"og:type\" content=\"article\" \/>\n<meta property=\"og:title\" content=\"Hotel Val di Sole - Italy Family Hotels\" \/>\n<meta property=\"og:description\" content=\"\u201eNat\u00fcrlich empfangen\u201c ist das Motto, mit dem unsere Familie Ihre Familie im Hotel Val di Sole in Mezzana-Marilleva willkommen hei\u00dft. Die Natur ist die reiche und spektakul\u00e4re Landschaft des Trentino-Tals, nach dem unser Hotel benannt ist; der Empfang ist der eines Family Hotels, in dem Sie Ihren Urlaub in den Bergen in vollen Z\u00fcgen genie\u00dfen &hellip;\" \/>\n<meta property=\"og:url\" content=\"https:\/\/www.italyfamilyhotels.it\/de\/family-hotels\/hotel-val-di-sole\" \/>\n<meta property=\"og:site_name\" content=\"Italy Family Hotels\" \/>\n<meta property=\"article:publisher\" content=\"https:\/\/www.facebook.com\/ItalyFamilyHotels\/\" \/>\n<meta property=\"article:modified_time\" content=\"2025-01-13T12:00:59+00:00\" \/>\n<meta name=\"twitter:card\" content=\"summary_large_image\" \/>\n<meta name=\"twitter:label1\" content=\"Gesch\u00e4tzte Lesezeit\" \/>\n\t<meta name=\"twitter:data1\" content=\"2\u00a0Minuten\" \/>\n<script type=\"application\/ld+json\" class=\"yoast-schema-graph\">{\"@context\":\"https:\/\/schema.org\",\"@graph\":[{\"@type\":\"WebPage\",\"@id\":\"https:\/\/www.italyfamilyhotels.it\/de\/family-hotels\/hotel-val-di-sole\",\"url\":\"https:\/\/www.italyfamilyhotels.it\/de\/family-hotels\/hotel-val-di-sole\",\"name\":\"Hotel Val di Sole - Italy Family Hotels\",\"isPartOf\":{\"@id\":\"https:\/\/www.italyfamilyhotels.it\/#website\"},\"datePublished\":\"2024-11-11T13:12:25+00:00\",\"dateModified\":\"2025-01-13T12:00:59+00:00\",\"breadcrumb\":{\"@id\":\"https:\/\/www.italyfamilyhotels.it\/de\/family-hotels\/hotel-val-di-sole#breadcrumb\"},\"inLanguage\":\"de\",\"potentialAction\":[{\"@type\":\"ReadAction\",\"target\":[\"https:\/\/www.italyfamilyhotels.it\/de\/family-hotels\/hotel-val-di-sole\"]}]},{\"@type\":\"BreadcrumbList\",\"@id\":\"https:\/\/www.italyfamilyhotels.it\/de\/family-hotels\/hotel-val-di-sole#breadcrumb\",\"itemListElement\":[{\"@type\":\"ListItem\",\"position\":1,\"name\":\"Home\",\"item\":\"https:\/\/www.italyfamilyhotels.it\/de\"},{\"@type\":\"ListItem\",\"position\":2,\"name\":\"Family Hotels\",\"item\":\"https:\/\/www.italyfamilyhotels.it\/de\/family-hotels\"},{\"@type\":\"ListItem\",\"position\":3,\"name\":\"Hotel Val di Sole\"}]},{\"@type\":\"WebSite\",\"@id\":\"https:\/\/www.italyfamilyhotels.it\/#website\",\"url\":\"https:\/\/www.italyfamilyhotels.it\/\",\"name\":\"Italy Family Hotels\",\"description\":\"\",\"potentialAction\":[{\"@type\":\"SearchAction\",\"target\":{\"@type\":\"EntryPoint\",\"urlTemplate\":\"https:\/\/www.italyfamilyhotels.it\/?s={search_term_string}\"},\"query-input\":{\"@type\":\"PropertyValueSpecification\",\"valueRequired\":true,\"valueName\":\"search_term_string\"}}],\"inLanguage\":\"de\"}]}<\/script>\n<!-- \/ Yoast SEO plugin. -->","yoast_head_json":{"title":"Hotel Val di Sole - Italy Family Hotels","robots":{"index":"index","follow":"follow","max-snippet":"max-snippet:-1","max-image-preview":"max-image-preview:large","max-video-preview":"max-video-preview:-1"},"canonical":"https:\/\/www.italyfamilyhotels.it\/de\/family-hotels\/hotel-val-di-sole","og_locale":"de_DE","og_type":"article","og_title":"Hotel Val di Sole - Italy Family Hotels","og_description":"\u201eNat\u00fcrlich empfangen\u201c ist das Motto, mit dem unsere Familie Ihre Familie im Hotel Val di Sole in Mezzana-Marilleva willkommen hei\u00dft. Die Natur ist die reiche und spektakul\u00e4re Landschaft des Trentino-Tals, nach dem unser Hotel benannt ist; der Empfang ist der eines Family Hotels, in dem Sie Ihren Urlaub in den Bergen in vollen Z\u00fcgen genie\u00dfen &hellip;","og_url":"https:\/\/www.italyfamilyhotels.it\/de\/family-hotels\/hotel-val-di-sole","og_site_name":"Italy Family Hotels","article_publisher":"https:\/\/www.facebook.com\/ItalyFamilyHotels\/","article_modified_time":"2025-01-13T12:00:59+00:00","twitter_card":"summary_large_image","twitter_misc":{"Gesch\u00e4tzte Lesezeit":"2\u00a0Minuten"},"schema":{"@context":"https:\/\/schema.org","@graph":[{"@type":"WebPage","@id":"https:\/\/www.italyfamilyhotels.it\/de\/family-hotels\/hotel-val-di-sole","url":"https:\/\/www.italyfamilyhotels.it\/de\/family-hotels\/hotel-val-di-sole","name":"Hotel Val di Sole - Italy Family Hotels","isPartOf":{"@id":"https:\/\/www.italyfamilyhotels.it\/#website"},"datePublished":"2024-11-11T13:12:25+00:00","dateModified":"2025-01-13T12:00:59+00:00","breadcrumb":{"@id":"https:\/\/www.italyfamilyhotels.it\/de\/family-hotels\/hotel-val-di-sole#breadcrumb"},"inLanguage":"de","potentialAction":[{"@type":"ReadAction","target":["https:\/\/www.italyfamilyhotels.it\/de\/family-hotels\/hotel-val-di-sole"]}]},{"@type":"BreadcrumbList","@id":"https:\/\/www.italyfamilyhotels.it\/de\/family-hotels\/hotel-val-di-sole#breadcrumb","itemListElement":[{"@type":"ListItem","position":1,"name":"Home","item":"https:\/\/www.italyfamilyhotels.it\/de"},{"@type":"ListItem","position":2,"name":"Family Hotels","item":"https:\/\/www.italyfamilyhotels.it\/de\/family-hotels"},{"@type":"ListItem","position":3,"name":"Hotel Val di Sole"}]},{"@type":"WebSite","@id":"https:\/\/www.italyfamilyhotels.it\/#website","url":"https:\/\/www.italyfamilyhotels.it\/","name":"Italy Family Hotels","description":"","potentialAction":[{"@type":"SearchAction","target":{"@type":"EntryPoint","urlTemplate":"https:\/\/www.italyfamilyhotels.it\/?s={search_term_string}"},"query-input":{"@type":"PropertyValueSpecification","valueRequired":true,"valueName":"search_term_string"}}],"inLanguage":"de"}]}},"_links":{"self":[{"href":"https:\/\/www.italyfamilyhotels.it\/de\/wp-json\/wp\/v2\/pages\/61474","targetHints":{"allow":["GET"]}}],"collection":[{"href":"https:\/\/www.italyfamilyhotels.it\/de\/wp-json\/wp\/v2\/pages"}],"about":[{"href":"https:\/\/www.italyfamilyhotels.it\/de\/wp-json\/wp\/v2\/types\/page"}],"author":[{"embeddable":true,"href":"https:\/\/www.italyfamilyhotels.it\/de\/wp-json\/wp\/v2\/users\/1"}],"replies":[{"embeddable":true,"href":"https:\/\/www.italyfamilyhotels.it\/de\/wp-json\/wp\/v2\/comments?post=61474"}],"version-history":[{"count":2,"href":"https:\/\/www.italyfamilyhotels.it\/de\/wp-json\/wp\/v2\/pages\/61474\/revisions"}],"predecessor-version":[{"id":63665,"href":"https:\/\/www.italyfamilyhotels.it\/de\/wp-json\/wp\/v2\/pages\/61474\/revisions\/63665"}],"up":[{"embeddable":true,"href":"https:\/\/www.italyfamilyhotels.it\/de\/wp-json\/wp\/v2\/pages\/94"}],"wp:attachment":[{"href":"https:\/\/www.italyfamilyhotels.it\/de\/wp-json\/wp\/v2\/media?parent=61474"}],"curies":[{"name":"wp","href":"https:\/\/api.w.org\/{rel}","templated":true}]}}