{"id":61455,"date":"2024-11-08T11:15:33","date_gmt":"2024-11-08T10:15:33","guid":{"rendered":"https:\/\/www.italyfamilyhotels.it\/family-hotels\/sporting-hotel"},"modified":"2025-01-13T13:00:58","modified_gmt":"2025-01-13T12:00:58","slug":"sporting-hotel","status":"publish","type":"page","link":"https:\/\/www.italyfamilyhotels.it\/de\/family-hotels\/sporting-hotel","title":{"rendered":"Sporting Hotel"},"content":{"rendered":"\n<p>Die unber\u00fchrte Natur, die zerkl\u00fcfteten Gipfel und Gletscher des <b>Val di Sole<\/b>, umgeben unser <b>Family Hotel am Tonale-Pass<\/b> wie eine optische Umarmung. Wir hei\u00dfen Sie im <b>Sporting Hotel<\/b> willkommen, damit Sie einen Urlaub mit<b> direkt an den Skipisten des<\/b> Adamello-Skigebiets ganz nahe der <b>einfachen und sicheren Familienwanderwege <\/b>verbringen k\u00f6nnen.<\/p>\n\n\n\n<p>Auch wir sind eine Familie und wissen, wie wichtig es ist, jeden Raum im Hotel und jede Aktivit\u00e4t so zu gestalten, dass <b>Eltern entspannt sind<\/b> und die <b>Kinder Spa\u00df haben<\/b>. Wir bieten <b>mehr als 12 Stunden Animation pro Tag<\/b>, <b>Familienausfl\u00fcge<\/b> und sind an einer <b>Kinderskischule mit t\u00e4glichen Kursen von 2\/3 Stunden beteiligt<\/b>.<\/p>\n\n\n\n<p>Ein <b>Bergurlaub im Sporting Hotel<\/b> bedeutet nicht nur Skifahren und Wandern, sondern auch Wasserspa\u00df <b>mit einem Indoor-Wasserpark<\/b> und <b>beheizten Schwimmb\u00e4dern<\/b>! Ja, denn im Hotel finden Sie einen <b>echten 350 m2 gro\u00dfen Wasserpark<\/b> mit zwei Riesenrutschen, Toboggan und Vortex mit Schlauchbooten, <b>Spray Park<\/b> mit Wasserspielen, Mini-Piratengaleone, vier <b>Spielrutschen<\/b> und ein nur <b>50 cm tiefes beheiztes Babybecken<\/b>.  Das alles mit einem praktischen <b>Anti-Schock-Boden<\/b>, denn Sicherheit geht vor!<\/p>\n\n\n\n<p>Wenn Sie sich ein paar Stunden entspannen m\u00f6chten, w\u00e4hrend <b>wir uns um Ihre Kinder k\u00fcmmern<\/b>, k\u00f6nnen Sie dies im himmlischen <b>Sky Spa tun, das Eltern vorbehalten ist<\/b> und einen traumhaften Blick auf die Berge bietet. <b>750 m2<\/b> mit Saunen, t\u00fcrkischem Bad, Aromarium, Kneipp-Pfad, Eiskaskade, Wellnessduschen, Whirlpool-Tempel und einem gro\u00dfen Wasserbereich mit <b>beheiztem Panorama-Sky Pool<\/b> mit direktem Zugang zwischen Innen- und Au\u00dfenzone. Wenn Sie Ihrem Erlebnis eine besondere Note verleihen m\u00f6chten, w\u00e4hlen Sie aus den <b>Massagen <\/b>und <b>Behandlungen <\/b>des umfangreichen Wellnessprogramms f\u00fcr Erwachsene aus.<\/p>\n\n\n\n<p>Den Rest finden Sie direkt bei Ihrer Ankunft: <b>Serviceleistungen f\u00fcr Kinder <\/b>im Zimmer und im Speisesaal, Br\u00fchen und Cremesuppen f\u00fcr die <b>Abstillphase<\/b>, <b>Babybuffet<\/b>, Babysitter auf Wunsch und alles, was Sie f\u00fcr einen erholsamen Urlaub am Tonale-Pass ben\u00f6tigen!<\/p>\n","protected":false},"excerpt":{"rendered":"<p>Die unber\u00fchrte Natur, die zerkl\u00fcfteten Gipfel und Gletscher des Val di Sole, umgeben unser Family Hotel am Tonale-Pass wie eine optische Umarmung. Wir hei\u00dfen Sie im Sporting Hotel willkommen, damit Sie einen Urlaub mit direkt an den Skipisten des Adamello-Skigebiets ganz nahe der einfachen und sicheren Familienwanderwege verbringen k\u00f6nnen. Auch wir sind eine Familie und &hellip;<\/p>\n","protected":false},"author":1,"featured_media":0,"parent":94,"menu_order":0,"comment_status":"closed","ping_status":"closed","template":"page-templates\/scheda_hotel.php","meta":{"_acf_changed":false,"inline_featured_image":false,"footnotes":""},"class_list":["post-61455","page","type-page","status-publish","hentry"],"acf":[],"yoast_head":"<!-- This site is optimized with the Yoast SEO plugin v27.1 - https:\/\/yoast.com\/product\/yoast-seo-wordpress\/ -->\n<title>Sporting Hotel - Italy Family Hotels<\/title>\n<meta name=\"robots\" content=\"index, follow, max-snippet:-1, max-image-preview:large, max-video-preview:-1\" \/>\n<link rel=\"canonical\" href=\"https:\/\/www.italyfamilyhotels.it\/de\/family-hotels\/sporting-hotel\" \/>\n<meta property=\"og:locale\" content=\"de_DE\" \/>\n<meta property=\"og:type\" content=\"article\" \/>\n<meta property=\"og:title\" content=\"Sporting Hotel - Italy Family Hotels\" \/>\n<meta property=\"og:description\" content=\"Die unber\u00fchrte Natur, die zerkl\u00fcfteten Gipfel und Gletscher des Val di Sole, umgeben unser Family Hotel am Tonale-Pass wie eine optische Umarmung. Wir hei\u00dfen Sie im Sporting Hotel willkommen, damit Sie einen Urlaub mit direkt an den Skipisten des Adamello-Skigebiets ganz nahe der einfachen und sicheren Familienwanderwege verbringen k\u00f6nnen. Auch wir sind eine Familie und &hellip;\" \/>\n<meta property=\"og:url\" content=\"https:\/\/www.italyfamilyhotels.it\/de\/family-hotels\/sporting-hotel\" \/>\n<meta property=\"og:site_name\" content=\"Italy Family Hotels\" \/>\n<meta property=\"article:publisher\" content=\"https:\/\/www.facebook.com\/ItalyFamilyHotels\/\" \/>\n<meta property=\"article:modified_time\" content=\"2025-01-13T12:00:58+00:00\" \/>\n<meta name=\"twitter:card\" content=\"summary_large_image\" \/>\n<meta name=\"twitter:label1\" content=\"Gesch\u00e4tzte Lesezeit\" \/>\n\t<meta name=\"twitter:data1\" content=\"2\u00a0Minuten\" \/>\n<script type=\"application\/ld+json\" class=\"yoast-schema-graph\">{\"@context\":\"https:\/\/schema.org\",\"@graph\":[{\"@type\":\"WebPage\",\"@id\":\"https:\/\/www.italyfamilyhotels.it\/de\/family-hotels\/sporting-hotel\",\"url\":\"https:\/\/www.italyfamilyhotels.it\/de\/family-hotels\/sporting-hotel\",\"name\":\"Sporting Hotel - Italy Family Hotels\",\"isPartOf\":{\"@id\":\"https:\/\/www.italyfamilyhotels.it\/#website\"},\"datePublished\":\"2024-11-08T10:15:33+00:00\",\"dateModified\":\"2025-01-13T12:00:58+00:00\",\"breadcrumb\":{\"@id\":\"https:\/\/www.italyfamilyhotels.it\/de\/family-hotels\/sporting-hotel#breadcrumb\"},\"inLanguage\":\"de\",\"potentialAction\":[{\"@type\":\"ReadAction\",\"target\":[\"https:\/\/www.italyfamilyhotels.it\/de\/family-hotels\/sporting-hotel\"]}]},{\"@type\":\"BreadcrumbList\",\"@id\":\"https:\/\/www.italyfamilyhotels.it\/de\/family-hotels\/sporting-hotel#breadcrumb\",\"itemListElement\":[{\"@type\":\"ListItem\",\"position\":1,\"name\":\"Home\",\"item\":\"https:\/\/www.italyfamilyhotels.it\/de\"},{\"@type\":\"ListItem\",\"position\":2,\"name\":\"Family Hotels\",\"item\":\"https:\/\/www.italyfamilyhotels.it\/de\/family-hotels\"},{\"@type\":\"ListItem\",\"position\":3,\"name\":\"Sporting Hotel\"}]},{\"@type\":\"WebSite\",\"@id\":\"https:\/\/www.italyfamilyhotels.it\/#website\",\"url\":\"https:\/\/www.italyfamilyhotels.it\/\",\"name\":\"Italy Family Hotels\",\"description\":\"\",\"potentialAction\":[{\"@type\":\"SearchAction\",\"target\":{\"@type\":\"EntryPoint\",\"urlTemplate\":\"https:\/\/www.italyfamilyhotels.it\/?s={search_term_string}\"},\"query-input\":{\"@type\":\"PropertyValueSpecification\",\"valueRequired\":true,\"valueName\":\"search_term_string\"}}],\"inLanguage\":\"de\"}]}<\/script>\n<!-- \/ Yoast SEO plugin. -->","yoast_head_json":{"title":"Sporting Hotel - Italy Family Hotels","robots":{"index":"index","follow":"follow","max-snippet":"max-snippet:-1","max-image-preview":"max-image-preview:large","max-video-preview":"max-video-preview:-1"},"canonical":"https:\/\/www.italyfamilyhotels.it\/de\/family-hotels\/sporting-hotel","og_locale":"de_DE","og_type":"article","og_title":"Sporting Hotel - Italy Family Hotels","og_description":"Die unber\u00fchrte Natur, die zerkl\u00fcfteten Gipfel und Gletscher des Val di Sole, umgeben unser Family Hotel am Tonale-Pass wie eine optische Umarmung. Wir hei\u00dfen Sie im Sporting Hotel willkommen, damit Sie einen Urlaub mit direkt an den Skipisten des Adamello-Skigebiets ganz nahe der einfachen und sicheren Familienwanderwege verbringen k\u00f6nnen. Auch wir sind eine Familie und &hellip;","og_url":"https:\/\/www.italyfamilyhotels.it\/de\/family-hotels\/sporting-hotel","og_site_name":"Italy Family Hotels","article_publisher":"https:\/\/www.facebook.com\/ItalyFamilyHotels\/","article_modified_time":"2025-01-13T12:00:58+00:00","twitter_card":"summary_large_image","twitter_misc":{"Gesch\u00e4tzte Lesezeit":"2\u00a0Minuten"},"schema":{"@context":"https:\/\/schema.org","@graph":[{"@type":"WebPage","@id":"https:\/\/www.italyfamilyhotels.it\/de\/family-hotels\/sporting-hotel","url":"https:\/\/www.italyfamilyhotels.it\/de\/family-hotels\/sporting-hotel","name":"Sporting Hotel - Italy Family Hotels","isPartOf":{"@id":"https:\/\/www.italyfamilyhotels.it\/#website"},"datePublished":"2024-11-08T10:15:33+00:00","dateModified":"2025-01-13T12:00:58+00:00","breadcrumb":{"@id":"https:\/\/www.italyfamilyhotels.it\/de\/family-hotels\/sporting-hotel#breadcrumb"},"inLanguage":"de","potentialAction":[{"@type":"ReadAction","target":["https:\/\/www.italyfamilyhotels.it\/de\/family-hotels\/sporting-hotel"]}]},{"@type":"BreadcrumbList","@id":"https:\/\/www.italyfamilyhotels.it\/de\/family-hotels\/sporting-hotel#breadcrumb","itemListElement":[{"@type":"ListItem","position":1,"name":"Home","item":"https:\/\/www.italyfamilyhotels.it\/de"},{"@type":"ListItem","position":2,"name":"Family Hotels","item":"https:\/\/www.italyfamilyhotels.it\/de\/family-hotels"},{"@type":"ListItem","position":3,"name":"Sporting Hotel"}]},{"@type":"WebSite","@id":"https:\/\/www.italyfamilyhotels.it\/#website","url":"https:\/\/www.italyfamilyhotels.it\/","name":"Italy Family Hotels","description":"","potentialAction":[{"@type":"SearchAction","target":{"@type":"EntryPoint","urlTemplate":"https:\/\/www.italyfamilyhotels.it\/?s={search_term_string}"},"query-input":{"@type":"PropertyValueSpecification","valueRequired":true,"valueName":"search_term_string"}}],"inLanguage":"de"}]}},"_links":{"self":[{"href":"https:\/\/www.italyfamilyhotels.it\/de\/wp-json\/wp\/v2\/pages\/61455","targetHints":{"allow":["GET"]}}],"collection":[{"href":"https:\/\/www.italyfamilyhotels.it\/de\/wp-json\/wp\/v2\/pages"}],"about":[{"href":"https:\/\/www.italyfamilyhotels.it\/de\/wp-json\/wp\/v2\/types\/page"}],"author":[{"embeddable":true,"href":"https:\/\/www.italyfamilyhotels.it\/de\/wp-json\/wp\/v2\/users\/1"}],"replies":[{"embeddable":true,"href":"https:\/\/www.italyfamilyhotels.it\/de\/wp-json\/wp\/v2\/comments?post=61455"}],"version-history":[{"count":2,"href":"https:\/\/www.italyfamilyhotels.it\/de\/wp-json\/wp\/v2\/pages\/61455\/revisions"}],"predecessor-version":[{"id":63664,"href":"https:\/\/www.italyfamilyhotels.it\/de\/wp-json\/wp\/v2\/pages\/61455\/revisions\/63664"}],"up":[{"embeddable":true,"href":"https:\/\/www.italyfamilyhotels.it\/de\/wp-json\/wp\/v2\/pages\/94"}],"wp:attachment":[{"href":"https:\/\/www.italyfamilyhotels.it\/de\/wp-json\/wp\/v2\/media?parent=61455"}],"curies":[{"name":"wp","href":"https:\/\/api.w.org\/{rel}","templated":true}]}}