{"id":59876,"date":"2024-07-01T17:03:22","date_gmt":"2024-07-01T15:03:22","guid":{"rendered":"https:\/\/www.italyfamilyhotels.it\/family-hotels\/aki-family-resort-plose"},"modified":"2024-11-18T08:45:33","modified_gmt":"2024-11-18T07:45:33","slug":"aki-family-resort-plose","status":"publish","type":"page","link":"https:\/\/www.italyfamilyhotels.it\/de\/family-hotels\/aki-family-resort-plose","title":{"rendered":"AKI Family Resort PLOSE"},"content":{"rendered":"\n<p>Wir erwarten Sie und Ihre Kinder im <b>AKI Family Resort PLOSE<\/b> in <b>St. Andr\u00e4 Brixen<\/b>. Verbringen Sie einen Urlaub mitten in der Natur: Ihr Herz wird vor Freude h\u00fcpfen. Wir haben jedes Detail bedacht, damit Ihr Aufenthalt im Trentino-S\u00fcdtirol zu einem einzigartigen und unvergesslichen Erlebnis wird. Unser <b>aufregendes Programm <\/b>bringt Kinder jeden Alters der Natur n\u00e4her und sie lernen, die Umwelt zu lieben und zu achten.<\/p>\n\n\n\n<p>Im <b>AKI Kids Club<\/b> k\u00fcmmern wir uns spielerisch, aktiv und einf\u00fchlsam um Kinder <b>ab 1 Monat bis 12 Jahren<\/b>, w\u00e4hrend der Teen Club Jugendliche <b>ab 12 Jahren willkommen <\/b>hei\u00dft. Jeden Tag finden Aktivit\u00e4ten im Freien und in den <b>Indoor-Spielbereichen<\/b> statt, vollkommen <b>sicher <\/b>und unter der <b>aufmerksamen<\/b> <b>Aufsicht der Betreuer<\/b>, damit Kinder und Jugendliche \u201emit allen Sinnen spielerisch lernen\u201c.<\/p>\n\n\n\n<p>Sie m\u00f6chten in den Ferien gerne Momente purer Wellness mit der ganzen Familie genie\u00dfen? Dann sind <b>Spa <\/b>und <b>Poolbereich<\/b> das Richtige f\u00fcr Sie! Die Wasserwelt wurde vor allem f\u00fcr Kinder entworfen, mit einem <b>Infinity-Pool im Freien <\/b>und einem <b>Indoor-Pool<\/b>, beide <b>36\u00b0C warm<\/b>, um sich mit Spr\u00fcngen und Wasserspielen zu vergn\u00fcgen oder auf den <b>Rutschen<\/b> Zeitrennen zu veranstalten. Denn davon gibt es gleich drei: Speed-Wasserrutsche, Erlebnis-Reifenrutsche und Wellenrutsche. Dann geht es ab in die <b>Family-Textilsauna<\/b>, um sich danach im Eisbrunnen abzuk\u00fchlen oder mit einem M\u00e4rchenbuch auf den <b>Familienliegen<\/b> zu entspannen.<\/p>\n\n\n\n<p>Wenn Sie hingegen etwas Zeit nur f\u00fcr sich w\u00fcnschen, w\u00e4hrend sich die Betreuer um die Kleinen k\u00fcmmern, dann lassen Sie sich im <b>Spa Adult Only<\/b>, mitten in der Ruhe des Waldes, verw\u00f6hnen: <b>Kr\u00e4utersauna und finnische Sauna<\/b>, <b>Tauchbecken <\/b>und <b>Feuerstelle im Freien<\/b>,<b> <\/b>Entspannungsbereich mit Kamin, <b>Behandlungen<\/b>, <b>Yogakurse<\/b> und <b>Post-Schwangerschaftsturnen<\/b>&#8230; eine verborgene, geheime, in sich gekehrte Welt nur f\u00fcr Mama und Papa.<\/p>\n\n\n\n<p><b>Spazierg\u00e4nge <\/b>und <b>Radausfl\u00fcge <\/b>mitten in der Natur, auf familienfreundlichen Wegen, die am Hotel beginnen, ein <b>Family-Gourmet-Erlebnis<\/b> &#8211; auch ein Bistrot, in dem die kleinen Leckerm\u00e4uler mit den <b>Betreuern essen<\/b> k\u00f6nnen &#8211; sind weitere \u201eKapitel\u201c, die wir im <b>AKI Family Resort PLOSE<\/b> gemeinsam mit Ihnen schreiben, ein M\u00e4rchenurlaub mit Ihrer Familie im Trentino-S\u00fcdtirol!<\/p>\n","protected":false},"excerpt":{"rendered":"<p>Wir erwarten Sie und Ihre Kinder im AKI Family Resort PLOSE in St. Andr\u00e4 Brixen. Verbringen Sie einen Urlaub mitten in der Natur: Ihr Herz wird vor Freude h\u00fcpfen. Wir haben jedes Detail bedacht, damit Ihr Aufenthalt im Trentino-S\u00fcdtirol zu einem einzigartigen und unvergesslichen Erlebnis wird. Unser aufregendes Programm bringt Kinder jeden Alters der Natur &hellip;<\/p>\n","protected":false},"author":1,"featured_media":0,"parent":94,"menu_order":0,"comment_status":"closed","ping_status":"closed","template":"page-templates\/scheda_hotel.php","meta":{"_acf_changed":false,"inline_featured_image":false,"footnotes":""},"class_list":["post-59876","page","type-page","status-publish","hentry"],"acf":[],"yoast_head":"<!-- This site is optimized with the Yoast SEO plugin v27.1 - https:\/\/yoast.com\/product\/yoast-seo-wordpress\/ -->\n<title>AKI Family Resort PLOSE, 5-Sterne-Hotel, Brixen<\/title>\n<meta name=\"description\" content=\"Lust auf einen Urlaub mit Ihrer Familie? Entdecken Sie die Familienangebote im AKI Family Resort PLOSE in Brixen\" \/>\n<meta name=\"robots\" content=\"index, follow, max-snippet:-1, max-image-preview:large, max-video-preview:-1\" \/>\n<link rel=\"canonical\" href=\"https:\/\/www.italyfamilyhotels.it\/de\/family-hotels\/aki-family-resort-plose\" \/>\n<meta property=\"og:locale\" content=\"de_DE\" \/>\n<meta property=\"og:type\" content=\"article\" \/>\n<meta property=\"og:title\" content=\"AKI Family Resort PLOSE, 5-Sterne-Hotel, Brixen\" \/>\n<meta property=\"og:description\" content=\"Lust auf einen Urlaub mit Ihrer Familie? Entdecken Sie die Familienangebote im AKI Family Resort PLOSE in Brixen\" \/>\n<meta property=\"og:url\" content=\"https:\/\/www.italyfamilyhotels.it\/de\/family-hotels\/aki-family-resort-plose\" \/>\n<meta property=\"og:site_name\" content=\"Italy Family Hotels\" \/>\n<meta property=\"article:publisher\" content=\"https:\/\/www.facebook.com\/ItalyFamilyHotels\/\" \/>\n<meta property=\"article:modified_time\" content=\"2024-11-18T07:45:33+00:00\" \/>\n<meta name=\"twitter:card\" content=\"summary_large_image\" \/>\n<meta name=\"twitter:label1\" content=\"Gesch\u00e4tzte Lesezeit\" \/>\n\t<meta name=\"twitter:data1\" content=\"2\u00a0Minuten\" \/>\n<script type=\"application\/ld+json\" class=\"yoast-schema-graph\">{\"@context\":\"https:\/\/schema.org\",\"@graph\":[{\"@type\":\"WebPage\",\"@id\":\"https:\/\/www.italyfamilyhotels.it\/de\/family-hotels\/aki-family-resort-plose\",\"url\":\"https:\/\/www.italyfamilyhotels.it\/de\/family-hotels\/aki-family-resort-plose\",\"name\":\"AKI Family Resort PLOSE, 5-Sterne-Hotel, Brixen\",\"isPartOf\":{\"@id\":\"https:\/\/www.italyfamilyhotels.it\/#website\"},\"datePublished\":\"2024-07-01T15:03:22+00:00\",\"dateModified\":\"2024-11-18T07:45:33+00:00\",\"description\":\"Lust auf einen Urlaub mit Ihrer Familie? Entdecken Sie die Familienangebote im AKI Family Resort PLOSE in Brixen\",\"breadcrumb\":{\"@id\":\"https:\/\/www.italyfamilyhotels.it\/de\/family-hotels\/aki-family-resort-plose#breadcrumb\"},\"inLanguage\":\"de\",\"potentialAction\":[{\"@type\":\"ReadAction\",\"target\":[\"https:\/\/www.italyfamilyhotels.it\/de\/family-hotels\/aki-family-resort-plose\"]}]},{\"@type\":\"BreadcrumbList\",\"@id\":\"https:\/\/www.italyfamilyhotels.it\/de\/family-hotels\/aki-family-resort-plose#breadcrumb\",\"itemListElement\":[{\"@type\":\"ListItem\",\"position\":1,\"name\":\"Home\",\"item\":\"https:\/\/www.italyfamilyhotels.it\/de\"},{\"@type\":\"ListItem\",\"position\":2,\"name\":\"Family Hotels\",\"item\":\"https:\/\/www.italyfamilyhotels.it\/de\/family-hotels\"},{\"@type\":\"ListItem\",\"position\":3,\"name\":\"AKI Family Resort PLOSE\"}]},{\"@type\":\"WebSite\",\"@id\":\"https:\/\/www.italyfamilyhotels.it\/#website\",\"url\":\"https:\/\/www.italyfamilyhotels.it\/\",\"name\":\"Italy Family Hotels\",\"description\":\"\",\"potentialAction\":[{\"@type\":\"SearchAction\",\"target\":{\"@type\":\"EntryPoint\",\"urlTemplate\":\"https:\/\/www.italyfamilyhotels.it\/?s={search_term_string}\"},\"query-input\":{\"@type\":\"PropertyValueSpecification\",\"valueRequired\":true,\"valueName\":\"search_term_string\"}}],\"inLanguage\":\"de\"}]}<\/script>\n<!-- \/ Yoast SEO plugin. -->","yoast_head_json":{"title":"AKI Family Resort PLOSE, 5-Sterne-Hotel, Brixen","description":"Lust auf einen Urlaub mit Ihrer Familie? Entdecken Sie die Familienangebote im AKI Family Resort PLOSE in Brixen","robots":{"index":"index","follow":"follow","max-snippet":"max-snippet:-1","max-image-preview":"max-image-preview:large","max-video-preview":"max-video-preview:-1"},"canonical":"https:\/\/www.italyfamilyhotels.it\/de\/family-hotels\/aki-family-resort-plose","og_locale":"de_DE","og_type":"article","og_title":"AKI Family Resort PLOSE, 5-Sterne-Hotel, Brixen","og_description":"Lust auf einen Urlaub mit Ihrer Familie? Entdecken Sie die Familienangebote im AKI Family Resort PLOSE in Brixen","og_url":"https:\/\/www.italyfamilyhotels.it\/de\/family-hotels\/aki-family-resort-plose","og_site_name":"Italy Family Hotels","article_publisher":"https:\/\/www.facebook.com\/ItalyFamilyHotels\/","article_modified_time":"2024-11-18T07:45:33+00:00","twitter_card":"summary_large_image","twitter_misc":{"Gesch\u00e4tzte Lesezeit":"2\u00a0Minuten"},"schema":{"@context":"https:\/\/schema.org","@graph":[{"@type":"WebPage","@id":"https:\/\/www.italyfamilyhotels.it\/de\/family-hotels\/aki-family-resort-plose","url":"https:\/\/www.italyfamilyhotels.it\/de\/family-hotels\/aki-family-resort-plose","name":"AKI Family Resort PLOSE, 5-Sterne-Hotel, Brixen","isPartOf":{"@id":"https:\/\/www.italyfamilyhotels.it\/#website"},"datePublished":"2024-07-01T15:03:22+00:00","dateModified":"2024-11-18T07:45:33+00:00","description":"Lust auf einen Urlaub mit Ihrer Familie? Entdecken Sie die Familienangebote im AKI Family Resort PLOSE in Brixen","breadcrumb":{"@id":"https:\/\/www.italyfamilyhotels.it\/de\/family-hotels\/aki-family-resort-plose#breadcrumb"},"inLanguage":"de","potentialAction":[{"@type":"ReadAction","target":["https:\/\/www.italyfamilyhotels.it\/de\/family-hotels\/aki-family-resort-plose"]}]},{"@type":"BreadcrumbList","@id":"https:\/\/www.italyfamilyhotels.it\/de\/family-hotels\/aki-family-resort-plose#breadcrumb","itemListElement":[{"@type":"ListItem","position":1,"name":"Home","item":"https:\/\/www.italyfamilyhotels.it\/de"},{"@type":"ListItem","position":2,"name":"Family Hotels","item":"https:\/\/www.italyfamilyhotels.it\/de\/family-hotels"},{"@type":"ListItem","position":3,"name":"AKI Family Resort PLOSE"}]},{"@type":"WebSite","@id":"https:\/\/www.italyfamilyhotels.it\/#website","url":"https:\/\/www.italyfamilyhotels.it\/","name":"Italy Family Hotels","description":"","potentialAction":[{"@type":"SearchAction","target":{"@type":"EntryPoint","urlTemplate":"https:\/\/www.italyfamilyhotels.it\/?s={search_term_string}"},"query-input":{"@type":"PropertyValueSpecification","valueRequired":true,"valueName":"search_term_string"}}],"inLanguage":"de"}]}},"_links":{"self":[{"href":"https:\/\/www.italyfamilyhotels.it\/de\/wp-json\/wp\/v2\/pages\/59876","targetHints":{"allow":["GET"]}}],"collection":[{"href":"https:\/\/www.italyfamilyhotels.it\/de\/wp-json\/wp\/v2\/pages"}],"about":[{"href":"https:\/\/www.italyfamilyhotels.it\/de\/wp-json\/wp\/v2\/types\/page"}],"author":[{"embeddable":true,"href":"https:\/\/www.italyfamilyhotels.it\/de\/wp-json\/wp\/v2\/users\/1"}],"replies":[{"embeddable":true,"href":"https:\/\/www.italyfamilyhotels.it\/de\/wp-json\/wp\/v2\/comments?post=59876"}],"version-history":[{"count":3,"href":"https:\/\/www.italyfamilyhotels.it\/de\/wp-json\/wp\/v2\/pages\/59876\/revisions"}],"predecessor-version":[{"id":61952,"href":"https:\/\/www.italyfamilyhotels.it\/de\/wp-json\/wp\/v2\/pages\/59876\/revisions\/61952"}],"up":[{"embeddable":true,"href":"https:\/\/www.italyfamilyhotels.it\/de\/wp-json\/wp\/v2\/pages\/94"}],"wp:attachment":[{"href":"https:\/\/www.italyfamilyhotels.it\/de\/wp-json\/wp\/v2\/media?parent=59876"}],"curies":[{"name":"wp","href":"https:\/\/api.w.org\/{rel}","templated":true}]}}