{"id":57928,"date":"2024-03-20T09:48:22","date_gmt":"2024-03-20T08:48:22","guid":{"rendered":"https:\/\/www.italyfamilyhotels.it\/family-hotels\/cattolica-family-resort"},"modified":"2026-04-02T10:17:41","modified_gmt":"2026-04-02T08:17:41","slug":"trevi-family-resort","status":"publish","type":"page","link":"https:\/\/www.italyfamilyhotels.it\/de\/family-hotels\/trevi-family-resort","title":{"rendered":"Trevi Family Resort"},"content":{"rendered":"\n<p>Wenn Sie davon tr\u00e4umen, das Leben etwas zu entschleunigen und sich den Luxus der Entspannung g\u00f6nnen m\u00f6chten, w\u00e4hrend Ihre Kinder sich mit unserem <b>Animationsteam 12 Stunden am Tag vergn\u00fcgen<\/b>, dann sind Sie hier am richtigen Ort. Herzlich willkommen im <b><b>Trevi<\/b><\/b> <b>Family Resort<\/b>! Wir verw\u00f6hnen Sie mit einem sorgenlosen <b>All-Inclusive-Urlaub<\/b>. Unser <b>Family Resort liegt direkt am Meer<\/b> und dadurch kommt schon ein gro\u00dfartiges Urlaubsgef\u00fchl auf: nur wenige Schritte mit den Kindern, um an den <b>Strand <\/b>zu gehen,<b> ohne eine Stra\u00dfe zu \u00fcberqueren<\/b> (durch den privaten Direktzugang). Bewundern Sie das Meer beim Erwachen, im Pool und sogar beim Fr\u00fchst\u00fcck, Mittagessen und Abendessen!<\/p>\n\n\n\n<p>Sie wissen sicher schon, dass wir einen <b>Wasserpark<\/b> mit <b>Kinderpool<\/b>, <b>Rutsche <\/b>und einen fantastischen <b>Spray Park <\/b>mit Wasserspielen haben? Eine Wasserspa\u00df-Welt, die alle Kinder begeistert und jene Eltern, die es kaum erwarten k\u00f6nnen, in die Vergangenheit zur\u00fcckzukehren. Wer sich lieber entspannen m\u00f6chte, steht der <b>Pool mit Whirlpool-Becken<\/b> und gut ausgestatteter <b>Sonnenterrasse<\/b>, zur Verf\u00fcgung.<\/p>\n\n\n\n<p>Die <b>Animateure <\/b>k\u00fcmmern sich um die Kinder, die nach Altersgruppen unterteilt werden: In <b>Maurinos Welt<\/b> h\u00f6rt das Vergn\u00fcgen nie auf: <b>Jeden Tag von 10:00 bis 22:00 Uhr<\/b> Abenteuer mit Workshops, Spielen, Baby Dance, Themenpartys, Veranstaltungen: im <b>Spielesaal f\u00fcr die Kleinen des Miniclubs<\/b> oder in <b>Gonfiabilandia<\/b>, dem Au\u00dfenbereich mit riesigen <b>H\u00fcpfburgen <\/b>und <b>Trampolinen<\/b>. Sogar bei Tisch geht es weiter, denn die <b>Kinder k\u00f6nnen auch mit den Animateuren essen<\/b>. Zus\u00e4tzlich k\u00f6nnen Sie von <strong>Sonntag bis Freitag<\/strong> <strong>kostenlos<\/strong> den <strong>Babysitter-Service buchen<\/strong>:<strong> 7 Stunden<\/strong>, in denen sich die Betreuungsperson liebevoll um die Kleinsten <strong>von 8 Monaten bis 4 Jahren<\/strong> k\u00fcmmert.<\/p>\n\n\n\n<p>Und Mama und Papa? Es gibt keine Ausrede mehr&#8230; Genie\u00dfen Sie einen Aperitif mit Blick auf das Meer, einen entspannenden Sprung in den Pool und einen ruhigen Tag am Strand!<\/p>\n","protected":false},"excerpt":{"rendered":"<p>Wenn Sie davon tr\u00e4umen, das Leben etwas zu entschleunigen und sich den Luxus der Entspannung g\u00f6nnen m\u00f6chten, w\u00e4hrend Ihre Kinder sich mit unserem Animationsteam 12 Stunden am Tag vergn\u00fcgen, dann sind Sie hier am richtigen Ort. Herzlich willkommen im Trevi Family Resort! Wir verw\u00f6hnen Sie mit einem sorgenlosen All-Inclusive-Urlaub. Unser Family Resort liegt direkt am &hellip;<\/p>\n","protected":false},"author":1,"featured_media":0,"parent":94,"menu_order":0,"comment_status":"closed","ping_status":"closed","template":"page-templates\/scheda_hotel.php","meta":{"_acf_changed":false,"inline_featured_image":false,"footnotes":""},"class_list":["post-57928","page","type-page","status-publish","hentry"],"acf":[],"yoast_head":"<!-- This site is optimized with the Yoast SEO plugin v27.1 - https:\/\/yoast.com\/product\/yoast-seo-wordpress\/ -->\n<title>Trevi Family Resort, 3-Sterne, Cattolica<\/title>\n<meta name=\"description\" content=\"Lust auf einen Urlaub mit Ihrer Familie? Mehr \u00fcber die Familienangebote des Trevi Family Resort, am Meer in Cattolica\" \/>\n<meta name=\"robots\" content=\"index, follow, max-snippet:-1, max-image-preview:large, max-video-preview:-1\" \/>\n<link rel=\"canonical\" href=\"https:\/\/www.italyfamilyhotels.it\/de\/family-hotels\/trevi-family-resort\" \/>\n<meta property=\"og:locale\" content=\"de_DE\" \/>\n<meta property=\"og:type\" content=\"article\" \/>\n<meta property=\"og:title\" content=\"Trevi Family Resort, 3-Sterne, Cattolica\" \/>\n<meta property=\"og:description\" content=\"Lust auf einen Urlaub mit Ihrer Familie? Mehr \u00fcber die Familienangebote des Trevi Family Resort, am Meer in Cattolica\" \/>\n<meta property=\"og:url\" content=\"https:\/\/www.italyfamilyhotels.it\/de\/family-hotels\/trevi-family-resort\" \/>\n<meta property=\"og:site_name\" content=\"Italy Family Hotels\" \/>\n<meta property=\"article:publisher\" content=\"https:\/\/www.facebook.com\/ItalyFamilyHotels\/\" \/>\n<meta property=\"article:modified_time\" content=\"2026-04-02T08:17:41+00:00\" \/>\n<meta name=\"twitter:card\" content=\"summary_large_image\" \/>\n<meta name=\"twitter:label1\" content=\"Gesch\u00e4tzte Lesezeit\" \/>\n\t<meta name=\"twitter:data1\" content=\"2\u00a0Minuten\" \/>\n<script type=\"application\/ld+json\" class=\"yoast-schema-graph\">{\"@context\":\"https:\/\/schema.org\",\"@graph\":[{\"@type\":\"WebPage\",\"@id\":\"https:\/\/www.italyfamilyhotels.it\/de\/family-hotels\/trevi-family-resort\",\"url\":\"https:\/\/www.italyfamilyhotels.it\/de\/family-hotels\/trevi-family-resort\",\"name\":\"Trevi Family Resort, 3-Sterne, Cattolica\",\"isPartOf\":{\"@id\":\"https:\/\/www.italyfamilyhotels.it\/#website\"},\"datePublished\":\"2024-03-20T08:48:22+00:00\",\"dateModified\":\"2026-04-02T08:17:41+00:00\",\"description\":\"Lust auf einen Urlaub mit Ihrer Familie? Mehr \u00fcber die Familienangebote des Trevi Family Resort, am Meer in Cattolica\",\"breadcrumb\":{\"@id\":\"https:\/\/www.italyfamilyhotels.it\/de\/family-hotels\/trevi-family-resort#breadcrumb\"},\"inLanguage\":\"de\",\"potentialAction\":[{\"@type\":\"ReadAction\",\"target\":[\"https:\/\/www.italyfamilyhotels.it\/de\/family-hotels\/trevi-family-resort\"]}]},{\"@type\":\"BreadcrumbList\",\"@id\":\"https:\/\/www.italyfamilyhotels.it\/de\/family-hotels\/trevi-family-resort#breadcrumb\",\"itemListElement\":[{\"@type\":\"ListItem\",\"position\":1,\"name\":\"Home\",\"item\":\"https:\/\/www.italyfamilyhotels.it\/de\"},{\"@type\":\"ListItem\",\"position\":2,\"name\":\"Family Hotels\",\"item\":\"https:\/\/www.italyfamilyhotels.it\/de\/family-hotels\"},{\"@type\":\"ListItem\",\"position\":3,\"name\":\"Trevi Family Resort\"}]},{\"@type\":\"WebSite\",\"@id\":\"https:\/\/www.italyfamilyhotels.it\/#website\",\"url\":\"https:\/\/www.italyfamilyhotels.it\/\",\"name\":\"Italy Family Hotels\",\"description\":\"\",\"potentialAction\":[{\"@type\":\"SearchAction\",\"target\":{\"@type\":\"EntryPoint\",\"urlTemplate\":\"https:\/\/www.italyfamilyhotels.it\/?s={search_term_string}\"},\"query-input\":{\"@type\":\"PropertyValueSpecification\",\"valueRequired\":true,\"valueName\":\"search_term_string\"}}],\"inLanguage\":\"de\"}]}<\/script>\n<!-- \/ Yoast SEO plugin. -->","yoast_head_json":{"title":"Trevi Family Resort, 3-Sterne, Cattolica","description":"Lust auf einen Urlaub mit Ihrer Familie? Mehr \u00fcber die Familienangebote des Trevi Family Resort, am Meer in Cattolica","robots":{"index":"index","follow":"follow","max-snippet":"max-snippet:-1","max-image-preview":"max-image-preview:large","max-video-preview":"max-video-preview:-1"},"canonical":"https:\/\/www.italyfamilyhotels.it\/de\/family-hotels\/trevi-family-resort","og_locale":"de_DE","og_type":"article","og_title":"Trevi Family Resort, 3-Sterne, Cattolica","og_description":"Lust auf einen Urlaub mit Ihrer Familie? Mehr \u00fcber die Familienangebote des Trevi Family Resort, am Meer in Cattolica","og_url":"https:\/\/www.italyfamilyhotels.it\/de\/family-hotels\/trevi-family-resort","og_site_name":"Italy Family Hotels","article_publisher":"https:\/\/www.facebook.com\/ItalyFamilyHotels\/","article_modified_time":"2026-04-02T08:17:41+00:00","twitter_card":"summary_large_image","twitter_misc":{"Gesch\u00e4tzte Lesezeit":"2\u00a0Minuten"},"schema":{"@context":"https:\/\/schema.org","@graph":[{"@type":"WebPage","@id":"https:\/\/www.italyfamilyhotels.it\/de\/family-hotels\/trevi-family-resort","url":"https:\/\/www.italyfamilyhotels.it\/de\/family-hotels\/trevi-family-resort","name":"Trevi Family Resort, 3-Sterne, Cattolica","isPartOf":{"@id":"https:\/\/www.italyfamilyhotels.it\/#website"},"datePublished":"2024-03-20T08:48:22+00:00","dateModified":"2026-04-02T08:17:41+00:00","description":"Lust auf einen Urlaub mit Ihrer Familie? Mehr \u00fcber die Familienangebote des Trevi Family Resort, am Meer in Cattolica","breadcrumb":{"@id":"https:\/\/www.italyfamilyhotels.it\/de\/family-hotels\/trevi-family-resort#breadcrumb"},"inLanguage":"de","potentialAction":[{"@type":"ReadAction","target":["https:\/\/www.italyfamilyhotels.it\/de\/family-hotels\/trevi-family-resort"]}]},{"@type":"BreadcrumbList","@id":"https:\/\/www.italyfamilyhotels.it\/de\/family-hotels\/trevi-family-resort#breadcrumb","itemListElement":[{"@type":"ListItem","position":1,"name":"Home","item":"https:\/\/www.italyfamilyhotels.it\/de"},{"@type":"ListItem","position":2,"name":"Family Hotels","item":"https:\/\/www.italyfamilyhotels.it\/de\/family-hotels"},{"@type":"ListItem","position":3,"name":"Trevi Family Resort"}]},{"@type":"WebSite","@id":"https:\/\/www.italyfamilyhotels.it\/#website","url":"https:\/\/www.italyfamilyhotels.it\/","name":"Italy Family Hotels","description":"","potentialAction":[{"@type":"SearchAction","target":{"@type":"EntryPoint","urlTemplate":"https:\/\/www.italyfamilyhotels.it\/?s={search_term_string}"},"query-input":{"@type":"PropertyValueSpecification","valueRequired":true,"valueName":"search_term_string"}}],"inLanguage":"de"}]}},"_links":{"self":[{"href":"https:\/\/www.italyfamilyhotels.it\/de\/wp-json\/wp\/v2\/pages\/57928","targetHints":{"allow":["GET"]}}],"collection":[{"href":"https:\/\/www.italyfamilyhotels.it\/de\/wp-json\/wp\/v2\/pages"}],"about":[{"href":"https:\/\/www.italyfamilyhotels.it\/de\/wp-json\/wp\/v2\/types\/page"}],"author":[{"embeddable":true,"href":"https:\/\/www.italyfamilyhotels.it\/de\/wp-json\/wp\/v2\/users\/1"}],"replies":[{"embeddable":true,"href":"https:\/\/www.italyfamilyhotels.it\/de\/wp-json\/wp\/v2\/comments?post=57928"}],"version-history":[{"count":13,"href":"https:\/\/www.italyfamilyhotels.it\/de\/wp-json\/wp\/v2\/pages\/57928\/revisions"}],"predecessor-version":[{"id":77167,"href":"https:\/\/www.italyfamilyhotels.it\/de\/wp-json\/wp\/v2\/pages\/57928\/revisions\/77167"}],"up":[{"embeddable":true,"href":"https:\/\/www.italyfamilyhotels.it\/de\/wp-json\/wp\/v2\/pages\/94"}],"wp:attachment":[{"href":"https:\/\/www.italyfamilyhotels.it\/de\/wp-json\/wp\/v2\/media?parent=57928"}],"curies":[{"name":"wp","href":"https:\/\/api.w.org\/{rel}","templated":true}]}}