{"id":57277,"date":"2024-02-20T16:29:44","date_gmt":"2024-02-20T15:29:44","guid":{"rendered":"https:\/\/www.italyfamilyhotels.it\/family-hotels\/hotel-residence-ancora"},"modified":"2024-04-23T09:22:20","modified_gmt":"2024-04-23T07:22:20","slug":"hotel-residence-ancora","status":"publish","type":"page","link":"https:\/\/www.italyfamilyhotels.it\/de\/family-hotels\/hotel-residence-ancora","title":{"rendered":"Hotel &#038; Residence Ancora"},"content":{"rendered":"\n<p>Das <b>Meer ist so nah<\/b>, dass man den Salzgehalt in der Luft schmeckt: Herzlich willkommen im <b>Hotel &amp; Residence Ancora in Cattolica<\/b>. Hier ist der Sommer f\u00fcr Familien lustig, gem\u00fctlich und unglaublich entspannend! Sie verbringen Ferien, bei denen \u201eF\u201c gro\u00dfgeschrieben wird: <b>Stadtzentrum und Strand sind ganz in der N\u00e4he<\/b>, aber weit genug vom Chaos entfernt, damit Sie mit ihren Kindern Spazierengehen k\u00f6nnen, wann immer Sie Lust dazu haben.<\/p>\n\n\n\n<p>Wenn Sie lieber im <b>Pool <\/b>sind&#8230; wir haben ein sehr sch\u00f6nes im Hotel, sogar mit <b>Whirlpool<\/b>, einem <b>flachen Bereich f\u00fcr Kleinkinder<\/b> und einen <b>Wasserpilz<\/b>, der an hei\u00dfen Tag f\u00fcr Erfrischung sorgt! Wir organisieren <b>jeden Tag<\/b> f\u00fcr Ihre Kinder eine lebhafte und spannende <b>Unterhaltung<\/b> und f\u00fcr <b>die ganze Familie drei Ausfl\u00fcge pro Woche<\/b>: Im Boot nach Fiorenzuola di Focara, zum Aquarium nach Cattolica und ein zauberhafter Ausflug am Abend nach Gradara, einem kleinen Dorf, in dem Gro\u00df und Klein in eine M\u00e4rchenwelt eintauchen! \u00dcbrigens, Sie wissen es vielleicht nicht, aber von unserem Hotel k\u00f6nnen Sie die <b>bekannten Vergn\u00fcgungsparks der Riviera Romagnola<\/b> &#8211; Aquafan, Oltremare, Fiabilandia, Mirabilandia &#8211; leicht erreichen&#8230; Und unter dem Vorwand, mit den Kindern dort hinzugehen, k\u00f6nnen Sie sich selbst wie ein Kind vergn\u00fcgen.<\/p>\n\n\n\n<p>Sie werden sich fragen: Und der ganze Rest? Essen, Baby-Service? Nun, hier finden Sie alles, was einen <b>Urlaub am Meer mit den Kindern<\/b> bequem und einfach macht, f\u00fcr Eltern, die sich gern mal entspannen m\u00f6chten. <b>Gerichte f\u00fcr die Kleinen<\/b> und alles, was zur <b>Entw\u00f6hnung <\/b>notwendig ist &#8211; Breie, S\u00fcppchen, P\u00fcree &#8211; <b>Kleinkinder-Set im Zimmer<\/b>, mit Babybettchen, Rausfallschutz, Wickeltisch, Toilettenaufsatz. Sie packen die Koffer, wir k\u00fcmmern uns um den Rest!<\/p>\n","protected":false},"excerpt":{"rendered":"<p>Das Meer ist so nah, dass man den Salzgehalt in der Luft schmeckt: Herzlich willkommen im Hotel &amp; Residence Ancora in Cattolica. Hier ist der Sommer f\u00fcr Familien lustig, gem\u00fctlich und unglaublich entspannend! Sie verbringen Ferien, bei denen \u201eF\u201c gro\u00dfgeschrieben wird: Stadtzentrum und Strand sind ganz in der N\u00e4he, aber weit genug vom Chaos entfernt, &hellip;<\/p>\n","protected":false},"author":1,"featured_media":0,"parent":94,"menu_order":0,"comment_status":"closed","ping_status":"closed","template":"page-templates\/scheda_hotel.php","meta":{"_acf_changed":false,"inline_featured_image":false,"footnotes":""},"class_list":["post-57277","page","type-page","status-publish","hentry"],"acf":[],"yoast_head":"<!-- This site is optimized with the Yoast SEO plugin v27.1 - https:\/\/yoast.com\/product\/yoast-seo-wordpress\/ -->\n<title>Hotel &amp; Residence Ancora - Italy Family Hotels<\/title>\n<meta name=\"robots\" content=\"index, follow, max-snippet:-1, max-image-preview:large, max-video-preview:-1\" \/>\n<link rel=\"canonical\" href=\"https:\/\/www.italyfamilyhotels.it\/de\/family-hotels\/hotel-residence-ancora\" \/>\n<meta property=\"og:locale\" content=\"de_DE\" \/>\n<meta property=\"og:type\" content=\"article\" \/>\n<meta property=\"og:title\" content=\"Hotel &amp; Residence Ancora - Italy Family Hotels\" \/>\n<meta property=\"og:description\" content=\"Das Meer ist so nah, dass man den Salzgehalt in der Luft schmeckt: Herzlich willkommen im Hotel &amp; Residence Ancora in Cattolica. Hier ist der Sommer f\u00fcr Familien lustig, gem\u00fctlich und unglaublich entspannend! Sie verbringen Ferien, bei denen \u201eF\u201c gro\u00dfgeschrieben wird: Stadtzentrum und Strand sind ganz in der N\u00e4he, aber weit genug vom Chaos entfernt, &hellip;\" \/>\n<meta property=\"og:url\" content=\"https:\/\/www.italyfamilyhotels.it\/de\/family-hotels\/hotel-residence-ancora\" \/>\n<meta property=\"og:site_name\" content=\"Italy Family Hotels\" \/>\n<meta property=\"article:publisher\" content=\"https:\/\/www.facebook.com\/ItalyFamilyHotels\/\" \/>\n<meta property=\"article:modified_time\" content=\"2024-04-23T07:22:20+00:00\" \/>\n<meta name=\"twitter:card\" content=\"summary_large_image\" \/>\n<meta name=\"twitter:label1\" content=\"Gesch\u00e4tzte Lesezeit\" \/>\n\t<meta name=\"twitter:data1\" content=\"1\u00a0Minute\" \/>\n<script type=\"application\/ld+json\" class=\"yoast-schema-graph\">{\"@context\":\"https:\/\/schema.org\",\"@graph\":[{\"@type\":\"WebPage\",\"@id\":\"https:\/\/www.italyfamilyhotels.it\/de\/family-hotels\/hotel-residence-ancora\",\"url\":\"https:\/\/www.italyfamilyhotels.it\/de\/family-hotels\/hotel-residence-ancora\",\"name\":\"Hotel & Residence Ancora - Italy Family Hotels\",\"isPartOf\":{\"@id\":\"https:\/\/www.italyfamilyhotels.it\/#website\"},\"datePublished\":\"2024-02-20T15:29:44+00:00\",\"dateModified\":\"2024-04-23T07:22:20+00:00\",\"breadcrumb\":{\"@id\":\"https:\/\/www.italyfamilyhotels.it\/de\/family-hotels\/hotel-residence-ancora#breadcrumb\"},\"inLanguage\":\"de\",\"potentialAction\":[{\"@type\":\"ReadAction\",\"target\":[\"https:\/\/www.italyfamilyhotels.it\/de\/family-hotels\/hotel-residence-ancora\"]}]},{\"@type\":\"BreadcrumbList\",\"@id\":\"https:\/\/www.italyfamilyhotels.it\/de\/family-hotels\/hotel-residence-ancora#breadcrumb\",\"itemListElement\":[{\"@type\":\"ListItem\",\"position\":1,\"name\":\"Home\",\"item\":\"https:\/\/www.italyfamilyhotels.it\/de\"},{\"@type\":\"ListItem\",\"position\":2,\"name\":\"Family Hotels\",\"item\":\"https:\/\/www.italyfamilyhotels.it\/de\/family-hotels\"},{\"@type\":\"ListItem\",\"position\":3,\"name\":\"Hotel &#038; Residence Ancora\"}]},{\"@type\":\"WebSite\",\"@id\":\"https:\/\/www.italyfamilyhotels.it\/#website\",\"url\":\"https:\/\/www.italyfamilyhotels.it\/\",\"name\":\"Italy Family Hotels\",\"description\":\"\",\"potentialAction\":[{\"@type\":\"SearchAction\",\"target\":{\"@type\":\"EntryPoint\",\"urlTemplate\":\"https:\/\/www.italyfamilyhotels.it\/?s={search_term_string}\"},\"query-input\":{\"@type\":\"PropertyValueSpecification\",\"valueRequired\":true,\"valueName\":\"search_term_string\"}}],\"inLanguage\":\"de\"}]}<\/script>\n<!-- \/ Yoast SEO plugin. -->","yoast_head_json":{"title":"Hotel & Residence Ancora - Italy Family Hotels","robots":{"index":"index","follow":"follow","max-snippet":"max-snippet:-1","max-image-preview":"max-image-preview:large","max-video-preview":"max-video-preview:-1"},"canonical":"https:\/\/www.italyfamilyhotels.it\/de\/family-hotels\/hotel-residence-ancora","og_locale":"de_DE","og_type":"article","og_title":"Hotel & Residence Ancora - Italy Family Hotels","og_description":"Das Meer ist so nah, dass man den Salzgehalt in der Luft schmeckt: Herzlich willkommen im Hotel &amp; Residence Ancora in Cattolica. Hier ist der Sommer f\u00fcr Familien lustig, gem\u00fctlich und unglaublich entspannend! Sie verbringen Ferien, bei denen \u201eF\u201c gro\u00dfgeschrieben wird: Stadtzentrum und Strand sind ganz in der N\u00e4he, aber weit genug vom Chaos entfernt, &hellip;","og_url":"https:\/\/www.italyfamilyhotels.it\/de\/family-hotels\/hotel-residence-ancora","og_site_name":"Italy Family Hotels","article_publisher":"https:\/\/www.facebook.com\/ItalyFamilyHotels\/","article_modified_time":"2024-04-23T07:22:20+00:00","twitter_card":"summary_large_image","twitter_misc":{"Gesch\u00e4tzte Lesezeit":"1\u00a0Minute"},"schema":{"@context":"https:\/\/schema.org","@graph":[{"@type":"WebPage","@id":"https:\/\/www.italyfamilyhotels.it\/de\/family-hotels\/hotel-residence-ancora","url":"https:\/\/www.italyfamilyhotels.it\/de\/family-hotels\/hotel-residence-ancora","name":"Hotel & Residence Ancora - Italy Family Hotels","isPartOf":{"@id":"https:\/\/www.italyfamilyhotels.it\/#website"},"datePublished":"2024-02-20T15:29:44+00:00","dateModified":"2024-04-23T07:22:20+00:00","breadcrumb":{"@id":"https:\/\/www.italyfamilyhotels.it\/de\/family-hotels\/hotel-residence-ancora#breadcrumb"},"inLanguage":"de","potentialAction":[{"@type":"ReadAction","target":["https:\/\/www.italyfamilyhotels.it\/de\/family-hotels\/hotel-residence-ancora"]}]},{"@type":"BreadcrumbList","@id":"https:\/\/www.italyfamilyhotels.it\/de\/family-hotels\/hotel-residence-ancora#breadcrumb","itemListElement":[{"@type":"ListItem","position":1,"name":"Home","item":"https:\/\/www.italyfamilyhotels.it\/de"},{"@type":"ListItem","position":2,"name":"Family Hotels","item":"https:\/\/www.italyfamilyhotels.it\/de\/family-hotels"},{"@type":"ListItem","position":3,"name":"Hotel &#038; Residence Ancora"}]},{"@type":"WebSite","@id":"https:\/\/www.italyfamilyhotels.it\/#website","url":"https:\/\/www.italyfamilyhotels.it\/","name":"Italy Family Hotels","description":"","potentialAction":[{"@type":"SearchAction","target":{"@type":"EntryPoint","urlTemplate":"https:\/\/www.italyfamilyhotels.it\/?s={search_term_string}"},"query-input":{"@type":"PropertyValueSpecification","valueRequired":true,"valueName":"search_term_string"}}],"inLanguage":"de"}]}},"_links":{"self":[{"href":"https:\/\/www.italyfamilyhotels.it\/de\/wp-json\/wp\/v2\/pages\/57277","targetHints":{"allow":["GET"]}}],"collection":[{"href":"https:\/\/www.italyfamilyhotels.it\/de\/wp-json\/wp\/v2\/pages"}],"about":[{"href":"https:\/\/www.italyfamilyhotels.it\/de\/wp-json\/wp\/v2\/types\/page"}],"author":[{"embeddable":true,"href":"https:\/\/www.italyfamilyhotels.it\/de\/wp-json\/wp\/v2\/users\/1"}],"replies":[{"embeddable":true,"href":"https:\/\/www.italyfamilyhotels.it\/de\/wp-json\/wp\/v2\/comments?post=57277"}],"version-history":[{"count":2,"href":"https:\/\/www.italyfamilyhotels.it\/de\/wp-json\/wp\/v2\/pages\/57277\/revisions"}],"predecessor-version":[{"id":59393,"href":"https:\/\/www.italyfamilyhotels.it\/de\/wp-json\/wp\/v2\/pages\/57277\/revisions\/59393"}],"up":[{"embeddable":true,"href":"https:\/\/www.italyfamilyhotels.it\/de\/wp-json\/wp\/v2\/pages\/94"}],"wp:attachment":[{"href":"https:\/\/www.italyfamilyhotels.it\/de\/wp-json\/wp\/v2\/media?parent=57277"}],"curies":[{"name":"wp","href":"https:\/\/api.w.org\/{rel}","templated":true}]}}