{"id":57087,"date":"2024-02-20T15:29:07","date_gmt":"2024-02-20T14:29:07","guid":{"rendered":"https:\/\/www.italyfamilyhotels.it\/family-hotels\/garden-toscana-resort"},"modified":"2026-01-08T15:34:38","modified_gmt":"2026-01-08T14:34:38","slug":"garden-toscana-resort","status":"publish","type":"page","link":"https:\/\/www.italyfamilyhotels.it\/de\/family-hotels\/garden-toscana-resort","title":{"rendered":"Garden Toscana Resort"},"content":{"rendered":"\n<p>Im <b>Garden Toscana Resort<\/b>, in der traumhaften Umgebung von <b>San Vincenzo<\/b>, einer wirklich unber\u00fchrten Gegend der<b> Toskanischen Riviera<\/b>, bedeutet Urlaub mit Kindern vor allem Spa\u00df und Erholung in der Natur. Unser <b>Family Resort <\/b>liegt mitten im Duft der mediterranen Macchia, in einem himmlischen, <b>\u00fcber 14 Hektar gro\u00dfen Garten<\/b>!<\/p>\n\n\n\n<p>Sie machen einen Spaziergang durch den k\u00fchlen Steineinchenwald und erreichen, ohne das Resort zu verlassen, den gro\u00dfz\u00fcgigen, gut ausgestatteten <b>Privatstrand<\/b>, mit Bar, feinem Sand und flachem Uferbereich &#8211; im K\u00fcstenpark von Rimigliano.<\/p>\n\n\n\n<p>Sie vergn\u00fcgen sich gerne im Pool, gemeinsam mit Ihren Kindern? Dann ist der <b>gro\u00dfe, zentrale Pool<\/b> im Herzen des Family Resorts, mit Sonnenterrasse, Liegen und Sonnenschirmen, genau das Richtige f\u00fcr Sie. Den Kindern steht auch ein Bereich im Freien zur Verf\u00fcgung, der <b>Blumillo Club<\/b> &#8211; mit eigenem Pool, Spielen und Baby-, Mini- und Junior Club &#8211; sowie ein <b>Game Indoor-Bereich<\/b> mit Spielesaal, Minigolf, Bowling, Piste mit Elektroautos und -motorr\u00e4dern, wo unser <b>Animationsteam <\/b>auch <b>Workshops<\/b> und <b>Unterhaltung<\/b> organisiert.<\/p>\n\n\n\n<p>Die Eltern k\u00f6nnen uns beruhigt Ihre Kinder anvertrauen, um sich ein paar Stunden in der Ruhe des <b>Garden Wellness-Bereiches<\/b> zu entspannen, mit einem <b>Wohlf\u00fchlprogramm<\/b>: mediterranes Bad, finnische Sauna, Erlebnisdusche, eisiger Wasserfall, Dampfbad, Water Paradise, beheizter Pool mit Whirlpool und Halswirbel-Wasserfall, Salzraum. W\u00e4hlen Sie auch eine <b>Gesichts- oder K\u00f6rperpflege<\/b>, um die Erfahrung abzurunden.<\/p>\n\n\n\n<p>Wenn Sie mit einem <b>Kind bis 3 Jahren<\/b> in den Urlaub fahren und ein Comfort-Zimmer w\u00e4hlen, dann finden Sie bei Ihrer Ankunft schon ein <b>Baby Set im Zimmer<\/b>, mit Campingbettchen, Fl\u00e4schchenw\u00e4rmer, Toilettenaufsatz, Windeleimer, Bademantel-Poncho: Bitte bei der Buchung angeben!<\/p>\n\n\n<figure class=\"wp-block-table ifh_awards\"><table><tbody><tr>\r\n<td><img decoding=\"async\" src=\"https:\/\/www.italyfamilyhotels.it\/wp-content\/themes\/ifh2\/img\/ifh_awards.svg\" alt=\"Italy Family Awards\"><\/td>\r\n<td>Dieses Hotel wurde in der Kategorie auf Platz eins gew\u00e4hlt: <br><strong>Top Italy Family Hotels am Meer<span class=\"info\" onclick=\"toggleAwardPopup(event)\"><span class=\"popup\" onclick=\"toggleAwardPopupClose(event)\">\r\n    <span class=\"popup_header\"><\/span>\r\n    <span class=\"popup_content\">Die Auszeichnung f\u00fcr das Hotel, das unter den Einrichtungen, die einen Urlaub am Meer anbieten, die gr\u00f6\u00dfte Anerkennung erhalten hat und als beliebteste Wahl f\u00fcr diese Art von Urlaub \u00fcberzeugt.<\/span>\r\n    <span class=\"popup_footer\"><\/span>\r\n    <\/span><\/span><\/strong><\/td>\r\n<\/tr><\/tbody><\/table><\/figure>\r\n<script type=\"text\/javascript\">\r\nif(!toggleAwardPopup) {\r\n     var toggleAwardPopup = function(e){\r\n        e = e || window.event;\r\n        e.stopPropagation();\r\n        var target = e.target || e.srcElement;\r\n        jQuery(target).children(\".popup\").fadeToggle();\r\n    };\r\n}\r\nif(!toggleAwardPopupClose) {\r\n     var toggleAwardPopupClose = function(e){\r\n        e = e || window.event;\r\n        e.stopPropagation();\r\n        var target = e.target || e.srcElement;\r\n        jQuery(target).parent(\".popup\").fadeToggle();\r\n    };\r\n}\r\n<\/script>\n\n<figure class=\"wp-block-table ifh_awards\"><table><tbody><tr>\r\n<td><img decoding=\"async\" src=\"https:\/\/www.italyfamilyhotels.it\/wp-content\/themes\/ifh2\/img\/ifh_awards.svg\" alt=\"Italy Family Awards\"><\/td>\r\n<td>Dieses Hotel wurde in der Kategorie auf Platz eins gew\u00e4hlt: <br><strong>Best Italy Family Hotels<span class=\"info\" onclick=\"toggleAwardPopup(event)\"><span class=\"popup\" onclick=\"toggleAwardPopupClose(event)\">\r\n    <span class=\"popup_header\"><\/span>\r\n    <span class=\"popup_content\">Die Auszeichnung f\u00fcr das Hotel, das sich als bevorzugte Wahl f\u00fcr Familien etabliert hat, die sich auf Italy Family Hotels verlassen haben.<\/span>\r\n    <span class=\"popup_footer\"><\/span>\r\n    <\/span><\/span><\/strong><\/td>\r\n<\/tr><\/tbody><\/table><\/figure>\r\n<script type=\"text\/javascript\">\r\nif(!toggleAwardPopup) {\r\n     var toggleAwardPopup = function(e){\r\n        e = e || window.event;\r\n        e.stopPropagation();\r\n        var target = e.target || e.srcElement;\r\n        jQuery(target).children(\".popup\").fadeToggle();\r\n    };\r\n}\r\nif(!toggleAwardPopupClose) {\r\n     var toggleAwardPopupClose = function(e){\r\n        e = e || window.event;\r\n        e.stopPropagation();\r\n        var target = e.target || e.srcElement;\r\n        jQuery(target).parent(\".popup\").fadeToggle();\r\n    };\r\n}\r\n<\/script>","protected":false},"excerpt":{"rendered":"<p>Im Garden Toscana Resort, in der traumhaften Umgebung von San Vincenzo, einer wirklich unber\u00fchrten Gegend der Toskanischen Riviera, bedeutet Urlaub mit Kindern vor allem Spa\u00df und Erholung in der Natur. Unser Family Resort liegt mitten im Duft der mediterranen Macchia, in einem himmlischen, \u00fcber 14 Hektar gro\u00dfen Garten! Sie machen einen Spaziergang durch den k\u00fchlen &hellip;<\/p>\n","protected":false},"author":1,"featured_media":0,"parent":94,"menu_order":0,"comment_status":"closed","ping_status":"closed","template":"page-templates\/scheda_hotel.php","meta":{"_acf_changed":false,"inline_featured_image":false,"footnotes":""},"class_list":["post-57087","page","type-page","status-publish","hentry"],"acf":[],"yoast_head":"<!-- This site is optimized with the Yoast SEO plugin v27.1 - https:\/\/yoast.com\/product\/yoast-seo-wordpress\/ -->\n<title>Garden Toscana Resort, 4-Sterne, San Vincenzo<\/title>\n<meta name=\"description\" content=\"Lust auf einen Urlaub mit Ihrer Familie? Mehr \u00fcber die Familienangebote des Garden Toscana Resort in San Vincenzo (LI)\" \/>\n<meta name=\"robots\" content=\"index, follow, max-snippet:-1, max-image-preview:large, max-video-preview:-1\" \/>\n<link rel=\"canonical\" href=\"https:\/\/www.italyfamilyhotels.it\/de\/family-hotels\/garden-toscana-resort\" \/>\n<meta property=\"og:locale\" content=\"de_DE\" \/>\n<meta property=\"og:type\" content=\"article\" \/>\n<meta property=\"og:title\" content=\"Garden Toscana Resort, 4-Sterne, San Vincenzo\" \/>\n<meta property=\"og:description\" content=\"Lust auf einen Urlaub mit Ihrer Familie? Mehr \u00fcber die Familienangebote des Garden Toscana Resort in San Vincenzo (LI)\" \/>\n<meta property=\"og:url\" content=\"https:\/\/www.italyfamilyhotels.it\/de\/family-hotels\/garden-toscana-resort\" \/>\n<meta property=\"og:site_name\" content=\"Italy Family Hotels\" \/>\n<meta property=\"article:publisher\" content=\"https:\/\/www.facebook.com\/ItalyFamilyHotels\/\" \/>\n<meta property=\"article:modified_time\" content=\"2026-01-08T14:34:38+00:00\" \/>\n<meta name=\"twitter:card\" content=\"summary_large_image\" \/>\n<meta name=\"twitter:label1\" content=\"Gesch\u00e4tzte Lesezeit\" \/>\n\t<meta name=\"twitter:data1\" content=\"1\u00a0Minute\" \/>\n<script type=\"application\/ld+json\" class=\"yoast-schema-graph\">{\"@context\":\"https:\/\/schema.org\",\"@graph\":[{\"@type\":\"WebPage\",\"@id\":\"https:\/\/www.italyfamilyhotels.it\/de\/family-hotels\/garden-toscana-resort\",\"url\":\"https:\/\/www.italyfamilyhotels.it\/de\/family-hotels\/garden-toscana-resort\",\"name\":\"Garden Toscana Resort, 4-Sterne, San Vincenzo\",\"isPartOf\":{\"@id\":\"https:\/\/www.italyfamilyhotels.it\/#website\"},\"datePublished\":\"2024-02-20T14:29:07+00:00\",\"dateModified\":\"2026-01-08T14:34:38+00:00\",\"description\":\"Lust auf einen Urlaub mit Ihrer Familie? Mehr \u00fcber die Familienangebote des Garden Toscana Resort in San Vincenzo (LI)\",\"breadcrumb\":{\"@id\":\"https:\/\/www.italyfamilyhotels.it\/de\/family-hotels\/garden-toscana-resort#breadcrumb\"},\"inLanguage\":\"de\",\"potentialAction\":[{\"@type\":\"ReadAction\",\"target\":[\"https:\/\/www.italyfamilyhotels.it\/de\/family-hotels\/garden-toscana-resort\"]}]},{\"@type\":\"BreadcrumbList\",\"@id\":\"https:\/\/www.italyfamilyhotels.it\/de\/family-hotels\/garden-toscana-resort#breadcrumb\",\"itemListElement\":[{\"@type\":\"ListItem\",\"position\":1,\"name\":\"Home\",\"item\":\"https:\/\/www.italyfamilyhotels.it\/de\"},{\"@type\":\"ListItem\",\"position\":2,\"name\":\"Family Hotels\",\"item\":\"https:\/\/www.italyfamilyhotels.it\/de\/family-hotels\"},{\"@type\":\"ListItem\",\"position\":3,\"name\":\"Garden Toscana Resort\"}]},{\"@type\":\"WebSite\",\"@id\":\"https:\/\/www.italyfamilyhotels.it\/#website\",\"url\":\"https:\/\/www.italyfamilyhotels.it\/\",\"name\":\"Italy Family Hotels\",\"description\":\"\",\"potentialAction\":[{\"@type\":\"SearchAction\",\"target\":{\"@type\":\"EntryPoint\",\"urlTemplate\":\"https:\/\/www.italyfamilyhotels.it\/?s={search_term_string}\"},\"query-input\":{\"@type\":\"PropertyValueSpecification\",\"valueRequired\":true,\"valueName\":\"search_term_string\"}}],\"inLanguage\":\"de\"}]}<\/script>\n<!-- \/ Yoast SEO plugin. -->","yoast_head_json":{"title":"Garden Toscana Resort, 4-Sterne, San Vincenzo","description":"Lust auf einen Urlaub mit Ihrer Familie? Mehr \u00fcber die Familienangebote des Garden Toscana Resort in San Vincenzo (LI)","robots":{"index":"index","follow":"follow","max-snippet":"max-snippet:-1","max-image-preview":"max-image-preview:large","max-video-preview":"max-video-preview:-1"},"canonical":"https:\/\/www.italyfamilyhotels.it\/de\/family-hotels\/garden-toscana-resort","og_locale":"de_DE","og_type":"article","og_title":"Garden Toscana Resort, 4-Sterne, San Vincenzo","og_description":"Lust auf einen Urlaub mit Ihrer Familie? Mehr \u00fcber die Familienangebote des Garden Toscana Resort in San Vincenzo (LI)","og_url":"https:\/\/www.italyfamilyhotels.it\/de\/family-hotels\/garden-toscana-resort","og_site_name":"Italy Family Hotels","article_publisher":"https:\/\/www.facebook.com\/ItalyFamilyHotels\/","article_modified_time":"2026-01-08T14:34:38+00:00","twitter_card":"summary_large_image","twitter_misc":{"Gesch\u00e4tzte Lesezeit":"1\u00a0Minute"},"schema":{"@context":"https:\/\/schema.org","@graph":[{"@type":"WebPage","@id":"https:\/\/www.italyfamilyhotels.it\/de\/family-hotels\/garden-toscana-resort","url":"https:\/\/www.italyfamilyhotels.it\/de\/family-hotels\/garden-toscana-resort","name":"Garden Toscana Resort, 4-Sterne, San Vincenzo","isPartOf":{"@id":"https:\/\/www.italyfamilyhotels.it\/#website"},"datePublished":"2024-02-20T14:29:07+00:00","dateModified":"2026-01-08T14:34:38+00:00","description":"Lust auf einen Urlaub mit Ihrer Familie? Mehr \u00fcber die Familienangebote des Garden Toscana Resort in San Vincenzo (LI)","breadcrumb":{"@id":"https:\/\/www.italyfamilyhotels.it\/de\/family-hotels\/garden-toscana-resort#breadcrumb"},"inLanguage":"de","potentialAction":[{"@type":"ReadAction","target":["https:\/\/www.italyfamilyhotels.it\/de\/family-hotels\/garden-toscana-resort"]}]},{"@type":"BreadcrumbList","@id":"https:\/\/www.italyfamilyhotels.it\/de\/family-hotels\/garden-toscana-resort#breadcrumb","itemListElement":[{"@type":"ListItem","position":1,"name":"Home","item":"https:\/\/www.italyfamilyhotels.it\/de"},{"@type":"ListItem","position":2,"name":"Family Hotels","item":"https:\/\/www.italyfamilyhotels.it\/de\/family-hotels"},{"@type":"ListItem","position":3,"name":"Garden Toscana Resort"}]},{"@type":"WebSite","@id":"https:\/\/www.italyfamilyhotels.it\/#website","url":"https:\/\/www.italyfamilyhotels.it\/","name":"Italy Family Hotels","description":"","potentialAction":[{"@type":"SearchAction","target":{"@type":"EntryPoint","urlTemplate":"https:\/\/www.italyfamilyhotels.it\/?s={search_term_string}"},"query-input":{"@type":"PropertyValueSpecification","valueRequired":true,"valueName":"search_term_string"}}],"inLanguage":"de"}]}},"_links":{"self":[{"href":"https:\/\/www.italyfamilyhotels.it\/de\/wp-json\/wp\/v2\/pages\/57087","targetHints":{"allow":["GET"]}}],"collection":[{"href":"https:\/\/www.italyfamilyhotels.it\/de\/wp-json\/wp\/v2\/pages"}],"about":[{"href":"https:\/\/www.italyfamilyhotels.it\/de\/wp-json\/wp\/v2\/types\/page"}],"author":[{"embeddable":true,"href":"https:\/\/www.italyfamilyhotels.it\/de\/wp-json\/wp\/v2\/users\/1"}],"replies":[{"embeddable":true,"href":"https:\/\/www.italyfamilyhotels.it\/de\/wp-json\/wp\/v2\/comments?post=57087"}],"version-history":[{"count":4,"href":"https:\/\/www.italyfamilyhotels.it\/de\/wp-json\/wp\/v2\/pages\/57087\/revisions"}],"predecessor-version":[{"id":73646,"href":"https:\/\/www.italyfamilyhotels.it\/de\/wp-json\/wp\/v2\/pages\/57087\/revisions\/73646"}],"up":[{"embeddable":true,"href":"https:\/\/www.italyfamilyhotels.it\/de\/wp-json\/wp\/v2\/pages\/94"}],"wp:attachment":[{"href":"https:\/\/www.italyfamilyhotels.it\/de\/wp-json\/wp\/v2\/media?parent=57087"}],"curies":[{"name":"wp","href":"https:\/\/api.w.org\/{rel}","templated":true}]}}