{"id":56220,"date":"2024-02-08T11:08:39","date_gmt":"2024-02-08T10:08:39","guid":{"rendered":"https:\/\/www.italyfamilyhotels.it\/family-hotels\/hotel-majorka"},"modified":"2024-04-23T09:22:15","modified_gmt":"2024-04-23T07:22:15","slug":"hotel-majorka","status":"publish","type":"page","link":"https:\/\/www.italyfamilyhotels.it\/de\/family-hotels\/hotel-majorka","title":{"rendered":"Hotel Majorka"},"content":{"rendered":"\n<p>Wir freuen uns, Ihnen die T\u00fcren des <b>Family Hotels Majorka<\/b> zu \u00f6ffnen, das von den wundersch\u00f6nen <b>Brenta-Dolomiten<\/b> umgeben ist und in Andalo, einer familienfreundlichen Stadt, liegt. Durch die besondere Lage im <b>Zentrum von Andalo<\/b>, in der N\u00e4he der Seilbahnen, die das ganze Jahr ge\u00f6ffnet sind und einfachen Wanderwegen, die auch f\u00fcr Buggys geeignet sind, werden Sie einen vielseitigen Urlaub verbringen.<\/p>\n\n\n\n<p>Die Kinder k\u00f6nnen sich im <b>Spielesaal Majos H\u00f6hle<\/b> und in der sch\u00f6nen Jahreszeit, auf dem <b>Kinderspielplatz im Garten<\/b> die Zeit vertreiben. Au\u00dferdem organisieren wir <b>jeden Tag 11 Stunden Unterhaltung<\/b>, eine Art Non-Stopp-Event voller Fantasie und Spa\u00df, gemeinsam mit den <b>Animateuren <\/b>und dem niedlichen <b>Maskottchen Majo-B\u00e4r<\/b>. W\u00e4hrend sich Ihre Kinder gut beh\u00fctet vergn\u00fcgen, erwarten wir Sie im <b>Wellness-Center Dolce Acqua<\/b>, wo Sie sich in einer angenehmen und ged\u00e4mpften Atmosph\u00e4re bei finnischer Sauna, Biosauna, Dampfbad oder Eisbrunnen entspannen k\u00f6nnen. Oder kommen Sie bei unserer <b>Kosmetikerin <\/b>vorbei und buchen Sie eine <b>Wellness-Anwendung<\/b>.<\/p>\n\n\n\n<p>In unserem <b>Family Hotel in Andalo<\/b> erwartet Sie auch das gro\u00dfe, auf <b>32\u00b0 beheizte Hallenschwimmbad<\/b>, mit Wasserfall f\u00fcr die Halswirbels\u00e4ule, Wassermassage, Gegenstromanlage, Farbtherapie und Unterwasser-Lichteffekte. Der Pool ist durch die <b>drei unterschiedlichen Tiefen, 90 cm, 115 cm und 140 cm <\/b>auch f\u00fcr <b>Kinder gut geeignet<\/b>, um tags\u00fcber sorgenlose Momente mit der Familie zu verbringen.<\/p>\n\n\n\n<p>Wir stellen Ihnen nat\u00fcrlich Kinderst\u00fchle kostenlos Babybettchen, Rausfallsicherungen, Kinderbadewannen, Fl\u00e4schchenw\u00e4rmer zur Verf\u00fcgung. Sie k\u00f6nnen uns jederzeit um Hilfe bei der <b>Zubereitung von Baby-P\u00fcrees<\/b>, S\u00fcppchen, geriebenes Obst f\u00fcr die ganz Kleinen, bitten.<\/p>\n","protected":false},"excerpt":{"rendered":"<p>Wir freuen uns, Ihnen die T\u00fcren des Family Hotels Majorka zu \u00f6ffnen, das von den wundersch\u00f6nen Brenta-Dolomiten umgeben ist und in Andalo, einer familienfreundlichen Stadt, liegt. Durch die besondere Lage im Zentrum von Andalo, in der N\u00e4he der Seilbahnen, die das ganze Jahr ge\u00f6ffnet sind und einfachen Wanderwegen, die auch f\u00fcr Buggys geeignet sind, werden &hellip;<\/p>\n","protected":false},"author":1,"featured_media":0,"parent":94,"menu_order":0,"comment_status":"closed","ping_status":"closed","template":"page-templates\/scheda_hotel.php","meta":{"_acf_changed":false,"inline_featured_image":false,"footnotes":""},"class_list":["post-56220","page","type-page","status-publish","hentry"],"acf":[],"yoast_head":"<!-- This site is optimized with the Yoast SEO plugin v27.1 - https:\/\/yoast.com\/product\/yoast-seo-wordpress\/ -->\n<title>Hotel Majorka - Italy Family Hotels<\/title>\n<meta name=\"robots\" content=\"index, follow, max-snippet:-1, max-image-preview:large, max-video-preview:-1\" \/>\n<link rel=\"canonical\" href=\"https:\/\/www.italyfamilyhotels.it\/de\/family-hotels\/hotel-majorka\" \/>\n<meta property=\"og:locale\" content=\"de_DE\" \/>\n<meta property=\"og:type\" content=\"article\" \/>\n<meta property=\"og:title\" content=\"Hotel Majorka - Italy Family Hotels\" \/>\n<meta property=\"og:description\" content=\"Wir freuen uns, Ihnen die T\u00fcren des Family Hotels Majorka zu \u00f6ffnen, das von den wundersch\u00f6nen Brenta-Dolomiten umgeben ist und in Andalo, einer familienfreundlichen Stadt, liegt. Durch die besondere Lage im Zentrum von Andalo, in der N\u00e4he der Seilbahnen, die das ganze Jahr ge\u00f6ffnet sind und einfachen Wanderwegen, die auch f\u00fcr Buggys geeignet sind, werden &hellip;\" \/>\n<meta property=\"og:url\" content=\"https:\/\/www.italyfamilyhotels.it\/de\/family-hotels\/hotel-majorka\" \/>\n<meta property=\"og:site_name\" content=\"Italy Family Hotels\" \/>\n<meta property=\"article:publisher\" content=\"https:\/\/www.facebook.com\/ItalyFamilyHotels\/\" \/>\n<meta property=\"article:modified_time\" content=\"2024-04-23T07:22:15+00:00\" \/>\n<meta name=\"twitter:card\" content=\"summary_large_image\" \/>\n<meta name=\"twitter:label1\" content=\"Gesch\u00e4tzte Lesezeit\" \/>\n\t<meta name=\"twitter:data1\" content=\"1\u00a0Minute\" \/>\n<script type=\"application\/ld+json\" class=\"yoast-schema-graph\">{\"@context\":\"https:\/\/schema.org\",\"@graph\":[{\"@type\":\"WebPage\",\"@id\":\"https:\/\/www.italyfamilyhotels.it\/de\/family-hotels\/hotel-majorka\",\"url\":\"https:\/\/www.italyfamilyhotels.it\/de\/family-hotels\/hotel-majorka\",\"name\":\"Hotel Majorka - Italy Family Hotels\",\"isPartOf\":{\"@id\":\"https:\/\/www.italyfamilyhotels.it\/#website\"},\"datePublished\":\"2024-02-08T10:08:39+00:00\",\"dateModified\":\"2024-04-23T07:22:15+00:00\",\"breadcrumb\":{\"@id\":\"https:\/\/www.italyfamilyhotels.it\/de\/family-hotels\/hotel-majorka#breadcrumb\"},\"inLanguage\":\"de\",\"potentialAction\":[{\"@type\":\"ReadAction\",\"target\":[\"https:\/\/www.italyfamilyhotels.it\/de\/family-hotels\/hotel-majorka\"]}]},{\"@type\":\"BreadcrumbList\",\"@id\":\"https:\/\/www.italyfamilyhotels.it\/de\/family-hotels\/hotel-majorka#breadcrumb\",\"itemListElement\":[{\"@type\":\"ListItem\",\"position\":1,\"name\":\"Home\",\"item\":\"https:\/\/www.italyfamilyhotels.it\/de\"},{\"@type\":\"ListItem\",\"position\":2,\"name\":\"Family Hotels\",\"item\":\"https:\/\/www.italyfamilyhotels.it\/de\/family-hotels\"},{\"@type\":\"ListItem\",\"position\":3,\"name\":\"Hotel Majorka\"}]},{\"@type\":\"WebSite\",\"@id\":\"https:\/\/www.italyfamilyhotels.it\/#website\",\"url\":\"https:\/\/www.italyfamilyhotels.it\/\",\"name\":\"Italy Family Hotels\",\"description\":\"\",\"potentialAction\":[{\"@type\":\"SearchAction\",\"target\":{\"@type\":\"EntryPoint\",\"urlTemplate\":\"https:\/\/www.italyfamilyhotels.it\/?s={search_term_string}\"},\"query-input\":{\"@type\":\"PropertyValueSpecification\",\"valueRequired\":true,\"valueName\":\"search_term_string\"}}],\"inLanguage\":\"de\"}]}<\/script>\n<!-- \/ Yoast SEO plugin. -->","yoast_head_json":{"title":"Hotel Majorka - Italy Family Hotels","robots":{"index":"index","follow":"follow","max-snippet":"max-snippet:-1","max-image-preview":"max-image-preview:large","max-video-preview":"max-video-preview:-1"},"canonical":"https:\/\/www.italyfamilyhotels.it\/de\/family-hotels\/hotel-majorka","og_locale":"de_DE","og_type":"article","og_title":"Hotel Majorka - Italy Family Hotels","og_description":"Wir freuen uns, Ihnen die T\u00fcren des Family Hotels Majorka zu \u00f6ffnen, das von den wundersch\u00f6nen Brenta-Dolomiten umgeben ist und in Andalo, einer familienfreundlichen Stadt, liegt. Durch die besondere Lage im Zentrum von Andalo, in der N\u00e4he der Seilbahnen, die das ganze Jahr ge\u00f6ffnet sind und einfachen Wanderwegen, die auch f\u00fcr Buggys geeignet sind, werden &hellip;","og_url":"https:\/\/www.italyfamilyhotels.it\/de\/family-hotels\/hotel-majorka","og_site_name":"Italy Family Hotels","article_publisher":"https:\/\/www.facebook.com\/ItalyFamilyHotels\/","article_modified_time":"2024-04-23T07:22:15+00:00","twitter_card":"summary_large_image","twitter_misc":{"Gesch\u00e4tzte Lesezeit":"1\u00a0Minute"},"schema":{"@context":"https:\/\/schema.org","@graph":[{"@type":"WebPage","@id":"https:\/\/www.italyfamilyhotels.it\/de\/family-hotels\/hotel-majorka","url":"https:\/\/www.italyfamilyhotels.it\/de\/family-hotels\/hotel-majorka","name":"Hotel Majorka - Italy Family Hotels","isPartOf":{"@id":"https:\/\/www.italyfamilyhotels.it\/#website"},"datePublished":"2024-02-08T10:08:39+00:00","dateModified":"2024-04-23T07:22:15+00:00","breadcrumb":{"@id":"https:\/\/www.italyfamilyhotels.it\/de\/family-hotels\/hotel-majorka#breadcrumb"},"inLanguage":"de","potentialAction":[{"@type":"ReadAction","target":["https:\/\/www.italyfamilyhotels.it\/de\/family-hotels\/hotel-majorka"]}]},{"@type":"BreadcrumbList","@id":"https:\/\/www.italyfamilyhotels.it\/de\/family-hotels\/hotel-majorka#breadcrumb","itemListElement":[{"@type":"ListItem","position":1,"name":"Home","item":"https:\/\/www.italyfamilyhotels.it\/de"},{"@type":"ListItem","position":2,"name":"Family Hotels","item":"https:\/\/www.italyfamilyhotels.it\/de\/family-hotels"},{"@type":"ListItem","position":3,"name":"Hotel Majorka"}]},{"@type":"WebSite","@id":"https:\/\/www.italyfamilyhotels.it\/#website","url":"https:\/\/www.italyfamilyhotels.it\/","name":"Italy Family Hotels","description":"","potentialAction":[{"@type":"SearchAction","target":{"@type":"EntryPoint","urlTemplate":"https:\/\/www.italyfamilyhotels.it\/?s={search_term_string}"},"query-input":{"@type":"PropertyValueSpecification","valueRequired":true,"valueName":"search_term_string"}}],"inLanguage":"de"}]}},"_links":{"self":[{"href":"https:\/\/www.italyfamilyhotels.it\/de\/wp-json\/wp\/v2\/pages\/56220","targetHints":{"allow":["GET"]}}],"collection":[{"href":"https:\/\/www.italyfamilyhotels.it\/de\/wp-json\/wp\/v2\/pages"}],"about":[{"href":"https:\/\/www.italyfamilyhotels.it\/de\/wp-json\/wp\/v2\/types\/page"}],"author":[{"embeddable":true,"href":"https:\/\/www.italyfamilyhotels.it\/de\/wp-json\/wp\/v2\/users\/1"}],"replies":[{"embeddable":true,"href":"https:\/\/www.italyfamilyhotels.it\/de\/wp-json\/wp\/v2\/comments?post=56220"}],"version-history":[{"count":2,"href":"https:\/\/www.italyfamilyhotels.it\/de\/wp-json\/wp\/v2\/pages\/56220\/revisions"}],"predecessor-version":[{"id":59390,"href":"https:\/\/www.italyfamilyhotels.it\/de\/wp-json\/wp\/v2\/pages\/56220\/revisions\/59390"}],"up":[{"embeddable":true,"href":"https:\/\/www.italyfamilyhotels.it\/de\/wp-json\/wp\/v2\/pages\/94"}],"wp:attachment":[{"href":"https:\/\/www.italyfamilyhotels.it\/de\/wp-json\/wp\/v2\/media?parent=56220"}],"curies":[{"name":"wp","href":"https:\/\/api.w.org\/{rel}","templated":true}]}}