{"id":56090,"date":"2024-02-07T16:48:19","date_gmt":"2024-02-07T15:48:19","guid":{"rendered":"https:\/\/www.italyfamilyhotels.it\/family-hotels\/residence-trivento"},"modified":"2024-04-23T09:22:13","modified_gmt":"2024-04-23T07:22:13","slug":"residence-trivento","status":"publish","type":"page","link":"https:\/\/www.italyfamilyhotels.it\/de\/family-hotels\/residence-trivento","title":{"rendered":"Residence Trivento"},"content":{"rendered":"\n<p>Ein H\u00fcgel mitten im Gr\u00fcnen und die sch\u00f6nsten Str\u00e4nde der Cilentok\u00fcste untermalen das <b>Residence Trivento<\/b>, das nur 3,5 km von <b>Palinuro <\/b>entfernt ist. Wir erwarten Sie, denn wir m\u00f6chten Sie herzlich in Ihrem Urlaub mit den Kindern begr\u00fc\u00dfen!<\/p>\n\n\n\n<p>Auch der Strand Mingardo, mit dem wir eine <b>Vereinbarung haben<\/b>, liegt ganz in der N\u00e4he und ist mit dem <b>Pendelbus<\/b> schnell zu erreichen. Lassen Sie Ihr Auto ruhig stehen! Oder bleiben Sie hier, denn es gibt jeden Tag viel zu erleben: M\u00f6chten Sie ein paar Vorschl\u00e4ge? Sie k\u00f6nnen sich, gemeinsam mit der ganzen Familie, in den <b>beiden Infinity-Pools<\/b> entspannen &#8211; einer f\u00fcr <b>Erwachsene <\/b>und einer <b>f\u00fcr Kinder<\/b> &#8211; umgeben von einer gepflegten <b>Sonnenterrasse<\/b>, die mit Liegen und Sonnenschirmen ausgestattet ist. Nutzen Sie den <b>Tennisplatz<\/b>, spielen Sie <b>Kleinfeldfu\u00dfball<\/b> oder <b>Boccia<\/b>, konzentrieren Sie sich auf dem <b>Bogenschie\u00dfplatz<\/b> mitten im gro\u00dfen <b>Garten<\/b>.<\/p>\n\n\n\n<p>Sie werden sich fragen, und die Kinder? Nun, im Residence Trivento ist alles bestens organisiert, damit der Urlaub auch f\u00fcr die Kleinen zu einem au\u00dfergew\u00f6hnlichen Erlebnis wird! Der <b>Miniclub ist vormittags und nachmittags ge\u00f6ffnet<\/b> und es wird so viel angeboten, dass die Qual der Wahl besteht. Auch am Abend gibt es vielerlei <b>Veranstaltungen<\/b>, <b>Baby Dance<\/b>, <b>Kabarett<\/b>, <b>Musicals <\/b>und vieles mehr.<\/p>\n\n\n\n<p>Und dann haben wir einen gut ausgestatteten <b>Spielplatz<\/b>, einen ausgezeichneten <b>Baby-Service<\/b> in der Ferienwohnung und im Speisesaal &#8211; damit Sie sorgenlos in den Urlaub fahren k\u00f6nnen und schon alles hier vorfinden &#8211; die <b>kindersicheren Men\u00fcs<\/b> sind ein kulinarisches Erlebnis mit erlesenen, frischen Produkten <b>aus der Region<\/b>. Ihr <b>Familienurlaub in Palinuro<\/b> wird sicherlich unvergesslich werden!<\/p>\n","protected":false},"excerpt":{"rendered":"<p>Ein H\u00fcgel mitten im Gr\u00fcnen und die sch\u00f6nsten Str\u00e4nde der Cilentok\u00fcste untermalen das Residence Trivento, das nur 3,5 km von Palinuro entfernt ist. Wir erwarten Sie, denn wir m\u00f6chten Sie herzlich in Ihrem Urlaub mit den Kindern begr\u00fc\u00dfen! Auch der Strand Mingardo, mit dem wir eine Vereinbarung haben, liegt ganz in der N\u00e4he und ist &hellip;<\/p>\n","protected":false},"author":1,"featured_media":0,"parent":94,"menu_order":0,"comment_status":"closed","ping_status":"closed","template":"page-templates\/scheda_hotel.php","meta":{"_acf_changed":false,"inline_featured_image":false,"footnotes":""},"class_list":["post-56090","page","type-page","status-publish","hentry"],"acf":[],"yoast_head":"<!-- This site is optimized with the Yoast SEO plugin v27.1 - https:\/\/yoast.com\/product\/yoast-seo-wordpress\/ -->\n<title>Residence Trivento - Italy Family Hotels<\/title>\n<meta name=\"robots\" content=\"index, follow, max-snippet:-1, max-image-preview:large, max-video-preview:-1\" \/>\n<link rel=\"canonical\" href=\"https:\/\/www.italyfamilyhotels.it\/de\/family-hotels\/residence-trivento\" \/>\n<meta property=\"og:locale\" content=\"de_DE\" \/>\n<meta property=\"og:type\" content=\"article\" \/>\n<meta property=\"og:title\" content=\"Residence Trivento - Italy Family Hotels\" \/>\n<meta property=\"og:description\" content=\"Ein H\u00fcgel mitten im Gr\u00fcnen und die sch\u00f6nsten Str\u00e4nde der Cilentok\u00fcste untermalen das Residence Trivento, das nur 3,5 km von Palinuro entfernt ist. Wir erwarten Sie, denn wir m\u00f6chten Sie herzlich in Ihrem Urlaub mit den Kindern begr\u00fc\u00dfen! Auch der Strand Mingardo, mit dem wir eine Vereinbarung haben, liegt ganz in der N\u00e4he und ist &hellip;\" \/>\n<meta property=\"og:url\" content=\"https:\/\/www.italyfamilyhotels.it\/de\/family-hotels\/residence-trivento\" \/>\n<meta property=\"og:site_name\" content=\"Italy Family Hotels\" \/>\n<meta property=\"article:publisher\" content=\"https:\/\/www.facebook.com\/ItalyFamilyHotels\/\" \/>\n<meta property=\"article:modified_time\" content=\"2024-04-23T07:22:13+00:00\" \/>\n<meta name=\"twitter:card\" content=\"summary_large_image\" \/>\n<meta name=\"twitter:label1\" content=\"Gesch\u00e4tzte Lesezeit\" \/>\n\t<meta name=\"twitter:data1\" content=\"1\u00a0Minute\" \/>\n<script type=\"application\/ld+json\" class=\"yoast-schema-graph\">{\"@context\":\"https:\/\/schema.org\",\"@graph\":[{\"@type\":\"WebPage\",\"@id\":\"https:\/\/www.italyfamilyhotels.it\/de\/family-hotels\/residence-trivento\",\"url\":\"https:\/\/www.italyfamilyhotels.it\/de\/family-hotels\/residence-trivento\",\"name\":\"Residence Trivento - Italy Family Hotels\",\"isPartOf\":{\"@id\":\"https:\/\/www.italyfamilyhotels.it\/#website\"},\"datePublished\":\"2024-02-07T15:48:19+00:00\",\"dateModified\":\"2024-04-23T07:22:13+00:00\",\"breadcrumb\":{\"@id\":\"https:\/\/www.italyfamilyhotels.it\/de\/family-hotels\/residence-trivento#breadcrumb\"},\"inLanguage\":\"de\",\"potentialAction\":[{\"@type\":\"ReadAction\",\"target\":[\"https:\/\/www.italyfamilyhotels.it\/de\/family-hotels\/residence-trivento\"]}]},{\"@type\":\"BreadcrumbList\",\"@id\":\"https:\/\/www.italyfamilyhotels.it\/de\/family-hotels\/residence-trivento#breadcrumb\",\"itemListElement\":[{\"@type\":\"ListItem\",\"position\":1,\"name\":\"Home\",\"item\":\"https:\/\/www.italyfamilyhotels.it\/de\"},{\"@type\":\"ListItem\",\"position\":2,\"name\":\"Family Hotels\",\"item\":\"https:\/\/www.italyfamilyhotels.it\/de\/family-hotels\"},{\"@type\":\"ListItem\",\"position\":3,\"name\":\"Residence Trivento\"}]},{\"@type\":\"WebSite\",\"@id\":\"https:\/\/www.italyfamilyhotels.it\/#website\",\"url\":\"https:\/\/www.italyfamilyhotels.it\/\",\"name\":\"Italy Family Hotels\",\"description\":\"\",\"potentialAction\":[{\"@type\":\"SearchAction\",\"target\":{\"@type\":\"EntryPoint\",\"urlTemplate\":\"https:\/\/www.italyfamilyhotels.it\/?s={search_term_string}\"},\"query-input\":{\"@type\":\"PropertyValueSpecification\",\"valueRequired\":true,\"valueName\":\"search_term_string\"}}],\"inLanguage\":\"de\"}]}<\/script>\n<!-- \/ Yoast SEO plugin. -->","yoast_head_json":{"title":"Residence Trivento - Italy Family Hotels","robots":{"index":"index","follow":"follow","max-snippet":"max-snippet:-1","max-image-preview":"max-image-preview:large","max-video-preview":"max-video-preview:-1"},"canonical":"https:\/\/www.italyfamilyhotels.it\/de\/family-hotels\/residence-trivento","og_locale":"de_DE","og_type":"article","og_title":"Residence Trivento - Italy Family Hotels","og_description":"Ein H\u00fcgel mitten im Gr\u00fcnen und die sch\u00f6nsten Str\u00e4nde der Cilentok\u00fcste untermalen das Residence Trivento, das nur 3,5 km von Palinuro entfernt ist. Wir erwarten Sie, denn wir m\u00f6chten Sie herzlich in Ihrem Urlaub mit den Kindern begr\u00fc\u00dfen! Auch der Strand Mingardo, mit dem wir eine Vereinbarung haben, liegt ganz in der N\u00e4he und ist &hellip;","og_url":"https:\/\/www.italyfamilyhotels.it\/de\/family-hotels\/residence-trivento","og_site_name":"Italy Family Hotels","article_publisher":"https:\/\/www.facebook.com\/ItalyFamilyHotels\/","article_modified_time":"2024-04-23T07:22:13+00:00","twitter_card":"summary_large_image","twitter_misc":{"Gesch\u00e4tzte Lesezeit":"1\u00a0Minute"},"schema":{"@context":"https:\/\/schema.org","@graph":[{"@type":"WebPage","@id":"https:\/\/www.italyfamilyhotels.it\/de\/family-hotels\/residence-trivento","url":"https:\/\/www.italyfamilyhotels.it\/de\/family-hotels\/residence-trivento","name":"Residence Trivento - Italy Family Hotels","isPartOf":{"@id":"https:\/\/www.italyfamilyhotels.it\/#website"},"datePublished":"2024-02-07T15:48:19+00:00","dateModified":"2024-04-23T07:22:13+00:00","breadcrumb":{"@id":"https:\/\/www.italyfamilyhotels.it\/de\/family-hotels\/residence-trivento#breadcrumb"},"inLanguage":"de","potentialAction":[{"@type":"ReadAction","target":["https:\/\/www.italyfamilyhotels.it\/de\/family-hotels\/residence-trivento"]}]},{"@type":"BreadcrumbList","@id":"https:\/\/www.italyfamilyhotels.it\/de\/family-hotels\/residence-trivento#breadcrumb","itemListElement":[{"@type":"ListItem","position":1,"name":"Home","item":"https:\/\/www.italyfamilyhotels.it\/de"},{"@type":"ListItem","position":2,"name":"Family Hotels","item":"https:\/\/www.italyfamilyhotels.it\/de\/family-hotels"},{"@type":"ListItem","position":3,"name":"Residence Trivento"}]},{"@type":"WebSite","@id":"https:\/\/www.italyfamilyhotels.it\/#website","url":"https:\/\/www.italyfamilyhotels.it\/","name":"Italy Family Hotels","description":"","potentialAction":[{"@type":"SearchAction","target":{"@type":"EntryPoint","urlTemplate":"https:\/\/www.italyfamilyhotels.it\/?s={search_term_string}"},"query-input":{"@type":"PropertyValueSpecification","valueRequired":true,"valueName":"search_term_string"}}],"inLanguage":"de"}]}},"_links":{"self":[{"href":"https:\/\/www.italyfamilyhotels.it\/de\/wp-json\/wp\/v2\/pages\/56090","targetHints":{"allow":["GET"]}}],"collection":[{"href":"https:\/\/www.italyfamilyhotels.it\/de\/wp-json\/wp\/v2\/pages"}],"about":[{"href":"https:\/\/www.italyfamilyhotels.it\/de\/wp-json\/wp\/v2\/types\/page"}],"author":[{"embeddable":true,"href":"https:\/\/www.italyfamilyhotels.it\/de\/wp-json\/wp\/v2\/users\/1"}],"replies":[{"embeddable":true,"href":"https:\/\/www.italyfamilyhotels.it\/de\/wp-json\/wp\/v2\/comments?post=56090"}],"version-history":[{"count":2,"href":"https:\/\/www.italyfamilyhotels.it\/de\/wp-json\/wp\/v2\/pages\/56090\/revisions"}],"predecessor-version":[{"id":59389,"href":"https:\/\/www.italyfamilyhotels.it\/de\/wp-json\/wp\/v2\/pages\/56090\/revisions\/59389"}],"up":[{"embeddable":true,"href":"https:\/\/www.italyfamilyhotels.it\/de\/wp-json\/wp\/v2\/pages\/94"}],"wp:attachment":[{"href":"https:\/\/www.italyfamilyhotels.it\/de\/wp-json\/wp\/v2\/media?parent=56090"}],"curies":[{"name":"wp","href":"https:\/\/api.w.org\/{rel}","templated":true}]}}