{"id":56082,"date":"2024-02-06T15:10:16","date_gmt":"2024-02-06T14:10:16","guid":{"rendered":"https:\/\/www.italyfamilyhotels.it\/destinationen\/family-hotels-im-latium\/family-hotels-in-terracina"},"modified":"2024-02-06T15:10:19","modified_gmt":"2024-02-06T14:10:19","slug":"family-hotels-in-terracina","status":"publish","type":"page","link":"https:\/\/www.italyfamilyhotels.it\/de\/destinationen\/family-hotels-im-latium\/family-hotels-in-terracina","title":{"rendered":"Family Hotels in Terracina"},"content":{"rendered":"\n<p>Ein <b>Urlaub mit Kindern in Terracina<\/b> bedeutet Str\u00e4nde an herrlichem und kristallklarem Meer, Natur in all ihren Facetten, historische Sehensw\u00fcrdigkeiten und viel Vergn\u00fcgen mit der Animation in den Feriend\u00f6rfern und den<b> Family Hotels von Terracina<\/b>. Die <b>4 km lange Strandpromenade<\/b> ist ein Juwel, das familienfreundliche Strandb\u00e4der sich aneinanderreihen sieht und dessen Meer bereits seit Jahren mit dem Titel der <b>Blauen Flagge<\/b> ausgezeichnet ist. Ein Beispiel daf\u00fcr ist der <b>Strand von Riva del Sisto<\/b>, an der <b>Riviera di Ulisse<\/b> und vor den<b> Pontinischen Inseln<\/b> gelegen, der durch seichte Gr\u00fcnde gekennzeichnet ist, in den die Kinder in Sicherheit baden k\u00f6nnen.<\/p>\n\n\n\n<p>Ein <b>Tag an den Str\u00e4nden von Terracina<\/b> erlaubt, die Entspannung mit einem regenerierenden Sprung ins Wasser, Sportaktivit\u00e4ten wie Kanu und SUP-Fahren mit gem\u00fctlichen Spazierg\u00e4ngen abzuwechseln, w\u00e4hrend sich die Kleinen mit dem Animationsteam vergn\u00fcgen.<\/p>\n\n\n\n<p>Unverzichtbar ist ein Spaziergang mit den Kindern am <b>Hafen <\/b>und im charakteristischen <b>historischen Stadtkern von Terracina<\/b>, dessen Altstadt reizvolle Gassen und ein herrliches Forum Emilianum, au\u00dfer dem Castello Frangipane und der Konkathedrale des San Cesareo aufweist. In unmittelbarer N\u00e4he von Terracina, auf dem Monte Sant\u2018Angelo, k\u00f6nnen Sie den legend\u00e4ren <b>Tempel des Jupiter Anxur<\/b> besichtigen: Au\u00dfer sich einer herrlichen Aussicht auf die Pontinischen Inseln zu erfreuen, f\u00fchren Sie ihre Kinder in die magische Welt der Antike ein.<\/p>\n\n\n\n<p>Die Leidenschaft Ihrer Familie ist die Natur und die T\u00e4tigkeiten im Freien? Von <b>Terracina mit den Kindern<\/b> aufbrechend, erreichen Sie in einer Viertelstunde den <b>Regional-Park von Campo Soriano<\/b>, ein Naturschutzgebiet, mit nat\u00fcrlichen Felsformationen, die an die unterschiedlichsten Figuren erinnern, Olivenbaum- und Rebfl\u00e4chen, Vegetation, in der herrliche Wanderungen m\u00f6glich sind.<\/p>\n","protected":false},"excerpt":{"rendered":"<p>Ein Urlaub mit Kindern in Terracina bedeutet Str\u00e4nde an herrlichem und kristallklarem Meer, Natur in all ihren Facetten, historische Sehensw\u00fcrdigkeiten und viel Vergn\u00fcgen mit der Animation in den Feriend\u00f6rfern und den Family Hotels von Terracina. Die 4 km lange Strandpromenade ist ein Juwel, das familienfreundliche Strandb\u00e4der sich aneinanderreihen sieht und dessen Meer bereits seit Jahren &hellip;<\/p>\n","protected":false},"author":167,"featured_media":0,"parent":56079,"menu_order":0,"comment_status":"closed","ping_status":"closed","template":"page-templates\/scheda_localita.php","meta":{"_acf_changed":false,"inline_featured_image":false,"footnotes":""},"class_list":["post-56082","page","type-page","status-publish","hentry"],"acf":[],"yoast_head":"<!-- This site is optimized with the Yoast SEO plugin v27.1 - https:\/\/yoast.com\/product\/yoast-seo-wordpress\/ -->\n<title>Familienhotels in Terracina: Die besten Family Hotels in Terracina<\/title>\n<meta name=\"description\" content=\"Lust auf einen Urlaub mit Kindern im Latium? Wir haben die besten Family Hotels in Terracina ausgew\u00e4hlt!\" \/>\n<meta name=\"robots\" content=\"index, follow, max-snippet:-1, max-image-preview:large, max-video-preview:-1\" \/>\n<link rel=\"canonical\" href=\"https:\/\/www.italyfamilyhotels.it\/de\/destinationen\/family-hotels-im-latium\/family-hotels-in-terracina\" \/>\n<meta property=\"og:locale\" content=\"de_DE\" \/>\n<meta property=\"og:type\" content=\"article\" \/>\n<meta property=\"og:title\" content=\"Familienhotels in Terracina: Die besten Family Hotels in Terracina\" \/>\n<meta property=\"og:description\" content=\"Lust auf einen Urlaub mit Kindern im Latium? Wir haben die besten Family Hotels in Terracina ausgew\u00e4hlt!\" \/>\n<meta property=\"og:url\" content=\"https:\/\/www.italyfamilyhotels.it\/de\/destinationen\/family-hotels-im-latium\/family-hotels-in-terracina\" \/>\n<meta property=\"og:site_name\" content=\"Italy Family Hotels\" \/>\n<meta property=\"article:publisher\" content=\"https:\/\/www.facebook.com\/ItalyFamilyHotels\/\" \/>\n<meta property=\"article:modified_time\" content=\"2024-02-06T14:10:19+00:00\" \/>\n<meta name=\"twitter:card\" content=\"summary_large_image\" \/>\n<meta name=\"twitter:label1\" content=\"Gesch\u00e4tzte Lesezeit\" \/>\n\t<meta name=\"twitter:data1\" content=\"1\u00a0Minute\" \/>\n<script type=\"application\/ld+json\" class=\"yoast-schema-graph\">{\"@context\":\"https:\/\/schema.org\",\"@graph\":[{\"@type\":\"WebPage\",\"@id\":\"https:\/\/www.italyfamilyhotels.it\/de\/destinationen\/family-hotels-im-latium\/family-hotels-in-terracina\",\"url\":\"https:\/\/www.italyfamilyhotels.it\/de\/destinationen\/family-hotels-im-latium\/family-hotels-in-terracina\",\"name\":\"Familienhotels in Terracina: Die besten Family Hotels in Terracina\",\"isPartOf\":{\"@id\":\"https:\/\/www.italyfamilyhotels.it\/#website\"},\"datePublished\":\"2024-02-06T14:10:16+00:00\",\"dateModified\":\"2024-02-06T14:10:19+00:00\",\"description\":\"Lust auf einen Urlaub mit Kindern im Latium? Wir haben die besten Family Hotels in Terracina ausgew\u00e4hlt!\",\"breadcrumb\":{\"@id\":\"https:\/\/www.italyfamilyhotels.it\/de\/destinationen\/family-hotels-im-latium\/family-hotels-in-terracina#breadcrumb\"},\"inLanguage\":\"de\",\"potentialAction\":[{\"@type\":\"ReadAction\",\"target\":[\"https:\/\/www.italyfamilyhotels.it\/de\/destinationen\/family-hotels-im-latium\/family-hotels-in-terracina\"]}]},{\"@type\":\"BreadcrumbList\",\"@id\":\"https:\/\/www.italyfamilyhotels.it\/de\/destinationen\/family-hotels-im-latium\/family-hotels-in-terracina#breadcrumb\",\"itemListElement\":[{\"@type\":\"ListItem\",\"position\":1,\"name\":\"Home\",\"item\":\"https:\/\/www.italyfamilyhotels.it\/de\"},{\"@type\":\"ListItem\",\"position\":2,\"name\":\"Destinationen\",\"item\":\"https:\/\/www.italyfamilyhotels.it\/de\/destinationen\"},{\"@type\":\"ListItem\",\"position\":3,\"name\":\"Family Hotels im Latium\",\"item\":\"https:\/\/www.italyfamilyhotels.it\/de\/destinationen\/family-hotels-im-latium\"},{\"@type\":\"ListItem\",\"position\":4,\"name\":\"Family Hotels in Terracina\"}]},{\"@type\":\"WebSite\",\"@id\":\"https:\/\/www.italyfamilyhotels.it\/#website\",\"url\":\"https:\/\/www.italyfamilyhotels.it\/\",\"name\":\"Italy Family Hotels\",\"description\":\"\",\"potentialAction\":[{\"@type\":\"SearchAction\",\"target\":{\"@type\":\"EntryPoint\",\"urlTemplate\":\"https:\/\/www.italyfamilyhotels.it\/?s={search_term_string}\"},\"query-input\":{\"@type\":\"PropertyValueSpecification\",\"valueRequired\":true,\"valueName\":\"search_term_string\"}}],\"inLanguage\":\"de\"}]}<\/script>\n<!-- \/ Yoast SEO plugin. -->","yoast_head_json":{"title":"Familienhotels in Terracina: Die besten Family Hotels in Terracina","description":"Lust auf einen Urlaub mit Kindern im Latium? Wir haben die besten Family Hotels in Terracina ausgew\u00e4hlt!","robots":{"index":"index","follow":"follow","max-snippet":"max-snippet:-1","max-image-preview":"max-image-preview:large","max-video-preview":"max-video-preview:-1"},"canonical":"https:\/\/www.italyfamilyhotels.it\/de\/destinationen\/family-hotels-im-latium\/family-hotels-in-terracina","og_locale":"de_DE","og_type":"article","og_title":"Familienhotels in Terracina: Die besten Family Hotels in Terracina","og_description":"Lust auf einen Urlaub mit Kindern im Latium? Wir haben die besten Family Hotels in Terracina ausgew\u00e4hlt!","og_url":"https:\/\/www.italyfamilyhotels.it\/de\/destinationen\/family-hotels-im-latium\/family-hotels-in-terracina","og_site_name":"Italy Family Hotels","article_publisher":"https:\/\/www.facebook.com\/ItalyFamilyHotels\/","article_modified_time":"2024-02-06T14:10:19+00:00","twitter_card":"summary_large_image","twitter_misc":{"Gesch\u00e4tzte Lesezeit":"1\u00a0Minute"},"schema":{"@context":"https:\/\/schema.org","@graph":[{"@type":"WebPage","@id":"https:\/\/www.italyfamilyhotels.it\/de\/destinationen\/family-hotels-im-latium\/family-hotels-in-terracina","url":"https:\/\/www.italyfamilyhotels.it\/de\/destinationen\/family-hotels-im-latium\/family-hotels-in-terracina","name":"Familienhotels in Terracina: Die besten Family Hotels in Terracina","isPartOf":{"@id":"https:\/\/www.italyfamilyhotels.it\/#website"},"datePublished":"2024-02-06T14:10:16+00:00","dateModified":"2024-02-06T14:10:19+00:00","description":"Lust auf einen Urlaub mit Kindern im Latium? Wir haben die besten Family Hotels in Terracina ausgew\u00e4hlt!","breadcrumb":{"@id":"https:\/\/www.italyfamilyhotels.it\/de\/destinationen\/family-hotels-im-latium\/family-hotels-in-terracina#breadcrumb"},"inLanguage":"de","potentialAction":[{"@type":"ReadAction","target":["https:\/\/www.italyfamilyhotels.it\/de\/destinationen\/family-hotels-im-latium\/family-hotels-in-terracina"]}]},{"@type":"BreadcrumbList","@id":"https:\/\/www.italyfamilyhotels.it\/de\/destinationen\/family-hotels-im-latium\/family-hotels-in-terracina#breadcrumb","itemListElement":[{"@type":"ListItem","position":1,"name":"Home","item":"https:\/\/www.italyfamilyhotels.it\/de"},{"@type":"ListItem","position":2,"name":"Destinationen","item":"https:\/\/www.italyfamilyhotels.it\/de\/destinationen"},{"@type":"ListItem","position":3,"name":"Family Hotels im Latium","item":"https:\/\/www.italyfamilyhotels.it\/de\/destinationen\/family-hotels-im-latium"},{"@type":"ListItem","position":4,"name":"Family Hotels in Terracina"}]},{"@type":"WebSite","@id":"https:\/\/www.italyfamilyhotels.it\/#website","url":"https:\/\/www.italyfamilyhotels.it\/","name":"Italy Family Hotels","description":"","potentialAction":[{"@type":"SearchAction","target":{"@type":"EntryPoint","urlTemplate":"https:\/\/www.italyfamilyhotels.it\/?s={search_term_string}"},"query-input":{"@type":"PropertyValueSpecification","valueRequired":true,"valueName":"search_term_string"}}],"inLanguage":"de"}]}},"_links":{"self":[{"href":"https:\/\/www.italyfamilyhotels.it\/de\/wp-json\/wp\/v2\/pages\/56082","targetHints":{"allow":["GET"]}}],"collection":[{"href":"https:\/\/www.italyfamilyhotels.it\/de\/wp-json\/wp\/v2\/pages"}],"about":[{"href":"https:\/\/www.italyfamilyhotels.it\/de\/wp-json\/wp\/v2\/types\/page"}],"author":[{"embeddable":true,"href":"https:\/\/www.italyfamilyhotels.it\/de\/wp-json\/wp\/v2\/users\/167"}],"replies":[{"embeddable":true,"href":"https:\/\/www.italyfamilyhotels.it\/de\/wp-json\/wp\/v2\/comments?post=56082"}],"version-history":[{"count":1,"href":"https:\/\/www.italyfamilyhotels.it\/de\/wp-json\/wp\/v2\/pages\/56082\/revisions"}],"predecessor-version":[{"id":56083,"href":"https:\/\/www.italyfamilyhotels.it\/de\/wp-json\/wp\/v2\/pages\/56082\/revisions\/56083"}],"up":[{"embeddable":true,"href":"https:\/\/www.italyfamilyhotels.it\/de\/wp-json\/wp\/v2\/pages\/56079"}],"wp:attachment":[{"href":"https:\/\/www.italyfamilyhotels.it\/de\/wp-json\/wp\/v2\/media?parent=56082"}],"curies":[{"name":"wp","href":"https:\/\/api.w.org\/{rel}","templated":true}]}}