{"id":56079,"date":"2024-02-06T15:10:12","date_gmt":"2024-02-06T14:10:12","guid":{"rendered":"https:\/\/www.italyfamilyhotels.it\/destinationen\/family-hotels-im-latium"},"modified":"2024-02-06T15:10:18","modified_gmt":"2024-02-06T14:10:18","slug":"family-hotels-im-latium","status":"publish","type":"page","link":"https:\/\/www.italyfamilyhotels.it\/de\/destinationen\/family-hotels-im-latium","title":{"rendered":"Family Hotels im Latium"},"content":{"rendered":"\n<p>Wenn es stimmt, dass, sobald man Latium sagt, der Gedanke sofort zur \u201eEwigen Stadt\u201c, <b>Rom<\/b> geht, stimmt es ebenso, dass ein <b>Urlaub mit den Kindern im Latium <\/b>durch sehr viele Facetten gekennzeichnet ist. Indem Sie die Familienangebote der <b>Family Hotels im Latium<\/b> w\u00e4hlen, gew\u00e4hrleisten Sie sich die Ruhe eines entspannenden Aufenthalts f\u00fcr Sie selbst und im Zeichen des Vergn\u00fcgens f\u00fcr die Kinder, zu vervollst\u00e4ndigen mit Tagen voller Entdeckungen, Natur und Unbeschwertheit. Beginnend mit den bekanntesten <b>Themen- und Vergn\u00fcgungsparks des Latiums<\/b>: Rainbow MagicLand in Valmontone, mit Attraktionen f\u00fcr alle Altersgruppen; Cinecitt\u00e0 World in Torvaianica, ein regelrechter, dem Kino gewidmeter Themenpark mit Attraktionen und Vorstellungen; Zoomarine, ebenso in Torvaianica, mit einem zoologischen Garten und Wasserattraktionen.<\/p>\n\n\n\n<p>Zahlreich sind auch die M\u00f6glichkeiten, <b>Familient\u00e4tigkeiten im Freien<\/b> zu betreiben. Der faszinierende<b> Parco Nazionale del Circeo<\/b>, l\u00e4ngs der tyrrhenischen K\u00fcste, mit Wanderwegen unterschiedlicher Art und mit Rastfl\u00e4chen f\u00fcr Picknicks, eignet sich f\u00fcr <b>Wanderungen mit den Kindern <\/b>und Radausfl\u00fcge. Das Latium ist die ideale Region, um Ihren Kindern begeisternde <b>Bootsausfl\u00fcge<\/b> zu schenken, vielleicht, um die Pontinischen Inseln -Ponza, Palmarola, Zannone, Gavi, Isola di Ventotene und di Santo Stefano- zu erforschen, mit Abfahrt in den H\u00e4fen von Terracina, Anzio, San Felice Circeo, Formia.<\/p>\n\n\n\n<p>Und dann, nicht zu vergessen, die zauberhaften <b>Str\u00e4nde des Latiums<\/b>! Zu den bekanntesten z\u00e4hlen der Strand von Torre Astura in Nettuno und der Strand Spiaggia dei Sassolini in Minturno, jedoch ist das Latium im Allgemeinen f\u00fcr die M\u00f6glichkeiten bekannt, unter den vielen erschlossenen, freien, wilden und <b>Familienstr\u00e4nden<\/b> zu w\u00e4hlen, wie dem von Riva del Sisto in Terracina.<\/p>\n","protected":false},"excerpt":{"rendered":"<p>Wenn es stimmt, dass, sobald man Latium sagt, der Gedanke sofort zur \u201eEwigen Stadt\u201c, Rom geht, stimmt es ebenso, dass ein Urlaub mit den Kindern im Latium durch sehr viele Facetten gekennzeichnet ist. Indem Sie die Familienangebote der Family Hotels im Latium w\u00e4hlen, gew\u00e4hrleisten Sie sich die Ruhe eines entspannenden Aufenthalts f\u00fcr Sie selbst und &hellip;<\/p>\n","protected":false},"author":167,"featured_media":0,"parent":890,"menu_order":0,"comment_status":"closed","ping_status":"closed","template":"page-templates\/scheda_destinazione.php","meta":{"_acf_changed":false,"inline_featured_image":false,"footnotes":""},"class_list":["post-56079","page","type-page","status-publish","hentry"],"acf":[],"yoast_head":"<!-- This site is optimized with the Yoast SEO plugin v27.1 - https:\/\/yoast.com\/product\/yoast-seo-wordpress\/ -->\n<title>Familienhotels im Latium: die besten Italy Family Hotels<\/title>\n<meta name=\"description\" content=\"Superschnelles Angebot per E-Mail! W\u00e4hlen Sie Ihr Family Hotel im Latium und fordern Sie ein schnelles Urlaubsangebot an!\" \/>\n<meta name=\"robots\" content=\"index, follow, max-snippet:-1, max-image-preview:large, max-video-preview:-1\" \/>\n<link rel=\"canonical\" href=\"https:\/\/www.italyfamilyhotels.it\/de\/destinationen\/family-hotels-im-latium\" \/>\n<meta property=\"og:locale\" content=\"de_DE\" \/>\n<meta property=\"og:type\" content=\"article\" \/>\n<meta property=\"og:title\" content=\"Familienhotels im Latium: die besten Italy Family Hotels\" \/>\n<meta property=\"og:description\" content=\"Superschnelles Angebot per E-Mail! W\u00e4hlen Sie Ihr Family Hotel im Latium und fordern Sie ein schnelles Urlaubsangebot an!\" \/>\n<meta property=\"og:url\" content=\"https:\/\/www.italyfamilyhotels.it\/de\/destinationen\/family-hotels-im-latium\" \/>\n<meta property=\"og:site_name\" content=\"Italy Family Hotels\" \/>\n<meta property=\"article:publisher\" content=\"https:\/\/www.facebook.com\/ItalyFamilyHotels\/\" \/>\n<meta property=\"article:modified_time\" content=\"2024-02-06T14:10:18+00:00\" \/>\n<meta name=\"twitter:card\" content=\"summary_large_image\" \/>\n<meta name=\"twitter:label1\" content=\"Gesch\u00e4tzte Lesezeit\" \/>\n\t<meta name=\"twitter:data1\" content=\"1\u00a0Minute\" \/>\n<script type=\"application\/ld+json\" class=\"yoast-schema-graph\">{\"@context\":\"https:\/\/schema.org\",\"@graph\":[{\"@type\":\"WebPage\",\"@id\":\"https:\/\/www.italyfamilyhotels.it\/de\/destinationen\/family-hotels-im-latium\",\"url\":\"https:\/\/www.italyfamilyhotels.it\/de\/destinationen\/family-hotels-im-latium\",\"name\":\"Familienhotels im Latium: die besten Italy Family Hotels\",\"isPartOf\":{\"@id\":\"https:\/\/www.italyfamilyhotels.it\/#website\"},\"datePublished\":\"2024-02-06T14:10:12+00:00\",\"dateModified\":\"2024-02-06T14:10:18+00:00\",\"description\":\"Superschnelles Angebot per E-Mail! W\u00e4hlen Sie Ihr Family Hotel im Latium und fordern Sie ein schnelles Urlaubsangebot an!\",\"breadcrumb\":{\"@id\":\"https:\/\/www.italyfamilyhotels.it\/de\/destinationen\/family-hotels-im-latium#breadcrumb\"},\"inLanguage\":\"de\",\"potentialAction\":[{\"@type\":\"ReadAction\",\"target\":[\"https:\/\/www.italyfamilyhotels.it\/de\/destinationen\/family-hotels-im-latium\"]}]},{\"@type\":\"BreadcrumbList\",\"@id\":\"https:\/\/www.italyfamilyhotels.it\/de\/destinationen\/family-hotels-im-latium#breadcrumb\",\"itemListElement\":[{\"@type\":\"ListItem\",\"position\":1,\"name\":\"Home\",\"item\":\"https:\/\/www.italyfamilyhotels.it\/de\"},{\"@type\":\"ListItem\",\"position\":2,\"name\":\"Destinationen\",\"item\":\"https:\/\/www.italyfamilyhotels.it\/de\/destinationen\"},{\"@type\":\"ListItem\",\"position\":3,\"name\":\"Family Hotels im Latium\"}]},{\"@type\":\"WebSite\",\"@id\":\"https:\/\/www.italyfamilyhotels.it\/#website\",\"url\":\"https:\/\/www.italyfamilyhotels.it\/\",\"name\":\"Italy Family Hotels\",\"description\":\"\",\"potentialAction\":[{\"@type\":\"SearchAction\",\"target\":{\"@type\":\"EntryPoint\",\"urlTemplate\":\"https:\/\/www.italyfamilyhotels.it\/?s={search_term_string}\"},\"query-input\":{\"@type\":\"PropertyValueSpecification\",\"valueRequired\":true,\"valueName\":\"search_term_string\"}}],\"inLanguage\":\"de\"}]}<\/script>\n<!-- \/ Yoast SEO plugin. -->","yoast_head_json":{"title":"Familienhotels im Latium: die besten Italy Family Hotels","description":"Superschnelles Angebot per E-Mail! W\u00e4hlen Sie Ihr Family Hotel im Latium und fordern Sie ein schnelles Urlaubsangebot an!","robots":{"index":"index","follow":"follow","max-snippet":"max-snippet:-1","max-image-preview":"max-image-preview:large","max-video-preview":"max-video-preview:-1"},"canonical":"https:\/\/www.italyfamilyhotels.it\/de\/destinationen\/family-hotels-im-latium","og_locale":"de_DE","og_type":"article","og_title":"Familienhotels im Latium: die besten Italy Family Hotels","og_description":"Superschnelles Angebot per E-Mail! W\u00e4hlen Sie Ihr Family Hotel im Latium und fordern Sie ein schnelles Urlaubsangebot an!","og_url":"https:\/\/www.italyfamilyhotels.it\/de\/destinationen\/family-hotels-im-latium","og_site_name":"Italy Family Hotels","article_publisher":"https:\/\/www.facebook.com\/ItalyFamilyHotels\/","article_modified_time":"2024-02-06T14:10:18+00:00","twitter_card":"summary_large_image","twitter_misc":{"Gesch\u00e4tzte Lesezeit":"1\u00a0Minute"},"schema":{"@context":"https:\/\/schema.org","@graph":[{"@type":"WebPage","@id":"https:\/\/www.italyfamilyhotels.it\/de\/destinationen\/family-hotels-im-latium","url":"https:\/\/www.italyfamilyhotels.it\/de\/destinationen\/family-hotels-im-latium","name":"Familienhotels im Latium: die besten Italy Family Hotels","isPartOf":{"@id":"https:\/\/www.italyfamilyhotels.it\/#website"},"datePublished":"2024-02-06T14:10:12+00:00","dateModified":"2024-02-06T14:10:18+00:00","description":"Superschnelles Angebot per E-Mail! W\u00e4hlen Sie Ihr Family Hotel im Latium und fordern Sie ein schnelles Urlaubsangebot an!","breadcrumb":{"@id":"https:\/\/www.italyfamilyhotels.it\/de\/destinationen\/family-hotels-im-latium#breadcrumb"},"inLanguage":"de","potentialAction":[{"@type":"ReadAction","target":["https:\/\/www.italyfamilyhotels.it\/de\/destinationen\/family-hotels-im-latium"]}]},{"@type":"BreadcrumbList","@id":"https:\/\/www.italyfamilyhotels.it\/de\/destinationen\/family-hotels-im-latium#breadcrumb","itemListElement":[{"@type":"ListItem","position":1,"name":"Home","item":"https:\/\/www.italyfamilyhotels.it\/de"},{"@type":"ListItem","position":2,"name":"Destinationen","item":"https:\/\/www.italyfamilyhotels.it\/de\/destinationen"},{"@type":"ListItem","position":3,"name":"Family Hotels im Latium"}]},{"@type":"WebSite","@id":"https:\/\/www.italyfamilyhotels.it\/#website","url":"https:\/\/www.italyfamilyhotels.it\/","name":"Italy Family Hotels","description":"","potentialAction":[{"@type":"SearchAction","target":{"@type":"EntryPoint","urlTemplate":"https:\/\/www.italyfamilyhotels.it\/?s={search_term_string}"},"query-input":{"@type":"PropertyValueSpecification","valueRequired":true,"valueName":"search_term_string"}}],"inLanguage":"de"}]}},"_links":{"self":[{"href":"https:\/\/www.italyfamilyhotels.it\/de\/wp-json\/wp\/v2\/pages\/56079","targetHints":{"allow":["GET"]}}],"collection":[{"href":"https:\/\/www.italyfamilyhotels.it\/de\/wp-json\/wp\/v2\/pages"}],"about":[{"href":"https:\/\/www.italyfamilyhotels.it\/de\/wp-json\/wp\/v2\/types\/page"}],"author":[{"embeddable":true,"href":"https:\/\/www.italyfamilyhotels.it\/de\/wp-json\/wp\/v2\/users\/167"}],"replies":[{"embeddable":true,"href":"https:\/\/www.italyfamilyhotels.it\/de\/wp-json\/wp\/v2\/comments?post=56079"}],"version-history":[{"count":1,"href":"https:\/\/www.italyfamilyhotels.it\/de\/wp-json\/wp\/v2\/pages\/56079\/revisions"}],"predecessor-version":[{"id":56080,"href":"https:\/\/www.italyfamilyhotels.it\/de\/wp-json\/wp\/v2\/pages\/56079\/revisions\/56080"}],"up":[{"embeddable":true,"href":"https:\/\/www.italyfamilyhotels.it\/de\/wp-json\/wp\/v2\/pages\/890"}],"wp:attachment":[{"href":"https:\/\/www.italyfamilyhotels.it\/de\/wp-json\/wp\/v2\/media?parent=56079"}],"curies":[{"name":"wp","href":"https:\/\/api.w.org\/{rel}","templated":true}]}}