{"id":55410,"date":"2023-12-19T13:07:22","date_gmt":"2023-12-19T12:07:22","guid":{"rendered":"https:\/\/www.italyfamilyhotels.it\/family-hotels\/palace-magnolia-family-hotel-spa"},"modified":"2024-02-20T12:20:22","modified_gmt":"2024-02-20T11:20:22","slug":"palace-magnolia-family-hotel-spa","status":"publish","type":"page","link":"https:\/\/www.italyfamilyhotels.it\/de\/family-hotels\/palace-magnolia-family-hotel-spa","title":{"rendered":"Palace Magnolia Family Hotel &#038; Spa"},"content":{"rendered":"\n<p>Familien mit Kindern im Urlaub in den Abruzzen willkommen zu hei\u00dfen, ist eine wahre Freude f\u00fcr uns: Wir empfangen Sie im<b> Palace Magnolia Family Hotel &amp; Spa von Tortoreto<\/b>, wo Sie unbeschwerte und fr\u00f6hliche Augenblicke erwarten. Bereiten Sie sich darauf vor, Tage im Zeichen der Entspannung an unserem weitr\u00e4umigen<b> Privatstrand<\/b> zu verbringen, knapp 100 Meter von hier entfernt, sorgt sich das <b>Animationsteam <\/b>um die Kinder, w\u00e4hrend Sie w\u00e4hlen k\u00f6nnen, sich zu sonnen, Sport wie Yoga, SUP, Kanu, Aquagym zu betreiben oder an Gruppent\u00e4nzen teilzunehmen. Es gibt auch einen <b>gut ausgestatteten schattigen Spielbereich<\/b>, f\u00fcr die nachmitt\u00e4glichen Labors des <b>Mini Clubs<\/b>.<\/p>\n\n\n\n<p>Ziehen Sie den Swimmingpool vor? In unserem Garten finden Sie ein <b>halb-olympisches Schwimmbecken<\/b>, umgeben von einem mit Liegen und kleinen Couches ausgestattetem <b>Solarium<\/b>, w\u00e4hrend es f\u00fcr die Kinder ein <b>geheiztes Kinderbecken <\/b>von 60 cm H\u00f6he gibt. Die gro\u00dfz\u00fcgigen und gut organisierten Fl\u00e4chen, auch mit <b>Spielanlagen<\/b>, gestatten Ihnen. Sich zu entspannen und den Kindern, sich in der Gesellschaft der anderen kleinen G\u00e4ste und der Animateure zu vergn\u00fcgen. Nicht nur, auf diese Weise haben Sie auch gen\u00fcgend Zeit zur Verf\u00fcgung, die <b>Magnolia Spa<\/b> zwischen Wellnessprogrammen, Massagen zu genie\u00dfen, mithilfe derer Sie Energie und Ausgeglichenheit zur\u00fcckgewinnen.<\/p>\n\n\n\n<p>Hier im <b>Palace Magnolia Family Hotel &amp; Spa<\/b> k\u00f6nnen Sie zwischen den Formeln <b>Halbpension all inclusive<\/b> und <b>Vollpension all inclusive<\/b> w\u00e4hlen, um einen wahrhaft ma\u00dfgeschneiderten Urlaub am Meer mit den Kindern zu gestalten! Eines ist sicher, die besten <b>Familien-Serviceleistungen sind immer inbegriffen<\/b>. Zum Beispiel, alles Erforderliche f\u00fcr die Kleinsten im Zimmer und im Speisesaal, die <b>Tagesst\u00e4tte <\/b>nahe am Schwimmbad, die <b>Unterhaltung am Tag und w\u00e4hrend des Abends <\/b>f\u00fcr Erwachsene und Kinder, die <b>Fahrr\u00e4der <\/b>zum Radeln auf dem Panorama-Radweg, die <b>Kinder-Men\u00fcs<\/b>, die <b>kinder\u00e4rztliche Betreuung<\/b>. Die Gastfreundschaft ist eine Gem\u00fctsverfassung, genau das, mit dem wir Ihnen einen denkw\u00fcrdigen Familienurlaub schenken m\u00f6chten!<\/p>\n","protected":false},"excerpt":{"rendered":"<p>Familien mit Kindern im Urlaub in den Abruzzen willkommen zu hei\u00dfen, ist eine wahre Freude f\u00fcr uns: Wir empfangen Sie im Palace Magnolia Family Hotel &amp; Spa von Tortoreto, wo Sie unbeschwerte und fr\u00f6hliche Augenblicke erwarten. Bereiten Sie sich darauf vor, Tage im Zeichen der Entspannung an unserem weitr\u00e4umigen Privatstrand zu verbringen, knapp 100 Meter &hellip;<\/p>\n","protected":false},"author":1,"featured_media":0,"parent":94,"menu_order":0,"comment_status":"closed","ping_status":"closed","template":"page-templates\/scheda_hotel.php","meta":{"_acf_changed":false,"inline_featured_image":false,"footnotes":""},"class_list":["post-55410","page","type-page","status-publish","hentry"],"acf":[],"yoast_head":"<!-- This site is optimized with the Yoast SEO plugin v27.1 - https:\/\/yoast.com\/product\/yoast-seo-wordpress\/ -->\n<title>Palace Magnolia Family Hotel &amp; Spa, 3 Sterne Sup. in Tortoreto<\/title>\n<meta name=\"description\" content=\"Lust auf einen Urlaub mit Ihrer Familie? Entdecken Sie die Familienangebote des Palace Magnolia Family Hotel &amp; Spa in Tortoretio\" \/>\n<meta name=\"robots\" content=\"index, follow, max-snippet:-1, max-image-preview:large, max-video-preview:-1\" \/>\n<link rel=\"canonical\" href=\"https:\/\/www.italyfamilyhotels.it\/de\/family-hotels\/palace-magnolia-family-hotel-spa\" \/>\n<meta property=\"og:locale\" content=\"de_DE\" \/>\n<meta property=\"og:type\" content=\"article\" \/>\n<meta property=\"og:title\" content=\"Palace Magnolia Family Hotel &amp; Spa, 3 Sterne Sup. in Tortoreto\" \/>\n<meta property=\"og:description\" content=\"Lust auf einen Urlaub mit Ihrer Familie? Entdecken Sie die Familienangebote des Palace Magnolia Family Hotel &amp; Spa in Tortoretio\" \/>\n<meta property=\"og:url\" content=\"https:\/\/www.italyfamilyhotels.it\/de\/family-hotels\/palace-magnolia-family-hotel-spa\" \/>\n<meta property=\"og:site_name\" content=\"Italy Family Hotels\" \/>\n<meta property=\"article:publisher\" content=\"https:\/\/www.facebook.com\/ItalyFamilyHotels\/\" \/>\n<meta property=\"article:modified_time\" content=\"2024-02-20T11:20:22+00:00\" \/>\n<meta name=\"twitter:card\" content=\"summary_large_image\" \/>\n<meta name=\"twitter:label1\" content=\"Gesch\u00e4tzte Lesezeit\" \/>\n\t<meta name=\"twitter:data1\" content=\"2\u00a0Minuten\" \/>\n<script type=\"application\/ld+json\" class=\"yoast-schema-graph\">{\"@context\":\"https:\/\/schema.org\",\"@graph\":[{\"@type\":\"WebPage\",\"@id\":\"https:\/\/www.italyfamilyhotels.it\/de\/family-hotels\/palace-magnolia-family-hotel-spa\",\"url\":\"https:\/\/www.italyfamilyhotels.it\/de\/family-hotels\/palace-magnolia-family-hotel-spa\",\"name\":\"Palace Magnolia Family Hotel & Spa, 3 Sterne Sup. in Tortoreto\",\"isPartOf\":{\"@id\":\"https:\/\/www.italyfamilyhotels.it\/#website\"},\"datePublished\":\"2023-12-19T12:07:22+00:00\",\"dateModified\":\"2024-02-20T11:20:22+00:00\",\"description\":\"Lust auf einen Urlaub mit Ihrer Familie? Entdecken Sie die Familienangebote des Palace Magnolia Family Hotel & Spa in Tortoretio\",\"breadcrumb\":{\"@id\":\"https:\/\/www.italyfamilyhotels.it\/de\/family-hotels\/palace-magnolia-family-hotel-spa#breadcrumb\"},\"inLanguage\":\"de\",\"potentialAction\":[{\"@type\":\"ReadAction\",\"target\":[\"https:\/\/www.italyfamilyhotels.it\/de\/family-hotels\/palace-magnolia-family-hotel-spa\"]}]},{\"@type\":\"BreadcrumbList\",\"@id\":\"https:\/\/www.italyfamilyhotels.it\/de\/family-hotels\/palace-magnolia-family-hotel-spa#breadcrumb\",\"itemListElement\":[{\"@type\":\"ListItem\",\"position\":1,\"name\":\"Home\",\"item\":\"https:\/\/www.italyfamilyhotels.it\/de\"},{\"@type\":\"ListItem\",\"position\":2,\"name\":\"Family Hotels\",\"item\":\"https:\/\/www.italyfamilyhotels.it\/de\/family-hotels\"},{\"@type\":\"ListItem\",\"position\":3,\"name\":\"Palace Magnolia Family Hotel &#038; Spa\"}]},{\"@type\":\"WebSite\",\"@id\":\"https:\/\/www.italyfamilyhotels.it\/#website\",\"url\":\"https:\/\/www.italyfamilyhotels.it\/\",\"name\":\"Italy Family Hotels\",\"description\":\"\",\"potentialAction\":[{\"@type\":\"SearchAction\",\"target\":{\"@type\":\"EntryPoint\",\"urlTemplate\":\"https:\/\/www.italyfamilyhotels.it\/?s={search_term_string}\"},\"query-input\":{\"@type\":\"PropertyValueSpecification\",\"valueRequired\":true,\"valueName\":\"search_term_string\"}}],\"inLanguage\":\"de\"}]}<\/script>\n<!-- \/ Yoast SEO plugin. -->","yoast_head_json":{"title":"Palace Magnolia Family Hotel & Spa, 3 Sterne Sup. in Tortoreto","description":"Lust auf einen Urlaub mit Ihrer Familie? Entdecken Sie die Familienangebote des Palace Magnolia Family Hotel & Spa in Tortoretio","robots":{"index":"index","follow":"follow","max-snippet":"max-snippet:-1","max-image-preview":"max-image-preview:large","max-video-preview":"max-video-preview:-1"},"canonical":"https:\/\/www.italyfamilyhotels.it\/de\/family-hotels\/palace-magnolia-family-hotel-spa","og_locale":"de_DE","og_type":"article","og_title":"Palace Magnolia Family Hotel & Spa, 3 Sterne Sup. in Tortoreto","og_description":"Lust auf einen Urlaub mit Ihrer Familie? Entdecken Sie die Familienangebote des Palace Magnolia Family Hotel & Spa in Tortoretio","og_url":"https:\/\/www.italyfamilyhotels.it\/de\/family-hotels\/palace-magnolia-family-hotel-spa","og_site_name":"Italy Family Hotels","article_publisher":"https:\/\/www.facebook.com\/ItalyFamilyHotels\/","article_modified_time":"2024-02-20T11:20:22+00:00","twitter_card":"summary_large_image","twitter_misc":{"Gesch\u00e4tzte Lesezeit":"2\u00a0Minuten"},"schema":{"@context":"https:\/\/schema.org","@graph":[{"@type":"WebPage","@id":"https:\/\/www.italyfamilyhotels.it\/de\/family-hotels\/palace-magnolia-family-hotel-spa","url":"https:\/\/www.italyfamilyhotels.it\/de\/family-hotels\/palace-magnolia-family-hotel-spa","name":"Palace Magnolia Family Hotel & Spa, 3 Sterne Sup. in Tortoreto","isPartOf":{"@id":"https:\/\/www.italyfamilyhotels.it\/#website"},"datePublished":"2023-12-19T12:07:22+00:00","dateModified":"2024-02-20T11:20:22+00:00","description":"Lust auf einen Urlaub mit Ihrer Familie? Entdecken Sie die Familienangebote des Palace Magnolia Family Hotel & Spa in Tortoretio","breadcrumb":{"@id":"https:\/\/www.italyfamilyhotels.it\/de\/family-hotels\/palace-magnolia-family-hotel-spa#breadcrumb"},"inLanguage":"de","potentialAction":[{"@type":"ReadAction","target":["https:\/\/www.italyfamilyhotels.it\/de\/family-hotels\/palace-magnolia-family-hotel-spa"]}]},{"@type":"BreadcrumbList","@id":"https:\/\/www.italyfamilyhotels.it\/de\/family-hotels\/palace-magnolia-family-hotel-spa#breadcrumb","itemListElement":[{"@type":"ListItem","position":1,"name":"Home","item":"https:\/\/www.italyfamilyhotels.it\/de"},{"@type":"ListItem","position":2,"name":"Family Hotels","item":"https:\/\/www.italyfamilyhotels.it\/de\/family-hotels"},{"@type":"ListItem","position":3,"name":"Palace Magnolia Family Hotel &#038; Spa"}]},{"@type":"WebSite","@id":"https:\/\/www.italyfamilyhotels.it\/#website","url":"https:\/\/www.italyfamilyhotels.it\/","name":"Italy Family Hotels","description":"","potentialAction":[{"@type":"SearchAction","target":{"@type":"EntryPoint","urlTemplate":"https:\/\/www.italyfamilyhotels.it\/?s={search_term_string}"},"query-input":{"@type":"PropertyValueSpecification","valueRequired":true,"valueName":"search_term_string"}}],"inLanguage":"de"}]}},"_links":{"self":[{"href":"https:\/\/www.italyfamilyhotels.it\/de\/wp-json\/wp\/v2\/pages\/55410","targetHints":{"allow":["GET"]}}],"collection":[{"href":"https:\/\/www.italyfamilyhotels.it\/de\/wp-json\/wp\/v2\/pages"}],"about":[{"href":"https:\/\/www.italyfamilyhotels.it\/de\/wp-json\/wp\/v2\/types\/page"}],"author":[{"embeddable":true,"href":"https:\/\/www.italyfamilyhotels.it\/de\/wp-json\/wp\/v2\/users\/1"}],"replies":[{"embeddable":true,"href":"https:\/\/www.italyfamilyhotels.it\/de\/wp-json\/wp\/v2\/comments?post=55410"}],"version-history":[{"count":3,"href":"https:\/\/www.italyfamilyhotels.it\/de\/wp-json\/wp\/v2\/pages\/55410\/revisions"}],"predecessor-version":[{"id":57081,"href":"https:\/\/www.italyfamilyhotels.it\/de\/wp-json\/wp\/v2\/pages\/55410\/revisions\/57081"}],"up":[{"embeddable":true,"href":"https:\/\/www.italyfamilyhotels.it\/de\/wp-json\/wp\/v2\/pages\/94"}],"wp:attachment":[{"href":"https:\/\/www.italyfamilyhotels.it\/de\/wp-json\/wp\/v2\/media?parent=55410"}],"curies":[{"name":"wp","href":"https:\/\/api.w.org\/{rel}","templated":true}]}}