{"id":55267,"date":"2023-12-18T14:40:48","date_gmt":"2023-12-18T13:40:48","guid":{"rendered":"https:\/\/www.italyfamilyhotels.it\/family-hotels\/le-palme-family-beach-village"},"modified":"2024-02-06T15:12:53","modified_gmt":"2024-02-06T14:12:53","slug":"le-palme-family-beach-village","status":"publish","type":"page","link":"https:\/\/www.italyfamilyhotels.it\/de\/family-hotels\/le-palme-family-beach-village","title":{"rendered":"Le Palme Family Beach Village"},"content":{"rendered":"\n<p>Im <b>Le Palme Family Beach Village von Terracina<\/b>, verleihen Sie dem lang erwarteten Augenblick des Urlaubs Gestalt, mit der Gewissheit, sich in einem <b>familienfreundlichen Feriendorfdirekt am Meer<\/b> zu befinden. Ein kleiner, jedoch gro\u00dfer Luxus f\u00fcr alle Familien mit Kindern, die den <b>Strand <\/b>und die Sonne jeden Tag genie\u00dfen m\u00f6chten, in der gr\u00f6\u00dften Unbeschwertheit und <b>ohne Stra\u00dfen zu \u00fcberqueren<\/b>.<\/p>\n\n\n\n<p>Unser <b>privates Strandbad<\/b> befindet sich direkt vor den Toren, mit <b>nur zwei Reihen von Sonnenschirmen<\/b>, von denen aus Sie immer die Kinder sehen k\u00f6nnen, die mit den <b>Animateuren<\/b> spielen oder in den klaren Gew\u00e4ssern unter den wachsamen Augen der <b>Rettungsschwimmer<\/b> baden. \u00dcbrigens, wenn Sie das Meer so sehr leben, dass Sie es nicht aus den Augen verlieren m\u00f6chten, w\u00e4hlen Sie eine <b>Suite <\/b>oder einen <b>Family Bungalow<\/b>, mit direktem Blick auf das Meer!<\/p>\n\n\n\n<p>Wissen Sie, was die Familien sch\u00e4tzen, die uns f\u00fcr ihren <b>Urlaub am Meer im Latium<\/b> w\u00e4hlen? Die Tatsache, dass unser <b>Family Village<\/b> vollst\u00e4ndig eine <b>Fu\u00dfg\u00e4ngerzone<\/b> ist, <b>gut organisiert und kindersicher<\/b>. Mit einem kurzen Fu\u00dfweg erreichen Sie den <b>Bazar <\/b>und <b>Zero Bottega<\/b>, die gut best\u00fcckten Gesch\u00e4fte, das <b>Restaurant Zero Food&amp;Beach<\/b>, die <b>Unterk\u00fcnfte <\/b>und die <b>Spielfl\u00e4chen<\/b>. Und den Strand, nat\u00fcrlich. Kurz und gut, alles befindet sich in Reichweite!<\/p>\n\n\n\n<p>Und dann gibt es Dienstleistungen, wie die <b>professionelle Animation<\/b>, das komische <b>Maskottchen Palmito<\/b> und das <b>Familienpaket<\/b>, das Sie bei Ihrer Ankunft vorfinden &#8211; mit Wiege, Nachtleuchte, Wickeltisch, Babywanne, Babyflaschenw\u00e4rmer, Sterilisator, Windeleimer, Bettgitter, Sitzerh\u00f6hung, WC-Adapter und Kinderwagen &#8211; die Ihnen die Gewissheit schenken, eine v\u00f6llig auf die Familie zugeschnittene Erfahrung gew\u00e4hlt zu haben, in der wirklich nichts fehlt.<\/p>\n","protected":false},"excerpt":{"rendered":"<p>Im Le Palme Family Beach Village von Terracina, verleihen Sie dem lang erwarteten Augenblick des Urlaubs Gestalt, mit der Gewissheit, sich in einem familienfreundlichen Feriendorfdirekt am Meer zu befinden. Ein kleiner, jedoch gro\u00dfer Luxus f\u00fcr alle Familien mit Kindern, die den Strand und die Sonne jeden Tag genie\u00dfen m\u00f6chten, in der gr\u00f6\u00dften Unbeschwertheit und ohne &hellip;<\/p>\n","protected":false},"author":1,"featured_media":0,"parent":94,"menu_order":0,"comment_status":"closed","ping_status":"closed","template":"page-templates\/scheda_hotel.php","meta":{"_acf_changed":false,"inline_featured_image":false,"footnotes":""},"class_list":["post-55267","page","type-page","status-publish","hentry"],"acf":[],"yoast_head":"<!-- This site is optimized with the Yoast SEO plugin v27.1 - https:\/\/yoast.com\/product\/yoast-seo-wordpress\/ -->\n<title>Le Palme Family Beach Village, 3-Sterne Terracina<\/title>\n<meta name=\"description\" content=\"Lust auf einen Urlaub mit Ihrer Familie? Entdecken Sie die Familienangebote im Le Palme Family Beach Village in Terracina\" \/>\n<meta name=\"robots\" content=\"index, follow, max-snippet:-1, max-image-preview:large, max-video-preview:-1\" \/>\n<link rel=\"canonical\" href=\"https:\/\/www.italyfamilyhotels.it\/de\/family-hotels\/le-palme-family-beach-village\" \/>\n<meta property=\"og:locale\" content=\"de_DE\" \/>\n<meta property=\"og:type\" content=\"article\" \/>\n<meta property=\"og:title\" content=\"Le Palme Family Beach Village, 3-Sterne Terracina\" \/>\n<meta property=\"og:description\" content=\"Lust auf einen Urlaub mit Ihrer Familie? Entdecken Sie die Familienangebote im Le Palme Family Beach Village in Terracina\" \/>\n<meta property=\"og:url\" content=\"https:\/\/www.italyfamilyhotels.it\/de\/family-hotels\/le-palme-family-beach-village\" \/>\n<meta property=\"og:site_name\" content=\"Italy Family Hotels\" \/>\n<meta property=\"article:publisher\" content=\"https:\/\/www.facebook.com\/ItalyFamilyHotels\/\" \/>\n<meta property=\"article:modified_time\" content=\"2024-02-06T14:12:53+00:00\" \/>\n<meta name=\"twitter:card\" content=\"summary_large_image\" \/>\n<meta name=\"twitter:label1\" content=\"Gesch\u00e4tzte Lesezeit\" \/>\n\t<meta name=\"twitter:data1\" content=\"1\u00a0Minute\" \/>\n<script type=\"application\/ld+json\" class=\"yoast-schema-graph\">{\"@context\":\"https:\/\/schema.org\",\"@graph\":[{\"@type\":\"WebPage\",\"@id\":\"https:\/\/www.italyfamilyhotels.it\/de\/family-hotels\/le-palme-family-beach-village\",\"url\":\"https:\/\/www.italyfamilyhotels.it\/de\/family-hotels\/le-palme-family-beach-village\",\"name\":\"Le Palme Family Beach Village, 3-Sterne Terracina\",\"isPartOf\":{\"@id\":\"https:\/\/www.italyfamilyhotels.it\/#website\"},\"datePublished\":\"2023-12-18T13:40:48+00:00\",\"dateModified\":\"2024-02-06T14:12:53+00:00\",\"description\":\"Lust auf einen Urlaub mit Ihrer Familie? Entdecken Sie die Familienangebote im Le Palme Family Beach Village in Terracina\",\"breadcrumb\":{\"@id\":\"https:\/\/www.italyfamilyhotels.it\/de\/family-hotels\/le-palme-family-beach-village#breadcrumb\"},\"inLanguage\":\"de\",\"potentialAction\":[{\"@type\":\"ReadAction\",\"target\":[\"https:\/\/www.italyfamilyhotels.it\/de\/family-hotels\/le-palme-family-beach-village\"]}]},{\"@type\":\"BreadcrumbList\",\"@id\":\"https:\/\/www.italyfamilyhotels.it\/de\/family-hotels\/le-palme-family-beach-village#breadcrumb\",\"itemListElement\":[{\"@type\":\"ListItem\",\"position\":1,\"name\":\"Home\",\"item\":\"https:\/\/www.italyfamilyhotels.it\/de\"},{\"@type\":\"ListItem\",\"position\":2,\"name\":\"Family Hotels\",\"item\":\"https:\/\/www.italyfamilyhotels.it\/de\/family-hotels\"},{\"@type\":\"ListItem\",\"position\":3,\"name\":\"Le Palme Family Beach Village\"}]},{\"@type\":\"WebSite\",\"@id\":\"https:\/\/www.italyfamilyhotels.it\/#website\",\"url\":\"https:\/\/www.italyfamilyhotels.it\/\",\"name\":\"Italy Family Hotels\",\"description\":\"\",\"potentialAction\":[{\"@type\":\"SearchAction\",\"target\":{\"@type\":\"EntryPoint\",\"urlTemplate\":\"https:\/\/www.italyfamilyhotels.it\/?s={search_term_string}\"},\"query-input\":{\"@type\":\"PropertyValueSpecification\",\"valueRequired\":true,\"valueName\":\"search_term_string\"}}],\"inLanguage\":\"de\"}]}<\/script>\n<!-- \/ Yoast SEO plugin. -->","yoast_head_json":{"title":"Le Palme Family Beach Village, 3-Sterne Terracina","description":"Lust auf einen Urlaub mit Ihrer Familie? Entdecken Sie die Familienangebote im Le Palme Family Beach Village in Terracina","robots":{"index":"index","follow":"follow","max-snippet":"max-snippet:-1","max-image-preview":"max-image-preview:large","max-video-preview":"max-video-preview:-1"},"canonical":"https:\/\/www.italyfamilyhotels.it\/de\/family-hotels\/le-palme-family-beach-village","og_locale":"de_DE","og_type":"article","og_title":"Le Palme Family Beach Village, 3-Sterne Terracina","og_description":"Lust auf einen Urlaub mit Ihrer Familie? Entdecken Sie die Familienangebote im Le Palme Family Beach Village in Terracina","og_url":"https:\/\/www.italyfamilyhotels.it\/de\/family-hotels\/le-palme-family-beach-village","og_site_name":"Italy Family Hotels","article_publisher":"https:\/\/www.facebook.com\/ItalyFamilyHotels\/","article_modified_time":"2024-02-06T14:12:53+00:00","twitter_card":"summary_large_image","twitter_misc":{"Gesch\u00e4tzte Lesezeit":"1\u00a0Minute"},"schema":{"@context":"https:\/\/schema.org","@graph":[{"@type":"WebPage","@id":"https:\/\/www.italyfamilyhotels.it\/de\/family-hotels\/le-palme-family-beach-village","url":"https:\/\/www.italyfamilyhotels.it\/de\/family-hotels\/le-palme-family-beach-village","name":"Le Palme Family Beach Village, 3-Sterne Terracina","isPartOf":{"@id":"https:\/\/www.italyfamilyhotels.it\/#website"},"datePublished":"2023-12-18T13:40:48+00:00","dateModified":"2024-02-06T14:12:53+00:00","description":"Lust auf einen Urlaub mit Ihrer Familie? Entdecken Sie die Familienangebote im Le Palme Family Beach Village in Terracina","breadcrumb":{"@id":"https:\/\/www.italyfamilyhotels.it\/de\/family-hotels\/le-palme-family-beach-village#breadcrumb"},"inLanguage":"de","potentialAction":[{"@type":"ReadAction","target":["https:\/\/www.italyfamilyhotels.it\/de\/family-hotels\/le-palme-family-beach-village"]}]},{"@type":"BreadcrumbList","@id":"https:\/\/www.italyfamilyhotels.it\/de\/family-hotels\/le-palme-family-beach-village#breadcrumb","itemListElement":[{"@type":"ListItem","position":1,"name":"Home","item":"https:\/\/www.italyfamilyhotels.it\/de"},{"@type":"ListItem","position":2,"name":"Family Hotels","item":"https:\/\/www.italyfamilyhotels.it\/de\/family-hotels"},{"@type":"ListItem","position":3,"name":"Le Palme Family Beach Village"}]},{"@type":"WebSite","@id":"https:\/\/www.italyfamilyhotels.it\/#website","url":"https:\/\/www.italyfamilyhotels.it\/","name":"Italy Family Hotels","description":"","potentialAction":[{"@type":"SearchAction","target":{"@type":"EntryPoint","urlTemplate":"https:\/\/www.italyfamilyhotels.it\/?s={search_term_string}"},"query-input":{"@type":"PropertyValueSpecification","valueRequired":true,"valueName":"search_term_string"}}],"inLanguage":"de"}]}},"_links":{"self":[{"href":"https:\/\/www.italyfamilyhotels.it\/de\/wp-json\/wp\/v2\/pages\/55267","targetHints":{"allow":["GET"]}}],"collection":[{"href":"https:\/\/www.italyfamilyhotels.it\/de\/wp-json\/wp\/v2\/pages"}],"about":[{"href":"https:\/\/www.italyfamilyhotels.it\/de\/wp-json\/wp\/v2\/types\/page"}],"author":[{"embeddable":true,"href":"https:\/\/www.italyfamilyhotels.it\/de\/wp-json\/wp\/v2\/users\/1"}],"replies":[{"embeddable":true,"href":"https:\/\/www.italyfamilyhotels.it\/de\/wp-json\/wp\/v2\/comments?post=55267"}],"version-history":[{"count":2,"href":"https:\/\/www.italyfamilyhotels.it\/de\/wp-json\/wp\/v2\/pages\/55267\/revisions"}],"predecessor-version":[{"id":56061,"href":"https:\/\/www.italyfamilyhotels.it\/de\/wp-json\/wp\/v2\/pages\/55267\/revisions\/56061"}],"up":[{"embeddable":true,"href":"https:\/\/www.italyfamilyhotels.it\/de\/wp-json\/wp\/v2\/pages\/94"}],"wp:attachment":[{"href":"https:\/\/www.italyfamilyhotels.it\/de\/wp-json\/wp\/v2\/media?parent=55267"}],"curies":[{"name":"wp","href":"https:\/\/api.w.org\/{rel}","templated":true}]}}