{"id":53589,"date":"2023-09-04T09:12:56","date_gmt":"2023-09-04T07:12:56","guid":{"rendered":"https:\/\/www.italyfamilyhotels.it\/?page_id=53589"},"modified":"2023-09-04T09:13:00","modified_gmt":"2023-09-04T07:13:00","slug":"toskanisches-huegelland","status":"publish","type":"page","link":"https:\/\/www.italyfamilyhotels.it\/de\/destinationen\/toskanisches-huegelland","title":{"rendered":"Toskanisches H\u00fcgelland"},"content":{"rendered":"\n<p>Weite Gr\u00fcnfl\u00e4chen und Zypressenreihen, romantische Bauernh\u00e4user aus Stein und Weinberge so weit das Auge reicht, die im Laufe der Jahreszeiten unterschiedliche Farbspiele bieten&#8230; das <strong>toskanische H\u00fcgelland<\/strong> ist Inbegriff eines authentischen, idealen Sch\u00f6nheitsbildes, so als w\u00e4re es gerade einer Kunstgalerie entsprungen, um sich im Herzen dieser Region einzubetten!<\/p>\n\n\n\n<p>Ein <strong>Urlaub mit Kindern in der Toskana<\/strong> zwischen sanften H\u00fcgeln und verwunschenen D\u00f6rfern versetzt die ganze Familie an Orte, die wie aus der Feder eines M\u00e4rchenerz\u00e4hlers zu stammen scheinen: Val d&#8217;Orcia und Val di Chiana, Chianti und Crete Senesi, Valle dell&#8217;Ombrone und Colline dell&#8217;Albegna oder Val di Merse, um nur einige der Gegenden zu nennen, die man sich nicht entgehen lassen sollte.<\/p>\n\n\n\n<p>Die Toskana ist f\u00fcr Kinder ein interessantes, kreatives, spielerisches und lehrreiches Urlaubsziel, denn \u00fcber das gesamte H\u00fcgelland sind einzigartige, magische und ein wenig m\u00e4rchenhafte Orte verstreut. Ein Beispiel dazu? Sicherlich das <strong>Schwert im Stein<\/strong> in der Einsiedelei von Montesiepi mit der nahe gelegenen Abtei von San Galgano, der magische<strong> Pinocchio-Park<\/strong> in Collodi, der vertr\u00e4umte <strong>Giardino dei Tarocchi<\/strong> (Tarotgarten) in Garavicchio, der<strong> Giardino Volante<\/strong> (Fliegende Garten) in Pistoia und das <strong>Museum f\u00fcr Urgeschichte<\/strong> in Cetona.<\/p>\n\n\n\n<p>Das <strong>toskanische H\u00fcgelland<\/strong> ist auch durch einige der <strong>sch\u00f6nsten D\u00f6rfer und St\u00e4dte Italiens gepr\u00e4gt<\/strong>, einzigartige Beispiele, die man bei einem<strong> Familienurlaub<\/strong> erkunden kann, wie San Gimignano, das als das \u201eManhattan des Mittelalters\u201c bezeichnet wird, Anchiano und Vinci wo sich Leonardos Geburtshaus bzw. das Museo Leonardiano befinden, Bagno Vignoni mit seinem reizvollen Becken, Pienza, Montepulciano, das monumentale Volterra und das \u00fcberraschende Lucca.<\/p>\n","protected":false},"excerpt":{"rendered":"<p>Weite Gr\u00fcnfl\u00e4chen und Zypressenreihen, romantische Bauernh\u00e4user aus Stein und Weinberge so weit das Auge reicht, die im Laufe der Jahreszeiten unterschiedliche Farbspiele bieten&#8230; das toskanische H\u00fcgelland ist Inbegriff eines authentischen, idealen Sch\u00f6nheitsbildes, so als w\u00e4re es gerade einer Kunstgalerie entsprungen, um sich im Herzen dieser Region einzubetten! Ein Urlaub mit Kindern in der Toskana zwischen &hellip;<\/p>\n","protected":false},"author":167,"featured_media":0,"parent":890,"menu_order":0,"comment_status":"closed","ping_status":"closed","template":"page-templates\/scheda_destinazione.php","meta":{"_acf_changed":false,"inline_featured_image":false,"footnotes":""},"class_list":["post-53589","page","type-page","status-publish","hentry"],"acf":[],"yoast_head":"<!-- This site is optimized with the Yoast SEO plugin v27.1 - https:\/\/yoast.com\/product\/yoast-seo-wordpress\/ -->\n<title>Familienhotels im toskanischen H\u00fcgelland: die besten Family-Hotels<\/title>\n<meta name=\"description\" content=\"Superschnelles Angebot per E-Mail! W\u00e4hlen Sie Ihr Family Hotel im toskanischen H\u00fcgelland f\u00fcr Ihren Urlaub mit Kindern.\" \/>\n<meta name=\"robots\" content=\"index, follow, max-snippet:-1, max-image-preview:large, max-video-preview:-1\" \/>\n<link rel=\"canonical\" href=\"https:\/\/www.italyfamilyhotels.it\/de\/destinationen\/toskanisches-huegelland\" \/>\n<meta property=\"og:locale\" content=\"de_DE\" \/>\n<meta property=\"og:type\" content=\"article\" \/>\n<meta property=\"og:title\" content=\"Familienhotels im toskanischen H\u00fcgelland: die besten Family-Hotels\" \/>\n<meta property=\"og:description\" content=\"Superschnelles Angebot per E-Mail! W\u00e4hlen Sie Ihr Family Hotel im toskanischen H\u00fcgelland f\u00fcr Ihren Urlaub mit Kindern.\" \/>\n<meta property=\"og:url\" content=\"https:\/\/www.italyfamilyhotels.it\/de\/destinationen\/toskanisches-huegelland\" \/>\n<meta property=\"og:site_name\" content=\"Italy Family Hotels\" \/>\n<meta property=\"article:publisher\" content=\"https:\/\/www.facebook.com\/ItalyFamilyHotels\/\" \/>\n<meta property=\"article:modified_time\" content=\"2023-09-04T07:13:00+00:00\" \/>\n<meta name=\"twitter:card\" content=\"summary_large_image\" \/>\n<meta name=\"twitter:label1\" content=\"Gesch\u00e4tzte Lesezeit\" \/>\n\t<meta name=\"twitter:data1\" content=\"1\u00a0Minute\" \/>\n<script type=\"application\/ld+json\" class=\"yoast-schema-graph\">{\"@context\":\"https:\/\/schema.org\",\"@graph\":[{\"@type\":\"WebPage\",\"@id\":\"https:\/\/www.italyfamilyhotels.it\/de\/destinationen\/toskanisches-huegelland\",\"url\":\"https:\/\/www.italyfamilyhotels.it\/de\/destinationen\/toskanisches-huegelland\",\"name\":\"Familienhotels im toskanischen H\u00fcgelland: die besten Family-Hotels\",\"isPartOf\":{\"@id\":\"https:\/\/www.italyfamilyhotels.it\/#website\"},\"datePublished\":\"2023-09-04T07:12:56+00:00\",\"dateModified\":\"2023-09-04T07:13:00+00:00\",\"description\":\"Superschnelles Angebot per E-Mail! W\u00e4hlen Sie Ihr Family Hotel im toskanischen H\u00fcgelland f\u00fcr Ihren Urlaub mit Kindern.\",\"breadcrumb\":{\"@id\":\"https:\/\/www.italyfamilyhotels.it\/de\/destinationen\/toskanisches-huegelland#breadcrumb\"},\"inLanguage\":\"de\",\"potentialAction\":[{\"@type\":\"ReadAction\",\"target\":[\"https:\/\/www.italyfamilyhotels.it\/de\/destinationen\/toskanisches-huegelland\"]}]},{\"@type\":\"BreadcrumbList\",\"@id\":\"https:\/\/www.italyfamilyhotels.it\/de\/destinationen\/toskanisches-huegelland#breadcrumb\",\"itemListElement\":[{\"@type\":\"ListItem\",\"position\":1,\"name\":\"Home\",\"item\":\"https:\/\/www.italyfamilyhotels.it\/de\"},{\"@type\":\"ListItem\",\"position\":2,\"name\":\"Destinationen\",\"item\":\"https:\/\/www.italyfamilyhotels.it\/de\/destinationen\"},{\"@type\":\"ListItem\",\"position\":3,\"name\":\"Toskanisches H\u00fcgelland\"}]},{\"@type\":\"WebSite\",\"@id\":\"https:\/\/www.italyfamilyhotels.it\/#website\",\"url\":\"https:\/\/www.italyfamilyhotels.it\/\",\"name\":\"Italy Family Hotels\",\"description\":\"\",\"potentialAction\":[{\"@type\":\"SearchAction\",\"target\":{\"@type\":\"EntryPoint\",\"urlTemplate\":\"https:\/\/www.italyfamilyhotels.it\/?s={search_term_string}\"},\"query-input\":{\"@type\":\"PropertyValueSpecification\",\"valueRequired\":true,\"valueName\":\"search_term_string\"}}],\"inLanguage\":\"de\"}]}<\/script>\n<!-- \/ Yoast SEO plugin. -->","yoast_head_json":{"title":"Familienhotels im toskanischen H\u00fcgelland: die besten Family-Hotels","description":"Superschnelles Angebot per E-Mail! W\u00e4hlen Sie Ihr Family Hotel im toskanischen H\u00fcgelland f\u00fcr Ihren Urlaub mit Kindern.","robots":{"index":"index","follow":"follow","max-snippet":"max-snippet:-1","max-image-preview":"max-image-preview:large","max-video-preview":"max-video-preview:-1"},"canonical":"https:\/\/www.italyfamilyhotels.it\/de\/destinationen\/toskanisches-huegelland","og_locale":"de_DE","og_type":"article","og_title":"Familienhotels im toskanischen H\u00fcgelland: die besten Family-Hotels","og_description":"Superschnelles Angebot per E-Mail! W\u00e4hlen Sie Ihr Family Hotel im toskanischen H\u00fcgelland f\u00fcr Ihren Urlaub mit Kindern.","og_url":"https:\/\/www.italyfamilyhotels.it\/de\/destinationen\/toskanisches-huegelland","og_site_name":"Italy Family Hotels","article_publisher":"https:\/\/www.facebook.com\/ItalyFamilyHotels\/","article_modified_time":"2023-09-04T07:13:00+00:00","twitter_card":"summary_large_image","twitter_misc":{"Gesch\u00e4tzte Lesezeit":"1\u00a0Minute"},"schema":{"@context":"https:\/\/schema.org","@graph":[{"@type":"WebPage","@id":"https:\/\/www.italyfamilyhotels.it\/de\/destinationen\/toskanisches-huegelland","url":"https:\/\/www.italyfamilyhotels.it\/de\/destinationen\/toskanisches-huegelland","name":"Familienhotels im toskanischen H\u00fcgelland: die besten Family-Hotels","isPartOf":{"@id":"https:\/\/www.italyfamilyhotels.it\/#website"},"datePublished":"2023-09-04T07:12:56+00:00","dateModified":"2023-09-04T07:13:00+00:00","description":"Superschnelles Angebot per E-Mail! W\u00e4hlen Sie Ihr Family Hotel im toskanischen H\u00fcgelland f\u00fcr Ihren Urlaub mit Kindern.","breadcrumb":{"@id":"https:\/\/www.italyfamilyhotels.it\/de\/destinationen\/toskanisches-huegelland#breadcrumb"},"inLanguage":"de","potentialAction":[{"@type":"ReadAction","target":["https:\/\/www.italyfamilyhotels.it\/de\/destinationen\/toskanisches-huegelland"]}]},{"@type":"BreadcrumbList","@id":"https:\/\/www.italyfamilyhotels.it\/de\/destinationen\/toskanisches-huegelland#breadcrumb","itemListElement":[{"@type":"ListItem","position":1,"name":"Home","item":"https:\/\/www.italyfamilyhotels.it\/de"},{"@type":"ListItem","position":2,"name":"Destinationen","item":"https:\/\/www.italyfamilyhotels.it\/de\/destinationen"},{"@type":"ListItem","position":3,"name":"Toskanisches H\u00fcgelland"}]},{"@type":"WebSite","@id":"https:\/\/www.italyfamilyhotels.it\/#website","url":"https:\/\/www.italyfamilyhotels.it\/","name":"Italy Family Hotels","description":"","potentialAction":[{"@type":"SearchAction","target":{"@type":"EntryPoint","urlTemplate":"https:\/\/www.italyfamilyhotels.it\/?s={search_term_string}"},"query-input":{"@type":"PropertyValueSpecification","valueRequired":true,"valueName":"search_term_string"}}],"inLanguage":"de"}]}},"_links":{"self":[{"href":"https:\/\/www.italyfamilyhotels.it\/de\/wp-json\/wp\/v2\/pages\/53589","targetHints":{"allow":["GET"]}}],"collection":[{"href":"https:\/\/www.italyfamilyhotels.it\/de\/wp-json\/wp\/v2\/pages"}],"about":[{"href":"https:\/\/www.italyfamilyhotels.it\/de\/wp-json\/wp\/v2\/types\/page"}],"author":[{"embeddable":true,"href":"https:\/\/www.italyfamilyhotels.it\/de\/wp-json\/wp\/v2\/users\/167"}],"replies":[{"embeddable":true,"href":"https:\/\/www.italyfamilyhotels.it\/de\/wp-json\/wp\/v2\/comments?post=53589"}],"version-history":[{"count":2,"href":"https:\/\/www.italyfamilyhotels.it\/de\/wp-json\/wp\/v2\/pages\/53589\/revisions"}],"predecessor-version":[{"id":53595,"href":"https:\/\/www.italyfamilyhotels.it\/de\/wp-json\/wp\/v2\/pages\/53589\/revisions\/53595"}],"up":[{"embeddable":true,"href":"https:\/\/www.italyfamilyhotels.it\/de\/wp-json\/wp\/v2\/pages\/890"}],"wp:attachment":[{"href":"https:\/\/www.italyfamilyhotels.it\/de\/wp-json\/wp\/v2\/media?parent=53589"}],"curies":[{"name":"wp","href":"https:\/\/api.w.org\/{rel}","templated":true}]}}