{"id":50754,"date":"2023-08-09T10:40:14","date_gmt":"2023-08-09T08:40:14","guid":{"rendered":"https:\/\/www.italyfamilyhotels.it\/family-hotels\/hotel-fameli"},"modified":"2023-09-06T12:57:52","modified_gmt":"2023-09-06T10:57:52","slug":"hotel-fameli","status":"publish","type":"page","link":"https:\/\/www.italyfamilyhotels.it\/de\/family-hotels\/hotel-fameli","title":{"rendered":"Hotel Fameli"},"content":{"rendered":"\n<p>Im <b>Family Hotel Fameli in Olang<\/b> am Kronplatz m\u00f6chten wir, dass der Urlaub \u201eGl\u00fcck ist, das die Augen zum Leuchten bringt\u201c. Das dank der sch\u00f6nen Landschaft der <b>Dolomiten<\/b>, in die unser Hotel eingebettet ist, der entspannenden Atmosph\u00e4re, des Verw\u00f6hnprogramms und der Aufmerksamkeit, die allen Familien vorbehalten ist.<\/p>\n\n\n\n<p>Urlaub ist in erster Linie eine Zeit der Entschleunigung und des Zusammenseins, in der man sch\u00f6ne Momente sammelt, um sie als s\u00fc\u00dfe Erinnerung mit nach Hause zu nehmen! In dem uns umgebenden zauberhaften Land k\u00f6nnen die Familien sowohl im <b>Sommer<\/b> als auch im <b>Winter <\/b>unbeschwert wundersch\u00f6ne <b>Naturerlebnisse<\/b> genie\u00dfen. Denn wir <b>organisieren Aktivit\u00e4ten<\/b> und Abenteuer f\u00fcr alle, auch f\u00fcr G\u00e4ste mit sehr kleinen Kindern, da wir einfache Wege w\u00e4hlen, die auch f\u00fcr Kinderwagen gedacht sind.<\/p>\n\n\n\n<p>Hier im Hotel ist also alles darauf ausgerichtet, Kindern und Eltern einen m\u00e4rchenhaften Urlaub zu bieten: <b>75 Stunden Animation pro Woche<\/b> f\u00fcr Kinder ab 2 Jahren, eine <b>Familiensauna<\/b> und <b>3 wundersch\u00f6ne, beheizte Schwimmb\u00e4der<\/b>: Der Sky Pool im Freien, in dem man umgeben von den sich im Wasser spiegelnden Bergen und Gr\u00fcnschattierungen schwimmen kann, soweit das Auge reicht; der Family Relax Pool und der Family Fun Pool hingegen laden zum Planschen und zu Wasserspielen ein!<\/p>\n\n\n\n<p>Wenn Sie einen<b> exklusiven Entspannungsnachmittag zu zweit<\/b> verbringen m\u00f6chten, k\u00f6nnen Sie Ihre Kinder dem Miniclub-Team anvertrauen und sich im <b>Spa-Bereich<\/b> bei finnischer Sauna, Biosauna, t\u00fcrkischem Bad und Wellness-Behandlungen erholen. Wir haben auch ger\u00e4umige <b>Familiensuiten mit Whirlpool<\/b>, in denen Sie sich ungest\u00f6rt und in aller Ruhe entspannen k\u00f6nnen.<\/p>\n\n\n\n<p>Wir k\u00fcmmern uns auch ganz besonders um kleinste Details, damit sich Ihre Familie stets umsorgt und verw\u00f6hnt f\u00fchlt; dies auch dank eines <b>kreativen, nachhaltigen und lokalen Wein- und Gastronomieangebots<\/b> sowie dank <b>optimaler Serviceleistungen f\u00fcr Kinder<\/b>, die immer zur Verf\u00fcgung stehen: vom Babykit im Zimmer und im Speisesaal bis hin zur M\u00f6glichkeit f\u00fcr Ihre Kinder, gemeinsam mit den <b>Animateuren <\/b>im <b>Kids Area mit naturbelassenen, frischen Gerichten zu Mittag und zu Abend zu essen.<\/b> So k\u00f6nnen Sie in Ruhe unsere K\u00f6stlichkeiten und ein gutes Glas Wein genie\u00dfen, w\u00e4hrend Ihre Kinder mit anderen kleinen G\u00e4sten Freundschaft schlie\u00dfen!<\/p>\n","protected":false},"excerpt":{"rendered":"<p>Im Family Hotel Fameli in Olang am Kronplatz m\u00f6chten wir, dass der Urlaub \u201eGl\u00fcck ist, das die Augen zum Leuchten bringt\u201c. Das dank der sch\u00f6nen Landschaft der Dolomiten, in die unser Hotel eingebettet ist, der entspannenden Atmosph\u00e4re, des Verw\u00f6hnprogramms und der Aufmerksamkeit, die allen Familien vorbehalten ist. Urlaub ist in erster Linie eine Zeit der &hellip;<\/p>\n","protected":false},"author":1,"featured_media":0,"parent":94,"menu_order":0,"comment_status":"closed","ping_status":"closed","template":"page-templates\/scheda_hotel.php","meta":{"_acf_changed":false,"inline_featured_image":false,"footnotes":""},"class_list":["post-50754","page","type-page","status-publish","hentry"],"acf":[],"yoast_head":"<!-- This site is optimized with the Yoast SEO plugin v27.1 - https:\/\/yoast.com\/product\/yoast-seo-wordpress\/ -->\n<title>Hotel Fameli, 4 Sterne Superior, Olang<\/title>\n<meta name=\"description\" content=\"Lust auf einen Urlaub mit Ihrer Familie? Entdecken Sie die familienfreundlichen Angebote im Hotel Fameli in Olang am Kronplatz\" \/>\n<meta name=\"robots\" content=\"index, follow, max-snippet:-1, max-image-preview:large, max-video-preview:-1\" \/>\n<link rel=\"canonical\" href=\"https:\/\/www.italyfamilyhotels.it\/de\/family-hotels\/hotel-fameli\" \/>\n<meta property=\"og:locale\" content=\"de_DE\" \/>\n<meta property=\"og:type\" content=\"article\" \/>\n<meta property=\"og:title\" content=\"Hotel Fameli, 4 Sterne Superior, Olang\" \/>\n<meta property=\"og:description\" content=\"Lust auf einen Urlaub mit Ihrer Familie? Entdecken Sie die familienfreundlichen Angebote im Hotel Fameli in Olang am Kronplatz\" \/>\n<meta property=\"og:url\" content=\"https:\/\/www.italyfamilyhotels.it\/de\/family-hotels\/hotel-fameli\" \/>\n<meta property=\"og:site_name\" content=\"Italy Family Hotels\" \/>\n<meta property=\"article:publisher\" content=\"https:\/\/www.facebook.com\/ItalyFamilyHotels\/\" \/>\n<meta property=\"article:modified_time\" content=\"2023-09-06T10:57:52+00:00\" \/>\n<meta name=\"twitter:card\" content=\"summary_large_image\" \/>\n<meta name=\"twitter:label1\" content=\"Gesch\u00e4tzte Lesezeit\" \/>\n\t<meta name=\"twitter:data1\" content=\"2\u00a0Minuten\" \/>\n<script type=\"application\/ld+json\" class=\"yoast-schema-graph\">{\"@context\":\"https:\/\/schema.org\",\"@graph\":[{\"@type\":\"WebPage\",\"@id\":\"https:\/\/www.italyfamilyhotels.it\/de\/family-hotels\/hotel-fameli\",\"url\":\"https:\/\/www.italyfamilyhotels.it\/de\/family-hotels\/hotel-fameli\",\"name\":\"Hotel Fameli, 4 Sterne Superior, Olang\",\"isPartOf\":{\"@id\":\"https:\/\/www.italyfamilyhotels.it\/#website\"},\"datePublished\":\"2023-08-09T08:40:14+00:00\",\"dateModified\":\"2023-09-06T10:57:52+00:00\",\"description\":\"Lust auf einen Urlaub mit Ihrer Familie? Entdecken Sie die familienfreundlichen Angebote im Hotel Fameli in Olang am Kronplatz\",\"breadcrumb\":{\"@id\":\"https:\/\/www.italyfamilyhotels.it\/de\/family-hotels\/hotel-fameli#breadcrumb\"},\"inLanguage\":\"de\",\"potentialAction\":[{\"@type\":\"ReadAction\",\"target\":[\"https:\/\/www.italyfamilyhotels.it\/de\/family-hotels\/hotel-fameli\"]}]},{\"@type\":\"BreadcrumbList\",\"@id\":\"https:\/\/www.italyfamilyhotels.it\/de\/family-hotels\/hotel-fameli#breadcrumb\",\"itemListElement\":[{\"@type\":\"ListItem\",\"position\":1,\"name\":\"Home\",\"item\":\"https:\/\/www.italyfamilyhotels.it\/de\"},{\"@type\":\"ListItem\",\"position\":2,\"name\":\"Family Hotels\",\"item\":\"https:\/\/www.italyfamilyhotels.it\/de\/family-hotels\"},{\"@type\":\"ListItem\",\"position\":3,\"name\":\"Hotel Fameli\"}]},{\"@type\":\"WebSite\",\"@id\":\"https:\/\/www.italyfamilyhotels.it\/#website\",\"url\":\"https:\/\/www.italyfamilyhotels.it\/\",\"name\":\"Italy Family Hotels\",\"description\":\"\",\"potentialAction\":[{\"@type\":\"SearchAction\",\"target\":{\"@type\":\"EntryPoint\",\"urlTemplate\":\"https:\/\/www.italyfamilyhotels.it\/?s={search_term_string}\"},\"query-input\":{\"@type\":\"PropertyValueSpecification\",\"valueRequired\":true,\"valueName\":\"search_term_string\"}}],\"inLanguage\":\"de\"}]}<\/script>\n<!-- \/ Yoast SEO plugin. -->","yoast_head_json":{"title":"Hotel Fameli, 4 Sterne Superior, Olang","description":"Lust auf einen Urlaub mit Ihrer Familie? Entdecken Sie die familienfreundlichen Angebote im Hotel Fameli in Olang am Kronplatz","robots":{"index":"index","follow":"follow","max-snippet":"max-snippet:-1","max-image-preview":"max-image-preview:large","max-video-preview":"max-video-preview:-1"},"canonical":"https:\/\/www.italyfamilyhotels.it\/de\/family-hotels\/hotel-fameli","og_locale":"de_DE","og_type":"article","og_title":"Hotel Fameli, 4 Sterne Superior, Olang","og_description":"Lust auf einen Urlaub mit Ihrer Familie? Entdecken Sie die familienfreundlichen Angebote im Hotel Fameli in Olang am Kronplatz","og_url":"https:\/\/www.italyfamilyhotels.it\/de\/family-hotels\/hotel-fameli","og_site_name":"Italy Family Hotels","article_publisher":"https:\/\/www.facebook.com\/ItalyFamilyHotels\/","article_modified_time":"2023-09-06T10:57:52+00:00","twitter_card":"summary_large_image","twitter_misc":{"Gesch\u00e4tzte Lesezeit":"2\u00a0Minuten"},"schema":{"@context":"https:\/\/schema.org","@graph":[{"@type":"WebPage","@id":"https:\/\/www.italyfamilyhotels.it\/de\/family-hotels\/hotel-fameli","url":"https:\/\/www.italyfamilyhotels.it\/de\/family-hotels\/hotel-fameli","name":"Hotel Fameli, 4 Sterne Superior, Olang","isPartOf":{"@id":"https:\/\/www.italyfamilyhotels.it\/#website"},"datePublished":"2023-08-09T08:40:14+00:00","dateModified":"2023-09-06T10:57:52+00:00","description":"Lust auf einen Urlaub mit Ihrer Familie? Entdecken Sie die familienfreundlichen Angebote im Hotel Fameli in Olang am Kronplatz","breadcrumb":{"@id":"https:\/\/www.italyfamilyhotels.it\/de\/family-hotels\/hotel-fameli#breadcrumb"},"inLanguage":"de","potentialAction":[{"@type":"ReadAction","target":["https:\/\/www.italyfamilyhotels.it\/de\/family-hotels\/hotel-fameli"]}]},{"@type":"BreadcrumbList","@id":"https:\/\/www.italyfamilyhotels.it\/de\/family-hotels\/hotel-fameli#breadcrumb","itemListElement":[{"@type":"ListItem","position":1,"name":"Home","item":"https:\/\/www.italyfamilyhotels.it\/de"},{"@type":"ListItem","position":2,"name":"Family Hotels","item":"https:\/\/www.italyfamilyhotels.it\/de\/family-hotels"},{"@type":"ListItem","position":3,"name":"Hotel Fameli"}]},{"@type":"WebSite","@id":"https:\/\/www.italyfamilyhotels.it\/#website","url":"https:\/\/www.italyfamilyhotels.it\/","name":"Italy Family Hotels","description":"","potentialAction":[{"@type":"SearchAction","target":{"@type":"EntryPoint","urlTemplate":"https:\/\/www.italyfamilyhotels.it\/?s={search_term_string}"},"query-input":{"@type":"PropertyValueSpecification","valueRequired":true,"valueName":"search_term_string"}}],"inLanguage":"de"}]}},"_links":{"self":[{"href":"https:\/\/www.italyfamilyhotels.it\/de\/wp-json\/wp\/v2\/pages\/50754","targetHints":{"allow":["GET"]}}],"collection":[{"href":"https:\/\/www.italyfamilyhotels.it\/de\/wp-json\/wp\/v2\/pages"}],"about":[{"href":"https:\/\/www.italyfamilyhotels.it\/de\/wp-json\/wp\/v2\/types\/page"}],"author":[{"embeddable":true,"href":"https:\/\/www.italyfamilyhotels.it\/de\/wp-json\/wp\/v2\/users\/1"}],"replies":[{"embeddable":true,"href":"https:\/\/www.italyfamilyhotels.it\/de\/wp-json\/wp\/v2\/comments?post=50754"}],"version-history":[{"count":4,"href":"https:\/\/www.italyfamilyhotels.it\/de\/wp-json\/wp\/v2\/pages\/50754\/revisions"}],"predecessor-version":[{"id":53862,"href":"https:\/\/www.italyfamilyhotels.it\/de\/wp-json\/wp\/v2\/pages\/50754\/revisions\/53862"}],"up":[{"embeddable":true,"href":"https:\/\/www.italyfamilyhotels.it\/de\/wp-json\/wp\/v2\/pages\/94"}],"wp:attachment":[{"href":"https:\/\/www.italyfamilyhotels.it\/de\/wp-json\/wp\/v2\/media?parent=50754"}],"curies":[{"name":"wp","href":"https:\/\/api.w.org\/{rel}","templated":true}]}}