{"id":50093,"date":"2023-06-16T09:23:56","date_gmt":"2023-06-16T07:23:56","guid":{"rendered":"https:\/\/www.italyfamilyhotels.it\/destinationen\/family-hotel-auf-sizilien"},"modified":"2023-06-16T09:24:00","modified_gmt":"2023-06-16T07:24:00","slug":"family-hotel-auf-sizilien","status":"publish","type":"page","link":"https:\/\/www.italyfamilyhotels.it\/de\/destinationen\/family-hotel-auf-sizilien","title":{"rendered":"Family Hotel auf Sizilien"},"content":{"rendered":"\n<p>Ein <b>Urlaub auf Sizilien mit Kindern<\/b> hat all die Farben und D\u00fcfte abenteuerlicher Entdeckungen, die herrlichste Entspannung und unwiderstehlichen Spa\u00df mit der Animation im <b>Family Hotel<\/b>.<\/p>\n\n\n\n<p>Sizilien ist ein Land mit tausend Facetten, das Sie mit seiner Magie in Erstaunen versetzen kann! Es verwandelt Kinder in kleine Indiana Jones, bereit, sich von den vielen <b>arch\u00e4ologischen St\u00e4tten<\/b> und den geheimnisvollen <b>Hypog\u00e4en<\/b> im <b>Tal der Tempel<\/b> verzaubern zu lassen; es verwandelt Jung und Alt in neugierige Entdecker, die den <b>\u00c4tna<\/b>, den h\u00f6chsten Vulkan Europas, erkunden oder <b>Schluchten<\/b> und <b>Wasserf\u00e4lle<\/b>, <b>Fl\u00fcsse<\/b> und <b>botanische G\u00e4rten<\/b> bewundern m\u00f6chten.<\/p>\n\n\n\n<p>Und dann gibt es ja auch noch jede Menge Gelegenheiten, unbeschwerte Tage in den zahlreichen <b>Vergn\u00fcgungsparks<\/b> der Region zu verbringen, oder in <b>kinderfreundlichen Museen<\/b> wie dem Puppenmuseum in Palermo, dem Museum f\u00fcr optische Illusionen in Trapani oder dem Papyrusmuseum in Syrakus.<\/p>\n\n\n\n<p>Und nicht zuletzt das <b>Meer<\/b>, Siziliens fl\u00fcssiges Juwel, das Familien mit der W\u00e4rme und dem Komfort eines alten Freundes empf\u00e4ngt: <b>ausgestattete Str\u00e4nde<\/b> mit weichem Sand, mit flachem Wasser, das so klar ist, dass es an ein Babybecken erinnert, viel Platz zum sicheren Spielen und modernste Serviceleistungen.<\/p>\n","protected":false},"excerpt":{"rendered":"<p>Ein Urlaub auf Sizilien mit Kindern hat all die Farben und D\u00fcfte abenteuerlicher Entdeckungen, die herrlichste Entspannung und unwiderstehlichen Spa\u00df mit der Animation im Family Hotel. Sizilien ist ein Land mit tausend Facetten, das Sie mit seiner Magie in Erstaunen versetzen kann! Es verwandelt Kinder in kleine Indiana Jones, bereit, sich von den vielen arch\u00e4ologischen &hellip;<\/p>\n","protected":false},"author":167,"featured_media":0,"parent":890,"menu_order":0,"comment_status":"closed","ping_status":"closed","template":"page-templates\/scheda_destinazione.php","meta":{"_acf_changed":false,"inline_featured_image":false,"footnotes":""},"class_list":["post-50093","page","type-page","status-publish","hentry"],"acf":[],"yoast_head":"<!-- This site is optimized with the Yoast SEO plugin v27.1 - https:\/\/yoast.com\/product\/yoast-seo-wordpress\/ -->\n<title>Familienhotels auf Sizilien: die besten Italy Family Hotels<\/title>\n<meta name=\"description\" content=\"Superschnelles Angebot per E-Mail! W\u00e4hlen Sie Ihr Familienhotel in Sizilien, mit vielen individuell angepassten Serviceleistungen f\u00fcr den Urlaub in Sizilien mit Kindern.\" \/>\n<meta name=\"robots\" content=\"index, follow, max-snippet:-1, max-image-preview:large, max-video-preview:-1\" \/>\n<link rel=\"canonical\" href=\"https:\/\/www.italyfamilyhotels.it\/de\/destinationen\/family-hotel-auf-sizilien\" \/>\n<meta property=\"og:locale\" content=\"de_DE\" \/>\n<meta property=\"og:type\" content=\"article\" \/>\n<meta property=\"og:title\" content=\"Familienhotels auf Sizilien: die besten Italy Family Hotels\" \/>\n<meta property=\"og:description\" content=\"Superschnelles Angebot per E-Mail! W\u00e4hlen Sie Ihr Familienhotel in Sizilien, mit vielen individuell angepassten Serviceleistungen f\u00fcr den Urlaub in Sizilien mit Kindern.\" \/>\n<meta property=\"og:url\" content=\"https:\/\/www.italyfamilyhotels.it\/de\/destinationen\/family-hotel-auf-sizilien\" \/>\n<meta property=\"og:site_name\" content=\"Italy Family Hotels\" \/>\n<meta property=\"article:publisher\" content=\"https:\/\/www.facebook.com\/ItalyFamilyHotels\/\" \/>\n<meta property=\"article:modified_time\" content=\"2023-06-16T07:24:00+00:00\" \/>\n<meta name=\"twitter:card\" content=\"summary_large_image\" \/>\n<meta name=\"twitter:label1\" content=\"Gesch\u00e4tzte Lesezeit\" \/>\n\t<meta name=\"twitter:data1\" content=\"1\u00a0Minute\" \/>\n<script type=\"application\/ld+json\" class=\"yoast-schema-graph\">{\"@context\":\"https:\/\/schema.org\",\"@graph\":[{\"@type\":\"WebPage\",\"@id\":\"https:\/\/www.italyfamilyhotels.it\/de\/destinationen\/family-hotel-auf-sizilien\",\"url\":\"https:\/\/www.italyfamilyhotels.it\/de\/destinationen\/family-hotel-auf-sizilien\",\"name\":\"Familienhotels auf Sizilien: die besten Italy Family Hotels\",\"isPartOf\":{\"@id\":\"https:\/\/www.italyfamilyhotels.it\/#website\"},\"datePublished\":\"2023-06-16T07:23:56+00:00\",\"dateModified\":\"2023-06-16T07:24:00+00:00\",\"description\":\"Superschnelles Angebot per E-Mail! W\u00e4hlen Sie Ihr Familienhotel in Sizilien, mit vielen individuell angepassten Serviceleistungen f\u00fcr den Urlaub in Sizilien mit Kindern.\",\"breadcrumb\":{\"@id\":\"https:\/\/www.italyfamilyhotels.it\/de\/destinationen\/family-hotel-auf-sizilien#breadcrumb\"},\"inLanguage\":\"de\",\"potentialAction\":[{\"@type\":\"ReadAction\",\"target\":[\"https:\/\/www.italyfamilyhotels.it\/de\/destinationen\/family-hotel-auf-sizilien\"]}]},{\"@type\":\"BreadcrumbList\",\"@id\":\"https:\/\/www.italyfamilyhotels.it\/de\/destinationen\/family-hotel-auf-sizilien#breadcrumb\",\"itemListElement\":[{\"@type\":\"ListItem\",\"position\":1,\"name\":\"Home\",\"item\":\"https:\/\/www.italyfamilyhotels.it\/de\"},{\"@type\":\"ListItem\",\"position\":2,\"name\":\"Destinationen\",\"item\":\"https:\/\/www.italyfamilyhotels.it\/de\/destinationen\"},{\"@type\":\"ListItem\",\"position\":3,\"name\":\"Family Hotel auf Sizilien\"}]},{\"@type\":\"WebSite\",\"@id\":\"https:\/\/www.italyfamilyhotels.it\/#website\",\"url\":\"https:\/\/www.italyfamilyhotels.it\/\",\"name\":\"Italy Family Hotels\",\"description\":\"\",\"potentialAction\":[{\"@type\":\"SearchAction\",\"target\":{\"@type\":\"EntryPoint\",\"urlTemplate\":\"https:\/\/www.italyfamilyhotels.it\/?s={search_term_string}\"},\"query-input\":{\"@type\":\"PropertyValueSpecification\",\"valueRequired\":true,\"valueName\":\"search_term_string\"}}],\"inLanguage\":\"de\"}]}<\/script>\n<!-- \/ Yoast SEO plugin. -->","yoast_head_json":{"title":"Familienhotels auf Sizilien: die besten Italy Family Hotels","description":"Superschnelles Angebot per E-Mail! W\u00e4hlen Sie Ihr Familienhotel in Sizilien, mit vielen individuell angepassten Serviceleistungen f\u00fcr den Urlaub in Sizilien mit Kindern.","robots":{"index":"index","follow":"follow","max-snippet":"max-snippet:-1","max-image-preview":"max-image-preview:large","max-video-preview":"max-video-preview:-1"},"canonical":"https:\/\/www.italyfamilyhotels.it\/de\/destinationen\/family-hotel-auf-sizilien","og_locale":"de_DE","og_type":"article","og_title":"Familienhotels auf Sizilien: die besten Italy Family Hotels","og_description":"Superschnelles Angebot per E-Mail! W\u00e4hlen Sie Ihr Familienhotel in Sizilien, mit vielen individuell angepassten Serviceleistungen f\u00fcr den Urlaub in Sizilien mit Kindern.","og_url":"https:\/\/www.italyfamilyhotels.it\/de\/destinationen\/family-hotel-auf-sizilien","og_site_name":"Italy Family Hotels","article_publisher":"https:\/\/www.facebook.com\/ItalyFamilyHotels\/","article_modified_time":"2023-06-16T07:24:00+00:00","twitter_card":"summary_large_image","twitter_misc":{"Gesch\u00e4tzte Lesezeit":"1\u00a0Minute"},"schema":{"@context":"https:\/\/schema.org","@graph":[{"@type":"WebPage","@id":"https:\/\/www.italyfamilyhotels.it\/de\/destinationen\/family-hotel-auf-sizilien","url":"https:\/\/www.italyfamilyhotels.it\/de\/destinationen\/family-hotel-auf-sizilien","name":"Familienhotels auf Sizilien: die besten Italy Family Hotels","isPartOf":{"@id":"https:\/\/www.italyfamilyhotels.it\/#website"},"datePublished":"2023-06-16T07:23:56+00:00","dateModified":"2023-06-16T07:24:00+00:00","description":"Superschnelles Angebot per E-Mail! W\u00e4hlen Sie Ihr Familienhotel in Sizilien, mit vielen individuell angepassten Serviceleistungen f\u00fcr den Urlaub in Sizilien mit Kindern.","breadcrumb":{"@id":"https:\/\/www.italyfamilyhotels.it\/de\/destinationen\/family-hotel-auf-sizilien#breadcrumb"},"inLanguage":"de","potentialAction":[{"@type":"ReadAction","target":["https:\/\/www.italyfamilyhotels.it\/de\/destinationen\/family-hotel-auf-sizilien"]}]},{"@type":"BreadcrumbList","@id":"https:\/\/www.italyfamilyhotels.it\/de\/destinationen\/family-hotel-auf-sizilien#breadcrumb","itemListElement":[{"@type":"ListItem","position":1,"name":"Home","item":"https:\/\/www.italyfamilyhotels.it\/de"},{"@type":"ListItem","position":2,"name":"Destinationen","item":"https:\/\/www.italyfamilyhotels.it\/de\/destinationen"},{"@type":"ListItem","position":3,"name":"Family Hotel auf Sizilien"}]},{"@type":"WebSite","@id":"https:\/\/www.italyfamilyhotels.it\/#website","url":"https:\/\/www.italyfamilyhotels.it\/","name":"Italy Family Hotels","description":"","potentialAction":[{"@type":"SearchAction","target":{"@type":"EntryPoint","urlTemplate":"https:\/\/www.italyfamilyhotels.it\/?s={search_term_string}"},"query-input":{"@type":"PropertyValueSpecification","valueRequired":true,"valueName":"search_term_string"}}],"inLanguage":"de"}]}},"_links":{"self":[{"href":"https:\/\/www.italyfamilyhotels.it\/de\/wp-json\/wp\/v2\/pages\/50093","targetHints":{"allow":["GET"]}}],"collection":[{"href":"https:\/\/www.italyfamilyhotels.it\/de\/wp-json\/wp\/v2\/pages"}],"about":[{"href":"https:\/\/www.italyfamilyhotels.it\/de\/wp-json\/wp\/v2\/types\/page"}],"author":[{"embeddable":true,"href":"https:\/\/www.italyfamilyhotels.it\/de\/wp-json\/wp\/v2\/users\/167"}],"replies":[{"embeddable":true,"href":"https:\/\/www.italyfamilyhotels.it\/de\/wp-json\/wp\/v2\/comments?post=50093"}],"version-history":[{"count":1,"href":"https:\/\/www.italyfamilyhotels.it\/de\/wp-json\/wp\/v2\/pages\/50093\/revisions"}],"predecessor-version":[{"id":50094,"href":"https:\/\/www.italyfamilyhotels.it\/de\/wp-json\/wp\/v2\/pages\/50093\/revisions\/50094"}],"up":[{"embeddable":true,"href":"https:\/\/www.italyfamilyhotels.it\/de\/wp-json\/wp\/v2\/pages\/890"}],"wp:attachment":[{"href":"https:\/\/www.italyfamilyhotels.it\/de\/wp-json\/wp\/v2\/media?parent=50093"}],"curies":[{"name":"wp","href":"https:\/\/api.w.org\/{rel}","templated":true}]}}