{"id":48866,"date":"2023-04-20T13:27:09","date_gmt":"2023-04-20T11:27:09","guid":{"rendered":"https:\/\/www.italyfamilyhotels.it\/family-hotels\/nautilus-family-hotel"},"modified":"2026-04-07T12:18:21","modified_gmt":"2026-04-07T10:18:21","slug":"nautilus-family-hotel","status":"publish","type":"page","link":"https:\/\/www.italyfamilyhotels.it\/de\/family-hotels\/nautilus-family-hotel","title":{"rendered":"Nautilus Family Hotel"},"content":{"rendered":"\n<p>Im<b> Nautilus Family Hotel in Pesaro<\/b> m\u00f6chten wir G\u00e4ste jeden Alters mit unserer Vorstellung von Urlaub begeistern! Wir sind nur <b>drei Stufen vom Privatstrand entfernt<\/b> (ja, jeder z\u00e4hlt die Schritte, aber wir sind ganz vorne am Meer und nur ein paar Stufen trennen uns!), wo Sie gut verteilte Sonnenschirme und Liegen, Sportpl\u00e4tze, <b>Animation <\/b>und ein ideal f\u00fcr Kinder geeignetes <b>seichtes <\/b>Meer vorfinden.<\/p>\n\n\n\n<p>Hier <b>ist alles in der N\u00e4he und gut organisiert<\/b>, der Garten und die Au\u00dfenbereiche sind angenehm, elegant und gem\u00fctlich, so dass Sie sich entspannen und Ihre Kinder immer im Auge behalten k\u00f6nnen oder sie uns anvertrauen \u2013 wir spielen gerne mit den Kindern, sodass Sie Ihre Ruhe haben. So haben Sie die M\u00f6glichkeit, unseren sch\u00f6nen <b>Swimmingpool mit Meerblick auf zwei Ebenen<\/b> zu genie\u00dfen, der auch f\u00fcr Kinder geeignet ist und von Sonnenschirmen und Liegen umgeben ist.<\/p>\n\n\n\n<p>F\u00fcr G\u00e4ste mit sehr kleinen Kindern haben wir f\u00fcr Sie den <b>Baby Room<\/b> eingerichtet, einen gem\u00fctlichen, weichen Raum, in dem Sie in Ruhe stillen und Ihr Baby sicher herumkrabbeln lassen k\u00f6nnen. F\u00fcr die \u00e4lteren Kinder gibt es den <b>Miniclub<\/b> und den <b>Nemo-Raum f\u00fcr den Juniorclub<\/b>, so dass die Kinder und Jugendlichen eine speziell auf ihre Altersgruppe zugeschnittene Umgebung und ein <b>ma\u00dfgeschneidertes Aktivit\u00e4tsprogramm<\/b> vorfinden.<\/p>\n\n\n\n<p>Im Hotel finden Sie alles, was Sie f\u00fcr einen sorglosen Urlaub brauchen, z.B. ger\u00e4umige Zimmer mit <b>Kinderbett<\/b>, <b>Wickeltisch<\/b>, Fallschutzgitter, <b>Baby-Badewanne<\/b>; <b>Kindermen\u00fcs, die von einem speziellen Koch zubereitet <\/b>werden, Hochst\u00fchle, Baby-Besteck, <b>Kinderwagen<\/b>.<\/p>\n","protected":false},"excerpt":{"rendered":"<p>Im Nautilus Family Hotel in Pesaro m\u00f6chten wir G\u00e4ste jeden Alters mit unserer Vorstellung von Urlaub begeistern! Wir sind nur drei Stufen vom Privatstrand entfernt (ja, jeder z\u00e4hlt die Schritte, aber wir sind ganz vorne am Meer und nur ein paar Stufen trennen uns!), wo Sie gut verteilte Sonnenschirme und Liegen, Sportpl\u00e4tze, Animation und ein &hellip;<\/p>\n","protected":false},"author":1,"featured_media":0,"parent":94,"menu_order":0,"comment_status":"closed","ping_status":"closed","template":"page-templates\/scheda_hotel.php","meta":{"_acf_changed":false,"inline_featured_image":false,"footnotes":""},"class_list":["post-48866","page","type-page","status-publish","hentry"],"acf":[],"yoast_head":"<!-- This site is optimized with the Yoast SEO plugin v27.1 - https:\/\/yoast.com\/product\/yoast-seo-wordpress\/ -->\n<title>Nautilus Family Hotel, 4 Sterne, Pesaro<\/title>\n<meta name=\"description\" content=\"Lust auf einen Urlaub mit Ihrer Familie? Entdecken Sie die Familienangebote im Nautilus Family Hotel in Pesaro\" \/>\n<meta name=\"robots\" content=\"index, follow, max-snippet:-1, max-image-preview:large, max-video-preview:-1\" \/>\n<link rel=\"canonical\" href=\"https:\/\/www.italyfamilyhotels.it\/de\/family-hotels\/nautilus-family-hotel\" \/>\n<meta property=\"og:locale\" content=\"de_DE\" \/>\n<meta property=\"og:type\" content=\"article\" \/>\n<meta property=\"og:title\" content=\"Nautilus Family Hotel, 4 Sterne, Pesaro\" \/>\n<meta property=\"og:description\" content=\"Lust auf einen Urlaub mit Ihrer Familie? Entdecken Sie die Familienangebote im Nautilus Family Hotel in Pesaro\" \/>\n<meta property=\"og:url\" content=\"https:\/\/www.italyfamilyhotels.it\/de\/family-hotels\/nautilus-family-hotel\" \/>\n<meta property=\"og:site_name\" content=\"Italy Family Hotels\" \/>\n<meta property=\"article:publisher\" content=\"https:\/\/www.facebook.com\/ItalyFamilyHotels\/\" \/>\n<meta property=\"article:modified_time\" content=\"2026-04-07T10:18:21+00:00\" \/>\n<meta name=\"twitter:card\" content=\"summary_large_image\" \/>\n<meta name=\"twitter:label1\" content=\"Gesch\u00e4tzte Lesezeit\" \/>\n\t<meta name=\"twitter:data1\" content=\"1\u00a0Minute\" \/>\n<script type=\"application\/ld+json\" class=\"yoast-schema-graph\">{\"@context\":\"https:\/\/schema.org\",\"@graph\":[{\"@type\":\"WebPage\",\"@id\":\"https:\/\/www.italyfamilyhotels.it\/de\/family-hotels\/nautilus-family-hotel\",\"url\":\"https:\/\/www.italyfamilyhotels.it\/de\/family-hotels\/nautilus-family-hotel\",\"name\":\"Nautilus Family Hotel, 4 Sterne, Pesaro\",\"isPartOf\":{\"@id\":\"https:\/\/www.italyfamilyhotels.it\/#website\"},\"datePublished\":\"2023-04-20T11:27:09+00:00\",\"dateModified\":\"2026-04-07T10:18:21+00:00\",\"description\":\"Lust auf einen Urlaub mit Ihrer Familie? Entdecken Sie die Familienangebote im Nautilus Family Hotel in Pesaro\",\"breadcrumb\":{\"@id\":\"https:\/\/www.italyfamilyhotels.it\/de\/family-hotels\/nautilus-family-hotel#breadcrumb\"},\"inLanguage\":\"de\",\"potentialAction\":[{\"@type\":\"ReadAction\",\"target\":[\"https:\/\/www.italyfamilyhotels.it\/de\/family-hotels\/nautilus-family-hotel\"]}]},{\"@type\":\"BreadcrumbList\",\"@id\":\"https:\/\/www.italyfamilyhotels.it\/de\/family-hotels\/nautilus-family-hotel#breadcrumb\",\"itemListElement\":[{\"@type\":\"ListItem\",\"position\":1,\"name\":\"Home\",\"item\":\"https:\/\/www.italyfamilyhotels.it\/de\"},{\"@type\":\"ListItem\",\"position\":2,\"name\":\"Family Hotels\",\"item\":\"https:\/\/www.italyfamilyhotels.it\/de\/family-hotels\"},{\"@type\":\"ListItem\",\"position\":3,\"name\":\"Nautilus Family Hotel\"}]},{\"@type\":\"WebSite\",\"@id\":\"https:\/\/www.italyfamilyhotels.it\/#website\",\"url\":\"https:\/\/www.italyfamilyhotels.it\/\",\"name\":\"Italy Family Hotels\",\"description\":\"\",\"potentialAction\":[{\"@type\":\"SearchAction\",\"target\":{\"@type\":\"EntryPoint\",\"urlTemplate\":\"https:\/\/www.italyfamilyhotels.it\/?s={search_term_string}\"},\"query-input\":{\"@type\":\"PropertyValueSpecification\",\"valueRequired\":true,\"valueName\":\"search_term_string\"}}],\"inLanguage\":\"de\"}]}<\/script>\n<!-- \/ Yoast SEO plugin. -->","yoast_head_json":{"title":"Nautilus Family Hotel, 4 Sterne, Pesaro","description":"Lust auf einen Urlaub mit Ihrer Familie? Entdecken Sie die Familienangebote im Nautilus Family Hotel in Pesaro","robots":{"index":"index","follow":"follow","max-snippet":"max-snippet:-1","max-image-preview":"max-image-preview:large","max-video-preview":"max-video-preview:-1"},"canonical":"https:\/\/www.italyfamilyhotels.it\/de\/family-hotels\/nautilus-family-hotel","og_locale":"de_DE","og_type":"article","og_title":"Nautilus Family Hotel, 4 Sterne, Pesaro","og_description":"Lust auf einen Urlaub mit Ihrer Familie? Entdecken Sie die Familienangebote im Nautilus Family Hotel in Pesaro","og_url":"https:\/\/www.italyfamilyhotels.it\/de\/family-hotels\/nautilus-family-hotel","og_site_name":"Italy Family Hotels","article_publisher":"https:\/\/www.facebook.com\/ItalyFamilyHotels\/","article_modified_time":"2026-04-07T10:18:21+00:00","twitter_card":"summary_large_image","twitter_misc":{"Gesch\u00e4tzte Lesezeit":"1\u00a0Minute"},"schema":{"@context":"https:\/\/schema.org","@graph":[{"@type":"WebPage","@id":"https:\/\/www.italyfamilyhotels.it\/de\/family-hotels\/nautilus-family-hotel","url":"https:\/\/www.italyfamilyhotels.it\/de\/family-hotels\/nautilus-family-hotel","name":"Nautilus Family Hotel, 4 Sterne, Pesaro","isPartOf":{"@id":"https:\/\/www.italyfamilyhotels.it\/#website"},"datePublished":"2023-04-20T11:27:09+00:00","dateModified":"2026-04-07T10:18:21+00:00","description":"Lust auf einen Urlaub mit Ihrer Familie? Entdecken Sie die Familienangebote im Nautilus Family Hotel in Pesaro","breadcrumb":{"@id":"https:\/\/www.italyfamilyhotels.it\/de\/family-hotels\/nautilus-family-hotel#breadcrumb"},"inLanguage":"de","potentialAction":[{"@type":"ReadAction","target":["https:\/\/www.italyfamilyhotels.it\/de\/family-hotels\/nautilus-family-hotel"]}]},{"@type":"BreadcrumbList","@id":"https:\/\/www.italyfamilyhotels.it\/de\/family-hotels\/nautilus-family-hotel#breadcrumb","itemListElement":[{"@type":"ListItem","position":1,"name":"Home","item":"https:\/\/www.italyfamilyhotels.it\/de"},{"@type":"ListItem","position":2,"name":"Family Hotels","item":"https:\/\/www.italyfamilyhotels.it\/de\/family-hotels"},{"@type":"ListItem","position":3,"name":"Nautilus Family Hotel"}]},{"@type":"WebSite","@id":"https:\/\/www.italyfamilyhotels.it\/#website","url":"https:\/\/www.italyfamilyhotels.it\/","name":"Italy Family Hotels","description":"","potentialAction":[{"@type":"SearchAction","target":{"@type":"EntryPoint","urlTemplate":"https:\/\/www.italyfamilyhotels.it\/?s={search_term_string}"},"query-input":{"@type":"PropertyValueSpecification","valueRequired":true,"valueName":"search_term_string"}}],"inLanguage":"de"}]}},"_links":{"self":[{"href":"https:\/\/www.italyfamilyhotels.it\/de\/wp-json\/wp\/v2\/pages\/48866","targetHints":{"allow":["GET"]}}],"collection":[{"href":"https:\/\/www.italyfamilyhotels.it\/de\/wp-json\/wp\/v2\/pages"}],"about":[{"href":"https:\/\/www.italyfamilyhotels.it\/de\/wp-json\/wp\/v2\/types\/page"}],"author":[{"embeddable":true,"href":"https:\/\/www.italyfamilyhotels.it\/de\/wp-json\/wp\/v2\/users\/1"}],"replies":[{"embeddable":true,"href":"https:\/\/www.italyfamilyhotels.it\/de\/wp-json\/wp\/v2\/comments?post=48866"}],"version-history":[{"count":3,"href":"https:\/\/www.italyfamilyhotels.it\/de\/wp-json\/wp\/v2\/pages\/48866\/revisions"}],"predecessor-version":[{"id":77213,"href":"https:\/\/www.italyfamilyhotels.it\/de\/wp-json\/wp\/v2\/pages\/48866\/revisions\/77213"}],"up":[{"embeddable":true,"href":"https:\/\/www.italyfamilyhotels.it\/de\/wp-json\/wp\/v2\/pages\/94"}],"wp:attachment":[{"href":"https:\/\/www.italyfamilyhotels.it\/de\/wp-json\/wp\/v2\/media?parent=48866"}],"curies":[{"name":"wp","href":"https:\/\/api.w.org\/{rel}","templated":true}]}}