{"id":48849,"date":"2023-04-20T11:02:19","date_gmt":"2023-04-20T09:02:19","guid":{"rendered":"https:\/\/www.italyfamilyhotels.it\/family-hotels\/club-family-hotel-village-milano-marittima"},"modified":"2023-06-16T09:35:08","modified_gmt":"2023-06-16T07:35:08","slug":"club-family-hotel-village-milano-marittima","status":"publish","type":"page","link":"https:\/\/www.italyfamilyhotels.it\/de\/family-hotels\/club-family-hotel-village-milano-marittima","title":{"rendered":"Club Family Hotel Village Milano Marittima"},"content":{"rendered":"\n<p>M\u00f6chten Sie Ihren Kindern einen \u201e\u00dcberschalltrip voller Spa\u00df\u201c bieten?  Dann freuen wir uns, Sie im <b>Club Family Hotel Village in Milano Marittima <\/b>begr\u00fc\u00dfen zu d\u00fcrfen, wo Familienurlaub pure Magie ist! Wir sind direkt <b>am Meer<\/b> und vom Gr\u00fcn des Pinienwaldes umgeben, so dass Sie <b>ohne Stra\u00dfen\u00fcberquerung zum Strand gelangen<\/b> und sich sofort unter dem <b>Sonnenschirm mit 2 f\u00fcr Sie reservierten Liegen<\/b> entspannen k\u00f6nnen, w\u00e4hrend die Kinder mit dem Animationsteam spielen.<\/p>\n\n\n\n<p>Dank unserer <b>Club Family All Inclusive\u00ae-Formel <\/b>garantieren wir Ihnen einen rundum sorglosen Urlaub mit allen Serviceleistungen: Strand, t\u00e4gliches professionelles Unterhaltungsprogramm, Kinderm\u00e4dchen f\u00fcr die Kleinsten, Open Bar H24, leckere Snacks nach Feierabend, denn im Urlaub darf man sich auch mal etwas g\u00f6nnen.<\/p>\n\n\n\n<p>Unser Hotel liegt in einem <b>weitl\u00e4ufigen Garten<\/b> mit <b>400 Quadratmetern Gr\u00fcnfl\u00e4che<\/b>, die Sie in aller Ruhe genie\u00dfen k\u00f6nnen! Der <b>beheizte Pool<\/b> direkt am Strand verf\u00fcgt \u00fcber eine bunte Wasserrutsche und ist von Liegest\u00fchlen und Sonnenschirmen umgeben. Und dann haben wir noch einen fantastischen <b>Spielplatz im Freien<\/b>, die <b>Play Sport Arena f\u00fcr<\/b> Sportturniere und sogar eine <b>Autoscooter-Bahn<\/b>&#8230; ja, machen Sie sich bereit f\u00fcr tolle Herausforderungen mit der ganzen Familie! Hier gibt es sogar eine <b>100 m<\/b><b><sup>2<\/b><\/sup><b> gro\u00dfe Spielhalle <\/b>mit thematischem Spielplatz, Multimedia-Spielen, Play Station 5, Augmented-Reality-Viewern und Laser-Tag-Arena.<\/p>\n\n\n\n<p>Im Hotel stellen wir Ihnen alles zur Verf\u00fcgung, was Sie f\u00fcr Ihren Badeurlaub mit Kindern ben\u00f6tigen, wie z. B. <b>Fahrr\u00e4der mit Kindersitzen<\/b> und <b>Kinderwagen<\/b>, damit Sie das Zentrum von Milano Marittima in wenigen Minuten erreichen k\u00f6nnen; au\u00dferdem eine <b>reichhaltige Kinderausstattung im Zimmer und im Speisesaal<\/b> &#8211; aufblasbare Wickelauflage, Nachtlicht, T\u00f6pfchen oder Schnuller, Badewanne, Hochst\u00fchle, Babybesteck &#8211; und sogar einen kostenlosen <b>Kinderarzt-Service<\/b>.<\/p>\n\n\n\n<p>\u00dcbrigens, bei uns im Club Family Hotel Village in Milano Marittima k\u00f6nnen Sie auch ganz einfach parken: Wir \u00fcberlassen Ihnen einen <b>Ausweis, mit dem Sie kostenlos<\/b> in der N\u00e4he <b>parken k\u00f6nnen<\/b>, oder Sie k\u00f6nnen gegen eine<b> Geb\u00fchr einen \u00fcberdachten Parkplatz buchen<\/b>.<\/p>\n\n\n\n<p>Wussten Sie schon, dass wir nur zehn Autominuten von <b>Mirabilandia<\/b> entfernt liegen, einem der ber\u00fchmtesten Vergn\u00fcgungsparks an der Adria, und wenn Sie den ganzen Sommer \u00fcber<b> mindestens 6 N\u00e4chte bleiben, schenken wir Ihrer Familie <\/b>den Eintritt in den Park!<\/p>\n","protected":false},"excerpt":{"rendered":"<p>M\u00f6chten Sie Ihren Kindern einen \u201e\u00dcberschalltrip voller Spa\u00df\u201c bieten? Dann freuen wir uns, Sie im Club Family Hotel Village in Milano Marittima begr\u00fc\u00dfen zu d\u00fcrfen, wo Familienurlaub pure Magie ist! Wir sind direkt am Meer und vom Gr\u00fcn des Pinienwaldes umgeben, so dass Sie ohne Stra\u00dfen\u00fcberquerung zum Strand gelangen und sich sofort unter dem Sonnenschirm &hellip;<\/p>\n","protected":false},"author":1,"featured_media":0,"parent":94,"menu_order":0,"comment_status":"closed","ping_status":"closed","template":"page-templates\/scheda_hotel.php","meta":{"_acf_changed":false,"inline_featured_image":false,"footnotes":""},"class_list":["post-48849","page","type-page","status-publish","hentry"],"acf":[],"yoast_head":"<!-- This site is optimized with the Yoast SEO plugin v27.1 - https:\/\/yoast.com\/product\/yoast-seo-wordpress\/ -->\n<title>Club Family Hotel Village, 3 Sterne, Milano Marittima<\/title>\n<meta name=\"description\" content=\"Lust auf einen Urlaub mit Ihrer Familie? Entdecken Sie die Familienangebote im Club Family Hotel Village in Milano Marittima\" \/>\n<meta name=\"robots\" content=\"index, follow, max-snippet:-1, max-image-preview:large, max-video-preview:-1\" \/>\n<link rel=\"canonical\" href=\"https:\/\/www.italyfamilyhotels.it\/de\/family-hotels\/club-family-hotel-village-milano-marittima\" \/>\n<meta property=\"og:locale\" content=\"de_DE\" \/>\n<meta property=\"og:type\" content=\"article\" \/>\n<meta property=\"og:title\" content=\"Club Family Hotel Village, 3 Sterne, Milano Marittima\" \/>\n<meta property=\"og:description\" content=\"Lust auf einen Urlaub mit Ihrer Familie? Entdecken Sie die Familienangebote im Club Family Hotel Village in Milano Marittima\" \/>\n<meta property=\"og:url\" content=\"https:\/\/www.italyfamilyhotels.it\/de\/family-hotels\/club-family-hotel-village-milano-marittima\" \/>\n<meta property=\"og:site_name\" content=\"Italy Family Hotels\" \/>\n<meta property=\"article:publisher\" content=\"https:\/\/www.facebook.com\/ItalyFamilyHotels\/\" \/>\n<meta property=\"article:modified_time\" content=\"2023-06-16T07:35:08+00:00\" \/>\n<meta name=\"twitter:card\" content=\"summary_large_image\" \/>\n<meta name=\"twitter:label1\" content=\"Gesch\u00e4tzte Lesezeit\" \/>\n\t<meta name=\"twitter:data1\" content=\"2\u00a0Minuten\" \/>\n<script type=\"application\/ld+json\" class=\"yoast-schema-graph\">{\"@context\":\"https:\/\/schema.org\",\"@graph\":[{\"@type\":\"WebPage\",\"@id\":\"https:\/\/www.italyfamilyhotels.it\/de\/family-hotels\/club-family-hotel-village-milano-marittima\",\"url\":\"https:\/\/www.italyfamilyhotels.it\/de\/family-hotels\/club-family-hotel-village-milano-marittima\",\"name\":\"Club Family Hotel Village, 3 Sterne, Milano Marittima\",\"isPartOf\":{\"@id\":\"https:\/\/www.italyfamilyhotels.it\/#website\"},\"datePublished\":\"2023-04-20T09:02:19+00:00\",\"dateModified\":\"2023-06-16T07:35:08+00:00\",\"description\":\"Lust auf einen Urlaub mit Ihrer Familie? Entdecken Sie die Familienangebote im Club Family Hotel Village in Milano Marittima\",\"breadcrumb\":{\"@id\":\"https:\/\/www.italyfamilyhotels.it\/de\/family-hotels\/club-family-hotel-village-milano-marittima#breadcrumb\"},\"inLanguage\":\"de\",\"potentialAction\":[{\"@type\":\"ReadAction\",\"target\":[\"https:\/\/www.italyfamilyhotels.it\/de\/family-hotels\/club-family-hotel-village-milano-marittima\"]}]},{\"@type\":\"BreadcrumbList\",\"@id\":\"https:\/\/www.italyfamilyhotels.it\/de\/family-hotels\/club-family-hotel-village-milano-marittima#breadcrumb\",\"itemListElement\":[{\"@type\":\"ListItem\",\"position\":1,\"name\":\"Home\",\"item\":\"https:\/\/www.italyfamilyhotels.it\/de\"},{\"@type\":\"ListItem\",\"position\":2,\"name\":\"Family Hotels\",\"item\":\"https:\/\/www.italyfamilyhotels.it\/de\/family-hotels\"},{\"@type\":\"ListItem\",\"position\":3,\"name\":\"Club Family Hotel Village Milano Marittima\"}]},{\"@type\":\"WebSite\",\"@id\":\"https:\/\/www.italyfamilyhotels.it\/#website\",\"url\":\"https:\/\/www.italyfamilyhotels.it\/\",\"name\":\"Italy Family Hotels\",\"description\":\"\",\"potentialAction\":[{\"@type\":\"SearchAction\",\"target\":{\"@type\":\"EntryPoint\",\"urlTemplate\":\"https:\/\/www.italyfamilyhotels.it\/?s={search_term_string}\"},\"query-input\":{\"@type\":\"PropertyValueSpecification\",\"valueRequired\":true,\"valueName\":\"search_term_string\"}}],\"inLanguage\":\"de\"}]}<\/script>\n<!-- \/ Yoast SEO plugin. -->","yoast_head_json":{"title":"Club Family Hotel Village, 3 Sterne, Milano Marittima","description":"Lust auf einen Urlaub mit Ihrer Familie? Entdecken Sie die Familienangebote im Club Family Hotel Village in Milano Marittima","robots":{"index":"index","follow":"follow","max-snippet":"max-snippet:-1","max-image-preview":"max-image-preview:large","max-video-preview":"max-video-preview:-1"},"canonical":"https:\/\/www.italyfamilyhotels.it\/de\/family-hotels\/club-family-hotel-village-milano-marittima","og_locale":"de_DE","og_type":"article","og_title":"Club Family Hotel Village, 3 Sterne, Milano Marittima","og_description":"Lust auf einen Urlaub mit Ihrer Familie? Entdecken Sie die Familienangebote im Club Family Hotel Village in Milano Marittima","og_url":"https:\/\/www.italyfamilyhotels.it\/de\/family-hotels\/club-family-hotel-village-milano-marittima","og_site_name":"Italy Family Hotels","article_publisher":"https:\/\/www.facebook.com\/ItalyFamilyHotels\/","article_modified_time":"2023-06-16T07:35:08+00:00","twitter_card":"summary_large_image","twitter_misc":{"Gesch\u00e4tzte Lesezeit":"2\u00a0Minuten"},"schema":{"@context":"https:\/\/schema.org","@graph":[{"@type":"WebPage","@id":"https:\/\/www.italyfamilyhotels.it\/de\/family-hotels\/club-family-hotel-village-milano-marittima","url":"https:\/\/www.italyfamilyhotels.it\/de\/family-hotels\/club-family-hotel-village-milano-marittima","name":"Club Family Hotel Village, 3 Sterne, Milano Marittima","isPartOf":{"@id":"https:\/\/www.italyfamilyhotels.it\/#website"},"datePublished":"2023-04-20T09:02:19+00:00","dateModified":"2023-06-16T07:35:08+00:00","description":"Lust auf einen Urlaub mit Ihrer Familie? Entdecken Sie die Familienangebote im Club Family Hotel Village in Milano Marittima","breadcrumb":{"@id":"https:\/\/www.italyfamilyhotels.it\/de\/family-hotels\/club-family-hotel-village-milano-marittima#breadcrumb"},"inLanguage":"de","potentialAction":[{"@type":"ReadAction","target":["https:\/\/www.italyfamilyhotels.it\/de\/family-hotels\/club-family-hotel-village-milano-marittima"]}]},{"@type":"BreadcrumbList","@id":"https:\/\/www.italyfamilyhotels.it\/de\/family-hotels\/club-family-hotel-village-milano-marittima#breadcrumb","itemListElement":[{"@type":"ListItem","position":1,"name":"Home","item":"https:\/\/www.italyfamilyhotels.it\/de"},{"@type":"ListItem","position":2,"name":"Family Hotels","item":"https:\/\/www.italyfamilyhotels.it\/de\/family-hotels"},{"@type":"ListItem","position":3,"name":"Club Family Hotel Village Milano Marittima"}]},{"@type":"WebSite","@id":"https:\/\/www.italyfamilyhotels.it\/#website","url":"https:\/\/www.italyfamilyhotels.it\/","name":"Italy Family Hotels","description":"","potentialAction":[{"@type":"SearchAction","target":{"@type":"EntryPoint","urlTemplate":"https:\/\/www.italyfamilyhotels.it\/?s={search_term_string}"},"query-input":{"@type":"PropertyValueSpecification","valueRequired":true,"valueName":"search_term_string"}}],"inLanguage":"de"}]}},"_links":{"self":[{"href":"https:\/\/www.italyfamilyhotels.it\/de\/wp-json\/wp\/v2\/pages\/48849","targetHints":{"allow":["GET"]}}],"collection":[{"href":"https:\/\/www.italyfamilyhotels.it\/de\/wp-json\/wp\/v2\/pages"}],"about":[{"href":"https:\/\/www.italyfamilyhotels.it\/de\/wp-json\/wp\/v2\/types\/page"}],"author":[{"embeddable":true,"href":"https:\/\/www.italyfamilyhotels.it\/de\/wp-json\/wp\/v2\/users\/1"}],"replies":[{"embeddable":true,"href":"https:\/\/www.italyfamilyhotels.it\/de\/wp-json\/wp\/v2\/comments?post=48849"}],"version-history":[{"count":2,"href":"https:\/\/www.italyfamilyhotels.it\/de\/wp-json\/wp\/v2\/pages\/48849\/revisions"}],"predecessor-version":[{"id":50090,"href":"https:\/\/www.italyfamilyhotels.it\/de\/wp-json\/wp\/v2\/pages\/48849\/revisions\/50090"}],"up":[{"embeddable":true,"href":"https:\/\/www.italyfamilyhotels.it\/de\/wp-json\/wp\/v2\/pages\/94"}],"wp:attachment":[{"href":"https:\/\/www.italyfamilyhotels.it\/de\/wp-json\/wp\/v2\/media?parent=48849"}],"curies":[{"name":"wp","href":"https:\/\/api.w.org\/{rel}","templated":true}]}}