{"id":48805,"date":"2023-04-06T14:35:58","date_gmt":"2023-04-06T12:35:58","guid":{"rendered":"https:\/\/www.italyfamilyhotels.it\/destinationen\/cilentokueste\/family-hotel-in-paestum"},"modified":"2023-04-06T14:36:00","modified_gmt":"2023-04-06T12:36:00","slug":"family-hotel-in-paestum","status":"publish","type":"page","link":"https:\/\/www.italyfamilyhotels.it\/de\/destinationen\/cilentokueste\/family-hotel-in-paestum","title":{"rendered":"Family Hotel in Paestum"},"content":{"rendered":"\n<p>Ein <b>Urlaub mit Kindern in Paestum<\/b> ist wie ein Zauberhut: In ihm steckt Magie! Ein wundersch\u00f6nes Meer mit <b>entsprechend ausgestatteten Str\u00e4nden<\/b>; authentische D\u00f6rfer f\u00fcr unvergessliche Spazierg\u00e4nge; die unber\u00fchrte Natur des <b>Cilento<\/b>.<\/p>\n\n\n\n<p>Zu den Sehensw\u00fcrdigkeiten, die Sie sich auf keinen Fall entgehen lassen sollten, z\u00e4hlt der <b>Arch\u00e4ologiepark von Paestum<\/b>, der UNESCO-Weltkulturerbe ist und wo man mit Kindern dank Computerstationen eine fantastische, aktive Erfahrung machen kann.<\/p>\n\n\n\n<p>Paestum ist auch f\u00fcr die Herstellung von<b> B\u00fcffelmozzarella aus Kampanien g.U.<\/b> ber\u00fchmt. In den <b>Molkereien<\/b> der Region kann man mit den Kleinen die Geheimnisse der K\u00e4seherstellung entdecken, die B\u00fcffel sehen und dieses vorz\u00fcgliche Produkt probieren. Wenn Sie D\u00f6rfer lieben, liegt in <b>der Umgebung von Paestum<\/b>, nur eine halbe Autostunde entfernt, das malerische Dorf <b>Castellabate<\/b>, das durch den Film \u201eWillkommen im S\u00fcden\u201c Ber\u00fchmtheit erlangt hat. F\u00fcr Aktivit\u00e4ten in der Natur sollten Sie sich die Wanderwege in den <b>Monti Alburni<\/b> nicht entgehen lassen.<\/p>\n","protected":false},"excerpt":{"rendered":"<p>Ein Urlaub mit Kindern in Paestum ist wie ein Zauberhut: In ihm steckt Magie! Ein wundersch\u00f6nes Meer mit entsprechend ausgestatteten Str\u00e4nden; authentische D\u00f6rfer f\u00fcr unvergessliche Spazierg\u00e4nge; die unber\u00fchrte Natur des Cilento. Zu den Sehensw\u00fcrdigkeiten, die Sie sich auf keinen Fall entgehen lassen sollten, z\u00e4hlt der Arch\u00e4ologiepark von Paestum, der UNESCO-Weltkulturerbe ist und wo man mit &hellip;<\/p>\n","protected":false},"author":167,"featured_media":0,"parent":1735,"menu_order":0,"comment_status":"closed","ping_status":"closed","template":"page-templates\/scheda_localita.php","meta":{"_acf_changed":false,"inline_featured_image":false,"footnotes":""},"class_list":["post-48805","page","type-page","status-publish","hentry"],"acf":[],"yoast_head":"<!-- This site is optimized with the Yoast SEO plugin v27.1 - https:\/\/yoast.com\/product\/yoast-seo-wordpress\/ -->\n<title>Familienhotels in Paestum: die besten Family Hotels in Paestum<\/title>\n<meta name=\"description\" content=\"Lust auf einen Urlaub mit Kindern in Kampanien? Wir haben die besten Family Hotels in Paestum ausgew\u00e4hlt!\" \/>\n<meta name=\"robots\" content=\"index, follow, max-snippet:-1, max-image-preview:large, max-video-preview:-1\" \/>\n<link rel=\"canonical\" href=\"https:\/\/www.italyfamilyhotels.it\/de\/destinationen\/cilentokueste\/family-hotel-in-paestum\" \/>\n<meta property=\"og:locale\" content=\"de_DE\" \/>\n<meta property=\"og:type\" content=\"article\" \/>\n<meta property=\"og:title\" content=\"Familienhotels in Paestum: die besten Family Hotels in Paestum\" \/>\n<meta property=\"og:description\" content=\"Lust auf einen Urlaub mit Kindern in Kampanien? Wir haben die besten Family Hotels in Paestum ausgew\u00e4hlt!\" \/>\n<meta property=\"og:url\" content=\"https:\/\/www.italyfamilyhotels.it\/de\/destinationen\/cilentokueste\/family-hotel-in-paestum\" \/>\n<meta property=\"og:site_name\" content=\"Italy Family Hotels\" \/>\n<meta property=\"article:publisher\" content=\"https:\/\/www.facebook.com\/ItalyFamilyHotels\/\" \/>\n<meta property=\"article:modified_time\" content=\"2023-04-06T12:36:00+00:00\" \/>\n<meta name=\"twitter:card\" content=\"summary_large_image\" \/>\n<meta name=\"twitter:label1\" content=\"Gesch\u00e4tzte Lesezeit\" \/>\n\t<meta name=\"twitter:data1\" content=\"1\u00a0Minute\" \/>\n<script type=\"application\/ld+json\" class=\"yoast-schema-graph\">{\"@context\":\"https:\/\/schema.org\",\"@graph\":[{\"@type\":\"WebPage\",\"@id\":\"https:\/\/www.italyfamilyhotels.it\/de\/destinationen\/cilentokueste\/family-hotel-in-paestum\",\"url\":\"https:\/\/www.italyfamilyhotels.it\/de\/destinationen\/cilentokueste\/family-hotel-in-paestum\",\"name\":\"Familienhotels in Paestum: die besten Family Hotels in Paestum\",\"isPartOf\":{\"@id\":\"https:\/\/www.italyfamilyhotels.it\/#website\"},\"datePublished\":\"2023-04-06T12:35:58+00:00\",\"dateModified\":\"2023-04-06T12:36:00+00:00\",\"description\":\"Lust auf einen Urlaub mit Kindern in Kampanien? Wir haben die besten Family Hotels in Paestum ausgew\u00e4hlt!\",\"breadcrumb\":{\"@id\":\"https:\/\/www.italyfamilyhotels.it\/de\/destinationen\/cilentokueste\/family-hotel-in-paestum#breadcrumb\"},\"inLanguage\":\"de\",\"potentialAction\":[{\"@type\":\"ReadAction\",\"target\":[\"https:\/\/www.italyfamilyhotels.it\/de\/destinationen\/cilentokueste\/family-hotel-in-paestum\"]}]},{\"@type\":\"BreadcrumbList\",\"@id\":\"https:\/\/www.italyfamilyhotels.it\/de\/destinationen\/cilentokueste\/family-hotel-in-paestum#breadcrumb\",\"itemListElement\":[{\"@type\":\"ListItem\",\"position\":1,\"name\":\"Home\",\"item\":\"https:\/\/www.italyfamilyhotels.it\/de\"},{\"@type\":\"ListItem\",\"position\":2,\"name\":\"Destinationen\",\"item\":\"https:\/\/www.italyfamilyhotels.it\/de\/destinationen\"},{\"@type\":\"ListItem\",\"position\":3,\"name\":\"Cilento-K\u00fcste\",\"item\":\"https:\/\/www.italyfamilyhotels.it\/de\/destinationen\/cilentokueste\"},{\"@type\":\"ListItem\",\"position\":4,\"name\":\"Family Hotel in Paestum\"}]},{\"@type\":\"WebSite\",\"@id\":\"https:\/\/www.italyfamilyhotels.it\/#website\",\"url\":\"https:\/\/www.italyfamilyhotels.it\/\",\"name\":\"Italy Family Hotels\",\"description\":\"\",\"potentialAction\":[{\"@type\":\"SearchAction\",\"target\":{\"@type\":\"EntryPoint\",\"urlTemplate\":\"https:\/\/www.italyfamilyhotels.it\/?s={search_term_string}\"},\"query-input\":{\"@type\":\"PropertyValueSpecification\",\"valueRequired\":true,\"valueName\":\"search_term_string\"}}],\"inLanguage\":\"de\"}]}<\/script>\n<!-- \/ Yoast SEO plugin. -->","yoast_head_json":{"title":"Familienhotels in Paestum: die besten Family Hotels in Paestum","description":"Lust auf einen Urlaub mit Kindern in Kampanien? Wir haben die besten Family Hotels in Paestum ausgew\u00e4hlt!","robots":{"index":"index","follow":"follow","max-snippet":"max-snippet:-1","max-image-preview":"max-image-preview:large","max-video-preview":"max-video-preview:-1"},"canonical":"https:\/\/www.italyfamilyhotels.it\/de\/destinationen\/cilentokueste\/family-hotel-in-paestum","og_locale":"de_DE","og_type":"article","og_title":"Familienhotels in Paestum: die besten Family Hotels in Paestum","og_description":"Lust auf einen Urlaub mit Kindern in Kampanien? Wir haben die besten Family Hotels in Paestum ausgew\u00e4hlt!","og_url":"https:\/\/www.italyfamilyhotels.it\/de\/destinationen\/cilentokueste\/family-hotel-in-paestum","og_site_name":"Italy Family Hotels","article_publisher":"https:\/\/www.facebook.com\/ItalyFamilyHotels\/","article_modified_time":"2023-04-06T12:36:00+00:00","twitter_card":"summary_large_image","twitter_misc":{"Gesch\u00e4tzte Lesezeit":"1\u00a0Minute"},"schema":{"@context":"https:\/\/schema.org","@graph":[{"@type":"WebPage","@id":"https:\/\/www.italyfamilyhotels.it\/de\/destinationen\/cilentokueste\/family-hotel-in-paestum","url":"https:\/\/www.italyfamilyhotels.it\/de\/destinationen\/cilentokueste\/family-hotel-in-paestum","name":"Familienhotels in Paestum: die besten Family Hotels in Paestum","isPartOf":{"@id":"https:\/\/www.italyfamilyhotels.it\/#website"},"datePublished":"2023-04-06T12:35:58+00:00","dateModified":"2023-04-06T12:36:00+00:00","description":"Lust auf einen Urlaub mit Kindern in Kampanien? Wir haben die besten Family Hotels in Paestum ausgew\u00e4hlt!","breadcrumb":{"@id":"https:\/\/www.italyfamilyhotels.it\/de\/destinationen\/cilentokueste\/family-hotel-in-paestum#breadcrumb"},"inLanguage":"de","potentialAction":[{"@type":"ReadAction","target":["https:\/\/www.italyfamilyhotels.it\/de\/destinationen\/cilentokueste\/family-hotel-in-paestum"]}]},{"@type":"BreadcrumbList","@id":"https:\/\/www.italyfamilyhotels.it\/de\/destinationen\/cilentokueste\/family-hotel-in-paestum#breadcrumb","itemListElement":[{"@type":"ListItem","position":1,"name":"Home","item":"https:\/\/www.italyfamilyhotels.it\/de"},{"@type":"ListItem","position":2,"name":"Destinationen","item":"https:\/\/www.italyfamilyhotels.it\/de\/destinationen"},{"@type":"ListItem","position":3,"name":"Cilento-K\u00fcste","item":"https:\/\/www.italyfamilyhotels.it\/de\/destinationen\/cilentokueste"},{"@type":"ListItem","position":4,"name":"Family Hotel in Paestum"}]},{"@type":"WebSite","@id":"https:\/\/www.italyfamilyhotels.it\/#website","url":"https:\/\/www.italyfamilyhotels.it\/","name":"Italy Family Hotels","description":"","potentialAction":[{"@type":"SearchAction","target":{"@type":"EntryPoint","urlTemplate":"https:\/\/www.italyfamilyhotels.it\/?s={search_term_string}"},"query-input":{"@type":"PropertyValueSpecification","valueRequired":true,"valueName":"search_term_string"}}],"inLanguage":"de"}]}},"_links":{"self":[{"href":"https:\/\/www.italyfamilyhotels.it\/de\/wp-json\/wp\/v2\/pages\/48805","targetHints":{"allow":["GET"]}}],"collection":[{"href":"https:\/\/www.italyfamilyhotels.it\/de\/wp-json\/wp\/v2\/pages"}],"about":[{"href":"https:\/\/www.italyfamilyhotels.it\/de\/wp-json\/wp\/v2\/types\/page"}],"author":[{"embeddable":true,"href":"https:\/\/www.italyfamilyhotels.it\/de\/wp-json\/wp\/v2\/users\/167"}],"replies":[{"embeddable":true,"href":"https:\/\/www.italyfamilyhotels.it\/de\/wp-json\/wp\/v2\/comments?post=48805"}],"version-history":[{"count":1,"href":"https:\/\/www.italyfamilyhotels.it\/de\/wp-json\/wp\/v2\/pages\/48805\/revisions"}],"predecessor-version":[{"id":48806,"href":"https:\/\/www.italyfamilyhotels.it\/de\/wp-json\/wp\/v2\/pages\/48805\/revisions\/48806"}],"up":[{"embeddable":true,"href":"https:\/\/www.italyfamilyhotels.it\/de\/wp-json\/wp\/v2\/pages\/1735"}],"wp:attachment":[{"href":"https:\/\/www.italyfamilyhotels.it\/de\/wp-json\/wp\/v2\/media?parent=48805"}],"curies":[{"name":"wp","href":"https:\/\/api.w.org\/{rel}","templated":true}]}}